{"id":10547,"date":"2026-01-14T11:04:52","date_gmt":"2026-01-14T11:04:52","guid":{"rendered":"https:\/\/heka-supplements.com\/?page_id=10547"},"modified":"2026-02-06T12:52:31","modified_gmt":"2026-02-06T12:52:31","slug":"politika-zasebnosti-in-piskotki","status":"publish","type":"page","link":"https:\/\/heka-supplements.com\/sl\/politika-zasebnosti-in-piskotki\/","title":{"rendered":"Politika zasebnosti in pi\u0161kotki"},"content":{"rendered":"\n<div class=\"wp-block-group\"><div class=\"wp-block-group__inner-container is-layout-flow wp-block-group-is-layout-flow\">\n<div class=\"wp-block-columns is-layout-flex wp-container-core-columns-is-layout-9d6595d7 wp-block-columns-is-layout-flex\">\n<div class=\"wp-block-column is-layout-flow wp-block-column-is-layout-flow\" style=\"flex-basis:100%\">\n<p><\/p>\n\n\n\n<h1 class=\"wp-block-heading\">Politika zasebnosti in pi\u0161kotki<\/h1>\n\n\n\n<h2 class=\"wp-block-heading\"><strong>Upravljavec osebnih podatkov in kontaktni podatki<\/strong><\/h2>\n\n\n\n<p>Ta politika velja za obdelavo (uporabo) katerihkoli osebnih podatkov, ki ga izvaja dru\u017eba GlobalPharmacia Group d.o.o. (upravljavec) ali ki se izvaja v imenu upravljavca.<\/p>\n\n\n\n<h2 class=\"wp-block-heading\"><strong>Podatki o upravljavcu:<\/strong><\/h2>\n\n\n\n<p>GlobalPharmacia Group d.o.o.<br>Poklukarjeva ulica 27, Ljubljana, 1000 Ljubljana<br>Dav\u010dna \u0161tevilka SI: 88507114<br>Mati\u010dna \u0161tevilka: 9037934000<br>Telefon: +386 6 971 9709<br>E-po\u0161ta: info@heka-supplements.com<\/p>\n\n\n\n<h2 class=\"wp-block-heading\"><strong>Katere osebne podatke obdelujem<\/strong><\/h2>\n\n\n\n<ul class=\"wp-block-list\">\n<li>Osnovni kontaktni podatki (ime, priimek, telefonska \u0161tevilka, e-naslov);<\/li>\n\n\n\n<li>Podatki o uporabi na\u0161ih spletnih strani (kliki na povezave, porabljen \u010das) in podatki glede odziva na na\u0161a e-po\u0161tna sporo\u010dila (ali je bilo sporo\u010dilo odprto, na katere povezave ste kliknili);<\/li>\n\n\n\n<li>Podatki, ki jih potrebujemo za izpolnitev pogodbe in dostavo kupljenega blaga (predmet nakupa, cena, naslov za dostavo, \u010das dostave, na\u010din pla\u010dila, datum pla\u010dila, podatki o reklamacijah, podatki o izdanem ra\u010dunu ipd.).<\/li>\n<\/ul>\n\n\n\n<h2 class=\"wp-block-heading\"><strong>Pravne podlage za obdelavo osebnih podatkov<\/strong><\/h2>\n\n\n\n<p>Va\u0161e osebne podatke lahko obdelujemo na naslednjih pravnih podlagah:<\/p>\n\n\n\n<ul class=\"wp-block-list\">\n<li>kadar je to potrebno za izpolnitev na\u0161ih zakonskih obveznosti (npr. izdaja ra\u010dunov za kupljeno blago);<\/li>\n\n\n\n<li>kadar je obdelava va\u0161ih osebnih podatkov potrebna za sklenitev in izpolnitev pogodbe, ki ste jo sklenili z nami ali ker ste od nas \u017eeleli ponudbo;<\/li>\n\n\n\n<li>kadar ste za obdelavo svojih osebnih podatkov podali privolitev za obdelavo za posamezen namen obdelave, pri \u010demer imate vedno pravico, da dano privolitev prekli\u010dete;<\/li>\n\n\n\n<li>kadar imamo za obdelavo va\u0161ih osebnih podatkov zakonit interes<\/li>\n<\/ul>\n\n\n\n<h2 class=\"wp-block-heading\"><strong>Nameni obdelave osebnih podatkov<\/strong><\/h2>\n\n\n\n<p>Va\u0161e osebne podatke lahko uporabljamo za enega ali ve\u010d navedenih namenov:<\/p>\n\n\n\n<ul class=\"wp-block-list\">\n<li>komuniciranje z vami glede zagotavljanja na\u0161ih storitev ter odgovarjanja na va\u0161a povpra\u0161evanja;<\/li>\n\n\n\n<li>sklenitev pogodbe in izpolnitev obveznosti, ki izhajajo iz sklenjene pogodbe;<\/li>\n\n\n\n<li>tr\u017eno komuniciranje (po\u0161iljanje e-po\u0161te, navadne po\u0161te in SMS sporo\u010dil);<\/li>\n\n\n\n<li>tr\u017eno komuniciranje na podlagi prilagojenih oz. individualiziranih ponudb in sporo\u010dil;<\/li>\n\n\n\n<li>za uveljavljanje kakr\u0161nihkoli pravnih zahtevkov in re\u0161evanje sporov;<\/li>\n\n\n\n<li>za statisti\u010dne analize o prodaji na\u0161ega blaga in o uporabi na\u0161ih spletnih strani;<\/li>\n<\/ul>\n\n\n\n<h2 class=\"wp-block-heading\"><strong>Kako dolgo hranimo va\u0161e osebne podatke in kaj se z njimi zgodi potem<\/strong><\/h2>\n\n\n\n<p>Osnovne osebne podatke hranimo ve\u010d \u010das, dokler imate status na\u0161ega registriranega uporabnika.<br>Osebne podatke, ki jih obdelujemo na podlagi va\u0161e privolitve, hranimo trajno oz. do preklica.<br>Podatke o izdanih ra\u010dunih hranimo 10 let od izdaje.<br>Po poteku roka hrambe osebne podatke izbri\u0161emo ali anonimiziramo.<\/p>\n\n\n\n<h2 class=\"wp-block-heading\"><strong>Kdo ima dostop do va\u0161ih osebnih podatkov<\/strong><\/h2>\n\n\n\n<p>Va\u0161ih osebnih podatkov ne posredujemo tretjim osebam, razen pogodbenim obdelovalcem, ki so zavezani k varovanju podatkov.<\/p>\n\n\n\n<h2 class=\"wp-block-heading\"><strong>Glede svojih osebnih podatkov imate naslednje pravice:<\/strong><\/h2>\n\n\n\n<ul class=\"wp-block-list\">\n<li>dostop do osebnih podatkov;<\/li>\n\n\n\n<li>popravek neto\u010dnih podatkov;<\/li>\n\n\n\n<li>izbris osebnih podatkov;<\/li>\n\n\n\n<li>omejitev obdelave;<\/li>\n\n\n\n<li>prenosljivost podatkov;<\/li>\n\n\n\n<li>ugovor obdelavi.<\/li>\n<\/ul>\n\n\n\n<h2 class=\"wp-block-heading\"><strong>Postopek uveljavljanja pravic<\/strong><\/h2>\n\n\n\n<ul class=\"wp-block-list\">\n<li>Zahteve lahko naslovite pisno na kontakt upravljavca.<\/li>\n\n\n\n<li>Odgovor prejmete najpozneje v enem mesecu.<\/li>\n<\/ul>\n<\/div>\n<\/div>\n\n\n\n<h2 class=\"wp-block-heading\"><strong>Pi\u0161kotki<\/strong><\/h2>\n\n\n\n<p>Na\u0161e spletno mesto https:\/\/heka-supplements.com\/ uporablja pi\u0161kotke, ki uporabniku omogo\u010dajo prikaz in uporabo na\u0161ih spletnih strani, prilagojeno njegovim \u017eeljam, s \u010demer se omogo\u010di bolj\u0161a uporabni\u0161ka izku\u0161nja. V nadaljevanju vam podrobneje predstavljamo ter odgovarjamo na va\u0161a morebitna vpra\u0161anja v zvezi s pi\u0161kotki.<\/p>\n\n\n\n<h2 class=\"wp-block-heading\"><strong>Google analitika<\/strong><\/h2>\n\n\n\n<p>Google Analytics je storitev, ki jo zagotavlja Google LLC ali Google Ireland Limited, odvisno od lokacije s katere se dostopa na www.heka-supplements.com z \u00bbGoogle\u00ab. Google uporablja zbrane podatke, da sledi in preizku\u0161a uporabo heka-supplements.com, da pripravi poro\u010dila ob aktivaciji in jih deli z drugimi Google storitvami.<\/p>\n\n\n\n<h2 class=\"wp-block-heading\"><strong>Google zemljevidi<\/strong><\/h2>\n\n\n\n<p>Google zemljevidi je storitev vizualizacije zemljevidov, ki jo zagotavlja Google LLC ali Google Ireland Limited, odvisno od lokacije iz katere dostopate na www.heka-supplements.com in ki omogo\u010da inkorporacijo te vrste vsebine na strani heka-supplements.com.<\/p>\n\n\n\n<p>Na\u0161e pi\u0161kotke lahko kadarkoli izbri\u0161ete ali blokirate prihodnje pi\u0161kotke. Postopek za upravljanje in brisanje pi\u0161kotkov se razlikuje glede na brskalnik, ki ga uporabljate. Pri tem bi opozorili, da se morate zavedati, da izbris na\u0161ih pi\u0161kotkov ali blokada prihodnjih pi\u0161kotkov pomeni, da morda ne boste ve\u010d imeli dostopa do dolo\u010denih delov ali vsebine na\u0161e spletne strani. Ve\u010d informacij o brisanje ali upravljanju s pi\u0161kotki dobite na www.aboutcookies.org.<\/p>\n\n\n<\/div><\/div>\n","protected":false},"excerpt":{"rendered":"<p>Politika zasebnosti in pi\u0161kotki Upravljavec osebnih podatkov in kontaktni podatki Ta politika velja za obdelavo (uporabo) katerihkoli osebnih podatkov, ki ga izvaja dru\u017eba GlobalPharmacia Group d.o.o. (upravljavec) ali ki se izvaja v imenu upravljavca. Podatki o upravljavcu: GlobalPharmacia Group d.o.o.Poklukarjeva ulica 27, Ljubljana, 1000 LjubljanaDav\u010dna \u0161tevilka SI: 88507114Mati\u010dna \u0161tevilka: 9037934000Telefon: +386 6 971 9709E-po\u0161ta: info@heka-supplements.com&#8230;<\/p>\n","protected":false},"author":1,"featured_media":0,"parent":0,"menu_order":0,"comment_status":"closed","ping_status":"closed","template":"","meta":{"_acf_changed":false,"page_custom_class":"","page_custom_text":"","_kad_blocks_custom_css":"","_kad_blocks_head_custom_js":"","_kad_blocks_body_custom_js":"","_kad_blocks_footer_custom_js":"","_kad_post_transparent":"","_kad_post_title":"","_kad_post_layout":"","_kad_post_sidebar_id":"","_kad_post_content_style":"","_kad_post_vertical_padding":"","_kad_post_feature":"","_kad_post_feature_position":"","_kad_post_header":false,"_kad_post_footer":false,"_kad_post_classname":"","page_custom_text_by_category":"","footnotes":""},"class_list":["post-10547","page","type-page","status-publish","hentry"],"acf":[],"taxonomy_info":[],"featured_image_src_large":false,"author_info":{"display_name":"wpm","author_link":"https:\/\/heka-supplements.com\/sl\/author\/wpm\/"},"comment_info":"","_links":{"self":[{"href":"https:\/\/heka-supplements.com\/sl\/wp-json\/wp\/v2\/pages\/10547","targetHints":{"allow":["GET"]}}],"collection":[{"href":"https:\/\/heka-supplements.com\/sl\/wp-json\/wp\/v2\/pages"}],"about":[{"href":"https:\/\/heka-supplements.com\/sl\/wp-json\/wp\/v2\/types\/page"}],"author":[{"embeddable":true,"href":"https:\/\/heka-supplements.com\/sl\/wp-json\/wp\/v2\/users\/1"}],"replies":[{"embeddable":true,"href":"https:\/\/heka-supplements.com\/sl\/wp-json\/wp\/v2\/comments?post=10547"}],"version-history":[{"count":3,"href":"https:\/\/heka-supplements.com\/sl\/wp-json\/wp\/v2\/pages\/10547\/revisions"}],"predecessor-version":[{"id":20765,"href":"https:\/\/heka-supplements.com\/sl\/wp-json\/wp\/v2\/pages\/10547\/revisions\/20765"}],"wp:attachment":[{"href":"https:\/\/heka-supplements.com\/sl\/wp-json\/wp\/v2\/media?parent=10547"}],"curies":[{"name":"wp","href":"https:\/\/api.w.org\/{rel}","templated":true}]}}