{"id":10231,"date":"2026-01-13T10:59:41","date_gmt":"2026-01-13T10:59:41","guid":{"rendered":"https:\/\/heka-supplements.com\/?page_id=10231"},"modified":"2026-01-23T13:43:46","modified_gmt":"2026-01-23T13:43:46","slug":"srce-in-mozgani","status":"publish","type":"page","link":"https:\/\/heka-supplements.com\/sl\/srce-in-mozgani\/","title":{"rendered":"Srce in mo\u017egani"},"content":{"rendered":"<style>.kadence-column10231_5c4689-96 > .kt-inside-inner-col{min-height:400px;}.kadence-column10231_5c4689-96 > .kt-inside-inner-col,.kadence-column10231_5c4689-96 > .kt-inside-inner-col:before{border-top-left-radius:0px;border-top-right-radius:0px;border-bottom-right-radius:0px;border-bottom-left-radius:0px;}.kadence-column10231_5c4689-96 > .kt-inside-inner-col{column-gap:var(--global-kb-gap-sm, 1rem);}.kadence-column10231_5c4689-96 > .kt-inside-inner-col{flex-direction:column;}.kadence-column10231_5c4689-96 > .kt-inside-inner-col > .aligncenter{width:100%;}.kadence-column10231_5c4689-96 > .kt-inside-inner-col{background-image:url('https:\/\/heka-supplements.com\/wp-content\/uploads\/2026\/01\/Srce-in-mozgani-2-scaled.webp');background-size:cover;background-position:50% 51%;background-attachment:scroll;background-repeat:no-repeat;}.kadence-column10231_5c4689-96 > .kt-inside-inner-col:before{opacity:0.3;}.kadence-column10231_5c4689-96{position:relative;}@media all and (max-width: 1024px){.kadence-column10231_5c4689-96 > .kt-inside-inner-col{flex-direction:column;justify-content:center;}}@media all and (max-width: 767px){.kadence-column10231_5c4689-96 > .kt-inside-inner-col{flex-direction:column;justify-content:center;}}<\/style>\n<div class=\"wp-block-kadence-column kadence-column10231_5c4689-96\"><div class=\"kt-inside-inner-col\"><\/div><\/div>\n\n\n\n<p><\/p>\n\n\n\n\n\n\n\n\n\n\n<style>.kb-row-layout-id10231_85989c-dd > .kt-row-column-wrap{align-content:start;}:where(.kb-row-layout-id10231_85989c-dd > .kt-row-column-wrap) > .wp-block-kadence-column{justify-content:start;}.kb-row-layout-id10231_85989c-dd > .kt-row-column-wrap{column-gap:var(--global-kb-gap-md, 2rem);row-gap:var(--global-kb-gap-md, 2rem);max-width:var( --global-content-width, 1290px );padding-left:var(--global-content-edge-padding);padding-right:var(--global-content-edge-padding);padding-top:var(--global-kb-spacing-lg, 3rem);padding-bottom:var(--global-kb-spacing-lg, 3rem);grid-template-columns:minmax(0, 1fr);}.kb-row-layout-id10231_85989c-dd > .kt-row-layout-overlay{opacity:0.30;}@media all and (max-width: 1024px){.kb-row-layout-id10231_85989c-dd > .kt-row-column-wrap{grid-template-columns:minmax(0, 1fr);}}@media all and (max-width: 767px){.kb-row-layout-id10231_85989c-dd > .kt-row-column-wrap{grid-template-columns:minmax(0, 1fr);}}<\/style><div class=\"kb-row-layout-wrap kb-row-layout-id10231_85989c-dd alignnone wp-block-kadence-rowlayout\"><div class=\"kt-row-column-wrap kt-has-1-columns kt-row-layout-equal kt-tab-layout-inherit kt-mobile-layout-row kt-row-valign-top kb-theme-content-width\">\n<style>.kadence-column10231_3568ae-a6 > .kt-inside-inner-col,.kadence-column10231_3568ae-a6 > .kt-inside-inner-col:before{border-top-left-radius:0px;border-top-right-radius:0px;border-bottom-right-radius:0px;border-bottom-left-radius:0px;}.kadence-column10231_3568ae-a6 > .kt-inside-inner-col{column-gap:var(--global-kb-gap-sm, 1rem);}.kadence-column10231_3568ae-a6 > .kt-inside-inner-col{flex-direction:column;}.kadence-column10231_3568ae-a6 > .kt-inside-inner-col > .aligncenter{width:100%;}.kadence-column10231_3568ae-a6 > .kt-inside-inner-col:before{opacity:0.3;}.kadence-column10231_3568ae-a6{position:relative;}@media all and (max-width: 1024px){.kadence-column10231_3568ae-a6 > .kt-inside-inner-col{flex-direction:column;justify-content:center;}}@media all and (max-width: 767px){.kadence-column10231_3568ae-a6 > .kt-inside-inner-col{flex-direction:column;justify-content:center;}}<\/style>\n<div class=\"wp-block-kadence-column kadence-column10231_3568ae-a6\"><div class=\"kt-inside-inner-col\"><h2>Srce in mo\u017egani<\/h2><div class=\"namen-block products-grid\"><div class=\"product-card scale\" data-popularity-weight=\"4\"><a href=\"https:\/\/heka-supplements.com\/sl\/izdelek\/heka-krilovo-olje-mehke-kapsule\/\" class=\"product-link\"><div class=\"product-image\"><div class=\"tom-labels-container-prod\"><\/div><img decoding=\"async\" src=\"https:\/\/heka-supplements.com\/wp-content\/uploads\/2026\/01\/HEKA-Krill-oil-softgel-scaled.webp\" alt=\"HEKA krilovo olje mehke kapsule\"><\/div><div class=\"product-info\"><h3 class=\"product-title\">HEKA krilovo olje mehke kapsule<\/h3><div class=\"kolicina-izdelka\">180 mehkih kapsul<\/div><div class=\"product-price\"><span class=\"wcpbc-price wcpbc-price-9390\" data-product-id=\"9390\"><span class=\"woocommerce-Price-amount amount\"><bdi>19,75\u00a0<span class=\"woocommerce-Price-currencySymbol\">&euro;<\/span><\/bdi><\/span><\/span><\/div><\/div><\/a><div class=\"product-actions\"><a href=\"https:\/\/heka-supplements.com\/sl\/izdelek\/heka-krilovo-olje-mehke-kapsule\/\" class=\"product-read-more\">Preberi ve\u010d<\/a><a href=\"https:\/\/heka-supplements.com\/sl\/add-to-cart\/\" class=\"button product_type_simple add_to_cart_button ajax_add_to_cart\" data-quantity=\"1\" data-product_id=\"9390\" data-product_sku=\"3830081250882\" aria-label=\"Dodaj v ko\u0161arico: &ldquo;HEKA krilovo olje mehke kapsule&rdquo;\" rel=\"nofollow\"><img decoding=\"async\" src=\"\/wp-content\/uploads\/2025\/12\/cart.svg\" alt=\"Dodaj v ko\u0161arico\" aria-hidden=\"false\"><\/a><\/div><\/div><div class=\"product-card scale\" data-popularity-weight=\"4\"><a href=\"https:\/\/heka-supplements.com\/sl\/izdelek\/heka-veganske-omega-3-mehke-kapsule\/\" class=\"product-link\"><div class=\"product-image\"><div class=\"tom-labels-container-prod\"><\/div><img decoding=\"async\" src=\"https:\/\/heka-supplements.com\/wp-content\/uploads\/2026\/01\/Omega-3-vegan-1-scaled.webp\" alt=\"HEKA veganske Omega 3 mehke kapsule\"><\/div><div class=\"product-info\"><h3 class=\"product-title\">HEKA veganske Omega 3 mehke kapsule<\/h3><div class=\"kolicina-izdelka\">120 mehkih kapsul<\/div><div class=\"product-price\"><span class=\"wcpbc-price wcpbc-price-9385\" data-product-id=\"9385\"><span class=\"woocommerce-Price-amount amount\"><bdi>29,75\u00a0<span class=\"woocommerce-Price-currencySymbol\">&euro;<\/span><\/bdi><\/span><\/span><\/div><\/div><\/a><div class=\"product-actions\"><a href=\"https:\/\/heka-supplements.com\/sl\/izdelek\/heka-veganske-omega-3-mehke-kapsule\/\" class=\"product-read-more\">Preberi ve\u010d<\/a><a href=\"https:\/\/heka-supplements.com\/sl\/add-to-cart\/\" class=\"button product_type_simple add_to_cart_button ajax_add_to_cart\" data-quantity=\"1\" data-product_id=\"9385\" data-product_sku=\"3830081250844\" aria-label=\"Dodaj v ko\u0161arico: &ldquo;HEKA veganske Omega 3 mehke kapsule&rdquo;\" rel=\"nofollow\"><img decoding=\"async\" src=\"\/wp-content\/uploads\/2025\/12\/cart.svg\" alt=\"Dodaj v ko\u0161arico\" aria-hidden=\"false\"><\/a><\/div><\/div><div class=\"product-card scale\" data-popularity-weight=\"0\"><a href=\"https:\/\/heka-supplements.com\/sl\/izdelek\/heka-omega-3-iz-ribjega-olja\/\" class=\"product-link\"><div class=\"product-image\"><div class=\"tom-labels-container-prod\"><\/div><img decoding=\"async\" src=\"https:\/\/heka-supplements.com\/wp-content\/uploads\/2026\/01\/HEKA-Omega-3-softgel-scaled.webp\" alt=\"HEKA omega-3 iz ribjega olja\"><\/div><div class=\"product-info\"><h3 class=\"product-title\">HEKA omega-3 iz ribjega olja<\/h3><div class=\"kolicina-izdelka\">180 mehkih kapsul<\/div><div class=\"product-price\"><span class=\"wcpbc-price wcpbc-price-9380\" data-product-id=\"9380\"><span class=\"woocommerce-Price-amount amount\"><bdi>16,75\u00a0<span class=\"woocommerce-Price-currencySymbol\">&euro;<\/span><\/bdi><\/span><\/span><\/div><\/div><\/a><div class=\"product-actions\"><a href=\"https:\/\/heka-supplements.com\/sl\/izdelek\/heka-omega-3-iz-ribjega-olja\/\" class=\"product-read-more\">Preberi ve\u010d<\/a><a href=\"https:\/\/heka-supplements.com\/sl\/add-to-cart\/\" class=\"button product_type_simple add_to_cart_button ajax_add_to_cart\" data-quantity=\"1\" data-product_id=\"9380\" data-product_sku=\"3830081250837\" aria-label=\"Dodaj v ko\u0161arico: &ldquo;HEKA omega-3 iz ribjega olja&rdquo;\" rel=\"nofollow\"><img decoding=\"async\" src=\"\/wp-content\/uploads\/2025\/12\/cart.svg\" alt=\"Dodaj v ko\u0161arico\" aria-hidden=\"false\"><\/a><\/div><\/div><div class=\"product-card scale\" data-popularity-weight=\"0\"><a href=\"https:\/\/heka-supplements.com\/sl\/izdelek\/heka-cink\/\" class=\"product-link\"><div class=\"product-image\"><div class=\"tom-labels-container-prod\"><\/div><img decoding=\"async\" src=\"https:\/\/heka-supplements.com\/wp-content\/uploads\/2026\/01\/Heka-cink-scaled.webp\" alt=\"HEKA cink kapsule\"><\/div><div class=\"product-info\"><h3 class=\"product-title\">HEKA cink kapsule<\/h3><div class=\"kolicina-izdelka\">60 kapsul<\/div><div class=\"product-price\"><span class=\"wcpbc-price wcpbc-price-9375\" data-product-id=\"9375\"><span class=\"woocommerce-Price-amount amount\"><bdi>14,75\u00a0<span class=\"woocommerce-Price-currencySymbol\">&euro;<\/span><\/bdi><\/span><\/span><\/div><\/div><\/a><div class=\"product-actions\"><a href=\"https:\/\/heka-supplements.com\/sl\/izdelek\/heka-cink\/\" class=\"product-read-more\">Preberi ve\u010d<\/a><a href=\"https:\/\/heka-supplements.com\/sl\/add-to-cart\/\" class=\"button product_type_simple add_to_cart_button ajax_add_to_cart\" data-quantity=\"1\" data-product_id=\"9375\" data-product_sku=\"3830081250868\" aria-label=\"Dodaj v ko\u0161arico: &ldquo;HEKA cink kapsule&rdquo;\" rel=\"nofollow\"><img decoding=\"async\" src=\"\/wp-content\/uploads\/2025\/12\/cart.svg\" alt=\"Dodaj v ko\u0161arico\" aria-hidden=\"false\"><\/a><\/div><\/div><div class=\"product-card scale\" data-popularity-weight=\"0\"><a href=\"https:\/\/heka-supplements.com\/sl\/izdelek\/heka-b-complex-kapsule\/\" class=\"product-link\"><div class=\"product-image\"><div class=\"tom-labels-container-prod\"><\/div><img decoding=\"async\" src=\"https:\/\/heka-supplements.com\/wp-content\/uploads\/2026\/01\/B-kompleks-kapsule-scaled.webp\" alt=\"HEKA B complex kapsule\"><\/div><div class=\"product-info\"><h3 class=\"product-title\">HEKA B complex kapsule<\/h3><div class=\"kolicina-izdelka\">60 kapsul<\/div><div class=\"product-price\"><span class=\"wcpbc-price wcpbc-price-9357\" data-product-id=\"9357\"><span class=\"woocommerce-Price-amount amount\"><bdi>14,75\u00a0<span class=\"woocommerce-Price-currencySymbol\">&euro;<\/span><\/bdi><\/span><\/span><\/div><\/div><\/a><div class=\"product-actions\"><a href=\"https:\/\/heka-supplements.com\/sl\/izdelek\/heka-b-complex-kapsule\/\" class=\"product-read-more\">Preberi ve\u010d<\/a><a href=\"https:\/\/heka-supplements.com\/sl\/add-to-cart\/\" class=\"button product_type_simple add_to_cart_button ajax_add_to_cart\" data-quantity=\"1\" data-product_id=\"9357\" data-product_sku=\"3830081250790\" aria-label=\"Dodaj v ko\u0161arico: &ldquo;HEKA B complex kapsule&rdquo;\" rel=\"nofollow\"><img decoding=\"async\" src=\"\/wp-content\/uploads\/2025\/12\/cart.svg\" alt=\"Dodaj v ko\u0161arico\" aria-hidden=\"false\"><\/a><\/div><\/div><div class=\"product-card scale\" data-popularity-weight=\"0\"><a href=\"https:\/\/heka-supplements.com\/sl\/izdelek\/heka-k2d3-prsilo\/\" class=\"product-link\"><div class=\"product-image\"><div class=\"tom-labels-container-prod\"><\/div><img decoding=\"async\" src=\"https:\/\/heka-supplements.com\/wp-content\/uploads\/2026\/01\/Heka-K2-D3-spray-1-scaled.webp\" alt=\"HEKA K2+D3 pr\u0161ilo\"><\/div><div class=\"product-info\"><h3 class=\"product-title\">HEKA K2+D3 pr\u0161ilo<\/h3><div class=\"kolicina-izdelka\">30 ml<\/div><div class=\"product-price\"><span class=\"wcpbc-price wcpbc-price-9343\" data-product-id=\"9343\"><span class=\"woocommerce-Price-amount amount\"><bdi>16,75\u00a0<span class=\"woocommerce-Price-currencySymbol\">&euro;<\/span><\/bdi><\/span><\/span><\/div><\/div><\/a><div class=\"product-actions\"><a href=\"https:\/\/heka-supplements.com\/sl\/izdelek\/heka-k2d3-prsilo\/\" class=\"product-read-more\">Preberi ve\u010d<\/a><a href=\"https:\/\/heka-supplements.com\/sl\/add-to-cart\/\" class=\"button product_type_simple add_to_cart_button ajax_add_to_cart\" data-quantity=\"1\" data-product_id=\"9343\" data-product_sku=\"3830081250738\" aria-label=\"Dodaj v ko\u0161arico: &ldquo;HEKA K2+D3 pr\u0161ilo&rdquo;\" rel=\"nofollow\"><img decoding=\"async\" src=\"\/wp-content\/uploads\/2025\/12\/cart.svg\" alt=\"Dodaj v ko\u0161arico\" aria-hidden=\"false\"><\/a><\/div><\/div><div class=\"product-card scale\" data-popularity-weight=\"0\"><a href=\"https:\/\/heka-supplements.com\/sl\/izdelek\/heka-k2-d3-kapljice\/\" class=\"product-link\"><div class=\"product-image\"><div class=\"tom-labels-container-prod\"><\/div><img decoding=\"async\" src=\"https:\/\/heka-supplements.com\/wp-content\/uploads\/2026\/01\/Heka-K2D3-drops-scaled.webp\" alt=\"HEKA K2 D3 kapljice\"><\/div><div class=\"product-info\"><h3 class=\"product-title\">HEKA K2 D3 kapljice<\/h3><div class=\"kolicina-izdelka\">10 ml<\/div><div class=\"product-price\"><span class=\"wcpbc-price wcpbc-price-9341\" data-product-id=\"9341\"><span class=\"woocommerce-Price-amount amount\"><bdi>14,75\u00a0<span class=\"woocommerce-Price-currencySymbol\">&euro;<\/span><\/bdi><\/span><\/span><\/div><\/div><\/a><div class=\"product-actions\"><a href=\"https:\/\/heka-supplements.com\/sl\/izdelek\/heka-k2-d3-kapljice\/\" class=\"product-read-more\">Preberi ve\u010d<\/a><a href=\"https:\/\/heka-supplements.com\/sl\/add-to-cart\/\" class=\"button product_type_simple add_to_cart_button ajax_add_to_cart\" data-quantity=\"1\" data-product_id=\"9341\" data-product_sku=\"3830081250721\" aria-label=\"Dodaj v ko\u0161arico: &ldquo;HEKA K2 D3 kapljice&rdquo;\" rel=\"nofollow\"><img decoding=\"async\" src=\"\/wp-content\/uploads\/2025\/12\/cart.svg\" alt=\"Dodaj v ko\u0161arico\" aria-hidden=\"false\"><\/a><\/div><\/div><\/div><\/div><\/div>\n\n<\/div><\/div>\n\n","protected":false},"excerpt":{"rendered":"<p>Verjamemo, da je prava mo\u010d \u017ee v vsakem izmed nas. Ni\u010desar ni treba dodati, le prebuditi je treba energijo, ki jo telo \u017ee nosi, a jo v sodobnem hitrem tempu \u017eivljenja in stresa izgubljamo.&nbsp;\u2028Heka je tukaj za trenutke, ko zmanjka mo\u010di, za dni, ko stres prevlada, in za cilje, ki zahtevajo ve\u010d energije in osredoto\u010denosti&#8230;.<\/p>\n","protected":false},"author":1,"featured_media":0,"parent":0,"menu_order":0,"comment_status":"closed","ping_status":"closed","template":"","meta":{"_acf_changed":false,"page_custom_class":"imunski-sistem-page","page_custom_text":"","_kad_blocks_custom_css":"","_kad_blocks_head_custom_js":"","_kad_blocks_body_custom_js":"","_kad_blocks_footer_custom_js":"","_kad_post_transparent":"default","_kad_post_title":"hide","_kad_post_layout":"fullwidth","_kad_post_sidebar_id":"","_kad_post_content_style":"unboxed","_kad_post_vertical_padding":"hide","_kad_post_feature":"hide","_kad_post_feature_position":"","_kad_post_header":false,"_kad_post_footer":false,"_kad_post_classname":"","page_custom_text_by_category":"","footnotes":""},"class_list":["post-10231","page","type-page","status-publish","hentry"],"acf":[],"taxonomy_info":[],"featured_image_src_large":false,"author_info":{"display_name":"wpm","author_link":"https:\/\/heka-supplements.com\/sl\/author\/wpm\/"},"comment_info":"","_links":{"self":[{"href":"https:\/\/heka-supplements.com\/sl\/wp-json\/wp\/v2\/pages\/10231","targetHints":{"allow":["GET"]}}],"collection":[{"href":"https:\/\/heka-supplements.com\/sl\/wp-json\/wp\/v2\/pages"}],"about":[{"href":"https:\/\/heka-supplements.com\/sl\/wp-json\/wp\/v2\/types\/page"}],"author":[{"embeddable":true,"href":"https:\/\/heka-supplements.com\/sl\/wp-json\/wp\/v2\/users\/1"}],"replies":[{"embeddable":true,"href":"https:\/\/heka-supplements.com\/sl\/wp-json\/wp\/v2\/comments?post=10231"}],"version-history":[{"count":0,"href":"https:\/\/heka-supplements.com\/sl\/wp-json\/wp\/v2\/pages\/10231\/revisions"}],"wp:attachment":[{"href":"https:\/\/heka-supplements.com\/sl\/wp-json\/wp\/v2\/media?parent=10231"}],"curies":[{"name":"wp","href":"https:\/\/api.w.org\/{rel}","templated":true}]}}