{"id":12552,"date":"2026-01-13T11:00:31","date_gmt":"2026-01-13T11:00:31","guid":{"rendered":"https:\/\/heka-supplements.com\/zenske-zdravie\/"},"modified":"2026-01-28T10:22:48","modified_gmt":"2026-01-28T10:22:48","slug":"zenske-zdravie","status":"publish","type":"page","link":"https:\/\/heka-supplements.com\/sk\/zenske-zdravie\/","title":{"rendered":"\u017densk\u00e9 zdravie"},"content":{"rendered":"\n\n\n\n\n\n\n\n<style>.kb-row-layout-id12552_32633d-d3 > .kt-row-column-wrap{align-content:start;}:where(.kb-row-layout-id12552_32633d-d3 > .kt-row-column-wrap) > .wp-block-kadence-column{justify-content:start;}.kb-row-layout-id12552_32633d-d3 > .kt-row-column-wrap{column-gap:var(--global-kb-gap-md, 2rem);row-gap:var(--global-kb-gap-md, 2rem);max-width:var( --global-content-width, 1290px );padding-left:var(--global-content-edge-padding);padding-right:var(--global-content-edge-padding);padding-top:var(--global-kb-spacing-lg, 3rem);padding-bottom:var(--global-kb-spacing-lg, 3rem);grid-template-columns:minmax(0, 1fr);}.kb-row-layout-id12552_32633d-d3 > .kt-row-layout-overlay{opacity:0.30;}@media all and (max-width: 1024px){.kb-row-layout-id12552_32633d-d3 > .kt-row-column-wrap{grid-template-columns:minmax(0, 1fr);}}@media all and (max-width: 767px){.kb-row-layout-id12552_32633d-d3 > .kt-row-column-wrap{grid-template-columns:minmax(0, 1fr);}}<\/style><div class=\"kb-row-layout-wrap kb-row-layout-id12552_32633d-d3 alignnone wp-block-kadence-rowlayout\"><div class=\"kt-row-column-wrap kt-has-1-columns kt-row-layout-equal kt-tab-layout-inherit kt-mobile-layout-row kt-row-valign-top kb-theme-content-width\">\n<style>.kadence-column12552_596e5f-34 > .kt-inside-inner-col,.kadence-column12552_596e5f-34 > .kt-inside-inner-col:before{border-top-left-radius:0px;border-top-right-radius:0px;border-bottom-right-radius:0px;border-bottom-left-radius:0px;}.kadence-column12552_596e5f-34 > .kt-inside-inner-col{column-gap:var(--global-kb-gap-sm, 1rem);}.kadence-column12552_596e5f-34 > .kt-inside-inner-col{flex-direction:column;}.kadence-column12552_596e5f-34 > .kt-inside-inner-col > .aligncenter{width:100%;}.kadence-column12552_596e5f-34 > .kt-inside-inner-col:before{opacity:0.3;}.kadence-column12552_596e5f-34{position:relative;}@media all and (max-width: 1024px){.kadence-column12552_596e5f-34 > .kt-inside-inner-col{flex-direction:column;justify-content:center;}}@media all and (max-width: 767px){.kadence-column12552_596e5f-34 > .kt-inside-inner-col{flex-direction:column;justify-content:center;}}<\/style>\n<div class=\"wp-block-kadence-column kadence-column12552_596e5f-34\"><div class=\"kt-inside-inner-col\"><h2>\u017densk\u00e9 zdravie<\/h2><div class=\"namen-block products-grid\"><div class=\"product-card scale\" data-popularity-weight=\"0\"><a href=\"https:\/\/heka-supplements.com\/sk\/produkt\/heka-d-manoza-kapsuly\/\" class=\"product-link\"><div class=\"product-image\"><div class=\"tom-labels-container-prod\"><\/div><img decoding=\"async\" src=\"https:\/\/heka-supplements.com\/wp-content\/uploads\/2026\/01\/D-Mannose-scaled.webp\" alt=\"HEKA D-man\u00f3za kapsuly\"><\/div><div class=\"product-info\"><h3 class=\"product-title\">HEKA D-man\u00f3za kapsuly<\/h3><div class=\"kolicina-izdelka\">60 kaps\u00fal<\/div><div class=\"product-price\"><span class=\"wcpbc-price wcpbc-price-15296\" data-product-id=\"15296\"><span class=\"woocommerce-Price-amount amount\"><bdi>14,75\u00a0<span class=\"woocommerce-Price-currencySymbol\">&euro;<\/span><\/bdi><\/span><\/span><\/div><\/div><\/a><div class=\"product-actions\"><a href=\"https:\/\/heka-supplements.com\/sk\/produkt\/heka-d-manoza-kapsuly\/\" class=\"product-read-more\">\u010c\u00edta\u0165 viac<\/a><a href=\"https:\/\/heka-supplements.com\/sk\/add-to-cart\/\" class=\"button product_type_simple add_to_cart_button ajax_add_to_cart\" data-quantity=\"1\" data-product_id=\"15296\" data-product_sku=\"3830081250806\" aria-label=\"Prida\u0165 do ko\u0161\u00edka: \u201eHEKA D-man\u00f3za kapsuly\u201c\" rel=\"nofollow\"><img decoding=\"async\" src=\"\/wp-content\/uploads\/2025\/12\/cart.svg\" alt=\"Prida\u0165 do ko\u0161\u00edka\" aria-hidden=\"false\"><\/a><\/div><\/div><\/div><\/div><\/div>\n\n<\/div><\/div>\n\n","protected":false},"excerpt":{"rendered":"<p>Ver\u00edme, \u017ee skuto\u010dn\u00e1 sila je u\u017e v ka\u017edom z n\u00e1s. Netreba ni\u010d prid\u00e1va\u0165, sta\u010d\u00ed prebudi\u0165 energiu, ktor\u00fa telo u\u017e v sebe nos\u00ed, no v modernom r\u00fdchlom tempe \u017eivota a stresu ju str\u00e1came. Heka je tu pre chv\u00edle, ke\u010f doch\u00e1dza sila, pre dni, ke\u010f prevl\u00e1da stres, a pre ciele, ktor\u00e9 si vy\u017eaduj\u00fa viac energie a s\u00fastredenia&#8230;.<\/p>\n","protected":false},"author":1,"featured_media":0,"parent":0,"menu_order":0,"comment_status":"closed","ping_status":"closed","template":"","meta":{"_acf_changed":false,"page_custom_class":"","page_custom_text":"","_kad_blocks_custom_css":"","_kad_blocks_head_custom_js":"","_kad_blocks_body_custom_js":"","_kad_blocks_footer_custom_js":"","_kad_post_transparent":"","_kad_post_title":"","_kad_post_layout":"","_kad_post_sidebar_id":"","_kad_post_content_style":"","_kad_post_vertical_padding":"","_kad_post_feature":"","_kad_post_feature_position":"","_kad_post_header":false,"_kad_post_footer":false,"_kad_post_classname":"","page_custom_text_by_category":"","footnotes":""},"class_list":["post-12552","page","type-page","status-publish","hentry"],"acf":[],"taxonomy_info":[],"featured_image_src_large":false,"author_info":{"display_name":"wpm","author_link":"https:\/\/heka-supplements.com\/sk\/author\/wpm\/"},"comment_info":"","_links":{"self":[{"href":"https:\/\/heka-supplements.com\/sk\/wp-json\/wp\/v2\/pages\/12552","targetHints":{"allow":["GET"]}}],"collection":[{"href":"https:\/\/heka-supplements.com\/sk\/wp-json\/wp\/v2\/pages"}],"about":[{"href":"https:\/\/heka-supplements.com\/sk\/wp-json\/wp\/v2\/types\/page"}],"author":[{"embeddable":true,"href":"https:\/\/heka-supplements.com\/sk\/wp-json\/wp\/v2\/users\/1"}],"replies":[{"embeddable":true,"href":"https:\/\/heka-supplements.com\/sk\/wp-json\/wp\/v2\/comments?post=12552"}],"version-history":[{"count":0,"href":"https:\/\/heka-supplements.com\/sk\/wp-json\/wp\/v2\/pages\/12552\/revisions"}],"wp:attachment":[{"href":"https:\/\/heka-supplements.com\/sk\/wp-json\/wp\/v2\/media?parent=12552"}],"curies":[{"name":"wp","href":"https:\/\/api.w.org\/{rel}","templated":true}]}}