{"id":12467,"date":"2026-01-13T11:01:22","date_gmt":"2026-01-13T11:01:22","guid":{"rendered":"https:\/\/heka-supplements.com\/vitaminy-a-mineraly\/"},"modified":"2026-01-28T17:34:07","modified_gmt":"2026-01-28T17:34:07","slug":"vitaminy-a-mineraly","status":"publish","type":"page","link":"https:\/\/heka-supplements.com\/sk\/vitaminy-a-mineraly\/","title":{"rendered":"Vitam\u00edny a miner\u00e1ly"},"content":{"rendered":"<style>.kadence-column12467_63f764-be > .kt-inside-inner-col{min-height:400px;}.kadence-column12467_63f764-be > .kt-inside-inner-col,.kadence-column12467_63f764-be > .kt-inside-inner-col:before{border-top-left-radius:0px;border-top-right-radius:0px;border-bottom-right-radius:0px;border-bottom-left-radius:0px;}.kadence-column12467_63f764-be > .kt-inside-inner-col{column-gap:var(--global-kb-gap-sm, 1rem);}.kadence-column12467_63f764-be > .kt-inside-inner-col{flex-direction:column;}.kadence-column12467_63f764-be > .kt-inside-inner-col > .aligncenter{width:100%;}.kadence-column12467_63f764-be > .kt-inside-inner-col{background-image:url('https:\/\/heka-supplements.com\/wp-content\/uploads\/2026\/01\/Vitamini-in-minerali-2-scaled.webp');background-size:cover;background-position:50% 51%;background-attachment:scroll;background-repeat:no-repeat;}.kadence-column12467_63f764-be > .kt-inside-inner-col:before{opacity:0.3;}.kadence-column12467_63f764-be{position:relative;}@media all and (max-width: 1024px){.kadence-column12467_63f764-be > .kt-inside-inner-col{flex-direction:column;justify-content:center;}}@media all and (max-width: 767px){.kadence-column12467_63f764-be > .kt-inside-inner-col{flex-direction:column;justify-content:center;}}<\/style>\n<div class=\"wp-block-kadence-column kadence-column12467_63f764-be\"><div class=\"kt-inside-inner-col\"><\/div><\/div>\n\n\n\n\n\n\n\n\n\n\n<style>.kb-row-layout-id12467_6f5879-da > .kt-row-column-wrap{align-content:start;}:where(.kb-row-layout-id12467_6f5879-da > .kt-row-column-wrap) > .wp-block-kadence-column{justify-content:start;}.kb-row-layout-id12467_6f5879-da > .kt-row-column-wrap{column-gap:var(--global-kb-gap-md, 2rem);row-gap:var(--global-kb-gap-md, 2rem);max-width:var( --global-content-width, 1290px );padding-left:var(--global-content-edge-padding);padding-right:var(--global-content-edge-padding);padding-top:var(--global-kb-spacing-lg, 3rem);padding-bottom:var(--global-kb-spacing-lg, 3rem);grid-template-columns:minmax(0, 1fr);}.kb-row-layout-id12467_6f5879-da > .kt-row-layout-overlay{opacity:0.30;}@media all and (max-width: 1024px){.kb-row-layout-id12467_6f5879-da > .kt-row-column-wrap{grid-template-columns:minmax(0, 1fr);}}@media all and (max-width: 767px){.kb-row-layout-id12467_6f5879-da > .kt-row-column-wrap{grid-template-columns:minmax(0, 1fr);}}<\/style><div class=\"kb-row-layout-wrap kb-row-layout-id12467_6f5879-da alignnone wp-block-kadence-rowlayout\"><div class=\"kt-row-column-wrap kt-has-1-columns kt-row-layout-equal kt-tab-layout-inherit kt-mobile-layout-row kt-row-valign-top kb-theme-content-width\">\n<style>.kadence-column12467_6b343f-c2 > .kt-inside-inner-col,.kadence-column12467_6b343f-c2 > .kt-inside-inner-col:before{border-top-left-radius:0px;border-top-right-radius:0px;border-bottom-right-radius:0px;border-bottom-left-radius:0px;}.kadence-column12467_6b343f-c2 > .kt-inside-inner-col{column-gap:var(--global-kb-gap-sm, 1rem);}.kadence-column12467_6b343f-c2 > .kt-inside-inner-col{flex-direction:column;}.kadence-column12467_6b343f-c2 > .kt-inside-inner-col > .aligncenter{width:100%;}.kadence-column12467_6b343f-c2 > .kt-inside-inner-col:before{opacity:0.3;}.kadence-column12467_6b343f-c2{position:relative;}@media all and (max-width: 1024px){.kadence-column12467_6b343f-c2 > .kt-inside-inner-col{flex-direction:column;justify-content:center;}}@media all and (max-width: 767px){.kadence-column12467_6b343f-c2 > .kt-inside-inner-col{flex-direction:column;justify-content:center;}}<\/style>\n<div class=\"wp-block-kadence-column kadence-column12467_6b343f-c2\"><div class=\"kt-inside-inner-col\"><h2>Vitam\u00edny a miner\u00e1ly<\/h2><div class=\"namen-block products-grid\"><div class=\"product-card scale\" data-popularity-weight=\"0\"><a href=\"https:\/\/heka-supplements.com\/sk\/produkt\/heka-gumiky-pre-deti-s-multivitaminmi\/\" class=\"product-link\"><div class=\"product-image\"><div class=\"tom-labels-container-prod\"><\/div><img decoding=\"async\" src=\"https:\/\/heka-supplements.com\/wp-content\/uploads\/2026\/01\/HEKA-gumiji-za-otroke-multivitamin-scaled.webp\" alt=\"HEKA gum\u00edky pre deti s multivitam\u00ednmi\"><\/div><div class=\"product-info\"><h3 class=\"product-title\">HEKA gum\u00edky pre deti s multivitam\u00ednmi<\/h3><div class=\"kolicina-izdelka\">60 gum\u00edkov<\/div><div class=\"product-price\"><span class=\"wcpbc-price wcpbc-price-15941\" data-product-id=\"15941\"><span class=\"woocommerce-Price-amount amount\"><bdi>12,75\u00a0<span class=\"woocommerce-Price-currencySymbol\">&euro;<\/span><\/bdi><\/span><\/span><\/div><\/div><\/a><div class=\"product-actions\"><a href=\"https:\/\/heka-supplements.com\/sk\/produkt\/heka-gumiky-pre-deti-s-multivitaminmi\/\" class=\"product-read-more\">\u010c\u00edta\u0165 viac<\/a><a href=\"https:\/\/heka-supplements.com\/sk\/add-to-cart\/\" class=\"button product_type_simple add_to_cart_button ajax_add_to_cart\" data-quantity=\"1\" data-product_id=\"15941\" data-product_sku=\"3830081250483\" aria-label=\"Prida\u0165 do ko\u0161\u00edka: \u201eHEKA gum\u00edky pre deti s multivitam\u00ednmi\u201c\" rel=\"nofollow\"><img decoding=\"async\" src=\"\/wp-content\/uploads\/2025\/12\/cart.svg\" alt=\"Prida\u0165 do ko\u0161\u00edka\" aria-hidden=\"false\"><\/a><\/div><\/div><div class=\"product-card scale\" data-popularity-weight=\"0\"><a href=\"https:\/\/heka-supplements.com\/sk\/produkt\/heka-multivitaminove-gumiky\/\" class=\"product-link\"><div class=\"product-image\"><div class=\"tom-labels-container-prod\"><\/div><img decoding=\"async\" src=\"https:\/\/heka-supplements.com\/wp-content\/uploads\/2026\/01\/HEKA-Multivitamin-gumiji-scaled.webp\" alt=\"HEKA multivitam\u00ednov\u00e9 gum\u00edky\"><\/div><div class=\"product-info\"><h3 class=\"product-title\">HEKA multivitam\u00ednov\u00e9 gum\u00edky<\/h3><div class=\"kolicina-izdelka\">60 gum\u00edkov<\/div><div class=\"product-price\"><span class=\"wcpbc-price wcpbc-price-16125\" data-product-id=\"16125\"><span class=\"woocommerce-Price-amount amount\"><bdi>12,75\u00a0<span class=\"woocommerce-Price-currencySymbol\">&euro;<\/span><\/bdi><\/span><\/span><\/div><\/div><\/a><div class=\"product-actions\"><a href=\"https:\/\/heka-supplements.com\/sk\/produkt\/heka-multivitaminove-gumiky\/\" class=\"product-read-more\">\u010c\u00edta\u0165 viac<\/a><a href=\"https:\/\/heka-supplements.com\/sk\/add-to-cart\/\" class=\"button product_type_simple add_to_cart_button ajax_add_to_cart\" data-quantity=\"1\" data-product_id=\"16125\" data-product_sku=\"3830081250431\" aria-label=\"Prida\u0165 do ko\u0161\u00edka: \u201eHEKA multivitam\u00ednov\u00e9 gum\u00edky\u201c\" rel=\"nofollow\"><img decoding=\"async\" src=\"\/wp-content\/uploads\/2025\/12\/cart.svg\" alt=\"Prida\u0165 do ko\u0161\u00edka\" aria-hidden=\"false\"><\/a><\/div><\/div><div class=\"product-card scale\" data-popularity-weight=\"3\"><a href=\"https:\/\/heka-supplements.com\/sk\/produkt\/heka-vitamin-d3-makke-kapsuly\/\" class=\"product-link\"><div class=\"product-image\"><div class=\"tom-labels-container-prod\"><\/div><img decoding=\"async\" src=\"https:\/\/heka-supplements.com\/wp-content\/uploads\/2026\/01\/Vitamin-D3-HEKA-softgels-scaled.webp\" alt=\"HEKA vitam\u00edn D3 m\u00e4kk\u00e9 kapsuly\"><\/div><div class=\"product-info\"><h3 class=\"product-title\">HEKA vitam\u00edn D3 m\u00e4kk\u00e9 kapsuly<\/h3><div class=\"kolicina-izdelka\">180 m\u00e4kk\u00fdch kaps\u00fal<\/div><div class=\"product-price\"><span class=\"wcpbc-price wcpbc-price-16550\" data-product-id=\"16550\"><span class=\"woocommerce-Price-amount amount\"><bdi>14,75\u00a0<span class=\"woocommerce-Price-currencySymbol\">&euro;<\/span><\/bdi><\/span><\/span><\/div><\/div><\/a><div class=\"product-actions\"><a href=\"https:\/\/heka-supplements.com\/sk\/produkt\/heka-vitamin-d3-makke-kapsuly\/\" class=\"product-read-more\">\u010c\u00edta\u0165 viac<\/a><a href=\"https:\/\/heka-supplements.com\/sk\/add-to-cart\/\" class=\"button product_type_simple add_to_cart_button ajax_add_to_cart\" data-quantity=\"1\" data-product_id=\"16550\" data-product_sku=\"3830081250851\" aria-label=\"Prida\u0165 do ko\u0161\u00edka: \u201eHEKA vitam\u00edn D3 m\u00e4kk\u00e9 kapsuly\u201c\" rel=\"nofollow\"><img decoding=\"async\" src=\"\/wp-content\/uploads\/2025\/12\/cart.svg\" alt=\"Prida\u0165 do ko\u0161\u00edka\" aria-hidden=\"false\"><\/a><\/div><\/div><div class=\"product-card scale\" data-popularity-weight=\"0\"><a href=\"https:\/\/heka-supplements.com\/sk\/produkt\/heka-zinok-kapsuly\/\" class=\"product-link\"><div class=\"product-image\"><div class=\"tom-labels-container-prod\"><\/div><img decoding=\"async\" src=\"https:\/\/heka-supplements.com\/wp-content\/uploads\/2026\/01\/Heka-cink-scaled.webp\" alt=\"HEKA zinok kapsuly\"><\/div><div class=\"product-info\"><h3 class=\"product-title\">HEKA zinok kapsuly<\/h3><div class=\"kolicina-izdelka\">60 kaps\u00fal<\/div><div class=\"product-price\"><span class=\"wcpbc-price wcpbc-price-15636\" data-product-id=\"15636\"><span class=\"woocommerce-Price-amount amount\"><bdi>14,75\u00a0<span class=\"woocommerce-Price-currencySymbol\">&euro;<\/span><\/bdi><\/span><\/span><\/div><\/div><\/a><div class=\"product-actions\"><a href=\"https:\/\/heka-supplements.com\/sk\/produkt\/heka-zinok-kapsuly\/\" class=\"product-read-more\">\u010c\u00edta\u0165 viac<\/a><a href=\"https:\/\/heka-supplements.com\/sk\/add-to-cart\/\" class=\"button product_type_simple add_to_cart_button ajax_add_to_cart\" data-quantity=\"1\" data-product_id=\"15636\" data-product_sku=\"3830081250868\" aria-label=\"Prida\u0165 do ko\u0161\u00edka: \u201eHEKA zinok kapsuly\u201c\" rel=\"nofollow\"><img decoding=\"async\" src=\"\/wp-content\/uploads\/2025\/12\/cart.svg\" alt=\"Prida\u0165 do ko\u0161\u00edka\" aria-hidden=\"false\"><\/a><\/div><\/div><div class=\"product-card scale\" data-popularity-weight=\"0\"><a href=\"https:\/\/heka-supplements.com\/sk\/produkt\/heka-vitamin-c-kapsuly\/\" class=\"product-link\"><div class=\"product-image\"><div class=\"tom-labels-container-prod\"><\/div><img decoding=\"async\" src=\"https:\/\/heka-supplements.com\/wp-content\/uploads\/2026\/01\/HEKA-Vitamin-C-scaled.webp\" alt=\"HEKA vitam\u00edn C kapsuly\"><\/div><div class=\"product-info\"><h3 class=\"product-title\">HEKA vitam\u00edn C kapsuly<\/h3><div class=\"kolicina-izdelka\">60 kaps\u00fal<\/div><div class=\"product-price\"><span class=\"wcpbc-price wcpbc-price-15695\" data-product-id=\"15695\"><span class=\"woocommerce-Price-amount amount\"><bdi>14,75\u00a0<span class=\"woocommerce-Price-currencySymbol\">&euro;<\/span><\/bdi><\/span><\/span><\/div><\/div><\/a><div class=\"product-actions\"><a href=\"https:\/\/heka-supplements.com\/sk\/produkt\/heka-vitamin-c-kapsuly\/\" class=\"product-read-more\">\u010c\u00edta\u0165 viac<\/a><a href=\"https:\/\/heka-supplements.com\/sk\/add-to-cart\/\" class=\"button product_type_simple add_to_cart_button ajax_add_to_cart\" data-quantity=\"1\" data-product_id=\"15695\" data-product_sku=\"3830081250813\" aria-label=\"Prida\u0165 do ko\u0161\u00edka: \u201eHEKA vitam\u00edn C kapsuly\u201c\" rel=\"nofollow\"><img decoding=\"async\" src=\"\/wp-content\/uploads\/2025\/12\/cart.svg\" alt=\"Prida\u0165 do ko\u0161\u00edka\" aria-hidden=\"false\"><\/a><\/div><\/div><div class=\"product-card scale\" data-popularity-weight=\"0\"><a href=\"https:\/\/heka-supplements.com\/sk\/produkt\/heka-b-komplex-kapsuly\/\" class=\"product-link\"><div class=\"product-image\"><div class=\"tom-labels-container-prod\"><\/div><img decoding=\"async\" src=\"https:\/\/heka-supplements.com\/wp-content\/uploads\/2026\/01\/B-kompleks-kapsule-scaled.webp\" alt=\"HEKA B komplex kapsuly\"><\/div><div class=\"product-info\"><h3 class=\"product-title\">HEKA B komplex kapsuly<\/h3><div class=\"kolicina-izdelka\">60 kaps\u00fal<\/div><div class=\"product-price\"><span class=\"wcpbc-price wcpbc-price-16770\" data-product-id=\"16770\"><span class=\"woocommerce-Price-amount amount\"><bdi>14,75\u00a0<span class=\"woocommerce-Price-currencySymbol\">&euro;<\/span><\/bdi><\/span><\/span><\/div><\/div><\/a><div class=\"product-actions\"><a href=\"https:\/\/heka-supplements.com\/sk\/produkt\/heka-b-komplex-kapsuly\/\" class=\"product-read-more\">\u010c\u00edta\u0165 viac<\/a><a href=\"https:\/\/heka-supplements.com\/sk\/add-to-cart\/\" class=\"button product_type_simple add_to_cart_button ajax_add_to_cart\" data-quantity=\"1\" data-product_id=\"16770\" data-product_sku=\"3830081250790\" aria-label=\"Prida\u0165 do ko\u0161\u00edka: \u201eHEKA B komplex kapsuly\u201c\" rel=\"nofollow\"><img decoding=\"async\" src=\"\/wp-content\/uploads\/2025\/12\/cart.svg\" alt=\"Prida\u0165 do ko\u0161\u00edka\" aria-hidden=\"false\"><\/a><\/div><\/div><div class=\"product-card scale\" data-popularity-weight=\"0\"><a href=\"https:\/\/heka-supplements.com\/sk\/produkt\/heka-k2d3-sprej\/\" class=\"product-link\"><div class=\"product-image\"><div class=\"tom-labels-container-prod\"><\/div><img decoding=\"async\" src=\"https:\/\/heka-supplements.com\/wp-content\/uploads\/2026\/01\/Heka-K2-D3-spray-1-scaled.webp\" alt=\"HEKA K2+D3 sprej\"><\/div><div class=\"product-info\"><h3 class=\"product-title\">HEKA K2+D3 sprej<\/h3><div class=\"kolicina-izdelka\">30 ml<\/div><div class=\"product-price\"><span class=\"wcpbc-price wcpbc-price-15466\" data-product-id=\"15466\"><span class=\"woocommerce-Price-amount amount\"><bdi>16,75\u00a0<span class=\"woocommerce-Price-currencySymbol\">&euro;<\/span><\/bdi><\/span><\/span><\/div><\/div><\/a><div class=\"product-actions\"><a href=\"https:\/\/heka-supplements.com\/sk\/produkt\/heka-k2d3-sprej\/\" class=\"product-read-more\">\u010c\u00edta\u0165 viac<\/a><a href=\"https:\/\/heka-supplements.com\/sk\/add-to-cart\/\" class=\"button product_type_simple add_to_cart_button ajax_add_to_cart\" data-quantity=\"1\" data-product_id=\"15466\" data-product_sku=\"3830081250738\" aria-label=\"Prida\u0165 do ko\u0161\u00edka: \u201eHEKA K2+D3 sprej\u201c\" rel=\"nofollow\"><img decoding=\"async\" src=\"\/wp-content\/uploads\/2025\/12\/cart.svg\" alt=\"Prida\u0165 do ko\u0161\u00edka\" aria-hidden=\"false\"><\/a><\/div><\/div><div class=\"product-card scale\" data-popularity-weight=\"0\"><a href=\"https:\/\/heka-supplements.com\/sk\/produkt\/heka-k2-d3-kvapky\/\" class=\"product-link\"><div class=\"product-image\"><div class=\"tom-labels-container-prod\"><\/div><img decoding=\"async\" src=\"https:\/\/heka-supplements.com\/wp-content\/uploads\/2026\/01\/Heka-K2D3-drops-scaled.webp\" alt=\"HEKA K2 D3 kvapky\"><\/div><div class=\"product-info\"><h3 class=\"product-title\">HEKA K2 D3 kvapky<\/h3><div class=\"kolicina-izdelka\">10 ml<\/div><div class=\"product-price\"><span class=\"wcpbc-price wcpbc-price-14392\" data-product-id=\"14392\"><span class=\"woocommerce-Price-amount amount\"><bdi>14,75\u00a0<span class=\"woocommerce-Price-currencySymbol\">&euro;<\/span><\/bdi><\/span><\/span><\/div><\/div><\/a><div class=\"product-actions\"><a href=\"https:\/\/heka-supplements.com\/sk\/produkt\/heka-k2-d3-kvapky\/\" class=\"product-read-more\">\u010c\u00edta\u0165 viac<\/a><a href=\"https:\/\/heka-supplements.com\/sk\/add-to-cart\/\" class=\"button product_type_simple add_to_cart_button ajax_add_to_cart\" data-quantity=\"1\" data-product_id=\"14392\" data-product_sku=\"3830081250721\" aria-label=\"Prida\u0165 do ko\u0161\u00edka: \u201eHEKA K2 D3 kvapky\u201c\" rel=\"nofollow\"><img decoding=\"async\" src=\"\/wp-content\/uploads\/2025\/12\/cart.svg\" alt=\"Prida\u0165 do ko\u0161\u00edka\" aria-hidden=\"false\"><\/a><\/div><\/div><div class=\"product-card scale\" data-popularity-weight=\"0\"><a href=\"https:\/\/heka-supplements.com\/sk\/produkt\/heka-d3-kvapky\/\" class=\"product-link\"><div class=\"product-image\"><div class=\"tom-labels-container-prod\"><\/div><img decoding=\"async\" src=\"https:\/\/heka-supplements.com\/wp-content\/uploads\/2026\/01\/HEKA22616-scaled.webp\" alt=\"HEKA D3 kvapky\"><\/div><div class=\"product-info\"><h3 class=\"product-title\">HEKA D3 kvapky<\/h3><div class=\"kolicina-izdelka\">10 ml<\/div><div class=\"product-price\"><span class=\"wcpbc-price wcpbc-price-14500\" data-product-id=\"14500\"><span class=\"woocommerce-Price-amount amount\"><bdi>11,75\u00a0<span class=\"woocommerce-Price-currencySymbol\">&euro;<\/span><\/bdi><\/span><\/span><\/div><\/div><\/a><div class=\"product-actions\"><a href=\"https:\/\/heka-supplements.com\/sk\/produkt\/heka-d3-kvapky\/\" class=\"product-read-more\">\u010c\u00edta\u0165 viac<\/a><a href=\"https:\/\/heka-supplements.com\/sk\/add-to-cart\/\" class=\"button product_type_simple add_to_cart_button ajax_add_to_cart\" data-quantity=\"1\" data-product_id=\"14500\" data-product_sku=\"3830081250714\" aria-label=\"Prida\u0165 do ko\u0161\u00edka: \u201eHEKA D3 kvapky\u201c\" rel=\"nofollow\"><img decoding=\"async\" src=\"\/wp-content\/uploads\/2025\/12\/cart.svg\" alt=\"Prida\u0165 do ko\u0161\u00edka\" aria-hidden=\"false\"><\/a><\/div><\/div><div class=\"product-card scale\" data-popularity-weight=\"0\"><a href=\"https:\/\/heka-supplements.com\/sk\/produkt\/heka-d3-sprej\/\" class=\"product-link\"><div class=\"product-image\"><div class=\"tom-labels-container-prod\"><\/div><img decoding=\"async\" src=\"https:\/\/heka-supplements.com\/wp-content\/uploads\/2026\/01\/Heka-D3-spray-1-scaled.webp\" alt=\"HEKA D3 sprej\"><\/div><div class=\"product-info\"><h3 class=\"product-title\">HEKA D3 sprej<\/h3><div class=\"kolicina-izdelka\">30 ml<\/div><div class=\"product-price\"><span class=\"wcpbc-price wcpbc-price-15032\" data-product-id=\"15032\"><span class=\"woocommerce-Price-amount amount\"><bdi>13,75\u00a0<span class=\"woocommerce-Price-currencySymbol\">&euro;<\/span><\/bdi><\/span><\/span><\/div><\/div><\/a><div class=\"product-actions\"><a href=\"https:\/\/heka-supplements.com\/sk\/produkt\/heka-d3-sprej\/\" class=\"product-read-more\">\u010c\u00edta\u0165 viac<\/a><a href=\"https:\/\/heka-supplements.com\/sk\/add-to-cart\/\" class=\"button product_type_simple add_to_cart_button ajax_add_to_cart\" data-quantity=\"1\" data-product_id=\"15032\" data-product_sku=\"3830081250661\" aria-label=\"Prida\u0165 do ko\u0161\u00edka: \u201eHEKA D3 sprej\u201c\" rel=\"nofollow\"><img decoding=\"async\" src=\"\/wp-content\/uploads\/2025\/12\/cart.svg\" alt=\"Prida\u0165 do ko\u0161\u00edka\" aria-hidden=\"false\"><\/a><\/div><\/div><div class=\"product-card scale\" data-popularity-weight=\"5\"><a href=\"https:\/\/heka-supplements.com\/sk\/produkt\/heka-napoj-na-podporu-spanku\/\" class=\"product-link\"><div class=\"product-image\"><div class=\"tom-labels-container-prod\"><\/div><img decoding=\"async\" src=\"https:\/\/heka-supplements.com\/wp-content\/uploads\/2026\/01\/Heka-Tonik-Sleep-Support-scaled.webp\" alt=\"Heka n\u00e1poj na podporu sp\u00e1nku\"><\/div><div class=\"product-info\"><h3 class=\"product-title\">Heka n\u00e1poj na podporu sp\u00e1nku<\/h3><div class=\"kolicina-izdelka\">30 vreciek x 3,5 g<\/div><div class=\"product-price\"><span class=\"wcpbc-price wcpbc-price-14554\" data-product-id=\"14554\"><span class=\"woocommerce-Price-amount amount\"><bdi>24,75\u00a0<span class=\"woocommerce-Price-currencySymbol\">&euro;<\/span><\/bdi><\/span><\/span><\/div><\/div><\/a><div class=\"product-actions\"><a href=\"https:\/\/heka-supplements.com\/sk\/produkt\/heka-napoj-na-podporu-spanku\/\" class=\"product-read-more\">\u010c\u00edta\u0165 viac<\/a><a href=\"https:\/\/heka-supplements.com\/sk\/add-to-cart\/\" class=\"button product_type_simple add_to_cart_button ajax_add_to_cart\" data-quantity=\"1\" data-product_id=\"14554\" data-product_sku=\"3830081250653\" aria-label=\"Prida\u0165 do ko\u0161\u00edka: \u201eHeka n\u00e1poj na podporu sp\u00e1nku\u201c\" rel=\"nofollow\"><img decoding=\"async\" src=\"\/wp-content\/uploads\/2025\/12\/cart.svg\" alt=\"Prida\u0165 do ko\u0161\u00edka\" aria-hidden=\"false\"><\/a><\/div><\/div><div class=\"product-card scale\" data-popularity-weight=\"0\"><a href=\"https:\/\/heka-supplements.com\/sk\/produkt\/heka-kapsuly-s-horcikom\/\" class=\"product-link\"><div class=\"product-image\"><div class=\"tom-labels-container-prod\"><\/div><img decoding=\"async\" src=\"https:\/\/heka-supplements.com\/wp-content\/uploads\/2026\/01\/Heka-Magnesium-citrate2-scaled.webp\" alt=\"HEKA kapsuly s hor\u010d\u00edkom\"><\/div><div class=\"product-info\"><h3 class=\"product-title\">HEKA kapsuly s hor\u010d\u00edkom<\/h3><div class=\"kolicina-izdelka\">60 kaps\u00fal<\/div><div class=\"product-price\"><span class=\"wcpbc-price wcpbc-price-14780\" data-product-id=\"14780\"><span class=\"woocommerce-Price-amount amount\"><bdi>14,75\u00a0<span class=\"woocommerce-Price-currencySymbol\">&euro;<\/span><\/bdi><\/span><\/span><\/div><\/div><\/a><div class=\"product-actions\"><a href=\"https:\/\/heka-supplements.com\/sk\/produkt\/heka-kapsuly-s-horcikom\/\" class=\"product-read-more\">\u010c\u00edta\u0165 viac<\/a><a href=\"https:\/\/heka-supplements.com\/sk\/add-to-cart\/\" class=\"button product_type_simple add_to_cart_button ajax_add_to_cart\" data-quantity=\"1\" data-product_id=\"14780\" data-product_sku=\"3830081250783\" aria-label=\"Prida\u0165 do ko\u0161\u00edka: \u201eHEKA kapsuly s hor\u010d\u00edkom\u201c\" rel=\"nofollow\"><img decoding=\"async\" src=\"\/wp-content\/uploads\/2025\/12\/cart.svg\" alt=\"Prida\u0165 do ko\u0161\u00edka\" aria-hidden=\"false\"><\/a><\/div><\/div><\/div><\/div><\/div>\n\n<\/div><\/div>\n\n\n\n\n<p><\/p>\n","protected":false},"excerpt":{"rendered":"<p>Ver\u00edme, \u017ee skuto\u010dn\u00e1 sila je u\u017e v ka\u017edom z n\u00e1s. Netreba ni\u010d prid\u00e1va\u0165, sta\u010d\u00ed prebudi\u0165 energiu, ktor\u00fa telo u\u017e v sebe nos\u00ed, no v modernom r\u00fdchlom tempe \u017eivota a stresu ju str\u00e1came. Heka je tu pre chv\u00edle, ke\u010f doch\u00e1dza sila, pre dni, ke\u010f prevl\u00e1da stres, a pre ciele, ktor\u00e9 si vy\u017eaduj\u00fa viac energie a s\u00fastredenia&#8230;.<\/p>\n","protected":false},"author":1,"featured_media":0,"parent":0,"menu_order":0,"comment_status":"closed","ping_status":"closed","template":"","meta":{"_acf_changed":false,"page_custom_class":"","page_custom_text":"","_kad_blocks_custom_css":"","_kad_blocks_head_custom_js":"","_kad_blocks_body_custom_js":"","_kad_blocks_footer_custom_js":"","_kad_post_transparent":"","_kad_post_title":"","_kad_post_layout":"fullwidth","_kad_post_sidebar_id":"","_kad_post_content_style":"","_kad_post_vertical_padding":"","_kad_post_feature":"","_kad_post_feature_position":"","_kad_post_header":false,"_kad_post_footer":false,"_kad_post_classname":"","page_custom_text_by_category":"","footnotes":""},"class_list":["post-12467","page","type-page","status-publish","hentry"],"acf":[],"taxonomy_info":[],"featured_image_src_large":false,"author_info":{"display_name":"wpm","author_link":"https:\/\/heka-supplements.com\/sk\/author\/wpm\/"},"comment_info":"","_links":{"self":[{"href":"https:\/\/heka-supplements.com\/sk\/wp-json\/wp\/v2\/pages\/12467","targetHints":{"allow":["GET"]}}],"collection":[{"href":"https:\/\/heka-supplements.com\/sk\/wp-json\/wp\/v2\/pages"}],"about":[{"href":"https:\/\/heka-supplements.com\/sk\/wp-json\/wp\/v2\/types\/page"}],"author":[{"embeddable":true,"href":"https:\/\/heka-supplements.com\/sk\/wp-json\/wp\/v2\/users\/1"}],"replies":[{"embeddable":true,"href":"https:\/\/heka-supplements.com\/sk\/wp-json\/wp\/v2\/comments?post=12467"}],"version-history":[{"count":0,"href":"https:\/\/heka-supplements.com\/sk\/wp-json\/wp\/v2\/pages\/12467\/revisions"}],"wp:attachment":[{"href":"https:\/\/heka-supplements.com\/sk\/wp-json\/wp\/v2\/media?parent=12467"}],"curies":[{"name":"wp","href":"https:\/\/api.w.org\/{rel}","templated":true}]}}