{"id":12227,"date":"2026-01-14T11:07:57","date_gmt":"2026-01-14T11:07:57","guid":{"rendered":"https:\/\/heka-supplements.com\/vseobecne-obchodne-podmienky-a-podmienky-pouzivania-webovej-stranky\/"},"modified":"2026-01-20T12:14:42","modified_gmt":"2026-01-20T12:14:42","slug":"vseobecne-obchodne-podmienky-a-podmienky-pouzivania-webovej-stranky","status":"publish","type":"page","link":"https:\/\/heka-supplements.com\/sk\/vseobecne-obchodne-podmienky-a-podmienky-pouzivania-webovej-stranky\/","title":{"rendered":"V\u0161eobecn\u00e9 obchodn\u00e9 podmienky a podmienky pou\u017e\u00edvania webovej str\u00e1nky"},"content":{"rendered":"\n<div class=\"wp-block-group\"><div class=\"wp-block-group__inner-container is-layout-flow wp-block-group-is-layout-flow\">\n<div class=\"wp-block-columns is-layout-flex wp-container-core-columns-is-layout-9d6595d7 wp-block-columns-is-layout-flex\">\n<div class=\"wp-block-column is-layout-flow wp-block-column-is-layout-flow\" style=\"flex-basis:100%\">\n<p><\/p>\n\n\n\n<h1 class=\"wp-block-heading\">V\u0161eobecn\u00e9 obchodn\u00e9 podmienky<\/h1>\n\n\n\n<h3 class=\"wp-block-heading\">Prev\u00e1dzka internetov\u00e9ho obchodu<\/h3>\n\n\n\n<p><a href=\"https:\/\/heka-supplements.com\/\">https:\/\/heka-supplements.com\/<\/a> je internetov\u00fd obchod s kompletn\u00fdmi slu\u017ebami v r\u00e1mci spolo\u010dnosti (skladovanie a exped\u00edcia tovaru objednan\u00e9ho v internetovom obchode):<\/p>\n\n\n\n<p>GlobalPharmacia Group d.o.o.<br\/>Poklukarjeva ulica 27, Ljubljana, 1000 Ljubljana<br\/>Da\u0148ov\u00e9 identifika\u010dn\u00e9 \u010d\u00edslo: SI88507114<br\/>Registra\u010dn\u00e9 \u010d\u00edslo: 9037934000<br\/>E-mail: info@heka-supplements.com<\/p>\n\n\n\n<p>V\u0161eobecn\u00e9 obchodn\u00e9 podmienky s\u00fa zostaven\u00e9 v s\u00falade s predpismi v oblasti ochrany spotrebite\u013ea, na z\u00e1klade odpor\u00fa\u010dan\u00ed Slovinskej obchodnej komory a medzin\u00e1rodn\u00fdch k\u00f3dexov pre online a elektronick\u00e9 podnikanie.<\/p>\n\n\n\n<h3 class=\"wp-block-heading\">D\u00f4vera a bezpe\u010dnos\u0165<\/h3>\n\n\n\n<p>Vz\u00e1jomn\u00e1 d\u00f4vera je za\u010diatkom ka\u017ed\u00e9ho trval\u00e9ho a kvalitn\u00e9ho vz\u0165ahu.<\/p>\n\n\n\n<h3 class=\"wp-block-heading\">Kontakty<\/h3>\n\n\n\n<p>Podpora: info@heka-supplements.com, telef\u00f3n 069 719 709.<\/p>\n\n\n\n<h3 class=\"wp-block-heading\">Registr\u00e1cia<\/h3>\n\n\n\n<p>Registr\u00e1ciou z\u00edskate pou\u017e\u00edvate\u013esk\u00fd \u00fa\u010det a pr\u00e1vo na n\u00e1kup.<\/p>\n\n\n\n<h3 class=\"wp-block-heading\">N\u00e1kup<\/h3>\n\n\n\n<p>Po odoslan\u00ed objedn\u00e1vky dostanete potvrdenie o prijat\u00ed objedn\u00e1vky.<\/p>\n\n\n\n<h3 class=\"wp-block-heading\">K\u00fapna zmluva<\/h3>\n\n\n\n<p>Potvrden\u00edm objedn\u00e1vky je uzavret\u00e1 k\u00fapna zmluva.<\/p>\n\n\n\n<h3 class=\"wp-block-heading\">Ceny<\/h3>\n\n\n\n<p>V\u0161etky ceny s\u00fa uveden\u00e9 v EUR a zah\u0155\u0148aj\u00fa DPH.<\/p>\n\n\n\n<h2 class=\"wp-block-heading\">Sp\u00f4soby platby<\/h2>\n\n\n\n<h4 class=\"wp-block-heading\">Platba kartou<\/h4>\n\n\n\n<p>Platba kreditnou alebo debetnou kartou pri dokon\u010den\u00ed n\u00e1kupu.<\/p>\n\n\n\n<h4 class=\"wp-block-heading\">Platba na z\u00e1klade proforma fakt\u00fary<\/h4>\n\n\n\n<p>Platba bankov\u00fdm prevodom po potvrden\u00ed objedn\u00e1vky.<\/p>\n\n\n\n<h4 class=\"wp-block-heading\">Platba na dobierku<\/h4>\n\n\n\n<p>Platba pri prevzat\u00ed z\u00e1sielky.<\/p>\n\n\n\n<h3 class=\"wp-block-heading\">Doru\u010denie<\/h3>\n\n\n\n<p>Doru\u010denie prostredn\u00edctvom Slovenskej po\u0161ty alebo GLS.<\/p>\n\n\n\n<h4 class=\"wp-block-heading\">Doba dodania<\/h4>\n\n\n\n<p>Dodanie zvy\u010dajne do 3\u201310 dn\u00ed.<\/p>\n\n\n\n<h3 class=\"wp-block-heading\">Vecn\u00e9 chyby<\/h3>\n\n\n\n<p>Pr\u00e1va spotrebite\u013ea upravuje z\u00e1kon o ochrane spotrebite\u013ea.<\/p>\n\n\n\n<h3 class=\"wp-block-heading\">Pr\u00e1vo na odst\u00fapenie <\/h3>\n\n\n\n<p>Odst\u00fapenie od zmluvy do 14 dn\u00ed bez udania d\u00f4vodu.<\/p>\n\n\n\n<h3 class=\"wp-block-heading\">S\u0165a\u017enosti a spory<\/h3>\n\n\n\n<p>S\u0165a\u017enosti posielajte na info@heka-supplements.com.<\/p>\n\n\n\n<h3 class=\"wp-block-heading\">Vyhl\u00e1senie webovej str\u00e1nky<\/h3>\n\n\n\n<p>Inform\u00e1cie s\u00fa informat\u00edvneho charakteru a nie s\u00fa zdravotnou radou.<\/p>\n\n\n\n<h3 class=\"wp-block-heading\">Z\u00e1vere\u010dn\u00e9 ustanovenie<\/h3>\n\n\n\n<p>N\u00e1kupom potvrdzujete s\u00fahlas s obchodn\u00fdmi podmienkami.<\/p>\n<\/div>\n<\/div>\n\n\n\n<h2 class=\"wp-block-heading\"><br\/>V\u0161eobecn\u00e9 podmienky pou\u017e\u00edvania webovej str\u00e1nky<\/h2>\n\n\n\n<h3 class=\"wp-block-heading\">1. Webov\u00e1 str\u00e1nka<\/h3>\n\n\n\n<p>Vlastn\u00edk a administr\u00e1tor webovej str\u00e1nky heka-supplements.com a v\u0161etk\u00fdch jej podstr\u00e1nok (\u201eWebov\u00e1 str\u00e1nka\u201c) je GlobalPharmacia Group d.o.o., Poklukarjeva ulica 27, 1000 Ljubljana, registra\u010dn\u00e9 \u010d. 9037934000<\/p>\n\n\n\n<p>Pr\u00edstup a pou\u017e\u00edvanie Webovej str\u00e1nky s\u00fa povolen\u00e9 za podmienok, ktor\u00e9 stanovuje platn\u00e1 legislat\u00edva, tieto V\u0161eobecn\u00e9 podmienky pou\u017e\u00edvania webovej str\u00e1nky (\u201eV\u0161eobecn\u00e9 podmienky pou\u017e\u00edvania\u201c) a \u010fal\u0161ie predpisy, na ktor\u00e9 sa tieto V\u0161eobecn\u00e9 podmienky pou\u017e\u00edvania odvol\u00e1vaj\u00fa.<\/p>\n\n\n\n<h3 class=\"wp-block-heading\">2. Obsah Webovej str\u00e1nky<\/h3>\n\n\n\n<p>Sna\u017e\u00edme sa, aby bol obsah Webovej str\u00e1nky aktualizovan\u00fd a obsahoval spr\u00e1vne inform\u00e1cie a materi\u00e1ly, av\u0161ak presnos\u0165, \u00faplnos\u0165 a aktu\u00e1lnos\u0165 nezaru\u010dujeme a nie sme k tomu viazan\u00ed. Nepreber\u00e1me \u017eiadnu zodpovednos\u0165 za \u0161kody sp\u00f4soben\u00e9 nedostupnos\u0165ou, zmenou, nedostatkami, chybami alebo zastaranos\u0165ou inform\u00e1ci\u00ed zverejnen\u00fdch na Webovej str\u00e1nke. Rovnako nezaru\u010dujeme, \u017ee Webov\u00e1 str\u00e1nka alebo ak\u00fdko\u013evek jej obsah bude v\u017edy dostupn\u00fd, resp. \u017ee pr\u00edstup bude nepreru\u0161ovan\u00fd. Webov\u00fa str\u00e1nku alebo jej \u010dasti m\u00f4\u017eeme kedyko\u013evek stiahnu\u0165 alebo zmeni\u0165 bez predch\u00e1dzaj\u00faceho upozornenia.    <\/p>\n\n\n\n<p>Obsah zverejnen\u00fd na Webovej str\u00e1nke je v\u0161eobecn\u00e9ho informat\u00edvneho charakteru a nepredstavuje pr\u00e1vnu radu ani in\u00fa pr\u00e1vnu pomoc, na ktor\u00fa sa m\u00f4\u017eete spo\u013eahn\u00fa\u0165. Za pou\u017eitie inform\u00e1ci\u00ed, ktor\u00e9 s\u00fa zverejnen\u00e9 na na\u0161ej webovej str\u00e1nke, nezodpoved\u00e1me. Ak Webov\u00e1 str\u00e1nka obsahuje odkazy na in\u00e9 webov\u00e9 str\u00e1nky a obsah na t\u00fdchto webov\u00fdch str\u00e1nkach, tak\u00e9to odkazy s\u00fa len informat\u00edvneho charakteru. Nad obsahom na t\u00fdchto webov\u00fdch str\u00e1nkach nem\u00e1me kontrolu ani vplyv. Ak chcete z\u00edska\u0165 viac inform\u00e1ci\u00ed o obsahu, ktor\u00fd je zverejnen\u00fd na webovej str\u00e1nke, kontaktujte n\u00e1s na info@pro-teh.si.    <\/p>\n\n\n\n<h3 class=\"wp-block-heading\">3. Pr\u00e1va du\u0161evn\u00e9ho vlastn\u00edctva<\/h3>\n\n\n\n<p>Sme dr\u017eite\u013emi v\u0161etk\u00fdch autorsk\u00fdch pr\u00e1v k obsahu zverejnen\u00e9mu na Webovej str\u00e1nke. Pre s\u00fakromn\u00e9 pou\u017eitie m\u00f4\u017eete tla\u010di\u0165, kop\u00edrova\u0165 alebo uklada\u0165 \u010dasti Webovej str\u00e1nky. Materi\u00e1ly na Webovej str\u00e1nke nesmiete bez n\u00e1\u0161ho predch\u00e1dzaj\u00faceho p\u00edsomn\u00e9ho s\u00fahlasu pou\u017e\u00edva\u0165 na komer\u010dn\u00e9 \u00fa\u010dely.  <\/p>\n\n\n\n<p>Na webovej str\u00e1nke, ktorej ste vlastn\u00edkom, m\u00f4\u017eete vytv\u00e1ra\u0165 odkazy na domovsk\u00fa Webov\u00fa str\u00e1nku sp\u00f4sobom, ktor\u00fd je v s\u00falade s pr\u00e1vom a nepo\u0161kodzuje na\u0161e dobr\u00e9 meno, poves\u0165 alebo podnikanie, resp. sp\u00f4sobom, aby ste neopr\u00e1vnene nevyu\u017eili na\u0161u poves\u0165. Je zak\u00e1zan\u00e9 zverej\u0148ova\u0165 odkazy na Webov\u00fa str\u00e1nku, ktor\u00e9 nazna\u010duj\u00fa alebo by mohli nazna\u010dova\u0165 ak\u00e9ko\u013evek prepojenie, spolupr\u00e1cu alebo potvrdenie z na\u0161ej strany, ktor\u00e9 v\u0161ak neexistuje. Vyhradzujeme si pr\u00e1vo kedyko\u013evek odobra\u0165 povolenie na zverej\u0148ovanie odkazov na Webov\u00fa str\u00e1nku a\/alebo bez udania d\u00f4vodu po\u017eadova\u0165, aby ste okam\u017eite odstr\u00e1nili ak\u00fdko\u013evek odkaz na Webov\u00fa str\u00e1nku.   <\/p>\n\n\n\n<h3 class=\"wp-block-heading\">4. Ochrana osobn\u00fdch \u00fadajov<\/h3>\n\n\n\n<p>Webov\u00e1 str\u00e1nka pou\u017e\u00edva s\u00fabory cookie. \u010co s\u00fa s\u00fabory cookie? Pre\u010d\u00edta\u0165 si m\u00f4\u017eete tu. Viac o spracovan\u00ed osobn\u00fdch \u00fadajov je uveden\u00e9 v Politike ochrany s\u00fakromia.  <\/p>\n\n\n\n<h3 class=\"wp-block-heading\">5. Zmeny V\u0161eobecn\u00fdch podmienok pou\u017e\u00edvania<\/h3>\n\n\n\n<p>V\u0161eobecn\u00e9 podmienky pou\u017e\u00edvania m\u00f4\u017eeme kedyko\u013evek zmeni\u0165. Pri n\u00e1v\u0161teve Webovej str\u00e1nky po nadobudnut\u00ed \u00fa\u010dinnosti zmeny V\u0161eobecn\u00fdch podmienok pou\u017e\u00edvania v\u00e1s bud\u00fa viaza\u0165 zmenen\u00e9 V\u0161eobecn\u00e9 podmienky pou\u017e\u00edvania, preto odpor\u00fa\u010dame, aby ste si ob\u010dasne skontrolovali ich obsah. <\/p>\n\n\n\n<h3 class=\"wp-block-heading\">6. Pr\u00e1vo<\/h3>\n\n\n\n<p>V\u0161eobecn\u00e9 podmienky pou\u017e\u00edvania sa posudzuj\u00fa pod\u013ea pr\u00e1va Slovinskej republiky.<\/p>\n\n\n\n<h3 class=\"wp-block-heading\">7. Kontakt<\/h3>\n\n\n\n<p>V pr\u00edpade ak\u00fdchko\u013evek ot\u00e1zok t\u00fdkaj\u00facich sa t\u00fdchto V\u0161eobecn\u00fdch podmienok pou\u017e\u00edvania n\u00e1s, pros\u00edm, kontaktujte na info@heka-supplements.com<br\/>\u010eakujeme v\u00e1m za n\u00e1v\u0161tevu na\u0161ej Webovej str\u00e1nky.<\/p>\n<\/div><\/div>\n\n<p>V\u0161eobecn\u00e9 obchodn\u00e9 podmienky a podmienky pou\u017e\u00edvania webovej str\u00e1nky s\u00fa platn\u00e9 od 1. 1. 2025.<\/p>\n","protected":false},"excerpt":{"rendered":"<p>V\u0161eobecn\u00e9 obchodn\u00e9 podmienky Prev\u00e1dzka internetov\u00e9ho obchodu https:\/\/heka-supplements.com\/ je internetov\u00fd obchod s kompletn\u00fdmi slu\u017ebami v r\u00e1mci spolo\u010dnosti (skladovanie a exped\u00edcia tovaru objednan\u00e9ho v internetovom obchode): GlobalPharmacia Group d.o.o.Poklukarjeva ulica 27, Ljubljana, 1000 LjubljanaDa\u0148ov\u00e9 identifika\u010dn\u00e9 \u010d\u00edslo: SI88507114Registra\u010dn\u00e9 \u010d\u00edslo: 9037934000E-mail: info@heka-supplements.com V\u0161eobecn\u00e9 obchodn\u00e9 podmienky s\u00fa zostaven\u00e9 v s\u00falade s predpismi v oblasti ochrany spotrebite\u013ea, na z\u00e1klade odpor\u00fa\u010dan\u00ed Slovinskej&#8230;<\/p>\n","protected":false},"author":1,"featured_media":0,"parent":0,"menu_order":0,"comment_status":"closed","ping_status":"closed","template":"","meta":{"_acf_changed":false,"page_custom_class":"","page_custom_text":"","_kad_blocks_custom_css":"","_kad_blocks_head_custom_js":"","_kad_blocks_body_custom_js":"","_kad_blocks_footer_custom_js":"","_kad_post_transparent":"","_kad_post_title":"","_kad_post_layout":"","_kad_post_sidebar_id":"","_kad_post_content_style":"","_kad_post_vertical_padding":"","_kad_post_feature":"","_kad_post_feature_position":"","_kad_post_header":false,"_kad_post_footer":false,"_kad_post_classname":"","page_custom_text_by_category":"","footnotes":""},"class_list":["post-12227","page","type-page","status-publish","hentry"],"acf":[],"taxonomy_info":[],"featured_image_src_large":false,"author_info":{"display_name":"wpm","author_link":"https:\/\/heka-supplements.com\/sk\/author\/wpm\/"},"comment_info":"","_links":{"self":[{"href":"https:\/\/heka-supplements.com\/sk\/wp-json\/wp\/v2\/pages\/12227","targetHints":{"allow":["GET"]}}],"collection":[{"href":"https:\/\/heka-supplements.com\/sk\/wp-json\/wp\/v2\/pages"}],"about":[{"href":"https:\/\/heka-supplements.com\/sk\/wp-json\/wp\/v2\/types\/page"}],"author":[{"embeddable":true,"href":"https:\/\/heka-supplements.com\/sk\/wp-json\/wp\/v2\/users\/1"}],"replies":[{"embeddable":true,"href":"https:\/\/heka-supplements.com\/sk\/wp-json\/wp\/v2\/comments?post=12227"}],"version-history":[{"count":0,"href":"https:\/\/heka-supplements.com\/sk\/wp-json\/wp\/v2\/pages\/12227\/revisions"}],"wp:attachment":[{"href":"https:\/\/heka-supplements.com\/sk\/wp-json\/wp\/v2\/media?parent=12227"}],"curies":[{"name":"wp","href":"https:\/\/api.w.org\/{rel}","templated":true}]}}