{"id":12107,"date":"2026-01-14T11:04:52","date_gmt":"2026-01-14T11:04:52","guid":{"rendered":"https:\/\/heka-supplements.com\/zasady-ochrany-osobnych-udajov-a-subory-cookie\/"},"modified":"2026-02-06T12:53:27","modified_gmt":"2026-02-06T12:53:27","slug":"zasady-ochrany-osobnych-udajov-a-subory-cookie","status":"publish","type":"page","link":"https:\/\/heka-supplements.com\/sk\/zasady-ochrany-osobnych-udajov-a-subory-cookie\/","title":{"rendered":"Z\u00e1sady ochrany osobn\u00fdch \u00fadajov a s\u00fabory cookie"},"content":{"rendered":"\n<div class=\"wp-block-group\"><div class=\"wp-block-group__inner-container is-layout-flow wp-block-group-is-layout-flow\">\n<div class=\"wp-block-columns is-layout-flex wp-container-core-columns-is-layout-9d6595d7 wp-block-columns-is-layout-flex\">\n<div class=\"wp-block-column is-layout-flow wp-block-column-is-layout-flow\" style=\"flex-basis:100%\">\n<p><\/p>\n\n\n\n<h1 class=\"wp-block-heading\">Z\u00e1sady ochrany osobn\u00fdch \u00fadajov a s\u00fabory cookie<\/h1>\n\n\n\n<h2 class=\"wp-block-heading\"><strong>Prev\u00e1dzkovate\u013e osobn\u00fdch \u00fadajov a kontaktn\u00e9 \u00fadaje<\/strong><\/h2>\n\n\n\n<p>Tieto z\u00e1sady sa vz\u0165ahuj\u00fa na spracovanie (pou\u017e\u00edvanie) ak\u00fdchko\u013evek osobn\u00fdch \u00fadajov, ktor\u00e9 vykon\u00e1va spolo\u010dnos\u0165 GlobalPharmacia Group d.o.o. (prev\u00e1dzkovate\u013e) alebo ktor\u00e9 sa vykon\u00e1va v mene prev\u00e1dzkovate\u013ea.<\/p>\n\n\n\n<h2 class=\"wp-block-heading\"><strong>\u00dadaje o prev\u00e1dzkovate\u013eovi:<\/strong><\/h2>\n\n\n\n<p>GlobalPharmacia Group d.o.o.<br>Poklukarjeva ulica 27, Ljubljana, 1000 Ljubljana<br>DI\u010c SI: 88507114<br>I\u010cO: 9037934000<br>Telef\u00f3n: +386 6 971 9709<br>E-mail: info@heka-supplements.com<\/p>\n\n\n\n<h2 class=\"wp-block-heading\"><strong>Ak\u00e9 osobn\u00e9 \u00fadaje sprac\u00favame<\/strong><\/h2>\n\n\n\n<ul class=\"wp-block-list\">\n<li>Z\u00e1kladn\u00e9 kontaktn\u00e9 \u00fadaje (meno, priezvisko, telef\u00f3nne \u010d\u00edslo, e-mailov\u00e1 adresa);<\/li>\n\n\n\n<li>\u00dadaje o pou\u017e\u00edvan\u00ed na\u0161ich webov\u00fdch str\u00e1nok (kliknutia na odkazy, str\u00e1ven\u00fd \u010das) a \u00fadaje t\u00fdkaj\u00face sa odozvy na na\u0161e e-mailov\u00e9 spr\u00e1vy (\u010di bola spr\u00e1va otvoren\u00e1, na ktor\u00e9 odkazy ste klikli);<\/li>\n\n\n\n<li>\u00dadaje, ktor\u00e9 potrebujeme na splnenie zmluvy a dodanie zak\u00fapen\u00e9ho tovaru (predmet n\u00e1kupu, cena, adresa doru\u010denia, \u010das doru\u010denia, sp\u00f4sob platby, d\u00e1tum platby, \u00fadaje o reklam\u00e1ci\u00e1ch, \u00fadaje o vystavenej fakt\u00fare at\u010f.).<\/li>\n<\/ul>\n\n\n\n<h2 class=\"wp-block-heading\"><strong>Pr\u00e1vne z\u00e1klady pre spracovanie osobn\u00fdch \u00fadajov<\/strong><\/h2>\n\n\n\n<p>Va\u0161e osobn\u00e9 \u00fadaje m\u00f4\u017eeme sprac\u00fava\u0165 na z\u00e1klade nasleduj\u00facich pr\u00e1vnych z\u00e1kladov:<\/p>\n\n\n\n<ul class=\"wp-block-list\">\n<li>ke\u010f je to potrebn\u00e9 na splnenie na\u0161ich z\u00e1konn\u00fdch povinnost\u00ed (napr. vystavovanie fakt\u00far za zak\u00fapen\u00fd tovar);<\/li>\n\n\n\n<li>ke\u010f je spracovanie va\u0161ich osobn\u00fdch \u00fadajov potrebn\u00e9 na uzavretie a plnenie zmluvy, ktor\u00fa ste s nami uzavreli, alebo preto\u017ee ste od n\u00e1s \u017eiadali ponuku;<\/li>\n\n\n\n<li>ke\u010f ste na spracovanie svojich osobn\u00fdch \u00fadajov udelili s\u00fahlas na spracovanie na konkr\u00e9tny \u00fa\u010del spracovania, pri\u010dom m\u00e1te v\u017edy pr\u00e1vo udelen\u00fd s\u00fahlas odvola\u0165;<\/li>\n\n\n\n<li>ke\u010f m\u00e1me na spracovanie va\u0161ich osobn\u00fdch \u00fadajov opr\u00e1vnen\u00fd z\u00e1ujem<\/li>\n<\/ul>\n\n\n\n<h2 class=\"wp-block-heading\"><strong>\u00da\u010dely spracovania osobn\u00fdch \u00fadajov<\/strong><\/h2>\n\n\n\n<p>Va\u0161e osobn\u00e9 \u00fadaje m\u00f4\u017eeme pou\u017e\u00edva\u0165 na jeden alebo viacero uveden\u00fdch \u00fa\u010delov:<\/p>\n\n\n\n<ul class=\"wp-block-list\">\n<li>komunik\u00e1cia s vami oh\u013eadom poskytovania na\u0161ich slu\u017eieb a odpovedanie na va\u0161e ot\u00e1zky;<\/li>\n\n\n\n<li>uzavretie zmluvy a plnenie z\u00e1v\u00e4zkov vypl\u00fdvaj\u00facich z uzavretej zmluvy;<\/li>\n\n\n\n<li>marketingov\u00e1 komunik\u00e1cia (odosielanie e-mailov, be\u017enej po\u0161ty a SMS spr\u00e1v);<\/li>\n\n\n\n<li>marketingov\u00e1 komunik\u00e1cia na z\u00e1klade prisp\u00f4soben\u00fdch alebo individualizovan\u00fdch pon\u00fak a spr\u00e1v; <\/li>\n\n\n\n<li>na uplat\u0148ovanie ak\u00fdchko\u013evek pr\u00e1vnych n\u00e1rokov a rie\u0161enie sporov;<\/li>\n\n\n\n<li>na \u0161tatistick\u00e9 anal\u00fdzy predaja n\u00e1\u0161ho tovaru a pou\u017e\u00edvania na\u0161ich webov\u00fdch str\u00e1nok;<\/li>\n<\/ul>\n\n\n\n<h2 class=\"wp-block-heading\"><strong>Ako dlho uchov\u00e1vame va\u0161e osobn\u00e9 \u00fadaje a \u010do sa s nimi stane potom<\/strong><\/h2>\n\n\n\n<p>Z\u00e1kladn\u00e9 osobn\u00e9 \u00fadaje uchov\u00e1vame po cel\u00fd \u010das, pokia\u013e m\u00e1te status n\u00e1\u0161ho registrovan\u00e9ho pou\u017e\u00edvate\u013ea.<br>Osobn\u00e9 \u00fadaje, ktor\u00e9 sprac\u00favame na z\u00e1klade v\u00e1\u0161ho s\u00fahlasu, uchov\u00e1vame trvalo, resp. do odvolania.<br>\u00dadaje o vystaven\u00fdch fakt\u00farach uchov\u00e1vame 10 rokov od vystavenia.<br>Po uplynut\u00ed doby uchov\u00e1vania osobn\u00e9 \u00fadaje vyma\u017eeme alebo anonymizujeme. <\/p>\n\n\n\n<h2 class=\"wp-block-heading\"><strong>Kto m\u00e1 pr\u00edstup k va\u0161im osobn\u00fdm \u00fadajom<\/strong><\/h2>\n\n\n\n<p>Va\u0161e osobn\u00e9 \u00fadaje neposkytujeme tret\u00edm stran\u00e1m, okrem zmluvn\u00fdch spracovate\u013eov, ktor\u00ed s\u00fa viazan\u00ed ochranou \u00fadajov.<\/p>\n\n\n\n<h2 class=\"wp-block-heading\"><strong>Pokia\u013e ide o va\u0161e osobn\u00e9 \u00fadaje, m\u00e1te nasleduj\u00face pr\u00e1va:<\/strong><\/h2>\n\n\n\n<ul class=\"wp-block-list\">\n<li>pr\u00edstup k osobn\u00fdm \u00fadajom;<\/li>\n\n\n\n<li>oprava nepresn\u00fdch \u00fadajov;<\/li>\n\n\n\n<li>vymazanie osobn\u00fdch \u00fadajov;<\/li>\n\n\n\n<li>obmedzenie spracovania;<\/li>\n\n\n\n<li>prenosnos\u0165 \u00fadajov;<\/li>\n\n\n\n<li>n\u00e1mietka proti spracovaniu.<\/li>\n<\/ul>\n\n\n\n<h2 class=\"wp-block-heading\"><strong>Postup uplat\u0148ovania pr\u00e1v<\/strong><\/h2>\n\n\n\n<ul class=\"wp-block-list\">\n<li>\u017diadosti m\u00f4\u017eete adresova\u0165 p\u00edsomne na kontakt prev\u00e1dzkovate\u013ea.<\/li>\n\n\n\n<li>Odpove\u010f dostanete najnesk\u00f4r do jedn\u00e9ho mesiaca.<\/li>\n<\/ul>\n<\/div>\n<\/div>\n\n\n\n<h2 class=\"wp-block-heading\"><strong>S\u00fabory cookie<\/strong><\/h2>\n\n\n\n<p style=\"padding-bottom:var(--wp--preset--spacing--50)\">Na\u0161a webov\u00e1 str\u00e1nka https:\/\/heka-supplements.com\/ pou\u017e\u00edva s\u00fabory cookie, ktor\u00e9 pou\u017e\u00edvate\u013eovi umo\u017e\u0148uj\u00fa zobrazenie a pou\u017e\u00edvanie na\u0161ich webov\u00fdch str\u00e1nok, prisp\u00f4soben\u00e9 jeho preferenci\u00e1m, \u010d\u00edm sa zabezpe\u010d\u00ed lep\u0161ia pou\u017e\u00edvate\u013esk\u00e1 sk\u00fasenos\u0165. Ni\u017e\u0161ie v\u00e1m podrobnej\u0161ie predstavujeme a odpoved\u00e1me na va\u0161e pr\u00edpadn\u00e9 ot\u00e1zky t\u00fdkaj\u00face sa s\u00faborov cookie. <\/p>\n\n\n\n<h2 class=\"wp-block-heading\"><strong>Google Analytics<\/strong><\/h2>\n\n\n\n<p>Google Analytics je slu\u017eba poskytovan\u00e1 spolo\u010dnos\u0165ou Google LLC alebo Google Ireland Limited, v z\u00e1vislosti od lokality, z ktorej sa pristupuje na www.heka-supplements.com prostredn\u00edctvom \u201eGoogle\u201c. Google pou\u017e\u00edva zhroma\u017eden\u00e9 \u00fadaje na sledovanie a testovanie pou\u017e\u00edvania heka-supplements.com na pr\u00edpravu spr\u00e1v pri aktiv\u00e1cii a ich zdie\u013eanie s in\u00fdmi slu\u017ebami Google. <\/p>\n\n\n\n<h2 class=\"wp-block-heading\"><strong>Google Mapy<\/strong><\/h2>\n\n\n\n<p>Google Mapy s\u00fa slu\u017eba vizualiz\u00e1cie m\u00e1p, ktor\u00fa poskytuje spolo\u010dnos\u0165 Google LLC alebo Google Ireland Limited, v z\u00e1vislosti od lokality, z ktorej pristupujete na www.heka-supplements.com a ktor\u00e1 umo\u017e\u0148uje za\u010dlenenie tohto typu obsahu na str\u00e1nku heka-supplements.com.<\/p>\n\n\n\n<p>Na\u0161e s\u00fabory cookie m\u00f4\u017eete kedyko\u013evek vymaza\u0165 alebo zablokova\u0165 bud\u00face s\u00fabory cookie. Postup pre spr\u00e1vu a vymazanie s\u00faborov cookie sa l\u00ed\u0161i v z\u00e1vislosti od prehliada\u010da, ktor\u00fd pou\u017e\u00edvate. Radi by sme v\u00e1s upozornili, \u017ee vymazanie na\u0161ich s\u00faborov cookie alebo zablokovanie bud\u00facich s\u00faborov cookie znamen\u00e1, \u017ee u\u017e nemus\u00edte ma\u0165 pr\u00edstup k ur\u010dit\u00fdm \u010dastiam alebo obsahu na\u0161ej webovej str\u00e1nky. Viac inform\u00e1ci\u00ed o vymazan\u00ed alebo spr\u00e1ve s\u00faborov cookie n\u00e1jdete na www.aboutcookies.org.   <\/p>\n\n\n<\/div><\/div>\n","protected":false},"excerpt":{"rendered":"<p>Z\u00e1sady ochrany osobn\u00fdch \u00fadajov a s\u00fabory cookie Prev\u00e1dzkovate\u013e osobn\u00fdch \u00fadajov a kontaktn\u00e9 \u00fadaje Tieto z\u00e1sady sa vz\u0165ahuj\u00fa na spracovanie (pou\u017e\u00edvanie) ak\u00fdchko\u013evek osobn\u00fdch \u00fadajov, ktor\u00e9 vykon\u00e1va spolo\u010dnos\u0165 GlobalPharmacia Group d.o.o. (prev\u00e1dzkovate\u013e) alebo ktor\u00e9 sa vykon\u00e1va v mene prev\u00e1dzkovate\u013ea. \u00dadaje o prev\u00e1dzkovate\u013eovi: GlobalPharmacia Group d.o.o.Poklukarjeva ulica 27, Ljubljana, 1000 LjubljanaDI\u010c SI: 88507114I\u010cO: 9037934000Telef\u00f3n: +386 6 971 9709E-mail:&#8230;<\/p>\n","protected":false},"author":1,"featured_media":0,"parent":0,"menu_order":0,"comment_status":"closed","ping_status":"closed","template":"","meta":{"_acf_changed":false,"page_custom_class":"","page_custom_text":"","_kad_blocks_custom_css":"","_kad_blocks_head_custom_js":"","_kad_blocks_body_custom_js":"","_kad_blocks_footer_custom_js":"","_kad_post_transparent":"","_kad_post_title":"","_kad_post_layout":"","_kad_post_sidebar_id":"","_kad_post_content_style":"","_kad_post_vertical_padding":"","_kad_post_feature":"","_kad_post_feature_position":"","_kad_post_header":false,"_kad_post_footer":false,"_kad_post_classname":"","page_custom_text_by_category":"","footnotes":""},"class_list":["post-12107","page","type-page","status-publish","hentry"],"acf":[],"taxonomy_info":[],"featured_image_src_large":false,"author_info":{"display_name":"wpm","author_link":"https:\/\/heka-supplements.com\/sk\/author\/wpm\/"},"comment_info":"","_links":{"self":[{"href":"https:\/\/heka-supplements.com\/sk\/wp-json\/wp\/v2\/pages\/12107","targetHints":{"allow":["GET"]}}],"collection":[{"href":"https:\/\/heka-supplements.com\/sk\/wp-json\/wp\/v2\/pages"}],"about":[{"href":"https:\/\/heka-supplements.com\/sk\/wp-json\/wp\/v2\/types\/page"}],"author":[{"embeddable":true,"href":"https:\/\/heka-supplements.com\/sk\/wp-json\/wp\/v2\/users\/1"}],"replies":[{"embeddable":true,"href":"https:\/\/heka-supplements.com\/sk\/wp-json\/wp\/v2\/comments?post=12107"}],"version-history":[{"count":3,"href":"https:\/\/heka-supplements.com\/sk\/wp-json\/wp\/v2\/pages\/12107\/revisions"}],"predecessor-version":[{"id":20766,"href":"https:\/\/heka-supplements.com\/sk\/wp-json\/wp\/v2\/pages\/12107\/revisions\/20766"}],"wp:attachment":[{"href":"https:\/\/heka-supplements.com\/sk\/wp-json\/wp\/v2\/media?parent=12107"}],"curies":[{"name":"wp","href":"https:\/\/api.w.org\/{rel}","templated":true}]}}