{"id":12621,"date":"2026-01-06T08:00:55","date_gmt":"2026-01-06T08:00:55","guid":{"rendered":"https:\/\/heka-supplements.com\/energie\/"},"modified":"2026-01-27T14:11:36","modified_gmt":"2026-01-27T14:11:36","slug":"energie","status":"publish","type":"page","link":"https:\/\/heka-supplements.com\/ro\/energie\/","title":{"rendered":"Energie"},"content":{"rendered":"<style>.kadence-column12621_85f680-13 > .kt-inside-inner-col{min-height:400px;}.kadence-column12621_85f680-13 > .kt-inside-inner-col,.kadence-column12621_85f680-13 > .kt-inside-inner-col:before{border-top-left-radius:0px;border-top-right-radius:0px;border-bottom-right-radius:0px;border-bottom-left-radius:0px;}.kadence-column12621_85f680-13 > .kt-inside-inner-col{column-gap:var(--global-kb-gap-sm, 1rem);}.kadence-column12621_85f680-13 > .kt-inside-inner-col{flex-direction:column;}.kadence-column12621_85f680-13 > .kt-inside-inner-col > .aligncenter{width:100%;}.kadence-column12621_85f680-13 > .kt-inside-inner-col{background-image:url('https:\/\/heka-supplements.com\/wp-content\/uploads\/2026\/01\/Energija-3-scaled.webp');background-size:cover;background-position:50% 51%;background-attachment:scroll;background-repeat:no-repeat;}.kadence-column12621_85f680-13 > .kt-inside-inner-col:before{opacity:0.3;}.kadence-column12621_85f680-13{position:relative;}@media all and (max-width: 1024px){.kadence-column12621_85f680-13 > .kt-inside-inner-col{flex-direction:column;justify-content:center;}}@media all and (max-width: 767px){.kadence-column12621_85f680-13 > .kt-inside-inner-col{flex-direction:column;justify-content:center;}}<\/style>\n<div class=\"wp-block-kadence-column kadence-column12621_85f680-13\"><div class=\"kt-inside-inner-col\"><\/div><\/div>\n\n\n\n\n\n\n\n\n\n\n\n\n<style>.kb-row-layout-id12621_9095af-52 > .kt-row-column-wrap{align-content:start;}:where(.kb-row-layout-id12621_9095af-52 > .kt-row-column-wrap) > .wp-block-kadence-column{justify-content:start;}.kb-row-layout-id12621_9095af-52 > .kt-row-column-wrap{column-gap:var(--global-kb-gap-md, 2rem);row-gap:var(--global-kb-gap-md, 2rem);max-width:var( --global-content-width, 1290px );padding-left:var(--global-content-edge-padding);padding-right:var(--global-content-edge-padding);padding-top:var(--global-kb-spacing-lg, 3rem);padding-bottom:var(--global-kb-spacing-lg, 3rem);grid-template-columns:minmax(0, 1fr);}.kb-row-layout-id12621_9095af-52 > .kt-row-layout-overlay{opacity:0.30;}@media all and (max-width: 1024px){.kb-row-layout-id12621_9095af-52 > .kt-row-column-wrap{grid-template-columns:minmax(0, 1fr);}}@media all and (max-width: 767px){.kb-row-layout-id12621_9095af-52 > .kt-row-column-wrap{grid-template-columns:minmax(0, 1fr);}}<\/style><div class=\"kb-row-layout-wrap kb-row-layout-id12621_9095af-52 alignnone wp-block-kadence-rowlayout\"><div class=\"kt-row-column-wrap kt-has-1-columns kt-row-layout-equal kt-tab-layout-inherit kt-mobile-layout-row kt-row-valign-top kb-theme-content-width\">\n<style>.kadence-column12621_63e522-53 > .kt-inside-inner-col,.kadence-column12621_63e522-53 > .kt-inside-inner-col:before{border-top-left-radius:0px;border-top-right-radius:0px;border-bottom-right-radius:0px;border-bottom-left-radius:0px;}.kadence-column12621_63e522-53 > .kt-inside-inner-col{column-gap:var(--global-kb-gap-sm, 1rem);}.kadence-column12621_63e522-53 > .kt-inside-inner-col{flex-direction:column;}.kadence-column12621_63e522-53 > .kt-inside-inner-col > .aligncenter{width:100%;}.kadence-column12621_63e522-53 > .kt-inside-inner-col:before{opacity:0.3;}.kadence-column12621_63e522-53{position:relative;}@media all and (max-width: 1024px){.kadence-column12621_63e522-53 > .kt-inside-inner-col{flex-direction:column;justify-content:center;}}@media all and (max-width: 767px){.kadence-column12621_63e522-53 > .kt-inside-inner-col{flex-direction:column;justify-content:center;}}<\/style>\n<div class=\"wp-block-kadence-column kadence-column12621_63e522-53\"><div class=\"kt-inside-inner-col\"><h2>Energie<\/h2><div class=\"namen-block products-grid\"><div class=\"product-card scale\" data-popularity-weight=\"4\"><a href=\"https:\/\/heka-supplements.com\/ro\/produs\/heka-omega-3-vegane-capsule-moi\/\" class=\"product-link\"><div class=\"product-image\"><div class=\"tom-labels-container-prod\"><\/div><img decoding=\"async\" src=\"https:\/\/heka-supplements.com\/wp-content\/uploads\/2026\/01\/Omega-3-vegan-1-scaled.webp\" alt=\"HEKA Omega 3 vegane, capsule moi\"><\/div><div class=\"product-info\"><h3 class=\"product-title\">HEKA Omega 3 vegane, capsule moi<\/h3><div class=\"kolicina-izdelka\">120 capsule moi<\/div><div class=\"product-price\"><span class=\"wcpbc-price wcpbc-price-16619\" data-product-id=\"16619\"><span class=\"woocommerce-Price-amount amount\"><bdi>29,75\u00a0<span class=\"woocommerce-Price-currencySymbol\">&euro;<\/span><\/bdi><\/span><\/span><\/div><\/div><\/a><div class=\"product-actions\"><a href=\"https:\/\/heka-supplements.com\/ro\/produs\/heka-omega-3-vegane-capsule-moi\/\" class=\"product-read-more\">Cite\u0219te mai mult<\/a><a href=\"https:\/\/heka-supplements.com\/ro\/add-to-cart\/\" class=\"button product_type_simple add_to_cart_button ajax_add_to_cart\" data-quantity=\"1\" data-product_id=\"16619\" data-product_sku=\"3830081250844\" aria-label=\"Adaug\u0103 \u00een co\u0219: &amp;lbquo;HEKA Omega 3 vegane, capsule moi&rdquo;\" rel=\"nofollow\"><img decoding=\"async\" src=\"\/wp-content\/uploads\/2025\/12\/cart.svg\" alt=\"Adaug\u0103 \u00een co\u0219\" aria-hidden=\"false\"><\/a><\/div><\/div><div class=\"product-card scale\" data-popularity-weight=\"0\"><a href=\"https:\/\/heka-supplements.com\/ro\/produs\/heka-omega-3-din-ulei-de-peste\/\" class=\"product-link\"><div class=\"product-image\"><div class=\"tom-labels-container-prod\"><\/div><img decoding=\"async\" src=\"https:\/\/heka-supplements.com\/wp-content\/uploads\/2026\/01\/HEKA-Omega-3-softgel-scaled.webp\" alt=\"HEKA omega-3 din ulei de pe\u0219te\"><\/div><div class=\"product-info\"><h3 class=\"product-title\">HEKA omega-3 din ulei de pe\u0219te<\/h3><div class=\"kolicina-izdelka\">180 de capsule moi<\/div><div class=\"product-price\"><span class=\"wcpbc-price wcpbc-price-16674\" data-product-id=\"16674\"><span class=\"woocommerce-Price-amount amount\"><bdi>16,75\u00a0<span class=\"woocommerce-Price-currencySymbol\">&euro;<\/span><\/bdi><\/span><\/span><\/div><\/div><\/a><div class=\"product-actions\"><a href=\"https:\/\/heka-supplements.com\/ro\/produs\/heka-omega-3-din-ulei-de-peste\/\" class=\"product-read-more\">Cite\u0219te mai mult<\/a><a href=\"https:\/\/heka-supplements.com\/ro\/add-to-cart\/\" class=\"button product_type_simple add_to_cart_button ajax_add_to_cart\" data-quantity=\"1\" data-product_id=\"16674\" data-product_sku=\"3830081250837\" aria-label=\"Adaug\u0103 \u00een co\u0219: &amp;lbquo;HEKA omega-3 din ulei de pe\u0219te&rdquo;\" rel=\"nofollow\"><img decoding=\"async\" src=\"\/wp-content\/uploads\/2025\/12\/cart.svg\" alt=\"Adaug\u0103 \u00een co\u0219\" aria-hidden=\"false\"><\/a><\/div><\/div><div class=\"product-card scale\" data-popularity-weight=\"0\"><a href=\"https:\/\/heka-supplements.com\/ro\/produs\/heka-b-complex-capsule\/\" class=\"product-link\"><div class=\"product-image\"><div class=\"tom-labels-container-prod\"><\/div><img decoding=\"async\" src=\"https:\/\/heka-supplements.com\/wp-content\/uploads\/2026\/01\/B-kompleks-kapsule-scaled.webp\" alt=\"HEKA B complex capsule\"><\/div><div class=\"product-info\"><h3 class=\"product-title\">HEKA B complex capsule<\/h3><div class=\"kolicina-izdelka\">60 de capsule<\/div><div class=\"product-price\"><span class=\"wcpbc-price wcpbc-price-16772\" data-product-id=\"16772\"><span class=\"woocommerce-Price-amount amount\"><bdi>14,75\u00a0<span class=\"woocommerce-Price-currencySymbol\">&euro;<\/span><\/bdi><\/span><\/span><\/div><\/div><\/a><div class=\"product-actions\"><a href=\"https:\/\/heka-supplements.com\/ro\/produs\/heka-b-complex-capsule\/\" class=\"product-read-more\">Cite\u0219te mai mult<\/a><a href=\"https:\/\/heka-supplements.com\/ro\/add-to-cart\/\" class=\"button product_type_simple add_to_cart_button ajax_add_to_cart\" data-quantity=\"1\" data-product_id=\"16772\" data-product_sku=\"3830081250790\" aria-label=\"Adaug\u0103 \u00een co\u0219: &amp;lbquo;HEKA B complex capsule&rdquo;\" rel=\"nofollow\"><img decoding=\"async\" src=\"\/wp-content\/uploads\/2025\/12\/cart.svg\" alt=\"Adaug\u0103 \u00een co\u0219\" aria-hidden=\"false\"><\/a><\/div><\/div><div class=\"product-card scale\" data-popularity-weight=\"9\"><a href=\"https:\/\/heka-supplements.com\/ro\/produs\/bautura-heka-pentru-cresterea-energiei-si-regenerare\/\" class=\"product-link\"><div class=\"product-image\"><div class=\"tom-labels-container-prod\"><\/div><img decoding=\"async\" src=\"https:\/\/heka-supplements.com\/wp-content\/uploads\/2026\/01\/Recovery-and-fuel-HEKA-Tonik-6-scaled.webp\" alt=\"B\u0103utur\u0103 Heka pentru cre\u0219terea energiei \u0219i regenerare\"><\/div><div class=\"product-info\"><h3 class=\"product-title\">B\u0103utur\u0103 Heka pentru cre\u0219terea energiei \u0219i regenerare<\/h3><div class=\"kolicina-izdelka\">30 de plicule\u021be x 3,5 g<\/div><div class=\"product-price\"><span class=\"wcpbc-price wcpbc-price-14263\" data-product-id=\"14263\"><span class=\"woocommerce-Price-amount amount\"><bdi>24,75\u00a0<span class=\"woocommerce-Price-currencySymbol\">&euro;<\/span><\/bdi><\/span><\/span><\/div><\/div><\/a><div class=\"product-actions\"><a href=\"https:\/\/heka-supplements.com\/ro\/produs\/bautura-heka-pentru-cresterea-energiei-si-regenerare\/\" class=\"product-read-more\">Cite\u0219te mai mult<\/a><a href=\"https:\/\/heka-supplements.com\/ro\/add-to-cart\/\" class=\"button product_type_simple add_to_cart_button ajax_add_to_cart\" data-quantity=\"1\" data-product_id=\"14263\" data-product_sku=\"3830081250660\" aria-label=\"Adaug\u0103 \u00een co\u0219: &amp;lbquo;B\u0103utur\u0103 Heka pentru cre\u0219terea energiei \u0219i regenerare&rdquo;\" rel=\"nofollow\"><img decoding=\"async\" src=\"\/wp-content\/uploads\/2025\/12\/cart.svg\" alt=\"Adaug\u0103 \u00een co\u0219\" aria-hidden=\"false\"><\/a><\/div><\/div><div class=\"product-card scale\" data-popularity-weight=\"0\"><a href=\"https:\/\/heka-supplements.com\/ro\/produs\/heka-capsule-cu-magneziu\/\" class=\"product-link\"><div class=\"product-image\"><div class=\"tom-labels-container-prod\"><\/div><img decoding=\"async\" src=\"https:\/\/heka-supplements.com\/wp-content\/uploads\/2026\/01\/Heka-Magnesium-citrate2-scaled.webp\" alt=\"HEKA capsule cu magneziu\"><\/div><div class=\"product-info\"><h3 class=\"product-title\">HEKA capsule cu magneziu<\/h3><div class=\"kolicina-izdelka\">60 de capsule<\/div><div class=\"product-price\"><span class=\"wcpbc-price wcpbc-price-14796\" data-product-id=\"14796\"><span class=\"woocommerce-Price-amount amount\"><bdi>14,75\u00a0<span class=\"woocommerce-Price-currencySymbol\">&euro;<\/span><\/bdi><\/span><\/span><\/div><\/div><\/a><div class=\"product-actions\"><a href=\"https:\/\/heka-supplements.com\/ro\/produs\/heka-capsule-cu-magneziu\/\" class=\"product-read-more\">Cite\u0219te mai mult<\/a><a href=\"https:\/\/heka-supplements.com\/ro\/add-to-cart\/\" class=\"button product_type_simple add_to_cart_button ajax_add_to_cart\" data-quantity=\"1\" data-product_id=\"14796\" data-product_sku=\"3830081250783\" aria-label=\"Adaug\u0103 \u00een co\u0219: &amp;lbquo;HEKA capsule cu magneziu&rdquo;\" rel=\"nofollow\"><img decoding=\"async\" src=\"\/wp-content\/uploads\/2025\/12\/cart.svg\" alt=\"Adaug\u0103 \u00een co\u0219\" aria-hidden=\"false\"><\/a><\/div><\/div><\/div><\/div><\/div>\n\n<\/div><\/div>","protected":false},"excerpt":{"rendered":"<p>Credem c\u0103 adev\u0103rata putere se afl\u0103 deja \u00een fiecare dintre noi. Nu trebuie ad\u0103ugat nimic, ci doar trezit\u0103 energia pe care corpul o poart\u0103 deja, dar pe care o pierdem \u00een ritmul rapid \u0219i stresant al vie\u021bii moderne. Heka este aici pentru momentele \u00een care r\u0103m\u00e2i f\u0103r\u0103 putere, pentru zilele \u00een care stresul predomin\u0103 \u0219i&#8230;<\/p>\n","protected":false},"author":1,"featured_media":12624,"parent":0,"menu_order":3,"comment_status":"closed","ping_status":"closed","template":"","meta":{"_acf_changed":false,"page_custom_class":"","page_custom_text":"","_kad_blocks_custom_css":"","_kad_blocks_head_custom_js":"","_kad_blocks_body_custom_js":"","_kad_blocks_footer_custom_js":"","_kad_post_transparent":"","_kad_post_title":"","_kad_post_layout":"fullwidth","_kad_post_sidebar_id":"","_kad_post_content_style":"","_kad_post_vertical_padding":"","_kad_post_feature":"","_kad_post_feature_position":"","_kad_post_header":false,"_kad_post_footer":false,"_kad_post_classname":"","page_custom_text_by_category":"","footnotes":""},"class_list":["post-12621","page","type-page","status-publish","has-post-thumbnail","hentry"],"acf":[],"taxonomy_info":[],"featured_image_src_large":["https:\/\/heka-supplements.com\/wp-content\/uploads\/2026\/01\/Energija-3-1024x205.webp",1024,205,true],"author_info":{"display_name":"wpm","author_link":"https:\/\/heka-supplements.com\/ro\/author\/wpm\/"},"comment_info":"","_links":{"self":[{"href":"https:\/\/heka-supplements.com\/ro\/wp-json\/wp\/v2\/pages\/12621","targetHints":{"allow":["GET"]}}],"collection":[{"href":"https:\/\/heka-supplements.com\/ro\/wp-json\/wp\/v2\/pages"}],"about":[{"href":"https:\/\/heka-supplements.com\/ro\/wp-json\/wp\/v2\/types\/page"}],"author":[{"embeddable":true,"href":"https:\/\/heka-supplements.com\/ro\/wp-json\/wp\/v2\/users\/1"}],"replies":[{"embeddable":true,"href":"https:\/\/heka-supplements.com\/ro\/wp-json\/wp\/v2\/comments?post=12621"}],"version-history":[{"count":0,"href":"https:\/\/heka-supplements.com\/ro\/wp-json\/wp\/v2\/pages\/12621\/revisions"}],"wp:featuredmedia":[{"embeddable":true,"href":"https:\/\/heka-supplements.com\/ro\/wp-json\/wp\/v2\/media\/12624"}],"wp:attachment":[{"href":"https:\/\/heka-supplements.com\/ro\/wp-json\/wp\/v2\/media?parent=12621"}],"curies":[{"name":"wp","href":"https:\/\/api.w.org\/{rel}","templated":true}]}}