{"id":12559,"date":"2026-01-13T11:00:31","date_gmt":"2026-01-13T11:00:31","guid":{"rendered":"https:\/\/heka-supplements.com\/sanatatea-femeilor\/"},"modified":"2026-01-27T14:12:30","modified_gmt":"2026-01-27T14:12:30","slug":"sanatatea-femeilor","status":"publish","type":"page","link":"https:\/\/heka-supplements.com\/ro\/sanatatea-femeilor\/","title":{"rendered":"S\u0103n\u0103tatea femeilor"},"content":{"rendered":"\n\n\n\n\n\n\n\n<style>.kb-row-layout-id12559_4ca906-1b > .kt-row-column-wrap{align-content:start;}:where(.kb-row-layout-id12559_4ca906-1b > .kt-row-column-wrap) > .wp-block-kadence-column{justify-content:start;}.kb-row-layout-id12559_4ca906-1b > .kt-row-column-wrap{column-gap:var(--global-kb-gap-md, 2rem);row-gap:var(--global-kb-gap-md, 2rem);max-width:var( --global-content-width, 1290px );padding-left:var(--global-content-edge-padding);padding-right:var(--global-content-edge-padding);padding-top:var(--global-kb-spacing-lg, 3rem);padding-bottom:var(--global-kb-spacing-lg, 3rem);grid-template-columns:minmax(0, 1fr);}.kb-row-layout-id12559_4ca906-1b > .kt-row-layout-overlay{opacity:0.30;}@media all and (max-width: 1024px){.kb-row-layout-id12559_4ca906-1b > .kt-row-column-wrap{grid-template-columns:minmax(0, 1fr);}}@media all and (max-width: 767px){.kb-row-layout-id12559_4ca906-1b > .kt-row-column-wrap{grid-template-columns:minmax(0, 1fr);}}<\/style><div class=\"kb-row-layout-wrap kb-row-layout-id12559_4ca906-1b alignnone wp-block-kadence-rowlayout\"><div class=\"kt-row-column-wrap kt-has-1-columns kt-row-layout-equal kt-tab-layout-inherit kt-mobile-layout-row kt-row-valign-top kb-theme-content-width\">\n<style>.kadence-column12559_1415ce-f9 > .kt-inside-inner-col,.kadence-column12559_1415ce-f9 > .kt-inside-inner-col:before{border-top-left-radius:0px;border-top-right-radius:0px;border-bottom-right-radius:0px;border-bottom-left-radius:0px;}.kadence-column12559_1415ce-f9 > .kt-inside-inner-col{column-gap:var(--global-kb-gap-sm, 1rem);}.kadence-column12559_1415ce-f9 > .kt-inside-inner-col{flex-direction:column;}.kadence-column12559_1415ce-f9 > .kt-inside-inner-col > .aligncenter{width:100%;}.kadence-column12559_1415ce-f9 > .kt-inside-inner-col:before{opacity:0.3;}.kadence-column12559_1415ce-f9{position:relative;}@media all and (max-width: 1024px){.kadence-column12559_1415ce-f9 > .kt-inside-inner-col{flex-direction:column;justify-content:center;}}@media all and (max-width: 767px){.kadence-column12559_1415ce-f9 > .kt-inside-inner-col{flex-direction:column;justify-content:center;}}<\/style>\n<div class=\"wp-block-kadence-column kadence-column12559_1415ce-f9\"><div class=\"kt-inside-inner-col\"><h2>S\u0103n\u0103tatea femeilor<\/h2><div class=\"namen-block products-grid\"><div class=\"product-card scale\" data-popularity-weight=\"0\"><a href=\"https:\/\/heka-supplements.com\/ro\/produs\/heka-d-manoza-capsule\/\" class=\"product-link\"><div class=\"product-image\"><div class=\"tom-labels-container-prod\"><\/div><img decoding=\"async\" src=\"https:\/\/heka-supplements.com\/wp-content\/uploads\/2026\/01\/D-Mannose-scaled.webp\" alt=\"HEKA D-manoz\u0103 capsule\"><\/div><div class=\"product-info\"><h3 class=\"product-title\">HEKA D-manoz\u0103 capsule<\/h3><div class=\"kolicina-izdelka\">60 de capsule<\/div><div class=\"product-price\"><span class=\"wcpbc-price wcpbc-price-15346\" data-product-id=\"15346\"><span class=\"woocommerce-Price-amount amount\"><bdi>14,75\u00a0<span class=\"woocommerce-Price-currencySymbol\">&euro;<\/span><\/bdi><\/span><\/span><\/div><\/div><\/a><div class=\"product-actions\"><a href=\"https:\/\/heka-supplements.com\/ro\/produs\/heka-d-manoza-capsule\/\" class=\"product-read-more\">Cite\u0219te mai mult<\/a><a href=\"https:\/\/heka-supplements.com\/ro\/add-to-cart\/\" class=\"button product_type_simple add_to_cart_button ajax_add_to_cart\" data-quantity=\"1\" data-product_id=\"15346\" data-product_sku=\"3830081250806\" aria-label=\"Adaug\u0103 \u00een co\u0219: &amp;lbquo;HEKA D-manoz\u0103 capsule&rdquo;\" rel=\"nofollow\"><img decoding=\"async\" src=\"\/wp-content\/uploads\/2025\/12\/cart.svg\" alt=\"Adaug\u0103 \u00een co\u0219\" aria-hidden=\"false\"><\/a><\/div><\/div><\/div><\/div><\/div>\n\n<\/div><\/div>\n\n","protected":false},"excerpt":{"rendered":"<p>Credem c\u0103 adev\u0103rata putere se afl\u0103 deja \u00een fiecare dintre noi. Nu trebuie ad\u0103ugat nimic, ci doar trezit\u0103 energia pe care corpul o poart\u0103 deja, dar pe care o pierdem \u00een ritmul rapid \u0219i stresant al vie\u021bii moderne. Heka este aici pentru momentele \u00een care r\u0103m\u00e2i f\u0103r\u0103 putere, pentru zilele \u00een care stresul predomin\u0103 \u0219i&#8230;<\/p>\n","protected":false},"author":1,"featured_media":0,"parent":0,"menu_order":0,"comment_status":"closed","ping_status":"closed","template":"","meta":{"_acf_changed":false,"page_custom_class":"","page_custom_text":"","_kad_blocks_custom_css":"","_kad_blocks_head_custom_js":"","_kad_blocks_body_custom_js":"","_kad_blocks_footer_custom_js":"","_kad_post_transparent":"","_kad_post_title":"","_kad_post_layout":"","_kad_post_sidebar_id":"","_kad_post_content_style":"","_kad_post_vertical_padding":"","_kad_post_feature":"","_kad_post_feature_position":"","_kad_post_header":false,"_kad_post_footer":false,"_kad_post_classname":"","page_custom_text_by_category":"","footnotes":""},"class_list":["post-12559","page","type-page","status-publish","hentry"],"acf":[],"taxonomy_info":[],"featured_image_src_large":false,"author_info":{"display_name":"wpm","author_link":"https:\/\/heka-supplements.com\/ro\/author\/wpm\/"},"comment_info":"","_links":{"self":[{"href":"https:\/\/heka-supplements.com\/ro\/wp-json\/wp\/v2\/pages\/12559","targetHints":{"allow":["GET"]}}],"collection":[{"href":"https:\/\/heka-supplements.com\/ro\/wp-json\/wp\/v2\/pages"}],"about":[{"href":"https:\/\/heka-supplements.com\/ro\/wp-json\/wp\/v2\/types\/page"}],"author":[{"embeddable":true,"href":"https:\/\/heka-supplements.com\/ro\/wp-json\/wp\/v2\/users\/1"}],"replies":[{"embeddable":true,"href":"https:\/\/heka-supplements.com\/ro\/wp-json\/wp\/v2\/comments?post=12559"}],"version-history":[{"count":0,"href":"https:\/\/heka-supplements.com\/ro\/wp-json\/wp\/v2\/pages\/12559\/revisions"}],"wp:attachment":[{"href":"https:\/\/heka-supplements.com\/ro\/wp-json\/wp\/v2\/media?parent=12559"}],"curies":[{"name":"wp","href":"https:\/\/api.w.org\/{rel}","templated":true}]}}