{"id":12344,"date":"2025-12-03T11:14:30","date_gmt":"2025-12-03T11:14:30","guid":{"rendered":"https:\/\/heka-supplements.com\/politica-de-confidentialitate\/"},"modified":"2026-01-20T12:17:55","modified_gmt":"2026-01-20T12:17:55","slug":"politica-de-confidentialitate","status":"publish","type":"page","link":"https:\/\/heka-supplements.com\/ro\/politica-de-confidentialitate\/","title":{"rendered":"Politica de confiden\u021bialitate"},"content":{"rendered":"\n<h2 class=\"wp-block-heading\">Cine suntem<\/h2>\n\n<p><strong class=\"privacy-policy-tutorial\">Text sugerat:<\/strong> Adresa site-ului nostru web este: https:\/\/heka-supplements.com.<\/p>\n\n<h2 class=\"wp-block-heading\">Comentarii<\/h2>\n\n<p><strong class=\"privacy-policy-tutorial\">Text sugerat:<\/strong> C\u00e2nd vizitatorii las\u0103 comentarii pe site, colect\u0103m datele afi\u0219ate \u00een formularul de comentarii, precum \u0219i adresa IP a vizitatorului \u0219i \u0219irul agentului utilizator al browserului pentru a ajuta la detectarea spam-ului.<\/p>\n\n<p>Un \u0219ir anonimizat creat din adresa dvs. de e-mail (numit \u0219i hash) poate fi furnizat serviciului Gravatar pentru a vedea dac\u0103 \u00eel utiliza\u021bi. Politica de confiden\u021bialitate a serviciului Gravatar este disponibil\u0103 aici: https:\/\/automattic.com\/privacy\/. Dup\u0103 aprobarea comentariului dvs., imaginea dvs. de profil este vizibil\u0103 publicului \u00een contextul comentariului dvs. <\/p>\n\n<h2 class=\"wp-block-heading\">Media<\/h2>\n\n<p><strong class=\"privacy-policy-tutorial\">Text sugerat:<\/strong> Dac\u0103 \u00eenc\u0103rca\u021bi imagini pe site-ul web, ar trebui s\u0103 evita\u021bi \u00eenc\u0103rcarea imaginilor cu date de localizare \u00eencorporate (EXIF GPS) incluse. Vizitatorii site-ului web pot desc\u0103rca \u0219i extrage orice date de localizare din imagini de pe site-ul web. <\/p>\n\n<h2 class=\"wp-block-heading\">Cookie-uri<\/h2>\n\n<p><strong class=\"privacy-policy-tutorial\">Text sugerat:<\/strong> Dac\u0103 l\u0103sa\u021bi un comentariu pe site-ul nostru, pute\u021bi opta pentru salvarea numelui, adresei de e-mail \u0219i a site-ului web \u00een cookie-uri. Acestea sunt pentru confortul dvs., astfel \u00eenc\u00e2t s\u0103 nu mai trebuiasc\u0103 s\u0103 completa\u021bi din nou detaliile c\u00e2nd l\u0103sa\u021bi un alt comentariu. Aceste cookie-uri vor dura un an.  <\/p>\n\n<p>Dac\u0103 vizita\u021bi pagina noastr\u0103 de autentificare, vom seta un cookie temporar pentru a determina dac\u0103 browserul dvs. accept\u0103 cookie-uri. Acest cookie nu con\u021bine date personale \u0219i este aruncat c\u00e2nd \u00eenchide\u021bi browserul. <\/p>\n\n<p>C\u00e2nd v\u0103 autentifica\u021bi, vom seta, de asemenea, mai multe cookie-uri pentru a v\u0103 salva informa\u021biile de autentificare \u0219i op\u021biunile de afi\u0219are a ecranului. Cookie-urile de autentificare dureaz\u0103 dou\u0103 zile, iar cookie-urile pentru op\u021biunile ecranului dureaz\u0103 un an. Dac\u0103 selecta\u021bi \u201e\u021aine-m\u0103 minte\u201d, autentificarea dvs. va persista timp de dou\u0103 s\u0103pt\u0103m\u00e2ni. Dac\u0103 v\u0103 deconecta\u021bi de la contul dvs., cookie-urile de autentificare vor fi eliminate.   <\/p>\n\n<p>Dac\u0103 edita\u021bi sau publica\u021bi un articol, un cookie suplimentar va fi salvat \u00een browserul dvs. Acest cookie nu include date personale \u0219i indic\u0103 pur \u0219i simplu ID-ul post\u0103rii articolului pe care tocmai l-a\u021bi editat. Expir\u0103 dup\u0103 1 zi.  <\/p>\n\n<h2 class=\"wp-block-heading\">Con\u021binut \u00eencorporat de pe alte site-uri web<\/h2>\n\n<p><strong class=\"privacy-policy-tutorial\">Text sugerat:<\/strong> Articolele de pe acest site pot include con\u021binut \u00eencorporat (de exemplu, videoclipuri, imagini, articole etc.). Con\u021binutul \u00eencorporat de pe alte site-uri web se comport\u0103 exact \u00een acela\u0219i mod ca \u0219i cum vizitatorul a vizitat cel\u0103lalt site web. <\/p>\n\n<p>Aceste site-uri web pot colecta date despre dvs., pot utiliza cookie-uri, pot \u00eencorpora urm\u0103rire suplimentar\u0103 de la ter\u021bi \u0219i v\u0103 pot monitoriza interac\u021biunea cu acel con\u021binut \u00eencorporat, inclusiv urm\u0103rirea interac\u021biunii dvs. cu con\u021binutul \u00eencorporat dac\u0103 ave\u021bi un cont \u0219i sunte\u021bi conectat la acel site web.<\/p>\n\n<h2 class=\"wp-block-heading\">Cu cine partaj\u0103m datele dvs.<\/h2>\n\n<p><strong class=\"privacy-policy-tutorial\">Text sugerat:<\/strong> Dac\u0103 solicita\u021bi o resetare a parolei, adresa dvs. IP va fi inclus\u0103 \u00een e-mailul de resetare.<\/p>\n\n<h2 class=\"wp-block-heading\">C\u00e2t timp p\u0103str\u0103m datele dvs.<\/h2>\n\n<p><strong class=\"privacy-policy-tutorial\">Text sugerat:<\/strong> Dac\u0103 l\u0103sa\u021bi un comentariu, comentariul \u0219i metadatele sale sunt p\u0103strate pe termen nelimitat. Acest lucru este pentru a putea recunoa\u0219te \u0219i aproba automat orice comentarii ulterioare \u00een loc s\u0103 le \u021binem \u00eentr-o coad\u0103 de moderare. <\/p>\n\n<p>Pentru utilizatorii care se \u00eenregistreaz\u0103 pe site-ul nostru web (dac\u0103 exist\u0103), stoc\u0103m, de asemenea, informa\u021biile personale pe care le furnizeaz\u0103 \u00een profilul lor de utilizator. To\u021bi utilizatorii \u00ee\u0219i pot vedea, edita sau \u0219terge informa\u021biile personale \u00een orice moment (cu excep\u021bia faptului c\u0103 nu \u00ee\u0219i pot schimba numele de utilizator). Administratorii site-ului web pot, de asemenea, s\u0103 vad\u0103 \u0219i s\u0103 editeze aceste informa\u021bii.  <\/p>\n\n<h2 class=\"wp-block-heading\">Ce drepturi ave\u021bi asupra datelor dvs.<\/h2>\n\n<p><strong class=\"privacy-policy-tutorial\">Text sugerat:<\/strong> Dac\u0103 ave\u021bi un cont pe acest site sau a\u021bi l\u0103sat comentarii, pute\u021bi solicita s\u0103 primi\u021bi un fi\u0219ier exportat cu datele personale pe care le de\u021binem despre dvs., inclusiv orice date pe care ni le-a\u021bi furnizat. Pute\u021bi solicita, de asemenea, s\u0103 \u0219tergem orice date personale pe care le de\u021binem despre dvs. Aceasta nu include datele pe care suntem obliga\u021bi s\u0103 le p\u0103str\u0103m \u00een scopuri administrative, legale sau de securitate.  <\/p>\n\n<h2 class=\"wp-block-heading\">Unde sunt trimise datele dvs.<\/h2>\n\n<p><strong class=\"privacy-policy-tutorial\">Text sugerat:<\/strong> Comentariile vizitatorilor pot fi verificate printr-un serviciu automat de detectare a spam-ului.<\/p>\n","protected":false},"excerpt":{"rendered":"<p>Cine suntem Text sugerat: Adresa site-ului nostru web este: https:\/\/heka-supplements.com. Comentarii Text sugerat: C\u00e2nd vizitatorii las\u0103 comentarii pe site, colect\u0103m datele afi\u0219ate \u00een formularul de comentarii, precum \u0219i adresa IP a vizitatorului \u0219i \u0219irul agentului utilizator al browserului pentru a ajuta la detectarea spam-ului. Un \u0219ir anonimizat creat din adresa dvs. de e-mail (numit \u0219i&#8230;<\/p>\n","protected":false},"author":1,"featured_media":0,"parent":0,"menu_order":13,"comment_status":"closed","ping_status":"open","template":"","meta":{"_acf_changed":false,"page_custom_class":"","page_custom_text":"","_kad_blocks_custom_css":"","_kad_blocks_head_custom_js":"","_kad_blocks_body_custom_js":"","_kad_blocks_footer_custom_js":"","_kad_post_transparent":"","_kad_post_title":"","_kad_post_layout":"","_kad_post_sidebar_id":"","_kad_post_content_style":"","_kad_post_vertical_padding":"","_kad_post_feature":"","_kad_post_feature_position":"","_kad_post_header":false,"_kad_post_footer":false,"_kad_post_classname":"","page_custom_text_by_category":"","footnotes":""},"class_list":["post-12344","page","type-page","status-publish","hentry"],"acf":[],"taxonomy_info":[],"featured_image_src_large":false,"author_info":{"display_name":"wpm","author_link":"https:\/\/heka-supplements.com\/ro\/author\/wpm\/"},"comment_info":"","_links":{"self":[{"href":"https:\/\/heka-supplements.com\/ro\/wp-json\/wp\/v2\/pages\/12344","targetHints":{"allow":["GET"]}}],"collection":[{"href":"https:\/\/heka-supplements.com\/ro\/wp-json\/wp\/v2\/pages"}],"about":[{"href":"https:\/\/heka-supplements.com\/ro\/wp-json\/wp\/v2\/types\/page"}],"author":[{"embeddable":true,"href":"https:\/\/heka-supplements.com\/ro\/wp-json\/wp\/v2\/users\/1"}],"replies":[{"embeddable":true,"href":"https:\/\/heka-supplements.com\/ro\/wp-json\/wp\/v2\/comments?post=12344"}],"version-history":[{"count":0,"href":"https:\/\/heka-supplements.com\/ro\/wp-json\/wp\/v2\/pages\/12344\/revisions"}],"wp:attachment":[{"href":"https:\/\/heka-supplements.com\/ro\/wp-json\/wp\/v2\/media?parent=12344"}],"curies":[{"name":"wp","href":"https:\/\/api.w.org\/{rel}","templated":true}]}}