{"id":12061,"date":"2026-01-14T11:07:57","date_gmt":"2026-01-14T11:07:57","guid":{"rendered":"https:\/\/heka-supplements.com\/termeni-si-conditii-generale-de-afaceri-si-de-utilizare-a-site-ului-web\/"},"modified":"2026-01-20T12:09:28","modified_gmt":"2026-01-20T12:09:28","slug":"termeni-si-conditii-generale-de-afaceri-si-de-utilizare-a-site-ului-web","status":"publish","type":"page","link":"https:\/\/heka-supplements.com\/ro\/termeni-si-conditii-generale-de-afaceri-si-de-utilizare-a-site-ului-web\/","title":{"rendered":"Termeni \u0219i condi\u021bii generale de afaceri \u0219i de utilizare a site-ului web"},"content":{"rendered":"\n<div class=\"wp-block-group\"><div class=\"wp-block-group__inner-container is-layout-flow wp-block-group-is-layout-flow\">\n<div class=\"wp-block-columns is-layout-flex wp-container-core-columns-is-layout-9d6595d7 wp-block-columns-is-layout-flex\">\n<div class=\"wp-block-column is-layout-flow wp-block-column-is-layout-flow\" style=\"flex-basis:100%\">\n<p><\/p>\n\n\n\n<h1 class=\"wp-block-heading\">Termeni \u0219i condi\u021bii generale de afaceri<\/h1>\n\n\n\n<h3 class=\"wp-block-heading\">Func\u021bionarea magazinului online<\/h3>\n\n\n\n<p><a href=\"https:\/\/heka-supplements.com\/\">https:\/\/heka-supplements.com\/<\/a> este un magazin online cu servicii complete \u00een cadrul companiei (depozitarea \u0219i expedierea m\u0103rfurilor comandate \u00een magazinul online):<\/p>\n\n\n\n<p>GlobalPharmacia Group d.o.o.<br\/>Poklukarjeva ulica 27, Ljubljana, 1000 Ljubljana<br\/>Num\u0103r de identificare fiscal\u0103: SI88507114<br\/>Num\u0103r de \u00eenregistrare: 9037934000<br\/>E-mail: info@heka-supplements.com<\/p>\n\n\n\n<p>Termenii \u0219i condi\u021biile generale de afaceri sunt elaborate \u00een conformitate cu reglement\u0103rile din domeniul protec\u021biei consumatorilor, pe baza recomand\u0103rilor Camerei de Comer\u021b \u0219i Industrie a Sloveniei \u0219i a codurilor interna\u021bionale pentru afaceri online \u0219i electronice.<\/p>\n\n\n\n<h3 class=\"wp-block-heading\">\u00cencredere \u0219i siguran\u021b\u0103<\/h3>\n\n\n\n<p>\u00cencrederea reciproc\u0103 este \u00eenceputul oric\u0103rei rela\u021bii durabile \u0219i de calitate.<\/p>\n\n\n\n<h3 class=\"wp-block-heading\">Contacte<\/h3>\n\n\n\n<p>Asisten\u021b\u0103: info@heka-supplements.com, telefon 069 719 709.<\/p>\n\n\n\n<h3 class=\"wp-block-heading\">\u00cenregistrare<\/h3>\n\n\n\n<p>Prin \u00eenregistrare, ob\u021bine\u021bi un cont de utilizator \u0219i dreptul de a face achizi\u021bii.<\/p>\n\n\n\n<h3 class=\"wp-block-heading\">Cump\u0103rare<\/h3>\n\n\n\n<p>Dup\u0103 trimiterea comenzii, ve\u021bi primi o notificare de acceptare a comenzii.<\/p>\n\n\n\n<h3 class=\"wp-block-heading\">Contract de v\u00e2nzare-cump\u0103rare<\/h3>\n\n\n\n<p>Prin confirmarea comenzii, se \u00eencheie un contract de v\u00e2nzare-cump\u0103rare.<\/p>\n\n\n\n<h3 class=\"wp-block-heading\">Pre\u021buri<\/h3>\n\n\n\n<p>Toate pre\u021burile sunt exprimate \u00een EUR \u0219i includ TVA.<\/p>\n\n\n\n<h2 class=\"wp-block-heading\">Modalit\u0103\u021bi de plat\u0103<\/h2>\n\n\n\n<h4 class=\"wp-block-heading\">Plata cu cardul<\/h4>\n\n\n\n<p>Plata cu cardul de credit sau de debit la finalizarea achizi\u021biei.<\/p>\n\n\n\n<h4 class=\"wp-block-heading\">Plata prin factur\u0103 proform\u0103<\/h4>\n\n\n\n<p>Plata prin transfer bancar dup\u0103 confirmarea comenzii.<\/p>\n\n\n\n<h4 class=\"wp-block-heading\">Plata la livrare<\/h4>\n\n\n\n<p>Plata la primirea coletului.<\/p>\n\n\n\n<h3 class=\"wp-block-heading\">Livrare<\/h3>\n\n\n\n<p>Livrare prin Po\u0161ta Slovenije sau GLS.<\/p>\n\n\n\n<h4 class=\"wp-block-heading\">Timp de livrare<\/h4>\n\n\n\n<p>Livrare, de obicei, \u00een 3\u201310 zile.<\/p>\n\n\n\n<h3 class=\"wp-block-heading\">Defecte reale<\/h3>\n\n\n\n<p>Drepturile consumatorului sunt reglementate de legea privind protec\u021bia consumatorilor.<\/p>\n\n\n\n<h3 class=\"wp-block-heading\">Dreptul de retragere <\/h3>\n\n\n\n<p>Retragerea din contract \u00een termen de 14 zile f\u0103r\u0103 a da un motiv.<\/p>\n\n\n\n<h3 class=\"wp-block-heading\">Reclama\u021bii \u0219i litigii<\/h3>\n\n\n\n<p>V\u0103 rug\u0103m s\u0103 trimite\u021bi reclama\u021biile la info@heka-supplements.com.<\/p>\n\n\n\n<h3 class=\"wp-block-heading\">Declara\u021bia site-ului web<\/h3>\n\n\n\n<p>Informa\u021biile au caracter informativ \u0219i nu reprezint\u0103 sfaturi medicale.<\/p>\n\n\n\n<h3 class=\"wp-block-heading\">Dispozi\u021bie final\u0103<\/h3>\n\n\n\n<p>Prin achizi\u021bie, confirma\u021bi acordul cu termenii \u0219i condi\u021biile de afaceri.<\/p>\n<\/div>\n<\/div>\n\n\n\n<h2 class=\"wp-block-heading\"><br\/>Termeni \u0219i condi\u021bii generale de utilizare a site-ului web<\/h2>\n\n\n\n<h3 class=\"wp-block-heading\">1. Site-ul web<\/h3>\n\n\n\n<p>Proprietarul \u0219i administratorul site-ului web heka-supplements.com \u0219i al tuturor subpaginilor sale (\u201eSite-ul web\u201d) este GlobalPharmacia Group d.o.o., Poklukarjeva ulica 27, 1000 Ljubljana, num\u0103r de \u00eenregistrare. 9037934000<\/p>\n\n\n\n<p>Accesul \u0219i utilizarea Site-ului web sunt permise \u00een condi\u021biile stabilite de legisla\u021bia \u00een vigoare, de ace\u0219ti Termeni \u0219i condi\u021bii generale de utilizare a site-ului web (\u201eTermeni \u0219i condi\u021bii generale de utilizare\u201d) \u0219i de alte reglement\u0103ri la care se refer\u0103 ace\u0219ti Termeni \u0219i condi\u021bii generale de utilizare.<\/p>\n\n\n\n<h3 class=\"wp-block-heading\">2. Con\u021binutul Site-ului web<\/h3>\n\n\n\n<p>Ne str\u0103duim ca con\u021binutul Site-ului web s\u0103 fie actualizat \u0219i s\u0103 con\u021bin\u0103 informa\u021bii \u0219i materiale corecte, dar nu garant\u0103m \u0219i nu suntem obliga\u021bi s\u0103 garant\u0103m acurate\u021bea, integritatea \u0219i actualitatea acestuia. Nu ne asum\u0103m nicio responsabilitate pentru daunele cauzate de indisponibilitatea, modificarea, deficien\u021bele, erorile sau \u00eenvechirea informa\u021biilor publicate pe Site-ul web. De asemenea, nu garant\u0103m c\u0103 Site-ul web sau orice con\u021binut de pe acesta va fi \u00eentotdeauna disponibil sau c\u0103 accesul va fi ne\u00eentrerupt. Putem retrage sau modifica Site-ul web sau p\u0103r\u021bi ale acestuia \u00een orice moment, f\u0103r\u0103 notificare prealabil\u0103.    <\/p>\n\n\n\n<p>Con\u021binutul publicat pe Site-ul web are un caracter informativ general \u0219i nu reprezint\u0103 consultan\u021b\u0103 juridic\u0103 sau alt\u0103 asisten\u021b\u0103 juridic\u0103 pe care v\u0103 pute\u021bi baza. Nu suntem responsabili pentru utilizarea informa\u021biilor publicate pe site-ul nostru web. Dac\u0103 Site-ul web con\u021bine link-uri c\u0103tre alte site-uri web \u0219i con\u021binut de pe aceste site-uri web, astfel de link-uri au doar un caracter informativ. Nu avem control sau influen\u021b\u0103 asupra con\u021binutului de pe aceste site-uri web. Dac\u0103 dori\u021bi s\u0103 primi\u021bi mai multe informa\u021bii despre con\u021binutul publicat pe site-ul web, v\u0103 rug\u0103m s\u0103 ne contacta\u021bi la info@pro-teh.si.    <\/p>\n\n\n\n<h3 class=\"wp-block-heading\">3. Drepturi de proprietate intelectual\u0103<\/h3>\n\n\n\n<p>Suntem de\u021bin\u0103torii tuturor drepturilor de autor asupra con\u021binutului publicat pe Site-ul web. Pute\u021bi imprima, copia sau salva p\u0103r\u021bi ale Site-ului web pentru uz privat. Nu ave\u021bi voie s\u0103 utiliza\u021bi materialele de pe Site-ul web \u00een scopuri comerciale f\u0103r\u0103 acordul nostru prealabil scris.  <\/p>\n\n\n\n<p>Pute\u021bi crea link-uri c\u0103tre Site-ul web de pe site-ul web pe care \u00eel de\u021bine\u021bi \u00eentr-un mod care este \u00een conformitate cu legea \u0219i nu d\u0103uneaz\u0103 bunului nostru nume, reputa\u021biei sau afacerii sau \u00eentr-un mod care nu profit\u0103 \u00een mod nejustificat de reputa\u021bia noastr\u0103. Este interzis\u0103 publicarea de link-uri c\u0103tre Site-ul web care indic\u0103 sau ar putea indica orice asociere, cooperare sau confirmare din partea noastr\u0103, care nu exist\u0103. Ne rezerv\u0103m dreptul de a retrage oric\u00e2nd permisiunea de a publica link-uri c\u0103tre Site-ul web \u0219i\/sau de a solicita, f\u0103r\u0103 a da un motiv, s\u0103 elimina\u021bi imediat orice link c\u0103tre Site-ul web.   <\/p>\n\n\n\n<h3 class=\"wp-block-heading\">4. Protec\u021bia datelor cu caracter personal<\/h3>\n\n\n\n<p>Site-ul web folose\u0219te cookie-uri. Ce sunt cookie-urile? Pute\u021bi citi aici Mai multe despre prelucrarea datelor cu caracter personal sunt men\u021bionate \u00een Politica de confiden\u021bialitate.  <\/p>\n\n\n\n<h3 class=\"wp-block-heading\">5. Modific\u0103ri ale Termenilor \u0219i condi\u021biilor generale de utilizare<\/h3>\n\n\n\n<p>Putem modifica Termenii \u0219i condi\u021biile generale de utilizare \u00een orice moment. Atunci c\u00e2nd vizita\u021bi Site-ul web dup\u0103 intrarea \u00een vigoare a unei modific\u0103ri a Termenilor \u0219i condi\u021biilor generale de utilizare, ve\u021bi fi obligat de Termenii \u0219i condi\u021biile generale de utilizare modificate, a\u0219a c\u0103 v\u0103 sf\u0103tuim s\u0103 verifica\u021bi periodic con\u021binutul acestora. <\/p>\n\n\n\n<h3 class=\"wp-block-heading\">6. Legea aplicabil\u0103<\/h3>\n\n\n\n<p>Termenii \u0219i condi\u021biile generale de utilizare sunt guvernate de legea Republicii Slovenia.<\/p>\n\n\n\n<h3 class=\"wp-block-heading\">7. Contact<\/h3>\n\n\n\n<p>Pentru orice \u00eentreb\u0103ri legate de ace\u0219ti Termeni \u0219i condi\u021bii generale de utilizare, v\u0103 rug\u0103m s\u0103 ne contacta\u021bi la info@heka-supplements.com<br\/>V\u0103 mul\u021bumim pentru vizita pe Site-ul nostru web.<\/p>\n<\/div><\/div>\n\n<p>Termenii \u0219i condi\u021biile generale de afaceri \u0219i termenii de utilizare a site-ului web sunt valabili \u00eencep\u00e2nd cu 1. 1. 2025.<\/p>\n","protected":false},"excerpt":{"rendered":"<p>Termeni \u0219i condi\u021bii generale de afaceri Func\u021bionarea magazinului online https:\/\/heka-supplements.com\/ este un magazin online cu servicii complete \u00een cadrul companiei (depozitarea \u0219i expedierea m\u0103rfurilor comandate \u00een magazinul online): GlobalPharmacia Group d.o.o.Poklukarjeva ulica 27, Ljubljana, 1000 LjubljanaNum\u0103r de identificare fiscal\u0103: SI88507114Num\u0103r de \u00eenregistrare: 9037934000E-mail: info@heka-supplements.com Termenii \u0219i condi\u021biile generale de afaceri sunt elaborate \u00een conformitate cu&#8230;<\/p>\n","protected":false},"author":1,"featured_media":0,"parent":0,"menu_order":0,"comment_status":"closed","ping_status":"closed","template":"","meta":{"_acf_changed":false,"page_custom_class":"","page_custom_text":"","_kad_blocks_custom_css":"","_kad_blocks_head_custom_js":"","_kad_blocks_body_custom_js":"","_kad_blocks_footer_custom_js":"","_kad_post_transparent":"","_kad_post_title":"","_kad_post_layout":"","_kad_post_sidebar_id":"","_kad_post_content_style":"","_kad_post_vertical_padding":"","_kad_post_feature":"","_kad_post_feature_position":"","_kad_post_header":false,"_kad_post_footer":false,"_kad_post_classname":"","page_custom_text_by_category":"","footnotes":""},"class_list":["post-12061","page","type-page","status-publish","hentry"],"acf":[],"taxonomy_info":[],"featured_image_src_large":false,"author_info":{"display_name":"wpm","author_link":"https:\/\/heka-supplements.com\/ro\/author\/wpm\/"},"comment_info":"","_links":{"self":[{"href":"https:\/\/heka-supplements.com\/ro\/wp-json\/wp\/v2\/pages\/12061","targetHints":{"allow":["GET"]}}],"collection":[{"href":"https:\/\/heka-supplements.com\/ro\/wp-json\/wp\/v2\/pages"}],"about":[{"href":"https:\/\/heka-supplements.com\/ro\/wp-json\/wp\/v2\/types\/page"}],"author":[{"embeddable":true,"href":"https:\/\/heka-supplements.com\/ro\/wp-json\/wp\/v2\/users\/1"}],"replies":[{"embeddable":true,"href":"https:\/\/heka-supplements.com\/ro\/wp-json\/wp\/v2\/comments?post=12061"}],"version-history":[{"count":0,"href":"https:\/\/heka-supplements.com\/ro\/wp-json\/wp\/v2\/pages\/12061\/revisions"}],"wp:attachment":[{"href":"https:\/\/heka-supplements.com\/ro\/wp-json\/wp\/v2\/media?parent=12061"}],"curies":[{"name":"wp","href":"https:\/\/api.w.org\/{rel}","templated":true}]}}