{"id":12005,"date":"2026-01-14T11:04:52","date_gmt":"2026-01-14T11:04:52","guid":{"rendered":"https:\/\/heka-supplements.com\/politica-de-confidentialitate-si-cookie-uri\/"},"modified":"2026-02-06T12:54:34","modified_gmt":"2026-02-06T12:54:34","slug":"politica-de-confidentialitate-si-cookie-uri","status":"publish","type":"page","link":"https:\/\/heka-supplements.com\/ro\/politica-de-confidentialitate-si-cookie-uri\/","title":{"rendered":"Politica de confiden\u021bialitate \u0219i cookie-uri"},"content":{"rendered":"\n<div class=\"wp-block-group\"><div class=\"wp-block-group__inner-container is-layout-flow wp-block-group-is-layout-flow\">\n<div class=\"wp-block-columns is-layout-flex wp-container-core-columns-is-layout-9d6595d7 wp-block-columns-is-layout-flex\">\n<div class=\"wp-block-column is-layout-flow wp-block-column-is-layout-flow\" style=\"flex-basis:100%\">\n<p><\/p>\n\n\n\n<h1 class=\"wp-block-heading\">Politica de confiden\u021bialitate \u0219i cookie-uri<\/h1>\n\n\n\n<h2 class=\"wp-block-heading\"><strong>Operatorul datelor cu caracter personal \u0219i datele de contact<\/strong><\/h2>\n\n\n\n<p>Aceast\u0103 politic\u0103 se aplic\u0103 prelucr\u0103rii (utiliz\u0103rii) oric\u0103ror date cu caracter personal efectuat\u0103 de societatea GlobalPharmacia Group d.o.o. (operatorul) sau care se efectueaz\u0103 \u00een numele operatorului.<\/p>\n\n\n\n<h2 class=\"wp-block-heading\"><strong>Informa\u021bii despre operator:<\/strong><\/h2>\n\n\n\n<p>GlobalPharmacia Group d.o.o.<br>Poklukarjeva ulica 27, Ljubljana, 1000 Ljubljana<br>Num\u0103r de identificare fiscal\u0103 SI: 88507114<br>Num\u0103r de \u00eenregistrare: 9037934000<br>Telefon: +386 6 971 9709<br>E-mail: info@heka-supplements.com<\/p>\n\n\n\n<h2 class=\"wp-block-heading\"><strong>Ce date cu caracter personal prelucrez<\/strong><\/h2>\n\n\n\n<ul class=\"wp-block-list\">\n<li>Date de contact de baz\u0103 (nume, prenume, num\u0103r de telefon, e-mail);<\/li>\n\n\n\n<li>Date despre utilizarea site-urilor noastre web (clicuri pe link-uri, timp petrecut) \u0219i date privind r\u0103spunsul la e-mailurile noastre (dac\u0103 mesajul a fost deschis, pe ce link-uri a\u021bi dat clic);<\/li>\n\n\n\n<li>Datele de care avem nevoie pentru a \u00eendeplini contractul \u0219i a livra bunurile achizi\u021bionate (obiectul achizi\u021biei, pre\u021bul, adresa de livrare, timpul de livrare, metoda de plat\u0103, data pl\u0103\u021bii, informa\u021bii despre reclama\u021bii, informa\u021bii despre factura emis\u0103 etc.).<\/li>\n<\/ul>\n\n\n\n<h2 class=\"wp-block-heading\"><strong>Temeiurile juridice pentru prelucrarea datelor cu caracter personal<\/strong><\/h2>\n\n\n\n<p>Putem prelucra datele dumneavoastr\u0103 cu caracter personal pe urm\u0103toarele temeiuri juridice:<\/p>\n\n\n\n<ul class=\"wp-block-list\">\n<li>atunci c\u00e2nd este necesar pentru \u00eendeplinirea obliga\u021biilor noastre legale (de exemplu, emiterea de facturi pentru bunurile achizi\u021bionate);<\/li>\n\n\n\n<li>atunci c\u00e2nd prelucrarea datelor dumneavoastr\u0103 cu caracter personal este necesar\u0103 pentru \u00eencheierea \u0219i executarea unui contract pe care l-a\u021bi \u00eencheiat cu noi sau pentru c\u0103 a\u021bi solicitat o ofert\u0103 de la noi;<\/li>\n\n\n\n<li>atunci c\u00e2nd v-a\u021bi dat consim\u021b\u0103m\u00e2ntul pentru prelucrarea datelor dumneavoastr\u0103 cu caracter personal pentru un anumit scop de prelucrare, av\u00e2nd \u00eentotdeauna dreptul de a revoca consim\u021b\u0103m\u00e2ntul dat;<\/li>\n\n\n\n<li>atunci c\u00e2nd avem un interes legitim pentru prelucrarea datelor dumneavoastr\u0103 cu caracter personal<\/li>\n<\/ul>\n\n\n\n<h2 class=\"wp-block-heading\"><strong>Scopurile prelucr\u0103rii datelor cu caracter personal<\/strong><\/h2>\n\n\n\n<p>Putem folosi datele dumneavoastr\u0103 cu caracter personal pentru unul sau mai multe dintre scopurile men\u021bionate:<\/p>\n\n\n\n<ul class=\"wp-block-list\">\n<li>comunicarea cu dumneavoastr\u0103 cu privire la furnizarea serviciilor noastre \u0219i r\u0103spunsul la \u00eentreb\u0103rile dumneavoastr\u0103;<\/li>\n\n\n\n<li>\u00eencheierea unui contract \u0219i \u00eendeplinirea obliga\u021biilor care decurg din contractul \u00eencheiat;<\/li>\n\n\n\n<li>comunicare de marketing (trimiterea de e-mailuri, po\u0219t\u0103 obi\u0219nuit\u0103 \u0219i mesaje SMS);<\/li>\n\n\n\n<li>comunicare de marketing pe baza ofertelor \u0219i mesajelor personalizate sau individualizate; <\/li>\n\n\n\n<li>pentru valorificarea oric\u0103ror preten\u021bii legale \u0219i solu\u021bionarea litigiilor;<\/li>\n\n\n\n<li>pentru analize statistice privind v\u00e2nzarea bunurilor noastre \u0219i utilizarea site-urilor noastre web;<\/li>\n<\/ul>\n\n\n\n<h2 class=\"wp-block-heading\"><strong>C\u00e2t timp p\u0103str\u0103m datele dumneavoastr\u0103 cu caracter personal \u0219i ce se \u00eent\u00e2mpl\u0103 cu ele dup\u0103 aceea<\/strong><\/h2>\n\n\n\n<p>Datele personale de baz\u0103 sunt p\u0103strate at\u00e2ta timp c\u00e2t ave\u021bi statutul de utilizator \u00eenregistrat.<br>Datele cu caracter personal pe care le prelucr\u0103m pe baza consim\u021b\u0103m\u00e2ntului dumneavoastr\u0103 sunt p\u0103strate permanent sau p\u00e2n\u0103 la revocare.<br>Datele despre facturile emise sunt p\u0103strate timp de 10 ani de la emitere.<br>Dup\u0103 expirarea perioadei de p\u0103strare, datele cu caracter personal sunt \u0219terse sau anonimizate. <\/p>\n\n\n\n<h2 class=\"wp-block-heading\"><strong>Cine are acces la datele dumneavoastr\u0103 cu caracter personal<\/strong><\/h2>\n\n\n\n<p>Nu transmitem datele dumneavoastr\u0103 cu caracter personal c\u0103tre ter\u021bi, cu excep\u021bia persoanelor \u00eemputernicite de operator care sunt obligate s\u0103 protejeze datele.<\/p>\n\n\n\n<h2 class=\"wp-block-heading\"><strong>Ave\u021bi urm\u0103toarele drepturi cu privire la datele dumneavoastr\u0103 cu caracter personal:<\/strong><\/h2>\n\n\n\n<ul class=\"wp-block-list\">\n<li>acces la datele cu caracter personal;<\/li>\n\n\n\n<li>rectificarea datelor inexacte;<\/li>\n\n\n\n<li>\u0219tergerea datelor cu caracter personal;<\/li>\n\n\n\n<li>restric\u021bionarea prelucr\u0103rii;<\/li>\n\n\n\n<li>portabilitatea datelor;<\/li>\n\n\n\n<li>obiec\u021bie la prelucrare.<\/li>\n<\/ul>\n\n\n\n<h2 class=\"wp-block-heading\"><strong>Procedura de exercitare a drepturilor<\/strong><\/h2>\n\n\n\n<ul class=\"wp-block-list\">\n<li>Cererile pot fi adresate \u00een scris la contactul operatorului.<\/li>\n\n\n\n<li>Ve\u021bi primi un r\u0103spuns \u00een cel mult o lun\u0103.<\/li>\n<\/ul>\n<\/div>\n<\/div>\n\n\n\n<h2 class=\"wp-block-heading\"><strong>Cookie-uri<\/strong><\/h2>\n\n\n\n<p>Site-ul nostru web https:\/\/heka-supplements.com\/ utilizeaz\u0103 cookie-uri care permit utilizatorului s\u0103 vizualizeze \u0219i s\u0103 utilizeze site-urile noastre web, adaptate preferin\u021belor sale, ceea ce permite o experien\u021b\u0103 de utilizare mai bun\u0103. \u00cen continuare, v\u0103 prezent\u0103m mai detaliat \u0219i r\u0103spundem la eventualele dumneavoastr\u0103 \u00eentreb\u0103ri cu privire la cookie-uri. <\/p>\n\n\n\n<h2 class=\"wp-block-heading\"><strong>Google Analytics<\/strong><\/h2>\n\n\n\n<p>Google Analytics este un serviciu furnizat de Google LLC sau Google Ireland Limited, \u00een func\u021bie de loca\u021bia de unde se acceseaz\u0103 www.heka-supplements.com cu \u201eGoogle\u201d. Google folose\u0219te datele colectate pentru a urm\u0103ri \u0219i a testa utilizarea heka-supplements.com, pentru a preg\u0103ti rapoarte la activare \u0219i pentru a le partaja cu alte servicii Google. <\/p>\n\n\n\n<h2 class=\"wp-block-heading\"><strong>Google Maps<\/strong><\/h2>\n\n\n\n<p>Google Maps este un serviciu de vizualizare a h\u0103r\u021bilor furnizat de Google LLC sau Google Ireland Limited, \u00een func\u021bie de loca\u021bia de unde accesa\u021bi www.heka-supplements.com \u0219i care permite \u00eencorporarea acestui tip de con\u021binut pe pagina heka-supplements.com.<\/p>\n\n\n\n<p>Pute\u021bi \u0219terge sau bloca oric\u00e2nd cookie-urile noastre viitoare. Procedura de gestionare \u0219i \u0219tergere a cookie-urilor variaz\u0103 \u00een func\u021bie de browserul pe care \u00eel utiliza\u021bi. \u00cen acest sens, am dori s\u0103 subliniem c\u0103 trebuie s\u0103 fi\u021bi con\u0219tien\u021bi de faptul c\u0103 \u0219tergerea cookie-urilor noastre sau blocarea cookie-urilor viitoare \u00eenseamn\u0103 c\u0103 este posibil s\u0103 nu mai ave\u021bi acces la anumite p\u0103r\u021bi sau con\u021binut al site-ului nostru web. Mai multe informa\u021bii despre \u0219tergerea sau gestionarea cookie-urilor pute\u021bi ob\u021bine de pe www.aboutcookies.org.   <\/p>\n\n\n\n<p style=\"padding-bottom:var(--wp--preset--spacing--50)\">Un cookie este un mic fi\u0219ier text pe care un server web \u00eel stocheaz\u0103 pe discul computerului dumneavoastr\u0103. Scopul principal al unui cookie este de a stoca set\u0103rile dumneavoastr\u0103 \u0219i alte date pe computer, astfel \u00eenc\u00e2t s\u0103 nu mai fie nevoie s\u0103 le introduce\u021bi la urm\u0103toarea vizit\u0103 pe site-urile noastre web. Doar acest site web poate apoi s\u0103 g\u0103seasc\u0103 \u0219i s\u0103 citeasc\u0103 un anumit cookie. Cookie-urile sunt utilizate pentru a identifica computerul dumneavoastr\u0103 la fiecare vizit\u0103 pe un site web \u0219i v\u0103 permit s\u0103 naviga\u021bi mai u\u0219or pe site, at\u00e2t \u00een timpul vizitei dumneavoastr\u0103 pe site (utilizarea \u201ecookie-urilor de sesiune\u201d), c\u00e2t \u0219i la vizite multiple, ulterioare pentru vizite multiple (utilizarea \u201ecookie-urilor permanente\u201d). Utilizarea cookie-urilor este o procedur\u0103 stabilit\u0103 pe majoritatea site-urilor web.    <\/p>\n<\/div><\/div>\n\n\n","protected":false},"excerpt":{"rendered":"<p>Politica de confiden\u021bialitate \u0219i cookie-uri Operatorul datelor cu caracter personal \u0219i datele de contact Aceast\u0103 politic\u0103 se aplic\u0103 prelucr\u0103rii (utiliz\u0103rii) oric\u0103ror date cu caracter personal efectuat\u0103 de societatea GlobalPharmacia Group d.o.o. (operatorul) sau care se efectueaz\u0103 \u00een numele operatorului. Informa\u021bii despre operator: GlobalPharmacia Group d.o.o.Poklukarjeva ulica 27, Ljubljana, 1000 LjubljanaNum\u0103r de identificare fiscal\u0103 SI: 88507114Num\u0103r&#8230;<\/p>\n","protected":false},"author":1,"featured_media":0,"parent":0,"menu_order":0,"comment_status":"closed","ping_status":"closed","template":"","meta":{"_acf_changed":false,"page_custom_class":"","page_custom_text":"","_kad_blocks_custom_css":"","_kad_blocks_head_custom_js":"","_kad_blocks_body_custom_js":"","_kad_blocks_footer_custom_js":"","_kad_post_transparent":"","_kad_post_title":"","_kad_post_layout":"","_kad_post_sidebar_id":"","_kad_post_content_style":"","_kad_post_vertical_padding":"","_kad_post_feature":"","_kad_post_feature_position":"","_kad_post_header":false,"_kad_post_footer":false,"_kad_post_classname":"","page_custom_text_by_category":"","footnotes":""},"class_list":["post-12005","page","type-page","status-publish","hentry"],"acf":[],"taxonomy_info":[],"featured_image_src_large":false,"author_info":{"display_name":"wpm","author_link":"https:\/\/heka-supplements.com\/ro\/author\/wpm\/"},"comment_info":"","_links":{"self":[{"href":"https:\/\/heka-supplements.com\/ro\/wp-json\/wp\/v2\/pages\/12005","targetHints":{"allow":["GET"]}}],"collection":[{"href":"https:\/\/heka-supplements.com\/ro\/wp-json\/wp\/v2\/pages"}],"about":[{"href":"https:\/\/heka-supplements.com\/ro\/wp-json\/wp\/v2\/types\/page"}],"author":[{"embeddable":true,"href":"https:\/\/heka-supplements.com\/ro\/wp-json\/wp\/v2\/users\/1"}],"replies":[{"embeddable":true,"href":"https:\/\/heka-supplements.com\/ro\/wp-json\/wp\/v2\/comments?post=12005"}],"version-history":[{"count":3,"href":"https:\/\/heka-supplements.com\/ro\/wp-json\/wp\/v2\/pages\/12005\/revisions"}],"predecessor-version":[{"id":20767,"href":"https:\/\/heka-supplements.com\/ro\/wp-json\/wp\/v2\/pages\/12005\/revisions\/20767"}],"wp:attachment":[{"href":"https:\/\/heka-supplements.com\/ro\/wp-json\/wp\/v2\/media?parent=12005"}],"curies":[{"name":"wp","href":"https:\/\/api.w.org\/{rel}","templated":true}]}}