{"id":12629,"date":"2026-01-06T08:00:55","date_gmt":"2026-01-06T08:00:55","guid":{"rendered":"https:\/\/heka-supplements.com\/energia\/"},"modified":"2026-01-27T11:24:31","modified_gmt":"2026-01-27T11:24:31","slug":"energia","status":"publish","type":"page","link":"https:\/\/heka-supplements.com\/it\/energia\/","title":{"rendered":"Energia"},"content":{"rendered":"<style>.kadence-column12629_1d1c4b-dc > .kt-inside-inner-col{min-height:400px;}.kadence-column12629_1d1c4b-dc > .kt-inside-inner-col,.kadence-column12629_1d1c4b-dc > .kt-inside-inner-col:before{border-top-left-radius:0px;border-top-right-radius:0px;border-bottom-right-radius:0px;border-bottom-left-radius:0px;}.kadence-column12629_1d1c4b-dc > .kt-inside-inner-col{column-gap:var(--global-kb-gap-sm, 1rem);}.kadence-column12629_1d1c4b-dc > .kt-inside-inner-col{flex-direction:column;}.kadence-column12629_1d1c4b-dc > .kt-inside-inner-col > .aligncenter{width:100%;}.kadence-column12629_1d1c4b-dc > .kt-inside-inner-col{background-image:url('https:\/\/heka-supplements.com\/wp-content\/uploads\/2026\/01\/Energija-3-scaled.webp');background-size:cover;background-position:50% 51%;background-attachment:scroll;background-repeat:no-repeat;}.kadence-column12629_1d1c4b-dc > .kt-inside-inner-col:before{opacity:0.3;}.kadence-column12629_1d1c4b-dc{position:relative;}@media all and (max-width: 1024px){.kadence-column12629_1d1c4b-dc > .kt-inside-inner-col{flex-direction:column;justify-content:center;}}@media all and (max-width: 767px){.kadence-column12629_1d1c4b-dc > .kt-inside-inner-col{flex-direction:column;justify-content:center;}}<\/style>\n<div class=\"wp-block-kadence-column kadence-column12629_1d1c4b-dc\"><div class=\"kt-inside-inner-col\"><\/div><\/div>\n\n\n\n\n\n\n\n\n\n\n\n\n<style>.kb-row-layout-id12629_3dd37a-a2 > .kt-row-column-wrap{align-content:start;}:where(.kb-row-layout-id12629_3dd37a-a2 > .kt-row-column-wrap) > .wp-block-kadence-column{justify-content:start;}.kb-row-layout-id12629_3dd37a-a2 > .kt-row-column-wrap{column-gap:var(--global-kb-gap-md, 2rem);row-gap:var(--global-kb-gap-md, 2rem);max-width:var( --global-content-width, 1290px );padding-left:var(--global-content-edge-padding);padding-right:var(--global-content-edge-padding);padding-top:var(--global-kb-spacing-lg, 3rem);padding-bottom:var(--global-kb-spacing-lg, 3rem);grid-template-columns:minmax(0, 1fr);}.kb-row-layout-id12629_3dd37a-a2 > .kt-row-layout-overlay{opacity:0.30;}@media all and (max-width: 1024px){.kb-row-layout-id12629_3dd37a-a2 > .kt-row-column-wrap{grid-template-columns:minmax(0, 1fr);}}@media all and (max-width: 767px){.kb-row-layout-id12629_3dd37a-a2 > .kt-row-column-wrap{grid-template-columns:minmax(0, 1fr);}}<\/style><div class=\"kb-row-layout-wrap kb-row-layout-id12629_3dd37a-a2 alignnone wp-block-kadence-rowlayout\"><div class=\"kt-row-column-wrap kt-has-1-columns kt-row-layout-equal kt-tab-layout-inherit kt-mobile-layout-row kt-row-valign-top kb-theme-content-width\">\n<style>.kadence-column12629_daf86a-77 > .kt-inside-inner-col,.kadence-column12629_daf86a-77 > .kt-inside-inner-col:before{border-top-left-radius:0px;border-top-right-radius:0px;border-bottom-right-radius:0px;border-bottom-left-radius:0px;}.kadence-column12629_daf86a-77 > .kt-inside-inner-col{column-gap:var(--global-kb-gap-sm, 1rem);}.kadence-column12629_daf86a-77 > .kt-inside-inner-col{flex-direction:column;}.kadence-column12629_daf86a-77 > .kt-inside-inner-col > .aligncenter{width:100%;}.kadence-column12629_daf86a-77 > .kt-inside-inner-col:before{opacity:0.3;}.kadence-column12629_daf86a-77{position:relative;}@media all and (max-width: 1024px){.kadence-column12629_daf86a-77 > .kt-inside-inner-col{flex-direction:column;justify-content:center;}}@media all and (max-width: 767px){.kadence-column12629_daf86a-77 > .kt-inside-inner-col{flex-direction:column;justify-content:center;}}<\/style>\n<div class=\"wp-block-kadence-column kadence-column12629_daf86a-77\"><div class=\"kt-inside-inner-col\"><h2>Energia<\/h2><div class=\"namen-block products-grid\"><div class=\"product-card scale\" data-popularity-weight=\"4\"><a href=\"https:\/\/heka-supplements.com\/it\/prodotto\/heka-omega-3-vegane-in-softgel\/\" class=\"product-link\"><div class=\"product-image\"><div class=\"tom-labels-container-prod\"><\/div><img decoding=\"async\" src=\"https:\/\/heka-supplements.com\/wp-content\/uploads\/2026\/01\/Omega-3-vegan-1-scaled.webp\" alt=\"HEKA Omega 3 vegane in softgel\"><\/div><div class=\"product-info\"><h3 class=\"product-title\">HEKA Omega 3 vegane in softgel<\/h3><div class=\"kolicina-izdelka\">120 capsule molli<\/div><div class=\"product-price\"><span class=\"wcpbc-price wcpbc-price-16636\" data-product-id=\"16636\"><span class=\"woocommerce-Price-amount amount\"><bdi>29,75\u00a0<span class=\"woocommerce-Price-currencySymbol\">&euro;<\/span><\/bdi><\/span><\/span><\/div><\/div><\/a><div class=\"product-actions\"><a href=\"https:\/\/heka-supplements.com\/it\/prodotto\/heka-omega-3-vegane-in-softgel\/\" class=\"product-read-more\">Leggi di pi\u00f9<\/a><a href=\"https:\/\/heka-supplements.com\/it\/add-to-cart\/\" class=\"button product_type_simple add_to_cart_button ajax_add_to_cart\" data-quantity=\"1\" data-product_id=\"16636\" data-product_sku=\"3830081250844\" aria-label=\"Aggiungi al carrello: &quot;HEKA Omega 3 vegane in softgel&quot;\" rel=\"nofollow\"><img decoding=\"async\" src=\"\/wp-content\/uploads\/2025\/12\/cart.svg\" alt=\"Aggiungi al carrello\" aria-hidden=\"false\"><\/a><\/div><\/div><div class=\"product-card scale\" data-popularity-weight=\"0\"><a href=\"https:\/\/heka-supplements.com\/it\/prodotto\/heka-omega-3-da-olio-di-pesce\/\" class=\"product-link\"><div class=\"product-image\"><div class=\"tom-labels-container-prod\"><\/div><img decoding=\"async\" src=\"https:\/\/heka-supplements.com\/wp-content\/uploads\/2026\/01\/HEKA-Omega-3-softgel-scaled.webp\" alt=\"HEKA omega-3 da olio di pesce\"><\/div><div class=\"product-info\"><h3 class=\"product-title\">HEKA omega-3 da olio di pesce<\/h3><div class=\"kolicina-izdelka\">180 capsule molli<\/div><div class=\"product-price\"><span class=\"wcpbc-price wcpbc-price-16696\" data-product-id=\"16696\"><span class=\"woocommerce-Price-amount amount\"><bdi>16,75\u00a0<span class=\"woocommerce-Price-currencySymbol\">&euro;<\/span><\/bdi><\/span><\/span><\/div><\/div><\/a><div class=\"product-actions\"><a href=\"https:\/\/heka-supplements.com\/it\/prodotto\/heka-omega-3-da-olio-di-pesce\/\" class=\"product-read-more\">Leggi di pi\u00f9<\/a><a href=\"https:\/\/heka-supplements.com\/it\/add-to-cart\/\" class=\"button product_type_simple add_to_cart_button ajax_add_to_cart\" data-quantity=\"1\" data-product_id=\"16696\" data-product_sku=\"3830081250837\" aria-label=\"Aggiungi al carrello: &quot;HEKA omega-3 da olio di pesce&quot;\" rel=\"nofollow\"><img decoding=\"async\" src=\"\/wp-content\/uploads\/2025\/12\/cart.svg\" alt=\"Aggiungi al carrello\" aria-hidden=\"false\"><\/a><\/div><\/div><div class=\"product-card scale\" data-popularity-weight=\"0\"><a href=\"https:\/\/heka-supplements.com\/it\/prodotto\/heka-b-complex-capsule\/\" class=\"product-link\"><div class=\"product-image\"><div class=\"tom-labels-container-prod\"><\/div><img decoding=\"async\" src=\"https:\/\/heka-supplements.com\/wp-content\/uploads\/2026\/01\/B-kompleks-kapsule-scaled.webp\" alt=\"HEKA B complex capsule\"><\/div><div class=\"product-info\"><h3 class=\"product-title\">HEKA B complex capsule<\/h3><div class=\"kolicina-izdelka\">60 capsule<\/div><div class=\"product-price\"><span class=\"wcpbc-price wcpbc-price-16730\" data-product-id=\"16730\"><span class=\"woocommerce-Price-amount amount\"><bdi>14,75\u00a0<span class=\"woocommerce-Price-currencySymbol\">&euro;<\/span><\/bdi><\/span><\/span><\/div><\/div><\/a><div class=\"product-actions\"><a href=\"https:\/\/heka-supplements.com\/it\/prodotto\/heka-b-complex-capsule\/\" class=\"product-read-more\">Leggi di pi\u00f9<\/a><a href=\"https:\/\/heka-supplements.com\/it\/add-to-cart\/\" class=\"button product_type_simple add_to_cart_button ajax_add_to_cart\" data-quantity=\"1\" data-product_id=\"16730\" data-product_sku=\"3830081250790\" aria-label=\"Aggiungi al carrello: &quot;HEKA B complex capsule&quot;\" rel=\"nofollow\"><img decoding=\"async\" src=\"\/wp-content\/uploads\/2025\/12\/cart.svg\" alt=\"Aggiungi al carrello\" aria-hidden=\"false\"><\/a><\/div><\/div><div class=\"product-card scale\" data-popularity-weight=\"9\"><a href=\"https:\/\/heka-supplements.com\/it\/prodotto\/heka-bevanda-per-energia-e-rigenerazione\/\" class=\"product-link\"><div class=\"product-image\"><div class=\"tom-labels-container-prod\"><\/div><img decoding=\"async\" src=\"https:\/\/heka-supplements.com\/wp-content\/uploads\/2026\/01\/Recovery-and-fuel-HEKA-Tonik-6-scaled.webp\" alt=\"Heka bevanda per energia e rigenerazione\"><\/div><div class=\"product-info\"><h3 class=\"product-title\">Heka bevanda per energia e rigenerazione<\/h3><div class=\"kolicina-izdelka\">30 bustine x 3,5 g<\/div><div class=\"product-price\"><span class=\"wcpbc-price wcpbc-price-14277\" data-product-id=\"14277\"><span class=\"woocommerce-Price-amount amount\"><bdi>24,75\u00a0<span class=\"woocommerce-Price-currencySymbol\">&euro;<\/span><\/bdi><\/span><\/span><\/div><\/div><\/a><div class=\"product-actions\"><a href=\"https:\/\/heka-supplements.com\/it\/prodotto\/heka-bevanda-per-energia-e-rigenerazione\/\" class=\"product-read-more\">Leggi di pi\u00f9<\/a><a href=\"https:\/\/heka-supplements.com\/it\/add-to-cart\/\" class=\"button product_type_simple add_to_cart_button ajax_add_to_cart\" data-quantity=\"1\" data-product_id=\"14277\" data-product_sku=\"3830081250660\" aria-label=\"Aggiungi al carrello: &quot;Heka bevanda per energia e rigenerazione&quot;\" rel=\"nofollow\"><img decoding=\"async\" src=\"\/wp-content\/uploads\/2025\/12\/cart.svg\" alt=\"Aggiungi al carrello\" aria-hidden=\"false\"><\/a><\/div><\/div><div class=\"product-card scale\" data-popularity-weight=\"0\"><a href=\"https:\/\/heka-supplements.com\/it\/prodotto\/heka-capsule-con-magnesio\/\" class=\"product-link\"><div class=\"product-image\"><div class=\"tom-labels-container-prod\"><\/div><img decoding=\"async\" src=\"https:\/\/heka-supplements.com\/wp-content\/uploads\/2026\/01\/Heka-Magnesium-citrate2-scaled.webp\" alt=\"HEKA capsule con magnesio\"><\/div><div class=\"product-info\"><h3 class=\"product-title\">HEKA capsule con magnesio<\/h3><div class=\"kolicina-izdelka\">60 capsule<\/div><div class=\"product-price\"><span class=\"wcpbc-price wcpbc-price-14715\" data-product-id=\"14715\"><span class=\"woocommerce-Price-amount amount\"><bdi>14,75\u00a0<span class=\"woocommerce-Price-currencySymbol\">&euro;<\/span><\/bdi><\/span><\/span><\/div><\/div><\/a><div class=\"product-actions\"><a href=\"https:\/\/heka-supplements.com\/it\/prodotto\/heka-capsule-con-magnesio\/\" class=\"product-read-more\">Leggi di pi\u00f9<\/a><a href=\"https:\/\/heka-supplements.com\/it\/add-to-cart\/\" class=\"button product_type_simple add_to_cart_button ajax_add_to_cart\" data-quantity=\"1\" data-product_id=\"14715\" data-product_sku=\"3830081250783\" aria-label=\"Aggiungi al carrello: &quot;HEKA capsule con magnesio&quot;\" rel=\"nofollow\"><img decoding=\"async\" src=\"\/wp-content\/uploads\/2025\/12\/cart.svg\" alt=\"Aggiungi al carrello\" aria-hidden=\"false\"><\/a><\/div><\/div><\/div><\/div><\/div>\n\n<\/div><\/div>","protected":false},"excerpt":{"rendered":"<p>Crediamo che la vera forza sia gi\u00e0 dentro ognuno di noi. Non bisogna aggiungere nulla, ma solo risvegliare l&#8217;energia che il corpo gi\u00e0 possiede, ma che perdiamo nel ritmo frenetico e stressante della vita moderna. Heka \u00e8 qui per i momenti in cui mancano le forze, per i giorni in cui lo stress prevale e&#8230;<\/p>\n","protected":false},"author":1,"featured_media":12633,"parent":0,"menu_order":3,"comment_status":"closed","ping_status":"closed","template":"","meta":{"_acf_changed":false,"page_custom_class":"","page_custom_text":"","_kad_blocks_custom_css":"","_kad_blocks_head_custom_js":"","_kad_blocks_body_custom_js":"","_kad_blocks_footer_custom_js":"","_kad_post_transparent":"","_kad_post_title":"","_kad_post_layout":"fullwidth","_kad_post_sidebar_id":"","_kad_post_content_style":"","_kad_post_vertical_padding":"","_kad_post_feature":"","_kad_post_feature_position":"","_kad_post_header":false,"_kad_post_footer":false,"_kad_post_classname":"","page_custom_text_by_category":"","footnotes":""},"class_list":["post-12629","page","type-page","status-publish","has-post-thumbnail","hentry"],"acf":[],"taxonomy_info":[],"featured_image_src_large":["https:\/\/heka-supplements.com\/wp-content\/uploads\/2026\/01\/Energija-3-1024x205.webp",1024,205,true],"author_info":{"display_name":"wpm","author_link":"https:\/\/heka-supplements.com\/it\/author\/wpm\/"},"comment_info":"","_links":{"self":[{"href":"https:\/\/heka-supplements.com\/it\/wp-json\/wp\/v2\/pages\/12629","targetHints":{"allow":["GET"]}}],"collection":[{"href":"https:\/\/heka-supplements.com\/it\/wp-json\/wp\/v2\/pages"}],"about":[{"href":"https:\/\/heka-supplements.com\/it\/wp-json\/wp\/v2\/types\/page"}],"author":[{"embeddable":true,"href":"https:\/\/heka-supplements.com\/it\/wp-json\/wp\/v2\/users\/1"}],"replies":[{"embeddable":true,"href":"https:\/\/heka-supplements.com\/it\/wp-json\/wp\/v2\/comments?post=12629"}],"version-history":[{"count":0,"href":"https:\/\/heka-supplements.com\/it\/wp-json\/wp\/v2\/pages\/12629\/revisions"}],"wp:featuredmedia":[{"embeddable":true,"href":"https:\/\/heka-supplements.com\/it\/wp-json\/wp\/v2\/media\/12633"}],"wp:attachment":[{"href":"https:\/\/heka-supplements.com\/it\/wp-json\/wp\/v2\/media?parent=12629"}],"curies":[{"name":"wp","href":"https:\/\/api.w.org\/{rel}","templated":true}]}}