{"id":12051,"date":"2026-01-14T11:07:57","date_gmt":"2026-01-14T11:07:57","guid":{"rendered":"https:\/\/heka-supplements.com\/termini-e-condizioni-generali-di-vendita-e-utilizzo-del-sito-web\/"},"modified":"2026-01-20T12:09:06","modified_gmt":"2026-01-20T12:09:06","slug":"termini-e-condizioni-generali-di-vendita-e-utilizzo-del-sito-web","status":"publish","type":"page","link":"https:\/\/heka-supplements.com\/it\/termini-e-condizioni-generali-di-vendita-e-utilizzo-del-sito-web\/","title":{"rendered":"Termini e condizioni generali di vendita e utilizzo del sito web"},"content":{"rendered":"\n<div class=\"wp-block-group\"><div class=\"wp-block-group__inner-container is-layout-flow wp-block-group-is-layout-flow\">\n<div class=\"wp-block-columns is-layout-flex wp-container-core-columns-is-layout-9d6595d7 wp-block-columns-is-layout-flex\">\n<div class=\"wp-block-column is-layout-flow wp-block-column-is-layout-flow\" style=\"flex-basis:100%\">\n<p><\/p>\n\n\n\n<h1 class=\"wp-block-heading\">Termini e condizioni generali di vendita<\/h1>\n\n\n\n<h3 class=\"wp-block-heading\">Funzionamento del negozio online<\/h3>\n\n\n\n<p><a href=\"https:\/\/heka-supplements.com\/\">https:\/\/heka-supplements.com\/<\/a> \u00e8 un negozio online con un servizio completo all&#8217;interno dell&#8217;azienda (stoccaggio e spedizione della merce ordinata nel negozio online):<\/p>\n\n\n\n<p>GlobalPharmacia Group d.o.o.<br\/>Poklukarjeva ulica 27, Ljubljana, 1000 Ljubljana<br\/>Codice fiscale: SI88507114<br\/>Numero di registrazione: 9037934000<br\/>E-mail: info@heka-supplements.com<\/p>\n\n\n\n<p>I termini e le condizioni generali di vendita sono redatti in conformit\u00e0 con le normative in materia di tutela dei consumatori, sulla base delle raccomandazioni della Camera di commercio slovena e dei codici internazionali per il commercio online ed elettronico.<\/p>\n\n\n\n<h3 class=\"wp-block-heading\">Fiducia e sicurezza<\/h3>\n\n\n\n<p>La fiducia reciproca \u00e8 l&#8217;inizio di ogni relazione duratura e di qualit\u00e0.<\/p>\n\n\n\n<h3 class=\"wp-block-heading\">Contatti<\/h3>\n\n\n\n<p>Supporto: info@heka-supplements.com, telefono 069 719 709.<\/p>\n\n\n\n<h3 class=\"wp-block-heading\">Registrazione<\/h3>\n\n\n\n<p>Con la registrazione si ottiene un account utente e il diritto di acquistare.<\/p>\n\n\n\n<h3 class=\"wp-block-heading\">Acquisto<\/h3>\n\n\n\n<p>Dopo aver effettuato l&#8217;ordine, si riceve una notifica di accettazione dell&#8217;ordine.<\/p>\n\n\n\n<h3 class=\"wp-block-heading\">Contratto di compravendita<\/h3>\n\n\n\n<p>Con la conferma dell&#8217;ordine, si conclude un contratto di compravendita.<\/p>\n\n\n\n<h3 class=\"wp-block-heading\">Prezzi<\/h3>\n\n\n\n<p>Tutti i prezzi sono indicati in EUR e includono l&#8217;IVA.<\/p>\n\n\n\n<h2 class=\"wp-block-heading\">Modalit\u00e0 di pagamento<\/h2>\n\n\n\n<h4 class=\"wp-block-heading\">Pagamento con carta<\/h4>\n\n\n\n<p>Pagamento con carta di credito o di debito al termine dell&#8217;acquisto.<\/p>\n\n\n\n<h4 class=\"wp-block-heading\">Pagamento tramite bonifico bancario<\/h4>\n\n\n\n<p>Pagamento tramite bonifico bancario dopo la conferma dell&#8217;ordine.<\/p>\n\n\n\n<h4 class=\"wp-block-heading\">Pagamento alla consegna<\/h4>\n\n\n\n<p>Pagamento al momento della ricezione della spedizione.<\/p>\n\n\n\n<h3 class=\"wp-block-heading\">Consegna<\/h3>\n\n\n\n<p>Consegna tramite Po\u0161ta Slovenije o GLS.<\/p>\n\n\n\n<h4 class=\"wp-block-heading\">Tempi di consegna<\/h4>\n\n\n\n<p>Consegna di solito in 3\u201310 giorni.<\/p>\n\n\n\n<h3 class=\"wp-block-heading\">Difetti materiali<\/h3>\n\n\n\n<p>I diritti del consumatore sono regolati dalla legge sulla tutela dei consumatori.<\/p>\n\n\n\n<h3 class=\"wp-block-heading\">Diritto di recesso <\/h3>\n\n\n\n<p>Recesso dal contratto entro 14 giorni senza indicarne il motivo.<\/p>\n\n\n\n<h3 class=\"wp-block-heading\">Reclami e controversie<\/h3>\n\n\n\n<p>Si prega di inviare i reclami a info@heka-supplements.com.<\/p>\n\n\n\n<h3 class=\"wp-block-heading\">Dichiarazione del sito web<\/h3>\n\n\n\n<p>Le informazioni sono di natura informativa e non costituiscono un consiglio medico.<\/p>\n\n\n\n<h3 class=\"wp-block-heading\">Disposizione finale<\/h3>\n\n\n\n<p>Con l&#8217;acquisto si conferma il consenso ai termini e alle condizioni di vendita.<\/p>\n<\/div>\n<\/div>\n\n\n\n<h2 class=\"wp-block-heading\"><br\/>Termini e condizioni generali di utilizzo del sito web<\/h2>\n\n\n\n<h3 class=\"wp-block-heading\">1. Sito web<\/h3>\n\n\n\n<p>Il proprietario e amministratore del sito web heka-supplements.com e di tutte le sue sottosezioni (di seguito denominato \u201cSito web\u201d) \u00e8 GlobalPharmacia Group d.o.o., Poklukarjeva ulica 27, 1000 Ljubljana, numero di registrazione. 9037934000<\/p>\n\n\n\n<p>L&#8217;accesso e l&#8217;utilizzo del Sito web sono consentiti alle condizioni stabilite dalla legislazione vigente, dai presenti Termini e condizioni generali di utilizzo del sito web (di seguito denominati \u201cTermini e condizioni generali di utilizzo\u201d) e da altre normative a cui fanno riferimento i presenti Termini e condizioni generali di utilizzo.<\/p>\n\n\n\n<h3 class=\"wp-block-heading\">2. Contenuto del Sito web<\/h3>\n\n\n\n<p>Ci impegniamo a garantire che il contenuto del Sito web sia aggiornato e contenga informazioni e materiali corretti, ma non garantiamo n\u00e9 siamo obbligati a garantire l&#8217;accuratezza, la completezza e l&#8217;aggiornamento. Non ci assumiamo alcuna responsabilit\u00e0 per danni derivanti da inaccessibilit\u00e0, modifica, incompletezza, errore o obsolescenza delle informazioni pubblicate sul Sito web. Inoltre, non garantiamo che il Sito web o qualsiasi contenuto in esso presente sia sempre accessibile o che l&#8217;accesso sia ininterrotto. Possiamo rimuovere o modificare il Sito web o parti di esso in qualsiasi momento senza preavviso.    <\/p>\n\n\n\n<p>Il contenuto pubblicato sul Sito web \u00e8 di natura informativa generale e non costituisce consulenza legale o altra assistenza legale su cui fare affidamento. Non siamo responsabili per l&#8217;utilizzo delle informazioni pubblicate sul nostro sito web. Se il Sito web contiene collegamenti ad altri siti web e contenuti su tali siti web, tali collegamenti sono solo a scopo informativo. Non abbiamo alcun controllo o influenza sul contenuto di questi siti web. Se desideri ricevere maggiori informazioni sul contenuto pubblicato sul sito web, contattaci all&#8217;indirizzo info@pro-teh.si.    <\/p>\n\n\n\n<h3 class=\"wp-block-heading\">3. Diritti di propriet\u00e0 intellettuale<\/h3>\n\n\n\n<p>Siamo titolari di tutti i diritti d&#8217;autore sul contenuto pubblicato sul Sito web. \u00c8 possibile stampare, copiare o salvare parti del Sito web per uso privato. Non \u00e8 consentito utilizzare il materiale presente sul Sito web per scopi commerciali senza il nostro previo consenso scritto.  <\/p>\n\n\n\n<p>\u00c8 possibile creare collegamenti alla home page del Sito web sul sito web di cui si \u00e8 proprietari in modo conforme alla legge e che non danneggi la nostra buona reputazione, immagine o attivit\u00e0 commerciale, ovvero in modo da non trarre indebitamente vantaggio dalla nostra reputazione. \u00c8 vietato pubblicare collegamenti al Sito web che indichino o possano indicare qualsiasi collegamento, collaborazione o approvazione da parte nostra che non esista. Ci riserviamo il diritto di revocare in qualsiasi momento l&#8217;autorizzazione a pubblicare collegamenti al Sito web e\/o richiedere, senza indicarne il motivo, la rimozione immediata di qualsiasi collegamento al Sito web.   <\/p>\n\n\n\n<h3 class=\"wp-block-heading\">4. Protezione dei dati personali<\/h3>\n\n\n\n<p>Il sito web utilizza i cookie. Cosa sono i cookie? Puoi leggere qui Maggiori informazioni sul trattamento dei dati personali sono disponibili nell&#8217;Informativa sulla privacy.  <\/p>\n\n\n\n<h3 class=\"wp-block-heading\">5. Modifiche ai Termini e condizioni generali di utilizzo<\/h3>\n\n\n\n<p>Possiamo modificare i Termini e condizioni generali di utilizzo in qualsiasi momento. Visitando il Sito web dopo l&#8217;entrata in vigore di una modifica ai Termini e condizioni generali di utilizzo, sarai vincolato dai Termini e condizioni generali di utilizzo modificati, pertanto ti consigliamo di verificarne periodicamente il contenuto. <\/p>\n\n\n\n<h3 class=\"wp-block-heading\">6. Legge applicabile<\/h3>\n\n\n\n<p>I Termini e condizioni generali di utilizzo sono regolati dal diritto della Repubblica di Slovenia.<\/p>\n\n\n\n<h3 class=\"wp-block-heading\">7. Contatti<\/h3>\n\n\n\n<p>Per qualsiasi domanda relativa ai presenti Termini e condizioni generali di utilizzo, si prega di contattarci all&#8217;indirizzo info@heka-supplements.com<br\/>Grazie per aver visitato il nostro sito web.<\/p>\n<\/div><\/div>\n\n<p>I termini e le condizioni generali di vendita e i termini di utilizzo del sito web sono validi a partire dal 1\u00b0 1. 2025.<\/p>\n","protected":false},"excerpt":{"rendered":"<p>Termini e condizioni generali di vendita Funzionamento del negozio online https:\/\/heka-supplements.com\/ \u00e8 un negozio online con un servizio completo all&#8217;interno dell&#8217;azienda (stoccaggio e spedizione della merce ordinata nel negozio online): GlobalPharmacia Group d.o.o.Poklukarjeva ulica 27, Ljubljana, 1000 LjubljanaCodice fiscale: SI88507114Numero di registrazione: 9037934000E-mail: info@heka-supplements.com I termini e le condizioni generali di vendita sono redatti in&#8230;<\/p>\n","protected":false},"author":1,"featured_media":0,"parent":0,"menu_order":0,"comment_status":"closed","ping_status":"closed","template":"","meta":{"_acf_changed":false,"page_custom_class":"","page_custom_text":"","_kad_blocks_custom_css":"","_kad_blocks_head_custom_js":"","_kad_blocks_body_custom_js":"","_kad_blocks_footer_custom_js":"","_kad_post_transparent":"","_kad_post_title":"","_kad_post_layout":"","_kad_post_sidebar_id":"","_kad_post_content_style":"","_kad_post_vertical_padding":"","_kad_post_feature":"","_kad_post_feature_position":"","_kad_post_header":false,"_kad_post_footer":false,"_kad_post_classname":"","page_custom_text_by_category":"","footnotes":""},"class_list":["post-12051","page","type-page","status-publish","hentry"],"acf":[],"taxonomy_info":[],"featured_image_src_large":false,"author_info":{"display_name":"wpm","author_link":"https:\/\/heka-supplements.com\/it\/author\/wpm\/"},"comment_info":"","_links":{"self":[{"href":"https:\/\/heka-supplements.com\/it\/wp-json\/wp\/v2\/pages\/12051","targetHints":{"allow":["GET"]}}],"collection":[{"href":"https:\/\/heka-supplements.com\/it\/wp-json\/wp\/v2\/pages"}],"about":[{"href":"https:\/\/heka-supplements.com\/it\/wp-json\/wp\/v2\/types\/page"}],"author":[{"embeddable":true,"href":"https:\/\/heka-supplements.com\/it\/wp-json\/wp\/v2\/users\/1"}],"replies":[{"embeddable":true,"href":"https:\/\/heka-supplements.com\/it\/wp-json\/wp\/v2\/comments?post=12051"}],"version-history":[{"count":0,"href":"https:\/\/heka-supplements.com\/it\/wp-json\/wp\/v2\/pages\/12051\/revisions"}],"wp:attachment":[{"href":"https:\/\/heka-supplements.com\/it\/wp-json\/wp\/v2\/media?parent=12051"}],"curies":[{"name":"wp","href":"https:\/\/api.w.org\/{rel}","templated":true}]}}