{"id":11968,"date":"2026-01-13T10:59:41","date_gmt":"2026-01-13T10:59:41","guid":{"rendered":"https:\/\/heka-supplements.com\/cuore-e-cervello\/"},"modified":"2026-01-27T11:25:32","modified_gmt":"2026-01-27T11:25:32","slug":"cuore-e-cervello","status":"publish","type":"page","link":"https:\/\/heka-supplements.com\/it\/cuore-e-cervello\/","title":{"rendered":"Cuore e cervello"},"content":{"rendered":"<style>.kadence-column11968_5c6c3c-c6 > .kt-inside-inner-col{min-height:400px;}.kadence-column11968_5c6c3c-c6 > .kt-inside-inner-col,.kadence-column11968_5c6c3c-c6 > .kt-inside-inner-col:before{border-top-left-radius:0px;border-top-right-radius:0px;border-bottom-right-radius:0px;border-bottom-left-radius:0px;}.kadence-column11968_5c6c3c-c6 > .kt-inside-inner-col{column-gap:var(--global-kb-gap-sm, 1rem);}.kadence-column11968_5c6c3c-c6 > .kt-inside-inner-col{flex-direction:column;}.kadence-column11968_5c6c3c-c6 > .kt-inside-inner-col > .aligncenter{width:100%;}.kadence-column11968_5c6c3c-c6 > .kt-inside-inner-col{background-image:url('https:\/\/heka-supplements.com\/wp-content\/uploads\/2026\/01\/Srce-in-mozgani-2-scaled.webp');background-size:cover;background-position:50% 51%;background-attachment:scroll;background-repeat:no-repeat;}.kadence-column11968_5c6c3c-c6 > .kt-inside-inner-col:before{opacity:0.3;}.kadence-column11968_5c6c3c-c6{position:relative;}@media all and (max-width: 1024px){.kadence-column11968_5c6c3c-c6 > .kt-inside-inner-col{flex-direction:column;justify-content:center;}}@media all and (max-width: 767px){.kadence-column11968_5c6c3c-c6 > .kt-inside-inner-col{flex-direction:column;justify-content:center;}}<\/style>\n<div class=\"wp-block-kadence-column kadence-column11968_5c6c3c-c6\"><div class=\"kt-inside-inner-col\"><\/div><\/div>\n\n\n\n<p><\/p>\n\n\n\n\n\n\n\n\n\n\n<style>.kb-row-layout-id11968_b08b2d-1a > .kt-row-column-wrap{align-content:start;}:where(.kb-row-layout-id11968_b08b2d-1a > .kt-row-column-wrap) > .wp-block-kadence-column{justify-content:start;}.kb-row-layout-id11968_b08b2d-1a > .kt-row-column-wrap{column-gap:var(--global-kb-gap-md, 2rem);row-gap:var(--global-kb-gap-md, 2rem);max-width:var( --global-content-width, 1290px );padding-left:var(--global-content-edge-padding);padding-right:var(--global-content-edge-padding);padding-top:var(--global-kb-spacing-lg, 3rem);padding-bottom:var(--global-kb-spacing-lg, 3rem);grid-template-columns:minmax(0, 1fr);}.kb-row-layout-id11968_b08b2d-1a > .kt-row-layout-overlay{opacity:0.30;}@media all and (max-width: 1024px){.kb-row-layout-id11968_b08b2d-1a > .kt-row-column-wrap{grid-template-columns:minmax(0, 1fr);}}@media all and (max-width: 767px){.kb-row-layout-id11968_b08b2d-1a > .kt-row-column-wrap{grid-template-columns:minmax(0, 1fr);}}<\/style><div class=\"kb-row-layout-wrap kb-row-layout-id11968_b08b2d-1a alignnone wp-block-kadence-rowlayout\"><div class=\"kt-row-column-wrap kt-has-1-columns kt-row-layout-equal kt-tab-layout-inherit kt-mobile-layout-row kt-row-valign-top kb-theme-content-width\">\n<style>.kadence-column11968_f0118e-18 > .kt-inside-inner-col,.kadence-column11968_f0118e-18 > .kt-inside-inner-col:before{border-top-left-radius:0px;border-top-right-radius:0px;border-bottom-right-radius:0px;border-bottom-left-radius:0px;}.kadence-column11968_f0118e-18 > .kt-inside-inner-col{column-gap:var(--global-kb-gap-sm, 1rem);}.kadence-column11968_f0118e-18 > .kt-inside-inner-col{flex-direction:column;}.kadence-column11968_f0118e-18 > .kt-inside-inner-col > .aligncenter{width:100%;}.kadence-column11968_f0118e-18 > .kt-inside-inner-col:before{opacity:0.3;}.kadence-column11968_f0118e-18{position:relative;}@media all and (max-width: 1024px){.kadence-column11968_f0118e-18 > .kt-inside-inner-col{flex-direction:column;justify-content:center;}}@media all and (max-width: 767px){.kadence-column11968_f0118e-18 > .kt-inside-inner-col{flex-direction:column;justify-content:center;}}<\/style>\n<div class=\"wp-block-kadence-column kadence-column11968_f0118e-18\"><div class=\"kt-inside-inner-col\"><h2>Cuore e cervello<\/h2><div class=\"namen-block products-grid\"><div class=\"product-card scale\" data-popularity-weight=\"4\"><a href=\"https:\/\/heka-supplements.com\/it\/prodotto\/heka-olio-di-krill-in-capsule-molli\/\" class=\"product-link\"><div class=\"product-image\"><div class=\"tom-labels-container-prod\"><\/div><img decoding=\"async\" src=\"https:\/\/heka-supplements.com\/wp-content\/uploads\/2026\/01\/HEKA-Krill-oil-softgel-scaled.webp\" alt=\"HEKA Olio di krill in capsule molli\"><\/div><div class=\"product-info\"><h3 class=\"product-title\">HEKA Olio di krill in capsule molli<\/h3><div class=\"kolicina-izdelka\">180 capsule molli<\/div><div class=\"product-price\"><span class=\"wcpbc-price wcpbc-price-16414\" data-product-id=\"16414\"><span class=\"woocommerce-Price-amount amount\"><bdi>19,75\u00a0<span class=\"woocommerce-Price-currencySymbol\">&euro;<\/span><\/bdi><\/span><\/span><\/div><\/div><\/a><div class=\"product-actions\"><a href=\"https:\/\/heka-supplements.com\/it\/prodotto\/heka-olio-di-krill-in-capsule-molli\/\" class=\"product-read-more\">Leggi di pi\u00f9<\/a><a href=\"https:\/\/heka-supplements.com\/it\/add-to-cart\/\" class=\"button product_type_simple add_to_cart_button ajax_add_to_cart\" data-quantity=\"1\" data-product_id=\"16414\" data-product_sku=\"3830081250882\" aria-label=\"Aggiungi al carrello: &quot;HEKA Olio di krill in capsule molli&quot;\" rel=\"nofollow\"><img decoding=\"async\" src=\"\/wp-content\/uploads\/2025\/12\/cart.svg\" alt=\"Aggiungi al carrello\" aria-hidden=\"false\"><\/a><\/div><\/div><div class=\"product-card scale\" data-popularity-weight=\"4\"><a href=\"https:\/\/heka-supplements.com\/it\/prodotto\/heka-omega-3-vegane-in-softgel\/\" class=\"product-link\"><div class=\"product-image\"><div class=\"tom-labels-container-prod\"><\/div><img decoding=\"async\" src=\"https:\/\/heka-supplements.com\/wp-content\/uploads\/2026\/01\/Omega-3-vegan-1-scaled.webp\" alt=\"HEKA Omega 3 vegane in softgel\"><\/div><div class=\"product-info\"><h3 class=\"product-title\">HEKA Omega 3 vegane in softgel<\/h3><div class=\"kolicina-izdelka\">120 capsule molli<\/div><div class=\"product-price\"><span class=\"wcpbc-price wcpbc-price-16636\" data-product-id=\"16636\"><span class=\"woocommerce-Price-amount amount\"><bdi>29,75\u00a0<span class=\"woocommerce-Price-currencySymbol\">&euro;<\/span><\/bdi><\/span><\/span><\/div><\/div><\/a><div class=\"product-actions\"><a href=\"https:\/\/heka-supplements.com\/it\/prodotto\/heka-omega-3-vegane-in-softgel\/\" class=\"product-read-more\">Leggi di pi\u00f9<\/a><a href=\"https:\/\/heka-supplements.com\/it\/add-to-cart\/\" class=\"button product_type_simple add_to_cart_button ajax_add_to_cart\" data-quantity=\"1\" data-product_id=\"16636\" data-product_sku=\"3830081250844\" aria-label=\"Aggiungi al carrello: &quot;HEKA Omega 3 vegane in softgel&quot;\" rel=\"nofollow\"><img decoding=\"async\" src=\"\/wp-content\/uploads\/2025\/12\/cart.svg\" alt=\"Aggiungi al carrello\" aria-hidden=\"false\"><\/a><\/div><\/div><div class=\"product-card scale\" data-popularity-weight=\"0\"><a href=\"https:\/\/heka-supplements.com\/it\/prodotto\/heka-omega-3-da-olio-di-pesce\/\" class=\"product-link\"><div class=\"product-image\"><div class=\"tom-labels-container-prod\"><\/div><img decoding=\"async\" src=\"https:\/\/heka-supplements.com\/wp-content\/uploads\/2026\/01\/HEKA-Omega-3-softgel-scaled.webp\" alt=\"HEKA omega-3 da olio di pesce\"><\/div><div class=\"product-info\"><h3 class=\"product-title\">HEKA omega-3 da olio di pesce<\/h3><div class=\"kolicina-izdelka\">180 capsule molli<\/div><div class=\"product-price\"><span class=\"wcpbc-price wcpbc-price-16696\" data-product-id=\"16696\"><span class=\"woocommerce-Price-amount amount\"><bdi>16,75\u00a0<span class=\"woocommerce-Price-currencySymbol\">&euro;<\/span><\/bdi><\/span><\/span><\/div><\/div><\/a><div class=\"product-actions\"><a href=\"https:\/\/heka-supplements.com\/it\/prodotto\/heka-omega-3-da-olio-di-pesce\/\" class=\"product-read-more\">Leggi di pi\u00f9<\/a><a href=\"https:\/\/heka-supplements.com\/it\/add-to-cart\/\" class=\"button product_type_simple add_to_cart_button ajax_add_to_cart\" data-quantity=\"1\" data-product_id=\"16696\" data-product_sku=\"3830081250837\" aria-label=\"Aggiungi al carrello: &quot;HEKA omega-3 da olio di pesce&quot;\" rel=\"nofollow\"><img decoding=\"async\" src=\"\/wp-content\/uploads\/2025\/12\/cart.svg\" alt=\"Aggiungi al carrello\" aria-hidden=\"false\"><\/a><\/div><\/div><div class=\"product-card scale\" data-popularity-weight=\"0\"><a href=\"https:\/\/heka-supplements.com\/it\/prodotto\/heka-capsule-di-zinco\/\" class=\"product-link\"><div class=\"product-image\"><div class=\"tom-labels-container-prod\"><\/div><img decoding=\"async\" src=\"https:\/\/heka-supplements.com\/wp-content\/uploads\/2026\/01\/Heka-cink-scaled.webp\" alt=\"HEKA capsule di zinco\"><\/div><div class=\"product-info\"><h3 class=\"product-title\">HEKA capsule di zinco<\/h3><div class=\"kolicina-izdelka\">60 capsule<\/div><div class=\"product-price\"><span class=\"wcpbc-price wcpbc-price-15655\" data-product-id=\"15655\"><span class=\"woocommerce-Price-amount amount\"><bdi>14,75\u00a0<span class=\"woocommerce-Price-currencySymbol\">&euro;<\/span><\/bdi><\/span><\/span><\/div><\/div><\/a><div class=\"product-actions\"><a href=\"https:\/\/heka-supplements.com\/it\/prodotto\/heka-capsule-di-zinco\/\" class=\"product-read-more\">Leggi di pi\u00f9<\/a><a href=\"https:\/\/heka-supplements.com\/it\/add-to-cart\/\" class=\"button product_type_simple add_to_cart_button ajax_add_to_cart\" data-quantity=\"1\" data-product_id=\"15655\" data-product_sku=\"3830081250868\" aria-label=\"Aggiungi al carrello: &quot;HEKA capsule di zinco&quot;\" rel=\"nofollow\"><img decoding=\"async\" src=\"\/wp-content\/uploads\/2025\/12\/cart.svg\" alt=\"Aggiungi al carrello\" aria-hidden=\"false\"><\/a><\/div><\/div><div class=\"product-card scale\" data-popularity-weight=\"0\"><a href=\"https:\/\/heka-supplements.com\/it\/prodotto\/heka-b-complex-capsule\/\" class=\"product-link\"><div class=\"product-image\"><div class=\"tom-labels-container-prod\"><\/div><img decoding=\"async\" src=\"https:\/\/heka-supplements.com\/wp-content\/uploads\/2026\/01\/B-kompleks-kapsule-scaled.webp\" alt=\"HEKA B complex capsule\"><\/div><div class=\"product-info\"><h3 class=\"product-title\">HEKA B complex capsule<\/h3><div class=\"kolicina-izdelka\">60 capsule<\/div><div class=\"product-price\"><span class=\"wcpbc-price wcpbc-price-16730\" data-product-id=\"16730\"><span class=\"woocommerce-Price-amount amount\"><bdi>14,75\u00a0<span class=\"woocommerce-Price-currencySymbol\">&euro;<\/span><\/bdi><\/span><\/span><\/div><\/div><\/a><div class=\"product-actions\"><a href=\"https:\/\/heka-supplements.com\/it\/prodotto\/heka-b-complex-capsule\/\" class=\"product-read-more\">Leggi di pi\u00f9<\/a><a href=\"https:\/\/heka-supplements.com\/it\/add-to-cart\/\" class=\"button product_type_simple add_to_cart_button ajax_add_to_cart\" data-quantity=\"1\" data-product_id=\"16730\" data-product_sku=\"3830081250790\" aria-label=\"Aggiungi al carrello: &quot;HEKA B complex capsule&quot;\" rel=\"nofollow\"><img decoding=\"async\" src=\"\/wp-content\/uploads\/2025\/12\/cart.svg\" alt=\"Aggiungi al carrello\" aria-hidden=\"false\"><\/a><\/div><\/div><div class=\"product-card scale\" data-popularity-weight=\"0\"><a href=\"https:\/\/heka-supplements.com\/it\/prodotto\/heka-k2d3-spray\/\" class=\"product-link\"><div class=\"product-image\"><div class=\"tom-labels-container-prod\"><\/div><img decoding=\"async\" src=\"https:\/\/heka-supplements.com\/wp-content\/uploads\/2026\/01\/Heka-K2-D3-spray-1-scaled.webp\" alt=\"HEKA K2+D3 spray\"><\/div><div class=\"product-info\"><h3 class=\"product-title\">HEKA K2+D3 spray<\/h3><div class=\"kolicina-izdelka\">30 ml<\/div><div class=\"product-price\"><span class=\"wcpbc-price wcpbc-price-14376\" data-product-id=\"14376\"><span class=\"woocommerce-Price-amount amount\"><bdi>16,75\u00a0<span class=\"woocommerce-Price-currencySymbol\">&euro;<\/span><\/bdi><\/span><\/span><\/div><\/div><\/a><div class=\"product-actions\"><a href=\"https:\/\/heka-supplements.com\/it\/prodotto\/heka-k2d3-spray\/\" class=\"product-read-more\">Leggi di pi\u00f9<\/a><a href=\"https:\/\/heka-supplements.com\/it\/add-to-cart\/\" class=\"button product_type_simple add_to_cart_button ajax_add_to_cart\" data-quantity=\"1\" data-product_id=\"14376\" data-product_sku=\"3830081250738\" aria-label=\"Aggiungi al carrello: &quot;HEKA K2+D3 spray&quot;\" rel=\"nofollow\"><img decoding=\"async\" src=\"\/wp-content\/uploads\/2025\/12\/cart.svg\" alt=\"Aggiungi al carrello\" aria-hidden=\"false\"><\/a><\/div><\/div><div class=\"product-card scale\" data-popularity-weight=\"0\"><a href=\"https:\/\/heka-supplements.com\/it\/prodotto\/heka-k2-d3-gocce\/\" class=\"product-link\"><div class=\"product-image\"><div class=\"tom-labels-container-prod\"><\/div><img decoding=\"async\" src=\"https:\/\/heka-supplements.com\/wp-content\/uploads\/2026\/01\/Heka-K2D3-drops-scaled.webp\" alt=\"HEKA K2 D3 gocce\"><\/div><div class=\"product-info\"><h3 class=\"product-title\">HEKA K2 D3 gocce<\/h3><div class=\"kolicina-izdelka\">10 ml<\/div><div class=\"product-price\"><span class=\"wcpbc-price wcpbc-price-14432\" data-product-id=\"14432\"><span class=\"woocommerce-Price-amount amount\"><bdi>14,75\u00a0<span class=\"woocommerce-Price-currencySymbol\">&euro;<\/span><\/bdi><\/span><\/span><\/div><\/div><\/a><div class=\"product-actions\"><a href=\"https:\/\/heka-supplements.com\/it\/prodotto\/heka-k2-d3-gocce\/\" class=\"product-read-more\">Leggi di pi\u00f9<\/a><a href=\"https:\/\/heka-supplements.com\/it\/add-to-cart\/\" class=\"button product_type_simple add_to_cart_button ajax_add_to_cart\" data-quantity=\"1\" data-product_id=\"14432\" data-product_sku=\"3830081250721\" aria-label=\"Aggiungi al carrello: &quot;HEKA K2 D3 gocce&quot;\" rel=\"nofollow\"><img decoding=\"async\" src=\"\/wp-content\/uploads\/2025\/12\/cart.svg\" alt=\"Aggiungi al carrello\" aria-hidden=\"false\"><\/a><\/div><\/div><\/div><\/div><\/div>\n\n<\/div><\/div>\n\n","protected":false},"excerpt":{"rendered":"<p>Crediamo che la vera forza sia gi\u00e0 dentro ognuno di noi. Non bisogna aggiungere nulla, ma solo risvegliare l&#8217;energia che il corpo gi\u00e0 possiede, ma che perdiamo nel ritmo frenetico e stressante della vita moderna. Heka \u00e8 qui per i momenti in cui mancano le forze, per i giorni in cui lo stress prevale e&#8230;<\/p>\n","protected":false},"author":1,"featured_media":0,"parent":0,"menu_order":0,"comment_status":"closed","ping_status":"closed","template":"","meta":{"_acf_changed":false,"page_custom_class":"","page_custom_text":"","_kad_blocks_custom_css":"","_kad_blocks_head_custom_js":"","_kad_blocks_body_custom_js":"","_kad_blocks_footer_custom_js":"","_kad_post_transparent":"","_kad_post_title":"","_kad_post_layout":"fullwidth","_kad_post_sidebar_id":"","_kad_post_content_style":"","_kad_post_vertical_padding":"","_kad_post_feature":"","_kad_post_feature_position":"","_kad_post_header":false,"_kad_post_footer":false,"_kad_post_classname":"","page_custom_text_by_category":"","footnotes":""},"class_list":["post-11968","page","type-page","status-publish","hentry"],"acf":[],"taxonomy_info":[],"featured_image_src_large":false,"author_info":{"display_name":"wpm","author_link":"https:\/\/heka-supplements.com\/it\/author\/wpm\/"},"comment_info":"","_links":{"self":[{"href":"https:\/\/heka-supplements.com\/it\/wp-json\/wp\/v2\/pages\/11968","targetHints":{"allow":["GET"]}}],"collection":[{"href":"https:\/\/heka-supplements.com\/it\/wp-json\/wp\/v2\/pages"}],"about":[{"href":"https:\/\/heka-supplements.com\/it\/wp-json\/wp\/v2\/types\/page"}],"author":[{"embeddable":true,"href":"https:\/\/heka-supplements.com\/it\/wp-json\/wp\/v2\/users\/1"}],"replies":[{"embeddable":true,"href":"https:\/\/heka-supplements.com\/it\/wp-json\/wp\/v2\/comments?post=11968"}],"version-history":[{"count":0,"href":"https:\/\/heka-supplements.com\/it\/wp-json\/wp\/v2\/pages\/11968\/revisions"}],"wp:attachment":[{"href":"https:\/\/heka-supplements.com\/it\/wp-json\/wp\/v2\/media?parent=11968"}],"curies":[{"name":"wp","href":"https:\/\/api.w.org\/{rel}","templated":true}]}}