{"id":12856,"date":"2026-01-14T11:07:57","date_gmt":"2026-01-14T11:07:57","guid":{"rendered":"https:\/\/heka-supplements.com\/altalanos-uzleti-es-weboldal-hasznalati-feltetelek\/"},"modified":"2026-01-20T12:25:18","modified_gmt":"2026-01-20T12:25:18","slug":"altalanos-uzleti-es-weboldal-hasznalati-feltetelek","status":"publish","type":"page","link":"https:\/\/heka-supplements.com\/hu\/altalanos-uzleti-es-weboldal-hasznalati-feltetelek\/","title":{"rendered":"\u00c1ltal\u00e1nos \u00fczleti \u00e9s weboldal haszn\u00e1lati felt\u00e9telek"},"content":{"rendered":"\n<div class=\"wp-block-group\"><div class=\"wp-block-group__inner-container is-layout-flow wp-block-group-is-layout-flow\">\n<div class=\"wp-block-columns is-layout-flex wp-container-core-columns-is-layout-9d6595d7 wp-block-columns-is-layout-flex\">\n<div class=\"wp-block-column is-layout-flow wp-block-column-is-layout-flow\" style=\"flex-basis:100%\">\n<p><\/p>\n\n\n\n<h1 class=\"wp-block-heading\">\u00c1ltal\u00e1nos \u00fczleti felt\u00e9telek<\/h1>\n\n\n\n<h3 class=\"wp-block-heading\">A web\u00e1ruh\u00e1z m\u0171k\u00f6d\u00e9se<\/h3>\n\n\n\n<p><a href=\"https:\/\/heka-supplements.com\/\">https:\/\/heka-supplements.com\/<\/a> egy teljes k\u00f6r\u0171 szolg\u00e1ltat\u00e1st ny\u00fajt\u00f3 web\u00e1ruh\u00e1z a v\u00e1llalaton bel\u00fcl (a web\u00e1ruh\u00e1zban rendelt \u00e1ruk rakt\u00e1roz\u00e1sa \u00e9s kisz\u00e1ll\u00edt\u00e1sa):<\/p>\n\n\n\n<p>GlobalPharmacia Group d.o.o.<br\/>Poklukarjeva ulica 27, Ljubljana, 1000 Ljubljana<br\/>Ad\u00f3sz\u00e1m: SI88507114<br\/>C\u00e9gjegyz\u00e9ksz\u00e1m: 9037934000<br\/>E-mail: info@heka-supplements.com<\/p>\n\n\n\n<p>Az \u00c1ltal\u00e1nos \u00fczleti felt\u00e9telek a fogyaszt\u00f3v\u00e9delemre vonatkoz\u00f3 el\u0151\u00edr\u00e1soknak megfelel\u0151en, a Szlov\u00e9n Gazdas\u00e1gi Kamara aj\u00e1nl\u00e1sai alapj\u00e1n, valamint a nemzetk\u00f6zi online \u00e9s elektronikus kereskedelmi k\u00f3dexek szerint k\u00e9sz\u00fcltek.<\/p>\n\n\n\n<h3 class=\"wp-block-heading\">Bizalom \u00e9s biztons\u00e1g<\/h3>\n\n\n\n<p>A k\u00f6lcs\u00f6n\u00f6s bizalom minden tart\u00f3s \u00e9s min\u0151s\u00e9gi kapcsolat alapja.<\/p>\n\n\n\n<h3 class=\"wp-block-heading\">El\u00e9rhet\u0151s\u00e9gek<\/h3>\n\n\n\n<p>\u00dcgyf\u00e9lszolg\u00e1lat: info@heka-supplements.com, telefon: 069 719 709.<\/p>\n\n\n\n<h3 class=\"wp-block-heading\">Regisztr\u00e1ci\u00f3<\/h3>\n\n\n\n<p>A regisztr\u00e1ci\u00f3val felhaszn\u00e1l\u00f3i fi\u00f3kot \u00e9s v\u00e1s\u00e1rl\u00e1si jogot szerez.<\/p>\n\n\n\n<h3 class=\"wp-block-heading\">V\u00e1s\u00e1rl\u00e1s<\/h3>\n\n\n\n<p>A megrendel\u00e9s lead\u00e1sa ut\u00e1n \u00e9rtes\u00edt\u00e9st kap a megrendel\u00e9s elfogad\u00e1s\u00e1r\u00f3l.<\/p>\n\n\n\n<h3 class=\"wp-block-heading\">Ad\u00e1sv\u00e9teli szerz\u0151d\u00e9s<\/h3>\n\n\n\n<p>A megrendel\u00e9s visszaigazol\u00e1s\u00e1val ad\u00e1sv\u00e9teli szerz\u0151d\u00e9s j\u00f6n l\u00e9tre.<\/p>\n\n\n\n<h3 class=\"wp-block-heading\">\u00c1rak<\/h3>\n\n\n\n<p>Minden \u00e1r EUR-ban van felt\u00fcntetve \u00e9s tartalmazza az \u00c1FA-t.<\/p>\n\n\n\n<h2 class=\"wp-block-heading\">Fizet\u00e9si m\u00f3dok<\/h2>\n\n\n\n<h4 class=\"wp-block-heading\">K\u00e1rty\u00e1s fizet\u00e9s<\/h4>\n\n\n\n<p>Fizet\u00e9s hitel- vagy bankk\u00e1rty\u00e1val a v\u00e1s\u00e1rl\u00e1s v\u00e9g\u00e9n.<\/p>\n\n\n\n<h4 class=\"wp-block-heading\">El\u0151re utal\u00e1s<\/h4>\n\n\n\n<p>Fizet\u00e9s banki \u00e1tutal\u00e1ssal a megrendel\u00e9s visszaigazol\u00e1sa ut\u00e1n.<\/p>\n\n\n\n<h4 class=\"wp-block-heading\">Ut\u00e1nv\u00e9tes fizet\u00e9s<\/h4>\n\n\n\n<p>Fizet\u00e9s a csomag \u00e1tv\u00e9telekor.<\/p>\n\n\n\n<h3 class=\"wp-block-heading\">Sz\u00e1ll\u00edt\u00e1s<\/h3>\n\n\n\n<p>Sz\u00e1ll\u00edt\u00e1s a Szlov\u00e9n Posta vagy a GLS \u00e1ltal.<\/p>\n\n\n\n<h4 class=\"wp-block-heading\">Sz\u00e1ll\u00edt\u00e1si id\u0151<\/h4>\n\n\n\n<p>Sz\u00e1ll\u00edt\u00e1s \u00e1ltal\u00e1ban 3\u201310 napon bel\u00fcl.<\/p>\n\n\n\n<h3 class=\"wp-block-heading\">Hib\u00e1s teljes\u00edt\u00e9s<\/h3>\n\n\n\n<p>A fogyaszt\u00f3i jogokat a fogyaszt\u00f3v\u00e9delmi t\u00f6rv\u00e9ny szab\u00e1lyozza.<\/p>\n\n\n\n<h3 class=\"wp-block-heading\">El\u00e1ll\u00e1si jog <\/h3>\n\n\n\n<p>El\u00e1ll\u00e1s a szerz\u0151d\u00e9st\u0151l 14 napon bel\u00fcl, indokl\u00e1s n\u00e9lk\u00fcl.<\/p>\n\n\n\n<h3 class=\"wp-block-heading\">Panaszok \u00e9s vit\u00e1k<\/h3>\n\n\n\n<p>Panaszait k\u00fcldje az info@heka-supplements.com c\u00edmre.<\/p>\n\n\n\n<h3 class=\"wp-block-heading\">A weboldal nyilatkozata<\/h3>\n\n\n\n<p>Az inform\u00e1ci\u00f3k t\u00e1j\u00e9koztat\u00f3 jelleg\u0171ek \u00e9s nem min\u0151s\u00fclnek orvosi tan\u00e1csnak.<\/p>\n\n\n\n<h3 class=\"wp-block-heading\">Z\u00e1r\u00f3 rendelkez\u00e9s<\/h3>\n\n\n\n<p>A v\u00e1s\u00e1rl\u00e1ssal meger\u0151s\u00edti, hogy elfogadja az \u00fczleti felt\u00e9teleket.<\/p>\n<\/div>\n<\/div>\n\n\n\n<h2 class=\"wp-block-heading\"><br\/>A weboldal haszn\u00e1lat\u00e1nak \u00e1ltal\u00e1nos felt\u00e9telei<\/h2>\n\n\n\n<h3 class=\"wp-block-heading\">1. Weboldal<\/h3>\n\n\n\n<p>A heka-supplements.com weboldal \u00e9s annak \u00f6sszes aloldal\u00e1nak (a tov\u00e1bbiakban: \u201eWeboldal\u201d) tulajdonosa \u00e9s adminisztr\u00e1tora a GlobalPharmacia Group d.o.o., Poklukarjeva ulica 27, 1000 Ljubljana, c\u00e9gjegyz\u00e9ksz\u00e1m: 9037934000<\/p>\n\n\n\n<p>A Weboldalhoz val\u00f3 hozz\u00e1f\u00e9r\u00e9s \u00e9s annak haszn\u00e1lata az \u00e9rv\u00e9nyes jogszab\u00e1lyok, a jelen Weboldal haszn\u00e1lati \u00e1ltal\u00e1nos felt\u00e9telei (a tov\u00e1bbiakban: \u201e\u00c1ltal\u00e1nos Felhaszn\u00e1l\u00e1si Felt\u00e9telek\u201d) \u00e9s azokra hivatkoz\u00f3 egy\u00e9b szab\u00e1lyoz\u00e1sok \u00e1ltal meghat\u00e1rozott felt\u00e9telek mellett megengedett.<\/p>\n\n\n\n<h3 class=\"wp-block-heading\">2. A Weboldal tartalma<\/h3>\n\n\n\n<p>Arra t\u00f6reksz\u00fcnk, hogy a Weboldal tartalma naprak\u00e9sz legyen, \u00e9s pontos inform\u00e1ci\u00f3kat \u00e9s anyagokat tartalmazzon, azonban a pontoss\u00e1got, teljess\u00e9get \u00e9s aktualit\u00e1st nem garant\u00e1ljuk, \u00e9s erre nem is k\u00f6telez\u00fcnk. Nem v\u00e1llalunk felel\u0151ss\u00e9get a Weboldalon k\u00f6zz\u00e9tett inform\u00e1ci\u00f3k el\u00e9rhetetlens\u00e9g\u00e9b\u0151l, v\u00e1ltoz\u00e1s\u00e1b\u00f3l, hi\u00e1nyoss\u00e1g\u00e1b\u00f3l, hib\u00e1j\u00e1b\u00f3l vagy elavul\u00e1s\u00e1b\u00f3l ered\u0151 k\u00e1rok\u00e9rt. Tov\u00e1bb\u00e1 nem garant\u00e1ljuk, hogy a Weboldal vagy annak b\u00e1rmely tartalma mindig el\u00e9rhet\u0151 lesz, illetve hogy a hozz\u00e1f\u00e9r\u00e9s zavartalan lesz. A Weboldalt vagy annak r\u00e9szeit b\u00e1rmikor el\u0151zetes \u00e9rtes\u00edt\u00e9s n\u00e9lk\u00fcl visszavonhatjuk vagy m\u00f3dos\u00edthatjuk.    <\/p>\n\n\n\n<p>A Weboldalon k\u00f6zz\u00e9tett tartalom \u00e1ltal\u00e1nos t\u00e1j\u00e9koztat\u00f3 jelleg\u0171, \u00e9s nem min\u0151s\u00fcl jogi tan\u00e1csnak vagy egy\u00e9b jogi seg\u00edts\u00e9gnek, amelyre t\u00e1maszkodhat. Nem v\u00e1llalunk felel\u0151ss\u00e9get a weboldalunkon k\u00f6zz\u00e9tett inform\u00e1ci\u00f3k felhaszn\u00e1l\u00e1s\u00e1\u00e9rt. Ha a Weboldal m\u00e1s weboldalakra mutat\u00f3 linkeket \u00e9s azok tartalm\u00e1t tartalmazza, az ilyen linkek kiz\u00e1r\u00f3lag t\u00e1j\u00e9koztat\u00f3 jelleg\u0171ek. Ezen weboldalak tartalm\u00e1ra nincs befoly\u00e1sunk vagy ellen\u0151rz\u00e9s\u00fcnk. Ha tov\u00e1bbi inform\u00e1ci\u00f3t szeretne kapni a weboldalon k\u00f6zz\u00e9tett tartalomr\u00f3l, k\u00e9rj\u00fck, vegye fel vel\u00fcnk a kapcsolatot az info@pro-teh.si c\u00edmen.    <\/p>\n\n\n\n<h3 class=\"wp-block-heading\">3. Szellemi tulajdonjogok<\/h3>\n\n\n\n<p>Mi vagyunk a Weboldalon k\u00f6zz\u00e9tett tartalom \u00f6sszes szerz\u0151i jog\u00e1nak tulajdonosai. Mag\u00e1nc\u00e9l\u00fa felhaszn\u00e1l\u00e1sra kinyomtathatja, m\u00e1solhatja vagy mentheti a Weboldal r\u00e9szeit. A Weboldalon tal\u00e1lhat\u00f3 anyagokat el\u0151zetes \u00edr\u00e1sbeli hozz\u00e1j\u00e1rul\u00e1sunk n\u00e9lk\u00fcl nem haszn\u00e1lhatja \u00fczleti c\u00e9lokra.  <\/p>\n\n\n\n<p>Az \u00d6n tulajdon\u00e1ban l\u00e9v\u0151 weboldalon jogilag megfelel\u0151 m\u00f3don, \u00e9s oly m\u00f3don, hogy az ne s\u00e9rtse j\u00f3 h\u00edrnev\u00fcnket, tekint\u00e9ly\u00fcnket vagy \u00fczleti tev\u00e9kenys\u00e9g\u00fcnket, illetve ne \u00e9ljen vissza h\u00edrnev\u00fcnkkel indokolatlanul, hozhat l\u00e9tre linkeket a Weboldalra. Tilos olyan linkeket k\u00f6zz\u00e9tenni a Weboldalra, amelyek b\u00e1rmilyen, nem l\u00e9tez\u0151 kapcsolatot, egy\u00fcttm\u0171k\u00f6d\u00e9st vagy j\u00f3v\u00e1hagy\u00e1st sugallnak vagy sugallhatnak a r\u00e9sz\u00fcnkr\u0151l. Fenntartjuk a jogot, hogy b\u00e1rmikor visszavonjuk a Weboldalra mutat\u00f3 linkek k\u00f6zz\u00e9t\u00e9tel\u00e9re vonatkoz\u00f3 enged\u00e9lyt, \u00e9s\/vagy indokl\u00e1s n\u00e9lk\u00fcl k\u00e9rj\u00fck, hogy azonnal t\u00e1vol\u00edtson el minden, a Weboldalra mutat\u00f3 linket.   <\/p>\n\n\n\n<h3 class=\"wp-block-heading\">4. Szem\u00e9lyes adatok v\u00e9delme<\/h3>\n\n\n\n<p>A Weboldal s\u00fctiket haszn\u00e1l. Mik azok a s\u00fctik? Itt olvashat r\u00f3luk. A szem\u00e9lyes adatok kezel\u00e9s\u00e9r\u0151l b\u0151vebben az Adatv\u00e9delmi szab\u00e1lyzatban olvashat.  <\/p>\n\n\n\n<h3 class=\"wp-block-heading\">5. Az \u00c1ltal\u00e1nos Felhaszn\u00e1l\u00e1si Felt\u00e9telek m\u00f3dos\u00edt\u00e1sai<\/h3>\n\n\n\n<p>Az \u00c1ltal\u00e1nos Felhaszn\u00e1l\u00e1si Felt\u00e9teleket b\u00e1rmikor m\u00f3dos\u00edthatjuk. A Weboldal l\u00e1togat\u00e1sakor, az \u00c1ltal\u00e1nos Felhaszn\u00e1l\u00e1si Felt\u00e9telek m\u00f3dos\u00edt\u00e1s\u00e1nak hat\u00e1lybal\u00e9p\u00e9se ut\u00e1n, a m\u00f3dos\u00edtott \u00c1ltal\u00e1nos Felhaszn\u00e1l\u00e1si Felt\u00e9telek k\u00f6telez\u0151 \u00e9rv\u00e9ny\u0171ek lesznek \u00d6nre n\u00e9zve, ez\u00e9rt javasoljuk, hogy id\u0151nk\u00e9nt ellen\u0151rizze azok tartalm\u00e1t. <\/p>\n\n\n\n<h3 class=\"wp-block-heading\">6. Jog<\/h3>\n\n\n\n<p>Az \u00c1ltal\u00e1nos Felhaszn\u00e1l\u00e1si Felt\u00e9teleket a Szlov\u00e9n K\u00f6zt\u00e1rsas\u00e1g joga szerint kell \u00e9rtelmezni.<\/p>\n\n\n\n<h3 class=\"wp-block-heading\">7. Kapcsolat<\/h3>\n\n\n\n<p>B\u00e1rmilyen k\u00e9rd\u00e9s eset\u00e9n, amely a jelen \u00c1ltal\u00e1nos Felhaszn\u00e1l\u00e1si Felt\u00e9telekkel kapcsolatos, k\u00e9rj\u00fck, vegye fel vel\u00fcnk a kapcsolatot az info@heka-supplements.com c\u00edmen.<br\/>K\u00f6sz\u00f6nj\u00fck, hogy megl\u00e1togatta Weboldalunkat.<\/p>\n<\/div><\/div>\n\n<p>Az \u00c1ltal\u00e1nos \u00fczleti felt\u00e9telek \u00e9s a weboldal haszn\u00e1lati felt\u00e9telei \u00e9rv\u00e9nyesek 1-t\u0151l. 1. 2025.<\/p>\n","protected":false},"excerpt":{"rendered":"<p>\u00c1ltal\u00e1nos \u00fczleti felt\u00e9telek A web\u00e1ruh\u00e1z m\u0171k\u00f6d\u00e9se https:\/\/heka-supplements.com\/ egy teljes k\u00f6r\u0171 szolg\u00e1ltat\u00e1st ny\u00fajt\u00f3 web\u00e1ruh\u00e1z a v\u00e1llalaton bel\u00fcl (a web\u00e1ruh\u00e1zban rendelt \u00e1ruk rakt\u00e1roz\u00e1sa \u00e9s kisz\u00e1ll\u00edt\u00e1sa): GlobalPharmacia Group d.o.o.Poklukarjeva ulica 27, Ljubljana, 1000 LjubljanaAd\u00f3sz\u00e1m: SI88507114C\u00e9gjegyz\u00e9ksz\u00e1m: 9037934000E-mail: info@heka-supplements.com Az \u00c1ltal\u00e1nos \u00fczleti felt\u00e9telek a fogyaszt\u00f3v\u00e9delemre vonatkoz\u00f3 el\u0151\u00edr\u00e1soknak megfelel\u0151en, a Szlov\u00e9n Gazdas\u00e1gi Kamara aj\u00e1nl\u00e1sai alapj\u00e1n, valamint a nemzetk\u00f6zi online \u00e9s elektronikus&#8230;<\/p>\n","protected":false},"author":1,"featured_media":0,"parent":0,"menu_order":0,"comment_status":"closed","ping_status":"closed","template":"","meta":{"_acf_changed":false,"page_custom_class":"","page_custom_text":"","_kad_blocks_custom_css":"","_kad_blocks_head_custom_js":"","_kad_blocks_body_custom_js":"","_kad_blocks_footer_custom_js":"","_kad_post_transparent":"","_kad_post_title":"","_kad_post_layout":"","_kad_post_sidebar_id":"","_kad_post_content_style":"","_kad_post_vertical_padding":"","_kad_post_feature":"","_kad_post_feature_position":"","_kad_post_header":false,"_kad_post_footer":false,"_kad_post_classname":"","page_custom_text_by_category":"","footnotes":""},"class_list":["post-12856","page","type-page","status-publish","hentry"],"acf":[],"taxonomy_info":[],"featured_image_src_large":false,"author_info":{"display_name":"wpm","author_link":"https:\/\/heka-supplements.com\/hu\/author\/wpm\/"},"comment_info":"","_links":{"self":[{"href":"https:\/\/heka-supplements.com\/hu\/wp-json\/wp\/v2\/pages\/12856","targetHints":{"allow":["GET"]}}],"collection":[{"href":"https:\/\/heka-supplements.com\/hu\/wp-json\/wp\/v2\/pages"}],"about":[{"href":"https:\/\/heka-supplements.com\/hu\/wp-json\/wp\/v2\/types\/page"}],"author":[{"embeddable":true,"href":"https:\/\/heka-supplements.com\/hu\/wp-json\/wp\/v2\/users\/1"}],"replies":[{"embeddable":true,"href":"https:\/\/heka-supplements.com\/hu\/wp-json\/wp\/v2\/comments?post=12856"}],"version-history":[{"count":0,"href":"https:\/\/heka-supplements.com\/hu\/wp-json\/wp\/v2\/pages\/12856\/revisions"}],"wp:attachment":[{"href":"https:\/\/heka-supplements.com\/hu\/wp-json\/wp\/v2\/media?parent=12856"}],"curies":[{"name":"wp","href":"https:\/\/api.w.org\/{rel}","templated":true}]}}