{"id":12829,"date":"2026-01-06T08:02:22","date_gmt":"2026-01-06T08:02:22","guid":{"rendered":"https:\/\/heka-supplements.com\/szepseg\/"},"modified":"2026-01-27T12:51:46","modified_gmt":"2026-01-27T12:51:46","slug":"szepseg","status":"publish","type":"page","link":"https:\/\/heka-supplements.com\/hu\/szepseg\/","title":{"rendered":"Sz\u00e9ps\u00e9g"},"content":{"rendered":"<style>.kadence-column12829_85f561-3b > .kt-inside-inner-col{min-height:400px;}.kadence-column12829_85f561-3b > .kt-inside-inner-col,.kadence-column12829_85f561-3b > .kt-inside-inner-col:before{border-top-left-radius:0px;border-top-right-radius:0px;border-bottom-right-radius:0px;border-bottom-left-radius:0px;}.kadence-column12829_85f561-3b > .kt-inside-inner-col{column-gap:var(--global-kb-gap-sm, 1rem);}.kadence-column12829_85f561-3b > .kt-inside-inner-col{flex-direction:column;}.kadence-column12829_85f561-3b > .kt-inside-inner-col > .aligncenter{width:100%;}.kadence-column12829_85f561-3b > .kt-inside-inner-col{background-image:url('https:\/\/heka-supplements.com\/wp-content\/uploads\/2026\/01\/Beauty-banner-scaled.webp');background-size:cover;background-position:50% 51%;background-attachment:scroll;background-repeat:no-repeat;}.kadence-column12829_85f561-3b > .kt-inside-inner-col:before{opacity:0.3;}.kadence-column12829_85f561-3b{position:relative;}@media all and (max-width: 1024px){.kadence-column12829_85f561-3b > .kt-inside-inner-col{flex-direction:column;justify-content:center;}}@media all and (max-width: 767px){.kadence-column12829_85f561-3b > .kt-inside-inner-col{flex-direction:column;justify-content:center;}}<\/style>\n<div class=\"wp-block-kadence-column kadence-column12829_85f561-3b\"><div class=\"kt-inside-inner-col\"><\/div><\/div>\n\n\n<style>.kb-row-layout-id12829_b54a9d-74 > .kt-row-column-wrap{align-content:start;}:where(.kb-row-layout-id12829_b54a9d-74 > .kt-row-column-wrap) > .wp-block-kadence-column{justify-content:start;}.kb-row-layout-id12829_b54a9d-74 > .kt-row-column-wrap{column-gap:var(--global-kb-gap-md, 2rem);row-gap:var(--global-kb-gap-md, 2rem);max-width:var( --global-content-width, 1290px );padding-left:var(--global-content-edge-padding);padding-right:var(--global-content-edge-padding);padding-top:var(--global-kb-spacing-lg, 3rem);padding-bottom:var(--global-kb-spacing-lg, 3rem);grid-template-columns:minmax(0, 1fr);}.kb-row-layout-id12829_b54a9d-74 > .kt-row-layout-overlay{opacity:0.30;}@media all and (max-width: 1024px){.kb-row-layout-id12829_b54a9d-74 > .kt-row-column-wrap{grid-template-columns:minmax(0, 1fr);}}@media all and (max-width: 767px){.kb-row-layout-id12829_b54a9d-74 > .kt-row-column-wrap{grid-template-columns:minmax(0, 1fr);}}<\/style><div class=\"kb-row-layout-wrap kb-row-layout-id12829_b54a9d-74 alignnone wp-block-kadence-rowlayout\"><div class=\"kt-row-column-wrap kt-has-1-columns kt-row-layout-equal kt-tab-layout-inherit kt-mobile-layout-row kt-row-valign-top kb-theme-content-width\">\n<style>.kadence-column12829_f1f18d-49 > .kt-inside-inner-col,.kadence-column12829_f1f18d-49 > .kt-inside-inner-col:before{border-top-left-radius:0px;border-top-right-radius:0px;border-bottom-right-radius:0px;border-bottom-left-radius:0px;}.kadence-column12829_f1f18d-49 > .kt-inside-inner-col{column-gap:var(--global-kb-gap-sm, 1rem);}.kadence-column12829_f1f18d-49 > .kt-inside-inner-col{flex-direction:column;}.kadence-column12829_f1f18d-49 > .kt-inside-inner-col > .aligncenter{width:100%;}.kadence-column12829_f1f18d-49 > .kt-inside-inner-col:before{opacity:0.3;}.kadence-column12829_f1f18d-49{position:relative;}@media all and (max-width: 1024px){.kadence-column12829_f1f18d-49 > .kt-inside-inner-col{flex-direction:column;justify-content:center;}}@media all and (max-width: 767px){.kadence-column12829_f1f18d-49 > .kt-inside-inner-col{flex-direction:column;justify-content:center;}}<\/style>\n<div class=\"wp-block-kadence-column kadence-column12829_f1f18d-49\"><div class=\"kt-inside-inner-col\"><h2>Sz\u00e9ps\u00e9g<\/h2><div class=\"namen-block products-grid\"><div class=\"product-card scale\" data-popularity-weight=\"8\"><a href=\"https:\/\/heka-supplements.com\/hu\/term\u00e9ket\/heka-haj-bor-es-korom-gumicukor\/\" class=\"product-link\"><div class=\"product-image\"><div class=\"tom-labels-container-prod\"><\/div><img decoding=\"async\" src=\"https:\/\/heka-supplements.com\/wp-content\/uploads\/2026\/01\/Heka-Beauty-gumiji-scaled.webp\" alt=\"HEKA haj-, b\u0151r- \u00e9s k\u00f6r\u00f6m gumicukor\"><\/div><div class=\"product-info\"><h3 class=\"product-title\">HEKA haj-, b\u0151r- \u00e9s k\u00f6r\u00f6m gumicukor<\/h3><div class=\"kolicina-izdelka\">60 gumicukor<\/div><div class=\"product-price\"><span class=\"wcpbc-price wcpbc-price-16349\" data-product-id=\"16349\"><span class=\"woocommerce-Price-amount amount\"><bdi>12,75\u00a0<span class=\"woocommerce-Price-currencySymbol\">&euro;<\/span><\/bdi><\/span><\/span><\/div><\/div><\/a><div class=\"product-actions\"><a href=\"https:\/\/heka-supplements.com\/hu\/term\u00e9ket\/heka-haj-bor-es-korom-gumicukor\/\" class=\"product-read-more\">B\u0151vebben<\/a><a href=\"https:\/\/heka-supplements.com\/hu\/add-to-cart\/\" class=\"button product_type_simple add_to_cart_button ajax_add_to_cart\" data-quantity=\"1\" data-product_id=\"16349\" data-product_sku=\"3830081250479\" aria-label=\"Kos\u00e1rba: &ldquo;HEKA haj-, b\u0151r- \u00e9s k\u00f6r\u00f6m gumicukor&rdquo;\" rel=\"nofollow\"><img decoding=\"async\" src=\"\/wp-content\/uploads\/2025\/12\/cart.svg\" alt=\"Kos\u00e1rba teszem\" aria-hidden=\"false\"><\/a><\/div><\/div><div class=\"product-card scale\" data-popularity-weight=\"4\"><a href=\"https:\/\/heka-supplements.com\/hu\/term\u00e9ket\/heka-vegan-omega-3-lagyzsele-kapszula\/\" class=\"product-link\"><div class=\"product-image\"><div class=\"tom-labels-container-prod\"><\/div><img decoding=\"async\" src=\"https:\/\/heka-supplements.com\/wp-content\/uploads\/2026\/01\/Omega-3-vegan-1-scaled.webp\" alt=\"HEKA veg\u00e1n Omega-3 l\u00e1gyzsel\u00e9 kapszula\"><\/div><div class=\"product-info\"><h3 class=\"product-title\">HEKA veg\u00e1n Omega-3 l\u00e1gyzsel\u00e9 kapszula<\/h3><div class=\"kolicina-izdelka\">120 l\u00e1gy kapszula<\/div><div class=\"product-price\"><span class=\"wcpbc-price wcpbc-price-16564\" data-product-id=\"16564\"><span class=\"woocommerce-Price-amount amount\"><bdi>29,75\u00a0<span class=\"woocommerce-Price-currencySymbol\">&euro;<\/span><\/bdi><\/span><\/span><\/div><\/div><\/a><div class=\"product-actions\"><a href=\"https:\/\/heka-supplements.com\/hu\/term\u00e9ket\/heka-vegan-omega-3-lagyzsele-kapszula\/\" class=\"product-read-more\">B\u0151vebben<\/a><a href=\"https:\/\/heka-supplements.com\/hu\/add-to-cart\/\" class=\"button product_type_simple add_to_cart_button ajax_add_to_cart\" data-quantity=\"1\" data-product_id=\"16564\" data-product_sku=\"3830081250844\" aria-label=\"Kos\u00e1rba: &ldquo;HEKA veg\u00e1n Omega-3 l\u00e1gyzsel\u00e9 kapszula&rdquo;\" rel=\"nofollow\"><img decoding=\"async\" src=\"\/wp-content\/uploads\/2025\/12\/cart.svg\" alt=\"Kos\u00e1rba teszem\" aria-hidden=\"false\"><\/a><\/div><\/div><div class=\"product-card scale\" data-popularity-weight=\"0\"><a href=\"https:\/\/heka-supplements.com\/hu\/term\u00e9ket\/heka-omega-3-halolajbol\/\" class=\"product-link\"><div class=\"product-image\"><div class=\"tom-labels-container-prod\"><\/div><img decoding=\"async\" src=\"https:\/\/heka-supplements.com\/wp-content\/uploads\/2026\/01\/HEKA-Omega-3-softgel-scaled.webp\" alt=\"HEKA omega-3 halolajb\u00f3l\"><\/div><div class=\"product-info\"><h3 class=\"product-title\">HEKA omega-3 halolajb\u00f3l<\/h3><div class=\"kolicina-izdelka\">180 l\u00e1gy kapszula<\/div><div class=\"product-price\"><span class=\"wcpbc-price wcpbc-price-16711\" data-product-id=\"16711\"><span class=\"woocommerce-Price-amount amount\"><bdi>16,75\u00a0<span class=\"woocommerce-Price-currencySymbol\">&euro;<\/span><\/bdi><\/span><\/span><\/div><\/div><\/a><div class=\"product-actions\"><a href=\"https:\/\/heka-supplements.com\/hu\/term\u00e9ket\/heka-omega-3-halolajbol\/\" class=\"product-read-more\">B\u0151vebben<\/a><a href=\"https:\/\/heka-supplements.com\/hu\/add-to-cart\/\" class=\"button product_type_simple add_to_cart_button ajax_add_to_cart\" data-quantity=\"1\" data-product_id=\"16711\" data-product_sku=\"3830081250837\" aria-label=\"Kos\u00e1rba: &ldquo;HEKA omega-3 halolajb\u00f3l&rdquo;\" rel=\"nofollow\"><img decoding=\"async\" src=\"\/wp-content\/uploads\/2025\/12\/cart.svg\" alt=\"Kos\u00e1rba teszem\" aria-hidden=\"false\"><\/a><\/div><\/div><div class=\"product-card scale\" data-popularity-weight=\"0\"><a href=\"https:\/\/heka-supplements.com\/hu\/term\u00e9ket\/heka-cink-kapszula\/\" class=\"product-link\"><div class=\"product-image\"><div class=\"tom-labels-container-prod\"><\/div><img decoding=\"async\" src=\"https:\/\/heka-supplements.com\/wp-content\/uploads\/2026\/01\/Heka-cink-scaled.webp\" alt=\"HEKA cink kapszula\"><\/div><div class=\"product-info\"><h3 class=\"product-title\">HEKA cink kapszula<\/h3><div class=\"kolicina-izdelka\">60 kapszula<\/div><div class=\"product-price\"><span class=\"wcpbc-price wcpbc-price-15662\" data-product-id=\"15662\"><span class=\"woocommerce-Price-amount amount\"><bdi>14,75\u00a0<span class=\"woocommerce-Price-currencySymbol\">&euro;<\/span><\/bdi><\/span><\/span><\/div><\/div><\/a><div class=\"product-actions\"><a href=\"https:\/\/heka-supplements.com\/hu\/term\u00e9ket\/heka-cink-kapszula\/\" class=\"product-read-more\">B\u0151vebben<\/a><a href=\"https:\/\/heka-supplements.com\/hu\/add-to-cart\/\" class=\"button product_type_simple add_to_cart_button ajax_add_to_cart\" data-quantity=\"1\" data-product_id=\"15662\" data-product_sku=\"3830081250868\" aria-label=\"Kos\u00e1rba: &ldquo;HEKA cink kapszula&rdquo;\" rel=\"nofollow\"><img decoding=\"async\" src=\"\/wp-content\/uploads\/2025\/12\/cart.svg\" alt=\"Kos\u00e1rba teszem\" aria-hidden=\"false\"><\/a><\/div><\/div><div class=\"product-card scale\" data-popularity-weight=\"0\"><a href=\"https:\/\/heka-supplements.com\/hu\/term\u00e9ket\/heka-c-vitamin-kapszula\/\" class=\"product-link\"><div class=\"product-image\"><div class=\"tom-labels-container-prod\"><\/div><img decoding=\"async\" src=\"https:\/\/heka-supplements.com\/wp-content\/uploads\/2026\/01\/HEKA-Vitamin-C-scaled.webp\" alt=\"HEKA C-vitamin kapszula\"><\/div><div class=\"product-info\"><h3 class=\"product-title\">HEKA C-vitamin kapszula<\/h3><div class=\"kolicina-izdelka\">60 kapszula<\/div><div class=\"product-price\"><span class=\"wcpbc-price wcpbc-price-15245\" data-product-id=\"15245\"><span class=\"woocommerce-Price-amount amount\"><bdi>14,75\u00a0<span class=\"woocommerce-Price-currencySymbol\">&euro;<\/span><\/bdi><\/span><\/span><\/div><\/div><\/a><div class=\"product-actions\"><a href=\"https:\/\/heka-supplements.com\/hu\/term\u00e9ket\/heka-c-vitamin-kapszula\/\" class=\"product-read-more\">B\u0151vebben<\/a><a href=\"https:\/\/heka-supplements.com\/hu\/add-to-cart\/\" class=\"button product_type_simple add_to_cart_button ajax_add_to_cart\" data-quantity=\"1\" data-product_id=\"15245\" data-product_sku=\"3830081250813\" aria-label=\"Kos\u00e1rba: &ldquo;HEKA C-vitamin kapszula&rdquo;\" rel=\"nofollow\"><img decoding=\"async\" src=\"\/wp-content\/uploads\/2025\/12\/cart.svg\" alt=\"Kos\u00e1rba teszem\" aria-hidden=\"false\"><\/a><\/div><\/div><div class=\"product-card scale\" data-popularity-weight=\"7\"><a href=\"https:\/\/heka-supplements.com\/hu\/term\u00e9ket\/heka-kapszulak-hajra-borre-es-kormokre\/\" class=\"product-link\"><div class=\"product-image\"><div class=\"tom-labels-container-prod\"><\/div><img decoding=\"async\" src=\"https:\/\/heka-supplements.com\/wp-content\/uploads\/2026\/01\/HEKA-Hair-and-Beauty-capsule-scaled.webp\" alt=\"HEKA kapszul\u00e1k hajra, b\u0151rre \u00e9s k\u00f6rm\u00f6kre\"><\/div><div class=\"product-info\"><h3 class=\"product-title\">HEKA kapszul\u00e1k hajra, b\u0151rre \u00e9s k\u00f6rm\u00f6kre<\/h3><div class=\"kolicina-izdelka\">60 kapszula<\/div><div class=\"product-price\"><span class=\"wcpbc-price wcpbc-price-15320\" data-product-id=\"15320\"><span class=\"woocommerce-Price-amount amount\"><bdi>14,75\u00a0<span class=\"woocommerce-Price-currencySymbol\">&euro;<\/span><\/bdi><\/span><\/span><\/div><\/div><\/a><div class=\"product-actions\"><a href=\"https:\/\/heka-supplements.com\/hu\/term\u00e9ket\/heka-kapszulak-hajra-borre-es-kormokre\/\" class=\"product-read-more\">B\u0151vebben<\/a><a href=\"https:\/\/heka-supplements.com\/hu\/add-to-cart\/\" class=\"button product_type_simple add_to_cart_button ajax_add_to_cart\" data-quantity=\"1\" data-product_id=\"15320\" data-product_sku=\"3830081250820\" aria-label=\"Kos\u00e1rba: &ldquo;HEKA kapszul\u00e1k hajra, b\u0151rre \u00e9s k\u00f6rm\u00f6kre&rdquo;\" rel=\"nofollow\"><img decoding=\"async\" src=\"\/wp-content\/uploads\/2025\/12\/cart.svg\" alt=\"Kos\u00e1rba teszem\" aria-hidden=\"false\"><\/a><\/div><\/div><\/div><\/div><\/div>\n\n<\/div><\/div>","protected":false},"excerpt":{"rendered":"","protected":false},"author":1,"featured_media":0,"parent":0,"menu_order":4,"comment_status":"closed","ping_status":"closed","template":"","meta":{"_acf_changed":false,"page_custom_class":"","page_custom_text":"","_kad_blocks_custom_css":"","_kad_blocks_head_custom_js":"","_kad_blocks_body_custom_js":"","_kad_blocks_footer_custom_js":"","_kad_post_transparent":"","_kad_post_title":"","_kad_post_layout":"fullwidth","_kad_post_sidebar_id":"","_kad_post_content_style":"","_kad_post_vertical_padding":"","_kad_post_feature":"","_kad_post_feature_position":"","_kad_post_header":false,"_kad_post_footer":false,"_kad_post_classname":"","page_custom_text_by_category":"","footnotes":""},"class_list":["post-12829","page","type-page","status-publish","hentry"],"acf":[],"taxonomy_info":[],"featured_image_src_large":false,"author_info":{"display_name":"wpm","author_link":"https:\/\/heka-supplements.com\/hu\/author\/wpm\/"},"comment_info":"","_links":{"self":[{"href":"https:\/\/heka-supplements.com\/hu\/wp-json\/wp\/v2\/pages\/12829","targetHints":{"allow":["GET"]}}],"collection":[{"href":"https:\/\/heka-supplements.com\/hu\/wp-json\/wp\/v2\/pages"}],"about":[{"href":"https:\/\/heka-supplements.com\/hu\/wp-json\/wp\/v2\/types\/page"}],"author":[{"embeddable":true,"href":"https:\/\/heka-supplements.com\/hu\/wp-json\/wp\/v2\/users\/1"}],"replies":[{"embeddable":true,"href":"https:\/\/heka-supplements.com\/hu\/wp-json\/wp\/v2\/comments?post=12829"}],"version-history":[{"count":0,"href":"https:\/\/heka-supplements.com\/hu\/wp-json\/wp\/v2\/pages\/12829\/revisions"}],"wp:attachment":[{"href":"https:\/\/heka-supplements.com\/hu\/wp-json\/wp\/v2\/media?parent=12829"}],"curies":[{"name":"wp","href":"https:\/\/api.w.org\/{rel}","templated":true}]}}