{"id":12274,"date":"2025-12-18T11:25:36","date_gmt":"2025-12-18T11:25:36","guid":{"rendered":"https:\/\/heka-supplements.com\/immunrendszer\/"},"modified":"2026-01-28T17:45:19","modified_gmt":"2026-01-28T17:45:19","slug":"immunrendszer","status":"publish","type":"page","link":"https:\/\/heka-supplements.com\/hu\/immunrendszer\/","title":{"rendered":"Immunrendszer"},"content":{"rendered":"<style>.kadence-column12274_0922c0-98 > .kt-inside-inner-col{min-height:400px;}.kadence-column12274_0922c0-98 > .kt-inside-inner-col,.kadence-column12274_0922c0-98 > .kt-inside-inner-col:before{border-top-left-radius:0px;border-top-right-radius:0px;border-bottom-right-radius:0px;border-bottom-left-radius:0px;}.kadence-column12274_0922c0-98 > .kt-inside-inner-col{column-gap:var(--global-kb-gap-sm, 1rem);}.kadence-column12274_0922c0-98 > .kt-inside-inner-col{flex-direction:column;}.kadence-column12274_0922c0-98 > .kt-inside-inner-col > .aligncenter{width:100%;}.kadence-column12274_0922c0-98 > .kt-inside-inner-col{background-image:url('https:\/\/heka-supplements.com\/wp-content\/uploads\/2026\/01\/Imunski-sistem-2-scaled.webp');background-size:cover;background-position:center center;background-attachment:scroll;background-repeat:no-repeat;}.kadence-column12274_0922c0-98 > .kt-inside-inner-col:before{opacity:0.3;}.kadence-column12274_0922c0-98{position:relative;}@media all and (max-width: 1024px){.kadence-column12274_0922c0-98 > .kt-inside-inner-col{flex-direction:column;justify-content:center;}}@media all and (max-width: 767px){.kadence-column12274_0922c0-98 > .kt-inside-inner-col{flex-direction:column;justify-content:center;}}<\/style>\n<div class=\"wp-block-kadence-column kadence-column12274_0922c0-98\"><div class=\"kt-inside-inner-col\"><\/div><\/div>\n\n\n\n\n\n\n\n\n\n\n<style>.kb-row-layout-id12274_9a29c7-62 > .kt-row-column-wrap{align-content:start;}:where(.kb-row-layout-id12274_9a29c7-62 > .kt-row-column-wrap) > .wp-block-kadence-column{justify-content:start;}.kb-row-layout-id12274_9a29c7-62 > .kt-row-column-wrap{column-gap:var(--global-kb-gap-md, 2rem);row-gap:var(--global-kb-gap-md, 2rem);max-width:var( --global-content-width, 1290px );padding-left:var(--global-content-edge-padding);padding-right:var(--global-content-edge-padding);padding-top:var(--global-kb-spacing-lg, 3rem);padding-bottom:var(--global-kb-spacing-lg, 3rem);grid-template-columns:minmax(0, 1fr);}.kb-row-layout-id12274_9a29c7-62 > .kt-row-layout-overlay{opacity:0.30;}@media all and (max-width: 1024px){.kb-row-layout-id12274_9a29c7-62 > .kt-row-column-wrap{grid-template-columns:minmax(0, 1fr);}}@media all and (max-width: 767px){.kb-row-layout-id12274_9a29c7-62 > .kt-row-column-wrap{grid-template-columns:minmax(0, 1fr);}}<\/style><div class=\"kb-row-layout-wrap kb-row-layout-id12274_9a29c7-62 alignnone wp-block-kadence-rowlayout\"><div class=\"kt-row-column-wrap kt-has-1-columns kt-row-layout-equal kt-tab-layout-inherit kt-mobile-layout-row kt-row-valign-top kb-theme-content-width\">\n<style>.kadence-column12274_caee37-2e > .kt-inside-inner-col,.kadence-column12274_caee37-2e > .kt-inside-inner-col:before{border-top-left-radius:0px;border-top-right-radius:0px;border-bottom-right-radius:0px;border-bottom-left-radius:0px;}.kadence-column12274_caee37-2e > .kt-inside-inner-col{column-gap:var(--global-kb-gap-sm, 1rem);}.kadence-column12274_caee37-2e > .kt-inside-inner-col{flex-direction:column;}.kadence-column12274_caee37-2e > .kt-inside-inner-col > .aligncenter{width:100%;}.kadence-column12274_caee37-2e > .kt-inside-inner-col:before{opacity:0.3;}.kadence-column12274_caee37-2e{position:relative;}@media all and (max-width: 1024px){.kadence-column12274_caee37-2e > .kt-inside-inner-col{flex-direction:column;justify-content:center;}}@media all and (max-width: 767px){.kadence-column12274_caee37-2e > .kt-inside-inner-col{flex-direction:column;justify-content:center;}}<\/style>\n<div class=\"wp-block-kadence-column kadence-column12274_caee37-2e\"><div class=\"kt-inside-inner-col\"><h2>Immunrendszer<\/h2><div class=\"namen-block products-grid\"><div class=\"product-card scale\" data-popularity-weight=\"3\"><a href=\"https:\/\/heka-supplements.com\/hu\/term\u00e9ket\/heka-d3-vitamin-softgel-kapszulak\/\" class=\"product-link\"><div class=\"product-image\"><div class=\"tom-labels-container-prod\"><\/div><img decoding=\"async\" src=\"https:\/\/heka-supplements.com\/wp-content\/uploads\/2026\/01\/Vitamin-D3-HEKA-softgels-scaled.webp\" alt=\"HEKA D3-vitamin softgel kapszul\u00e1k\"><\/div><div class=\"product-info\"><h3 class=\"product-title\">HEKA D3-vitamin softgel kapszul\u00e1k<\/h3><div class=\"kolicina-izdelka\">180 l\u00e1gy kapszula<\/div><div class=\"product-price\"><span class=\"wcpbc-price wcpbc-price-16504\" data-product-id=\"16504\"><span class=\"woocommerce-Price-amount amount\"><bdi>14,75\u00a0<span class=\"woocommerce-Price-currencySymbol\">&euro;<\/span><\/bdi><\/span><\/span><\/div><\/div><\/a><div class=\"product-actions\"><a href=\"https:\/\/heka-supplements.com\/hu\/term\u00e9ket\/heka-d3-vitamin-softgel-kapszulak\/\" class=\"product-read-more\">B\u0151vebben<\/a><a href=\"https:\/\/heka-supplements.com\/hu\/add-to-cart\/\" class=\"button product_type_simple add_to_cart_button ajax_add_to_cart\" data-quantity=\"1\" data-product_id=\"16504\" data-product_sku=\"3830081250851\" aria-label=\"Kos\u00e1rba: &ldquo;HEKA D3-vitamin softgel kapszul\u00e1k&rdquo;\" rel=\"nofollow\"><img decoding=\"async\" src=\"\/wp-content\/uploads\/2025\/12\/cart.svg\" alt=\"Kos\u00e1rba teszem\" aria-hidden=\"false\"><\/a><\/div><\/div><div class=\"product-card scale\" data-popularity-weight=\"4\"><a href=\"https:\/\/heka-supplements.com\/hu\/term\u00e9ket\/heka-vegan-omega-3-lagyzsele-kapszula\/\" class=\"product-link\"><div class=\"product-image\"><div class=\"tom-labels-container-prod\"><\/div><img decoding=\"async\" src=\"https:\/\/heka-supplements.com\/wp-content\/uploads\/2026\/01\/Omega-3-vegan-1-scaled.webp\" alt=\"HEKA veg\u00e1n Omega-3 l\u00e1gyzsel\u00e9 kapszula\"><\/div><div class=\"product-info\"><h3 class=\"product-title\">HEKA veg\u00e1n Omega-3 l\u00e1gyzsel\u00e9 kapszula<\/h3><div class=\"kolicina-izdelka\">120 l\u00e1gy kapszula<\/div><div class=\"product-price\"><span class=\"wcpbc-price wcpbc-price-16564\" data-product-id=\"16564\"><span class=\"woocommerce-Price-amount amount\"><bdi>29,75\u00a0<span class=\"woocommerce-Price-currencySymbol\">&euro;<\/span><\/bdi><\/span><\/span><\/div><\/div><\/a><div class=\"product-actions\"><a href=\"https:\/\/heka-supplements.com\/hu\/term\u00e9ket\/heka-vegan-omega-3-lagyzsele-kapszula\/\" class=\"product-read-more\">B\u0151vebben<\/a><a href=\"https:\/\/heka-supplements.com\/hu\/add-to-cart\/\" class=\"button product_type_simple add_to_cart_button ajax_add_to_cart\" data-quantity=\"1\" data-product_id=\"16564\" data-product_sku=\"3830081250844\" aria-label=\"Kos\u00e1rba: &ldquo;HEKA veg\u00e1n Omega-3 l\u00e1gyzsel\u00e9 kapszula&rdquo;\" rel=\"nofollow\"><img decoding=\"async\" src=\"\/wp-content\/uploads\/2025\/12\/cart.svg\" alt=\"Kos\u00e1rba teszem\" aria-hidden=\"false\"><\/a><\/div><\/div><div class=\"product-card scale\" data-popularity-weight=\"0\"><a href=\"https:\/\/heka-supplements.com\/hu\/term\u00e9ket\/heka-omega-3-halolajbol\/\" class=\"product-link\"><div class=\"product-image\"><div class=\"tom-labels-container-prod\"><\/div><img decoding=\"async\" src=\"https:\/\/heka-supplements.com\/wp-content\/uploads\/2026\/01\/HEKA-Omega-3-softgel-scaled.webp\" alt=\"HEKA omega-3 halolajb\u00f3l\"><\/div><div class=\"product-info\"><h3 class=\"product-title\">HEKA omega-3 halolajb\u00f3l<\/h3><div class=\"kolicina-izdelka\">180 l\u00e1gy kapszula<\/div><div class=\"product-price\"><span class=\"wcpbc-price wcpbc-price-16711\" data-product-id=\"16711\"><span class=\"woocommerce-Price-amount amount\"><bdi>16,75\u00a0<span class=\"woocommerce-Price-currencySymbol\">&euro;<\/span><\/bdi><\/span><\/span><\/div><\/div><\/a><div class=\"product-actions\"><a href=\"https:\/\/heka-supplements.com\/hu\/term\u00e9ket\/heka-omega-3-halolajbol\/\" class=\"product-read-more\">B\u0151vebben<\/a><a href=\"https:\/\/heka-supplements.com\/hu\/add-to-cart\/\" class=\"button product_type_simple add_to_cart_button ajax_add_to_cart\" data-quantity=\"1\" data-product_id=\"16711\" data-product_sku=\"3830081250837\" aria-label=\"Kos\u00e1rba: &ldquo;HEKA omega-3 halolajb\u00f3l&rdquo;\" rel=\"nofollow\"><img decoding=\"async\" src=\"\/wp-content\/uploads\/2025\/12\/cart.svg\" alt=\"Kos\u00e1rba teszem\" aria-hidden=\"false\"><\/a><\/div><\/div><div class=\"product-card scale\" data-popularity-weight=\"0\"><a href=\"https:\/\/heka-supplements.com\/hu\/term\u00e9ket\/heka-cink-kapszula\/\" class=\"product-link\"><div class=\"product-image\"><div class=\"tom-labels-container-prod\"><\/div><img decoding=\"async\" src=\"https:\/\/heka-supplements.com\/wp-content\/uploads\/2026\/01\/Heka-cink-scaled.webp\" alt=\"HEKA cink kapszula\"><\/div><div class=\"product-info\"><h3 class=\"product-title\">HEKA cink kapszula<\/h3><div class=\"kolicina-izdelka\">60 kapszula<\/div><div class=\"product-price\"><span class=\"wcpbc-price wcpbc-price-15662\" data-product-id=\"15662\"><span class=\"woocommerce-Price-amount amount\"><bdi>14,75\u00a0<span class=\"woocommerce-Price-currencySymbol\">&euro;<\/span><\/bdi><\/span><\/span><\/div><\/div><\/a><div class=\"product-actions\"><a href=\"https:\/\/heka-supplements.com\/hu\/term\u00e9ket\/heka-cink-kapszula\/\" class=\"product-read-more\">B\u0151vebben<\/a><a href=\"https:\/\/heka-supplements.com\/hu\/add-to-cart\/\" class=\"button product_type_simple add_to_cart_button ajax_add_to_cart\" data-quantity=\"1\" data-product_id=\"15662\" data-product_sku=\"3830081250868\" aria-label=\"Kos\u00e1rba: &ldquo;HEKA cink kapszula&rdquo;\" rel=\"nofollow\"><img decoding=\"async\" src=\"\/wp-content\/uploads\/2025\/12\/cart.svg\" alt=\"Kos\u00e1rba teszem\" aria-hidden=\"false\"><\/a><\/div><\/div><div class=\"product-card scale\" data-popularity-weight=\"0\"><a href=\"https:\/\/heka-supplements.com\/hu\/term\u00e9ket\/heka-c-vitamin-kapszula\/\" class=\"product-link\"><div class=\"product-image\"><div class=\"tom-labels-container-prod\"><\/div><img decoding=\"async\" src=\"https:\/\/heka-supplements.com\/wp-content\/uploads\/2026\/01\/HEKA-Vitamin-C-scaled.webp\" alt=\"HEKA C-vitamin kapszula\"><\/div><div class=\"product-info\"><h3 class=\"product-title\">HEKA C-vitamin kapszula<\/h3><div class=\"kolicina-izdelka\">60 kapszula<\/div><div class=\"product-price\"><span class=\"wcpbc-price wcpbc-price-15245\" data-product-id=\"15245\"><span class=\"woocommerce-Price-amount amount\"><bdi>14,75\u00a0<span class=\"woocommerce-Price-currencySymbol\">&euro;<\/span><\/bdi><\/span><\/span><\/div><\/div><\/a><div class=\"product-actions\"><a href=\"https:\/\/heka-supplements.com\/hu\/term\u00e9ket\/heka-c-vitamin-kapszula\/\" class=\"product-read-more\">B\u0151vebben<\/a><a href=\"https:\/\/heka-supplements.com\/hu\/add-to-cart\/\" class=\"button product_type_simple add_to_cart_button ajax_add_to_cart\" data-quantity=\"1\" data-product_id=\"15245\" data-product_sku=\"3830081250813\" aria-label=\"Kos\u00e1rba: &ldquo;HEKA C-vitamin kapszula&rdquo;\" rel=\"nofollow\"><img decoding=\"async\" src=\"\/wp-content\/uploads\/2025\/12\/cart.svg\" alt=\"Kos\u00e1rba teszem\" aria-hidden=\"false\"><\/a><\/div><\/div><div class=\"product-card scale\" data-popularity-weight=\"10\"><a href=\"https:\/\/heka-supplements.com\/hu\/term\u00e9ket\/heka-vas-c-vitamin-kapszula\/\" class=\"product-link\"><div class=\"product-image\"><div class=\"tom-labels-container-prod\"><\/div><img decoding=\"async\" src=\"https:\/\/heka-supplements.com\/wp-content\/uploads\/2026\/01\/Heka-iron-vitamin-C-1-scaled.webp\" alt=\"HEKA vas + C-vitamin kapszula\"><\/div><div class=\"product-info\"><h3 class=\"product-title\">HEKA vas + C-vitamin kapszula<\/h3><div class=\"kolicina-izdelka\">60 kapszula<\/div><div class=\"product-price\"><span class=\"wcpbc-price wcpbc-price-16873\" data-product-id=\"16873\"><span class=\"woocommerce-Price-amount amount\"><bdi>14,75\u00a0<span class=\"woocommerce-Price-currencySymbol\">&euro;<\/span><\/bdi><\/span><\/span><\/div><\/div><\/a><div class=\"product-actions\"><a href=\"https:\/\/heka-supplements.com\/hu\/term\u00e9ket\/heka-vas-c-vitamin-kapszula\/\" class=\"product-read-more\">B\u0151vebben<\/a><a href=\"https:\/\/heka-supplements.com\/hu\/add-to-cart\/\" class=\"button product_type_simple add_to_cart_button ajax_add_to_cart\" data-quantity=\"1\" data-product_id=\"16873\" data-product_sku=\"3830081250776\" aria-label=\"Kos\u00e1rba: &ldquo;HEKA vas + C-vitamin kapszula&rdquo;\" rel=\"nofollow\"><img decoding=\"async\" src=\"\/wp-content\/uploads\/2025\/12\/cart.svg\" alt=\"Kos\u00e1rba teszem\" aria-hidden=\"false\"><\/a><\/div><\/div><div class=\"product-card scale\" data-popularity-weight=\"0\"><a href=\"https:\/\/heka-supplements.com\/hu\/term\u00e9ket\/heka-k2d3-spray\/\" class=\"product-link\"><div class=\"product-image\"><div class=\"tom-labels-container-prod\"><\/div><img decoding=\"async\" src=\"https:\/\/heka-supplements.com\/wp-content\/uploads\/2026\/01\/Heka-K2-D3-spray-1-scaled.webp\" alt=\"HEKA K2+D3 spray\"><\/div><div class=\"product-info\"><h3 class=\"product-title\">HEKA K2+D3 spray<\/h3><div class=\"kolicina-izdelka\">30 ml<\/div><div class=\"product-price\"><span class=\"wcpbc-price wcpbc-price-14391\" data-product-id=\"14391\"><span class=\"woocommerce-Price-amount amount\"><bdi>16,75\u00a0<span class=\"woocommerce-Price-currencySymbol\">&euro;<\/span><\/bdi><\/span><\/span><\/div><\/div><\/a><div class=\"product-actions\"><a href=\"https:\/\/heka-supplements.com\/hu\/term\u00e9ket\/heka-k2d3-spray\/\" class=\"product-read-more\">B\u0151vebben<\/a><a href=\"https:\/\/heka-supplements.com\/hu\/add-to-cart\/\" class=\"button product_type_simple add_to_cart_button ajax_add_to_cart\" data-quantity=\"1\" data-product_id=\"14391\" data-product_sku=\"3830081250738\" aria-label=\"Kos\u00e1rba: &ldquo;HEKA K2+D3 spray&rdquo;\" rel=\"nofollow\"><img decoding=\"async\" src=\"\/wp-content\/uploads\/2025\/12\/cart.svg\" alt=\"Kos\u00e1rba teszem\" aria-hidden=\"false\"><\/a><\/div><\/div><div class=\"product-card scale\" data-popularity-weight=\"0\"><a href=\"https:\/\/heka-supplements.com\/hu\/term\u00e9ket\/heka-k2-d3-cseppek\/\" class=\"product-link\"><div class=\"product-image\"><div class=\"tom-labels-container-prod\"><\/div><img decoding=\"async\" src=\"https:\/\/heka-supplements.com\/wp-content\/uploads\/2026\/01\/Heka-K2D3-drops-scaled.webp\" alt=\"HEKA K2 D3 cseppek\"><\/div><div class=\"product-info\"><h3 class=\"product-title\">HEKA K2 D3 cseppek<\/h3><div class=\"kolicina-izdelka\">10 ml<\/div><div class=\"product-price\"><span class=\"wcpbc-price wcpbc-price-15492\" data-product-id=\"15492\"><span class=\"woocommerce-Price-amount amount\"><bdi>14,75\u00a0<span class=\"woocommerce-Price-currencySymbol\">&euro;<\/span><\/bdi><\/span><\/span><\/div><\/div><\/a><div class=\"product-actions\"><a href=\"https:\/\/heka-supplements.com\/hu\/term\u00e9ket\/heka-k2-d3-cseppek\/\" class=\"product-read-more\">B\u0151vebben<\/a><a href=\"https:\/\/heka-supplements.com\/hu\/add-to-cart\/\" class=\"button product_type_simple add_to_cart_button ajax_add_to_cart\" data-quantity=\"1\" data-product_id=\"15492\" data-product_sku=\"3830081250721\" aria-label=\"Kos\u00e1rba: &ldquo;HEKA K2 D3 cseppek&rdquo;\" rel=\"nofollow\"><img decoding=\"async\" src=\"\/wp-content\/uploads\/2025\/12\/cart.svg\" alt=\"Kos\u00e1rba teszem\" aria-hidden=\"false\"><\/a><\/div><\/div><div class=\"product-card scale\" data-popularity-weight=\"0\"><a href=\"https:\/\/heka-supplements.com\/hu\/term\u00e9ket\/heka-d3-cseppek\/\" class=\"product-link\"><div class=\"product-image\"><div class=\"tom-labels-container-prod\"><\/div><img decoding=\"async\" src=\"https:\/\/heka-supplements.com\/wp-content\/uploads\/2026\/01\/HEKA22616-scaled.webp\" alt=\"HEKA D3 cseppek\"><\/div><div class=\"product-info\"><h3 class=\"product-title\">HEKA D3 cseppek<\/h3><div class=\"kolicina-izdelka\">10 ml<\/div><div class=\"product-price\"><span class=\"wcpbc-price wcpbc-price-14459\" data-product-id=\"14459\"><span class=\"woocommerce-Price-amount amount\"><bdi>11,75\u00a0<span class=\"woocommerce-Price-currencySymbol\">&euro;<\/span><\/bdi><\/span><\/span><\/div><\/div><\/a><div class=\"product-actions\"><a href=\"https:\/\/heka-supplements.com\/hu\/term\u00e9ket\/heka-d3-cseppek\/\" class=\"product-read-more\">B\u0151vebben<\/a><a href=\"https:\/\/heka-supplements.com\/hu\/add-to-cart\/\" class=\"button product_type_simple add_to_cart_button ajax_add_to_cart\" data-quantity=\"1\" data-product_id=\"14459\" data-product_sku=\"3830081250714\" aria-label=\"Kos\u00e1rba: &ldquo;HEKA D3 cseppek&rdquo;\" rel=\"nofollow\"><img decoding=\"async\" src=\"\/wp-content\/uploads\/2025\/12\/cart.svg\" alt=\"Kos\u00e1rba teszem\" aria-hidden=\"false\"><\/a><\/div><\/div><div class=\"product-card scale\" data-popularity-weight=\"0\"><a href=\"https:\/\/heka-supplements.com\/hu\/term\u00e9ket\/heka-d3-spray\/\" class=\"product-link\"><div class=\"product-image\"><div class=\"tom-labels-container-prod\"><\/div><img decoding=\"async\" src=\"https:\/\/heka-supplements.com\/wp-content\/uploads\/2026\/01\/Heka-D3-spray-1-scaled.webp\" alt=\"HEKA D3 spray\"><\/div><div class=\"product-info\"><h3 class=\"product-title\">HEKA D3 spray<\/h3><div class=\"kolicina-izdelka\">30 ml<\/div><div class=\"product-price\"><span class=\"wcpbc-price wcpbc-price-14581\" data-product-id=\"14581\"><span class=\"woocommerce-Price-amount amount\"><bdi>13,75\u00a0<span class=\"woocommerce-Price-currencySymbol\">&euro;<\/span><\/bdi><\/span><\/span><\/div><\/div><\/a><div class=\"product-actions\"><a href=\"https:\/\/heka-supplements.com\/hu\/term\u00e9ket\/heka-d3-spray\/\" class=\"product-read-more\">B\u0151vebben<\/a><a href=\"https:\/\/heka-supplements.com\/hu\/add-to-cart\/\" class=\"button product_type_simple add_to_cart_button ajax_add_to_cart\" data-quantity=\"1\" data-product_id=\"14581\" data-product_sku=\"3830081250661\" aria-label=\"Kos\u00e1rba: &ldquo;HEKA D3 spray&rdquo;\" rel=\"nofollow\"><img decoding=\"async\" src=\"\/wp-content\/uploads\/2025\/12\/cart.svg\" alt=\"Kos\u00e1rba teszem\" aria-hidden=\"false\"><\/a><\/div><\/div><div class=\"product-card scale\" data-popularity-weight=\"1\"><a href=\"https:\/\/heka-supplements.com\/hu\/term\u00e9ket\/heka-immunrendszer-tamogato-ital\/\" class=\"product-link\"><div class=\"product-image\"><div class=\"tom-labels-container-prod\"><\/div><img decoding=\"async\" src=\"https:\/\/heka-supplements.com\/wp-content\/uploads\/2026\/01\/Heka-immunity-tonik-scaled.webp\" alt=\"HEKA Immunrendszer t\u00e1mogat\u00f3 ital\"><\/div><div class=\"product-info\"><h3 class=\"product-title\">HEKA Immunrendszer t\u00e1mogat\u00f3 ital<\/h3><div class=\"kolicina-izdelka\">30 tasak x 3,5 g<\/div><div class=\"product-price\"><span class=\"wcpbc-price wcpbc-price-14653\" data-product-id=\"14653\"><span class=\"woocommerce-Price-amount amount\"><bdi>24,75\u00a0<span class=\"woocommerce-Price-currencySymbol\">&euro;<\/span><\/bdi><\/span><\/span><\/div><\/div><\/a><div class=\"product-actions\"><a href=\"https:\/\/heka-supplements.com\/hu\/term\u00e9ket\/heka-immunrendszer-tamogato-ital\/\" class=\"product-read-more\">B\u0151vebben<\/a><a href=\"https:\/\/heka-supplements.com\/hu\/add-to-cart\/\" class=\"button product_type_simple add_to_cart_button ajax_add_to_cart\" data-quantity=\"1\" data-product_id=\"14653\" data-product_sku=\"3830081250646\" aria-label=\"Kos\u00e1rba: &ldquo;HEKA Immunrendszer t\u00e1mogat\u00f3 ital&rdquo;\" rel=\"nofollow\"><img decoding=\"async\" src=\"\/wp-content\/uploads\/2025\/12\/cart.svg\" alt=\"Kos\u00e1rba teszem\" aria-hidden=\"false\"><\/a><\/div><\/div><\/div><\/div><\/div>\n\n<\/div><\/div>\n\n","protected":false},"excerpt":{"rendered":"<p>Hisz\u00fcnk abban, hogy az igazi er\u0151 m\u00e1r mindannyiunkban benne van. Nem kell semmit hozz\u00e1adni, csak fel kell \u00e9breszteni azt az energi\u00e1t, amit a test m\u00e1r hordoz, de a modern, gyors temp\u00f3j\u00fa \u00e9let \u00e9s a stressz miatt elvesz\u00edt\u00fcnk.A Heka az\u00e9rt van itt, amikor elfogy az er\u0151, azokon a napokon, amikor a stressz eluralkodik, \u00e9s azokhoz a&#8230;<\/p>\n","protected":false},"author":1,"featured_media":0,"parent":0,"menu_order":0,"comment_status":"closed","ping_status":"closed","template":"","meta":{"_acf_changed":false,"page_custom_class":"","page_custom_text":"","_kad_blocks_custom_css":"","_kad_blocks_head_custom_js":"","_kad_blocks_body_custom_js":"","_kad_blocks_footer_custom_js":"","_kad_post_transparent":"","_kad_post_title":"","_kad_post_layout":"fullwidth","_kad_post_sidebar_id":"","_kad_post_content_style":"","_kad_post_vertical_padding":"","_kad_post_feature":"","_kad_post_feature_position":"","_kad_post_header":false,"_kad_post_footer":false,"_kad_post_classname":"","page_custom_text_by_category":"","footnotes":""},"class_list":["post-12274","page","type-page","status-publish","hentry"],"acf":[],"taxonomy_info":[],"featured_image_src_large":false,"author_info":{"display_name":"wpm","author_link":"https:\/\/heka-supplements.com\/hu\/author\/wpm\/"},"comment_info":"","_links":{"self":[{"href":"https:\/\/heka-supplements.com\/hu\/wp-json\/wp\/v2\/pages\/12274","targetHints":{"allow":["GET"]}}],"collection":[{"href":"https:\/\/heka-supplements.com\/hu\/wp-json\/wp\/v2\/pages"}],"about":[{"href":"https:\/\/heka-supplements.com\/hu\/wp-json\/wp\/v2\/types\/page"}],"author":[{"embeddable":true,"href":"https:\/\/heka-supplements.com\/hu\/wp-json\/wp\/v2\/users\/1"}],"replies":[{"embeddable":true,"href":"https:\/\/heka-supplements.com\/hu\/wp-json\/wp\/v2\/comments?post=12274"}],"version-history":[{"count":0,"href":"https:\/\/heka-supplements.com\/hu\/wp-json\/wp\/v2\/pages\/12274\/revisions"}],"wp:attachment":[{"href":"https:\/\/heka-supplements.com\/hu\/wp-json\/wp\/v2\/media?parent=12274"}],"curies":[{"name":"wp","href":"https:\/\/api.w.org\/{rel}","templated":true}]}}