{"id":12037,"date":"2026-01-14T11:04:52","date_gmt":"2026-01-14T11:04:52","guid":{"rendered":"https:\/\/heka-supplements.com\/adatvedelmi-es-suti-szabalyzat\/"},"modified":"2026-02-06T12:56:41","modified_gmt":"2026-02-06T12:56:41","slug":"adatvedelmi-es-suti-szabalyzat","status":"publish","type":"page","link":"https:\/\/heka-supplements.com\/hu\/adatvedelmi-es-suti-szabalyzat\/","title":{"rendered":"Adatv\u00e9delmi \u00e9s s\u00fcti szab\u00e1lyzat"},"content":{"rendered":"\n<div class=\"wp-block-group\"><div class=\"wp-block-group__inner-container is-layout-flow wp-block-group-is-layout-flow\">\n<div class=\"wp-block-columns is-layout-flex wp-container-core-columns-is-layout-9d6595d7 wp-block-columns-is-layout-flex\">\n<div class=\"wp-block-column is-layout-flow wp-block-column-is-layout-flow\" style=\"flex-basis:100%\">\n<p><\/p>\n\n\n\n<h1 class=\"wp-block-heading\">Adatv\u00e9delmi \u00e9s s\u00fcti szab\u00e1lyzat<\/h1>\n\n\n\n<h2 class=\"wp-block-heading\"><strong>Szem\u00e9lyes adatok kezel\u0151je \u00e9s kapcsolattart\u00e1si adatok<\/strong><\/h2>\n\n\n\n<p>Ez a szab\u00e1lyzat a GlobalPharmacia Group d.o.o. (adatkezel\u0151) \u00e1ltal v\u00e9gzett, vagy az adatkezel\u0151 nev\u00e9ben t\u00f6rt\u00e9n\u0151 szem\u00e9lyes adatok b\u00e1rmilyen feldolgoz\u00e1s\u00e1ra (felhaszn\u00e1l\u00e1s\u00e1ra) vonatkozik.<\/p>\n\n\n\n<h2 class=\"wp-block-heading\"><strong>Az adatkezel\u0151 adatai:<\/strong><\/h2>\n\n\n\n<p>GlobalPharmacia Group d.o.o.<br>Poklukarjeva ulica 27, Ljubljana, 1000 Ljubljana<br>Ad\u00f3sz\u00e1m (SI): 88507114<br>C\u00e9gjegyz\u00e9ksz\u00e1m: 9037934000<br>Telefon: +386 6 971 9709<br>E-mail: info@heka-supplements.com<\/p>\n\n\n\n<h2 class=\"wp-block-heading\"><strong>Milyen szem\u00e9lyes adatokat kezel\u00fcnk<\/strong><\/h2>\n\n\n\n<ul class=\"wp-block-list\">\n<li>Alapvet\u0151 kapcsolattart\u00e1si adatok (n\u00e9v, vezet\u00e9kn\u00e9v, telefonsz\u00e1m, e-mail c\u00edm);<\/li>\n\n\n\n<li>Weboldalaink haszn\u00e1lat\u00e1ra vonatkoz\u00f3 adatok (linkekre kattint\u00e1sok, elt\u00f6lt\u00f6tt id\u0151) \u00e9s az e-mail \u00fczeneteinkre adott v\u00e1laszokkal kapcsolatos adatok (megnyitott\u00e1k-e az \u00fczenetet, mely linkekre kattintott);<\/li>\n\n\n\n<li>Az adatok, amelyekre a szerz\u0151d\u00e9s teljes\u00edt\u00e9s\u00e9hez \u00e9s a megv\u00e1s\u00e1rolt \u00e1ruk kisz\u00e1ll\u00edt\u00e1s\u00e1hoz sz\u00fcks\u00e9g\u00fcnk van (v\u00e1s\u00e1rl\u00e1s t\u00e1rgya, \u00e1r, sz\u00e1ll\u00edt\u00e1si c\u00edm, sz\u00e1ll\u00edt\u00e1si id\u0151, fizet\u00e9si m\u00f3d, fizet\u00e9si d\u00e1tum, panaszokkal kapcsolatos adatok, sz\u00e1ml\u00e1z\u00e1si adatok stb.).<\/li>\n<\/ul>\n\n\n\n<h2 class=\"wp-block-heading\"><strong>A szem\u00e9lyes adatok kezel\u00e9s\u00e9nek jogi alapjai<\/strong><\/h2>\n\n\n\n<p>Szem\u00e9lyes adatait a k\u00f6vetkez\u0151 jogi alapokon kezelhetj\u00fck:<\/p>\n\n\n\n<ul class=\"wp-block-list\">\n<li>amikor ez jogi k\u00f6telezetts\u00e9geink teljes\u00edt\u00e9s\u00e9hez sz\u00fcks\u00e9ges (pl. sz\u00e1ml\u00e1k ki\u00e1ll\u00edt\u00e1sa a megv\u00e1s\u00e1rolt \u00e1rukr\u00f3l);<\/li>\n\n\n\n<li>amikor szem\u00e9lyes adatainak kezel\u00e9se sz\u00fcks\u00e9ges az \u00d6nnel k\u00f6t\u00f6tt szerz\u0151d\u00e9s megk\u00f6t\u00e9s\u00e9hez \u00e9s teljes\u00edt\u00e9s\u00e9hez, vagy az\u00e9rt, mert aj\u00e1nlatot k\u00e9rt t\u0151l\u00fcnk;<\/li>\n\n\n\n<li>amikor \u00d6n hozz\u00e1j\u00e1rult szem\u00e9lyes adatainak kezel\u00e9s\u00e9hez egy adott kezel\u00e9si c\u00e9lra, azzal a felt\u00e9tellel, hogy \u00d6nnek mindig joga van a megadott hozz\u00e1j\u00e1rul\u00e1st visszavonni;<\/li>\n\n\n\n<li>amikor jogos \u00e9rdek\u00fcnk f\u0171z\u0151dik szem\u00e9lyes adatainak kezel\u00e9s\u00e9hez<\/li>\n<\/ul>\n\n\n\n<h2 class=\"wp-block-heading\"><strong>A szem\u00e9lyes adatok kezel\u00e9s\u00e9nek c\u00e9ljai<\/strong><\/h2>\n\n\n\n<p>Szem\u00e9lyes adatait az al\u00e1bbi c\u00e9lok k\u00f6z\u00fcl egy vagy t\u00f6bb c\u00e9lra felhaszn\u00e1lhatjuk:<\/p>\n\n\n\n<ul class=\"wp-block-list\">\n<li>az \u00d6nnel val\u00f3 kommunik\u00e1ci\u00f3 szolg\u00e1ltat\u00e1saink ny\u00fajt\u00e1s\u00e1val kapcsolatban, valamint az \u00d6n megkeres\u00e9seire val\u00f3 v\u00e1laszad\u00e1s;<\/li>\n\n\n\n<li>szerz\u0151d\u00e9sk\u00f6t\u00e9s \u00e9s a megk\u00f6t\u00f6tt szerz\u0151d\u00e9sb\u0151l ered\u0151 k\u00f6telezetts\u00e9gek teljes\u00edt\u00e9se;<\/li>\n\n\n\n<li>marketing kommunik\u00e1ci\u00f3 (e-mail, hagyom\u00e1nyos posta \u00e9s SMS \u00fczenetek k\u00fcld\u00e9se);<\/li>\n\n\n\n<li>marketing kommunik\u00e1ci\u00f3 szem\u00e9lyre szabott vagy egyedi aj\u00e1nlatok \u00e9s \u00fczenetek alapj\u00e1n; <\/li>\n\n\n\n<li>b\u00e1rmilyen jogi ig\u00e9ny \u00e9rv\u00e9nyes\u00edt\u00e9s\u00e9re \u00e9s vit\u00e1k rendez\u00e9s\u00e9re;<\/li>\n\n\n\n<li>term\u00e9keink \u00e9rt\u00e9kes\u00edt\u00e9s\u00e9vel \u00e9s weboldalaink haszn\u00e1lat\u00e1val kapcsolatos statisztikai elemz\u00e9sekhez;<\/li>\n<\/ul>\n\n\n\n<h2 class=\"wp-block-heading\"><strong>Meddig t\u00e1roljuk szem\u00e9lyes adatait \u00e9s mi t\u00f6rt\u00e9nik vel\u00fck ut\u00e1na<\/strong><\/h2>\n\n\n\n<p>Az alapvet\u0151 szem\u00e9lyes adatokat mindaddig t\u00e1roljuk, am\u00edg \u00d6n regisztr\u00e1lt felhaszn\u00e1l\u00f3nk st\u00e1tusz\u00e1val rendelkezik.<br>Az \u00d6n hozz\u00e1j\u00e1rul\u00e1sa alapj\u00e1n kezelt szem\u00e9lyes adatokat v\u00e9glegesen, illetve a visszavon\u00e1sig t\u00e1roljuk.<br>A ki\u00e1ll\u00edtott sz\u00e1ml\u00e1k adatait a ki\u00e1ll\u00edt\u00e1st\u00f3l sz\u00e1m\u00edtott 10 \u00e9vig t\u00e1roljuk.<br>A t\u00e1rol\u00e1si id\u0151szak lej\u00e1rt\u00e1t k\u00f6vet\u0151en a szem\u00e9lyes adatokat t\u00f6r\u00f6lj\u00fck vagy anonimiz\u00e1ljuk. <\/p>\n\n\n\n<h2 class=\"wp-block-heading\"><strong>Ki f\u00e9r hozz\u00e1 szem\u00e9lyes adataihoz<\/strong><\/h2>\n\n\n\n<p>Szem\u00e9lyes adatait nem adjuk \u00e1t harmadik feleknek, kiv\u00e9ve a szerz\u0151d\u00e9ses adatfeldolgoz\u00f3kat, akik adatv\u00e9delmi k\u00f6telezetts\u00e9ggel b\u00edrnak.<\/p>\n\n\n\n<h2 class=\"wp-block-heading\"><strong>Szem\u00e9lyes adataival kapcsolatban a k\u00f6vetkez\u0151 jogokkal rendelkezik:<\/strong><\/h2>\n\n\n\n<ul class=\"wp-block-list\">\n<li>hozz\u00e1f\u00e9r\u00e9s a szem\u00e9lyes adatokhoz;<\/li>\n\n\n\n<li>pontatlan adatok helyesb\u00edt\u00e9se;<\/li>\n\n\n\n<li>szem\u00e9lyes adatok t\u00f6rl\u00e9se;<\/li>\n\n\n\n<li>adatkezel\u00e9s korl\u00e1toz\u00e1sa;<\/li>\n\n\n\n<li>adathordozhat\u00f3s\u00e1g;<\/li>\n\n\n\n<li>tiltakoz\u00e1s az adatkezel\u00e9s ellen.<\/li>\n<\/ul>\n\n\n\n<h2 class=\"wp-block-heading\"><strong>Jogok \u00e9rv\u00e9nyes\u00edt\u00e9s\u00e9nek elj\u00e1r\u00e1sa<\/strong><\/h2>\n\n\n\n<ul class=\"wp-block-list\">\n<li>K\u00e9relmeit \u00edr\u00e1sban c\u00edmezheti az adatkezel\u0151 el\u00e9rhet\u0151s\u00e9g\u00e9re.<\/li>\n\n\n\n<li>V\u00e1laszt kap legk\u00e9s\u0151bb egy h\u00f3napon bel\u00fcl.<\/li>\n<\/ul>\n<\/div>\n<\/div>\n\n\n\n<h2 class=\"wp-block-heading\"><strong>S\u00fctik<\/strong><\/h2>\n\n\n\n<p>Weboldalunk, a https:\/\/heka-supplements.com\/ s\u00fctiket haszn\u00e1l, amelyek lehet\u0151v\u00e9 teszik a felhaszn\u00e1l\u00f3 sz\u00e1m\u00e1ra, hogy preferenci\u00e1ihoz igaz\u00edtva jelen\u00edtse meg \u00e9s haszn\u00e1lja weboldalainkat, ez\u00e1ltal jobb felhaszn\u00e1l\u00f3i \u00e9lm\u00e9nyt biztos\u00edtva. Az al\u00e1bbiakban r\u00e9szletesebben bemutatjuk \u00e9s megv\u00e1laszoljuk a s\u00fctikkel kapcsolatos esetleges k\u00e9rd\u00e9seit. <\/p>\n\n\n\n<h2 class=\"wp-block-heading\"><strong>Google Analitika<\/strong><\/h2>\n\n\n\n<p>A Google Analytics egy olyan szolg\u00e1ltat\u00e1s, amelyet a Google LLC vagy a Google Ireland Limited ny\u00fajt, att\u00f3l f\u00fcgg\u0151en, hogy honnan \u00e9rik el a www.heka-supplements.com oldalt a \u201eGoogle\u201d seg\u00edts\u00e9g\u00e9vel. A Google a gy\u0171jt\u00f6tt adatokat arra haszn\u00e1lja, hogy nyomon k\u00f6vesse \u00e9s tesztelje a heka-supplements.com haszn\u00e1lat\u00e1t, jelent\u00e9seket k\u00e9sz\u00edtsen az aktiv\u00e1l\u00e1skor, \u00e9s megossza azokat m\u00e1s Google szolg\u00e1ltat\u00e1sokkal. <\/p>\n\n\n\n<h2 class=\"wp-block-heading\"><strong>Google T\u00e9rk\u00e9pek<\/strong><\/h2>\n\n\n\n<p>A Google T\u00e9rk\u00e9pek egy t\u00e9rk\u00e9p-vizualiz\u00e1ci\u00f3s szolg\u00e1ltat\u00e1s, amelyet a Google LLC vagy a Google Ireland Limited ny\u00fajt, att\u00f3l f\u00fcgg\u0151en, hogy honnan \u00e9rik el a www.heka-supplements.com oldalt, \u00e9s amely lehet\u0151v\u00e9 teszi az ilyen t\u00edpus\u00fa tartalom be\u00e9p\u00edt\u00e9s\u00e9t a heka-supplements.com oldalra.<\/p>\n\n\n\n<p>S\u00fctijeinket b\u00e1rmikor t\u00f6r\u00f6lheti vagy blokkolhatja a j\u00f6v\u0151beli s\u00fctiket. A s\u00fctik kezel\u00e9s\u00e9nek \u00e9s t\u00f6rl\u00e9s\u00e9nek elj\u00e1r\u00e1sa az \u00d6n \u00e1ltal haszn\u00e1lt b\u00f6ng\u00e9sz\u0151t\u0151l f\u00fcgg\u0151en elt\u00e9r\u0151. Felh\u00edvjuk figyelm\u00e9t, hogy s\u00fctijeink t\u00f6rl\u00e9se vagy a j\u00f6v\u0151beli s\u00fctik blokkol\u00e1sa azt jelentheti, hogy esetleg m\u00e1r nem f\u00e9r hozz\u00e1 weboldalunk bizonyos r\u00e9szeihez vagy tartalm\u00e1hoz. Tov\u00e1bbi inform\u00e1ci\u00f3kat a s\u00fctik t\u00f6rl\u00e9s\u00e9r\u0151l vagy kezel\u00e9s\u00e9r\u0151l a www.aboutcookies.org oldalon tal\u00e1l.   <\/p>\n<\/div><\/div>\n\n\n","protected":false},"excerpt":{"rendered":"<p>Adatv\u00e9delmi \u00e9s s\u00fcti szab\u00e1lyzat Szem\u00e9lyes adatok kezel\u0151je \u00e9s kapcsolattart\u00e1si adatok Ez a szab\u00e1lyzat a GlobalPharmacia Group d.o.o. (adatkezel\u0151) \u00e1ltal v\u00e9gzett, vagy az adatkezel\u0151 nev\u00e9ben t\u00f6rt\u00e9n\u0151 szem\u00e9lyes adatok b\u00e1rmilyen feldolgoz\u00e1s\u00e1ra (felhaszn\u00e1l\u00e1s\u00e1ra) vonatkozik. Az adatkezel\u0151 adatai: GlobalPharmacia Group d.o.o.Poklukarjeva ulica 27, Ljubljana, 1000 LjubljanaAd\u00f3sz\u00e1m (SI): 88507114C\u00e9gjegyz\u00e9ksz\u00e1m: 9037934000Telefon: +386 6 971 9709E-mail: info@heka-supplements.com Milyen szem\u00e9lyes adatokat kezel\u00fcnk A&#8230;<\/p>\n","protected":false},"author":1,"featured_media":0,"parent":0,"menu_order":0,"comment_status":"closed","ping_status":"closed","template":"","meta":{"_acf_changed":false,"page_custom_class":"","page_custom_text":"","_kad_blocks_custom_css":"","_kad_blocks_head_custom_js":"","_kad_blocks_body_custom_js":"","_kad_blocks_footer_custom_js":"","_kad_post_transparent":"","_kad_post_title":"","_kad_post_layout":"","_kad_post_sidebar_id":"","_kad_post_content_style":"","_kad_post_vertical_padding":"","_kad_post_feature":"","_kad_post_feature_position":"","_kad_post_header":false,"_kad_post_footer":false,"_kad_post_classname":"","page_custom_text_by_category":"","footnotes":""},"class_list":["post-12037","page","type-page","status-publish","hentry"],"acf":[],"taxonomy_info":[],"featured_image_src_large":false,"author_info":{"display_name":"wpm","author_link":"https:\/\/heka-supplements.com\/hu\/author\/wpm\/"},"comment_info":"","_links":{"self":[{"href":"https:\/\/heka-supplements.com\/hu\/wp-json\/wp\/v2\/pages\/12037","targetHints":{"allow":["GET"]}}],"collection":[{"href":"https:\/\/heka-supplements.com\/hu\/wp-json\/wp\/v2\/pages"}],"about":[{"href":"https:\/\/heka-supplements.com\/hu\/wp-json\/wp\/v2\/types\/page"}],"author":[{"embeddable":true,"href":"https:\/\/heka-supplements.com\/hu\/wp-json\/wp\/v2\/users\/1"}],"replies":[{"embeddable":true,"href":"https:\/\/heka-supplements.com\/hu\/wp-json\/wp\/v2\/comments?post=12037"}],"version-history":[{"count":2,"href":"https:\/\/heka-supplements.com\/hu\/wp-json\/wp\/v2\/pages\/12037\/revisions"}],"predecessor-version":[{"id":20769,"href":"https:\/\/heka-supplements.com\/hu\/wp-json\/wp\/v2\/pages\/12037\/revisions\/20769"}],"wp:attachment":[{"href":"https:\/\/heka-supplements.com\/hu\/wp-json\/wp\/v2\/media?parent=12037"}],"curies":[{"name":"wp","href":"https:\/\/api.w.org\/{rel}","templated":true}]}}