{"id":11997,"date":"2026-01-13T10:59:41","date_gmt":"2026-01-13T10:59:41","guid":{"rendered":"https:\/\/heka-supplements.com\/sziv-es-agy\/"},"modified":"2026-01-27T12:52:05","modified_gmt":"2026-01-27T12:52:05","slug":"sziv-es-agy","status":"publish","type":"page","link":"https:\/\/heka-supplements.com\/hu\/sziv-es-agy\/","title":{"rendered":"Sz\u00edv \u00e9s agy"},"content":{"rendered":"<style>.kadence-column11997_95fea9-0b > .kt-inside-inner-col{min-height:400px;}.kadence-column11997_95fea9-0b > .kt-inside-inner-col,.kadence-column11997_95fea9-0b > .kt-inside-inner-col:before{border-top-left-radius:0px;border-top-right-radius:0px;border-bottom-right-radius:0px;border-bottom-left-radius:0px;}.kadence-column11997_95fea9-0b > .kt-inside-inner-col{column-gap:var(--global-kb-gap-sm, 1rem);}.kadence-column11997_95fea9-0b > .kt-inside-inner-col{flex-direction:column;}.kadence-column11997_95fea9-0b > .kt-inside-inner-col > .aligncenter{width:100%;}.kadence-column11997_95fea9-0b > .kt-inside-inner-col{background-image:url('https:\/\/heka-supplements.com\/wp-content\/uploads\/2026\/01\/Srce-in-mozgani-2-scaled.webp');background-size:cover;background-position:50% 51%;background-attachment:scroll;background-repeat:no-repeat;}.kadence-column11997_95fea9-0b > .kt-inside-inner-col:before{opacity:0.3;}.kadence-column11997_95fea9-0b{position:relative;}@media all and (max-width: 1024px){.kadence-column11997_95fea9-0b > .kt-inside-inner-col{flex-direction:column;justify-content:center;}}@media all and (max-width: 767px){.kadence-column11997_95fea9-0b > .kt-inside-inner-col{flex-direction:column;justify-content:center;}}<\/style>\n<div class=\"wp-block-kadence-column kadence-column11997_95fea9-0b\"><div class=\"kt-inside-inner-col\"><\/div><\/div>\n\n\n\n<p><\/p>\n\n\n\n\n\n\n\n\n\n\n<style>.kb-row-layout-id11997_db5d42-d9 > .kt-row-column-wrap{align-content:start;}:where(.kb-row-layout-id11997_db5d42-d9 > .kt-row-column-wrap) > .wp-block-kadence-column{justify-content:start;}.kb-row-layout-id11997_db5d42-d9 > .kt-row-column-wrap{column-gap:var(--global-kb-gap-md, 2rem);row-gap:var(--global-kb-gap-md, 2rem);max-width:var( --global-content-width, 1290px );padding-left:var(--global-content-edge-padding);padding-right:var(--global-content-edge-padding);padding-top:var(--global-kb-spacing-lg, 3rem);padding-bottom:var(--global-kb-spacing-lg, 3rem);grid-template-columns:minmax(0, 1fr);}.kb-row-layout-id11997_db5d42-d9 > .kt-row-layout-overlay{opacity:0.30;}@media all and (max-width: 1024px){.kb-row-layout-id11997_db5d42-d9 > .kt-row-column-wrap{grid-template-columns:minmax(0, 1fr);}}@media all and (max-width: 767px){.kb-row-layout-id11997_db5d42-d9 > .kt-row-column-wrap{grid-template-columns:minmax(0, 1fr);}}<\/style><div class=\"kb-row-layout-wrap kb-row-layout-id11997_db5d42-d9 alignnone wp-block-kadence-rowlayout\"><div class=\"kt-row-column-wrap kt-has-1-columns kt-row-layout-equal kt-tab-layout-inherit kt-mobile-layout-row kt-row-valign-top kb-theme-content-width\">\n<style>.kadence-column11997_95ce02-5b > .kt-inside-inner-col,.kadence-column11997_95ce02-5b > .kt-inside-inner-col:before{border-top-left-radius:0px;border-top-right-radius:0px;border-bottom-right-radius:0px;border-bottom-left-radius:0px;}.kadence-column11997_95ce02-5b > .kt-inside-inner-col{column-gap:var(--global-kb-gap-sm, 1rem);}.kadence-column11997_95ce02-5b > .kt-inside-inner-col{flex-direction:column;}.kadence-column11997_95ce02-5b > .kt-inside-inner-col > .aligncenter{width:100%;}.kadence-column11997_95ce02-5b > .kt-inside-inner-col:before{opacity:0.3;}.kadence-column11997_95ce02-5b{position:relative;}@media all and (max-width: 1024px){.kadence-column11997_95ce02-5b > .kt-inside-inner-col{flex-direction:column;justify-content:center;}}@media all and (max-width: 767px){.kadence-column11997_95ce02-5b > .kt-inside-inner-col{flex-direction:column;justify-content:center;}}<\/style>\n<div class=\"wp-block-kadence-column kadence-column11997_95ce02-5b\"><div class=\"kt-inside-inner-col\"><h2>Sz\u00edv \u00e9s Agy<\/h2><div class=\"namen-block products-grid\"><div class=\"product-card scale\" data-popularity-weight=\"4\"><a href=\"https:\/\/heka-supplements.com\/hu\/term\u00e9ket\/heka-krillolaj-lagykapszula\/\" class=\"product-link\"><div class=\"product-image\"><div class=\"tom-labels-container-prod\"><\/div><img decoding=\"async\" src=\"https:\/\/heka-supplements.com\/wp-content\/uploads\/2026\/01\/HEKA-Krill-oil-softgel-scaled.webp\" alt=\"HEKA krillolaj l\u00e1gykapszula\"><\/div><div class=\"product-info\"><h3 class=\"product-title\">HEKA krillolaj l\u00e1gykapszula<\/h3><div class=\"kolicina-izdelka\">180 l\u00e1gy kapszula<\/div><div class=\"product-price\"><span class=\"wcpbc-price wcpbc-price-16434\" data-product-id=\"16434\"><span class=\"woocommerce-Price-amount amount\"><bdi>19,75\u00a0<span class=\"woocommerce-Price-currencySymbol\">&euro;<\/span><\/bdi><\/span><\/span><\/div><\/div><\/a><div class=\"product-actions\"><a href=\"https:\/\/heka-supplements.com\/hu\/term\u00e9ket\/heka-krillolaj-lagykapszula\/\" class=\"product-read-more\">B\u0151vebben<\/a><a href=\"https:\/\/heka-supplements.com\/hu\/add-to-cart\/\" class=\"button product_type_simple add_to_cart_button ajax_add_to_cart\" data-quantity=\"1\" data-product_id=\"16434\" data-product_sku=\"3830081250882\" aria-label=\"Kos\u00e1rba: &ldquo;HEKA krillolaj l\u00e1gykapszula&rdquo;\" rel=\"nofollow\"><img decoding=\"async\" src=\"\/wp-content\/uploads\/2025\/12\/cart.svg\" alt=\"Kos\u00e1rba teszem\" aria-hidden=\"false\"><\/a><\/div><\/div><div class=\"product-card scale\" data-popularity-weight=\"4\"><a href=\"https:\/\/heka-supplements.com\/hu\/term\u00e9ket\/heka-vegan-omega-3-lagyzsele-kapszula\/\" class=\"product-link\"><div class=\"product-image\"><div class=\"tom-labels-container-prod\"><\/div><img decoding=\"async\" src=\"https:\/\/heka-supplements.com\/wp-content\/uploads\/2026\/01\/Omega-3-vegan-1-scaled.webp\" alt=\"HEKA veg\u00e1n Omega-3 l\u00e1gyzsel\u00e9 kapszula\"><\/div><div class=\"product-info\"><h3 class=\"product-title\">HEKA veg\u00e1n Omega-3 l\u00e1gyzsel\u00e9 kapszula<\/h3><div class=\"kolicina-izdelka\">120 l\u00e1gy kapszula<\/div><div class=\"product-price\"><span class=\"wcpbc-price wcpbc-price-16564\" data-product-id=\"16564\"><span class=\"woocommerce-Price-amount amount\"><bdi>29,75\u00a0<span class=\"woocommerce-Price-currencySymbol\">&euro;<\/span><\/bdi><\/span><\/span><\/div><\/div><\/a><div class=\"product-actions\"><a href=\"https:\/\/heka-supplements.com\/hu\/term\u00e9ket\/heka-vegan-omega-3-lagyzsele-kapszula\/\" class=\"product-read-more\">B\u0151vebben<\/a><a href=\"https:\/\/heka-supplements.com\/hu\/add-to-cart\/\" class=\"button product_type_simple add_to_cart_button ajax_add_to_cart\" data-quantity=\"1\" data-product_id=\"16564\" data-product_sku=\"3830081250844\" aria-label=\"Kos\u00e1rba: &ldquo;HEKA veg\u00e1n Omega-3 l\u00e1gyzsel\u00e9 kapszula&rdquo;\" rel=\"nofollow\"><img decoding=\"async\" src=\"\/wp-content\/uploads\/2025\/12\/cart.svg\" alt=\"Kos\u00e1rba teszem\" aria-hidden=\"false\"><\/a><\/div><\/div><div class=\"product-card scale\" data-popularity-weight=\"0\"><a href=\"https:\/\/heka-supplements.com\/hu\/term\u00e9ket\/heka-omega-3-halolajbol\/\" class=\"product-link\"><div class=\"product-image\"><div class=\"tom-labels-container-prod\"><\/div><img decoding=\"async\" src=\"https:\/\/heka-supplements.com\/wp-content\/uploads\/2026\/01\/HEKA-Omega-3-softgel-scaled.webp\" alt=\"HEKA omega-3 halolajb\u00f3l\"><\/div><div class=\"product-info\"><h3 class=\"product-title\">HEKA omega-3 halolajb\u00f3l<\/h3><div class=\"kolicina-izdelka\">180 l\u00e1gy kapszula<\/div><div class=\"product-price\"><span class=\"wcpbc-price wcpbc-price-16711\" data-product-id=\"16711\"><span class=\"woocommerce-Price-amount amount\"><bdi>16,75\u00a0<span class=\"woocommerce-Price-currencySymbol\">&euro;<\/span><\/bdi><\/span><\/span><\/div><\/div><\/a><div class=\"product-actions\"><a href=\"https:\/\/heka-supplements.com\/hu\/term\u00e9ket\/heka-omega-3-halolajbol\/\" class=\"product-read-more\">B\u0151vebben<\/a><a href=\"https:\/\/heka-supplements.com\/hu\/add-to-cart\/\" class=\"button product_type_simple add_to_cart_button ajax_add_to_cart\" data-quantity=\"1\" data-product_id=\"16711\" data-product_sku=\"3830081250837\" aria-label=\"Kos\u00e1rba: &ldquo;HEKA omega-3 halolajb\u00f3l&rdquo;\" rel=\"nofollow\"><img decoding=\"async\" src=\"\/wp-content\/uploads\/2025\/12\/cart.svg\" alt=\"Kos\u00e1rba teszem\" aria-hidden=\"false\"><\/a><\/div><\/div><div class=\"product-card scale\" data-popularity-weight=\"0\"><a href=\"https:\/\/heka-supplements.com\/hu\/term\u00e9ket\/heka-cink-kapszula\/\" class=\"product-link\"><div class=\"product-image\"><div class=\"tom-labels-container-prod\"><\/div><img decoding=\"async\" src=\"https:\/\/heka-supplements.com\/wp-content\/uploads\/2026\/01\/Heka-cink-scaled.webp\" alt=\"HEKA cink kapszula\"><\/div><div class=\"product-info\"><h3 class=\"product-title\">HEKA cink kapszula<\/h3><div class=\"kolicina-izdelka\">60 kapszula<\/div><div class=\"product-price\"><span class=\"wcpbc-price wcpbc-price-15662\" data-product-id=\"15662\"><span class=\"woocommerce-Price-amount amount\"><bdi>14,75\u00a0<span class=\"woocommerce-Price-currencySymbol\">&euro;<\/span><\/bdi><\/span><\/span><\/div><\/div><\/a><div class=\"product-actions\"><a href=\"https:\/\/heka-supplements.com\/hu\/term\u00e9ket\/heka-cink-kapszula\/\" class=\"product-read-more\">B\u0151vebben<\/a><a href=\"https:\/\/heka-supplements.com\/hu\/add-to-cart\/\" class=\"button product_type_simple add_to_cart_button ajax_add_to_cart\" data-quantity=\"1\" data-product_id=\"15662\" data-product_sku=\"3830081250868\" aria-label=\"Kos\u00e1rba: &ldquo;HEKA cink kapszula&rdquo;\" rel=\"nofollow\"><img decoding=\"async\" src=\"\/wp-content\/uploads\/2025\/12\/cart.svg\" alt=\"Kos\u00e1rba teszem\" aria-hidden=\"false\"><\/a><\/div><\/div><div class=\"product-card scale\" data-popularity-weight=\"0\"><a href=\"https:\/\/heka-supplements.com\/hu\/term\u00e9ket\/heka-b-komplex-kapszula\/\" class=\"product-link\"><div class=\"product-image\"><div class=\"tom-labels-container-prod\"><\/div><img decoding=\"async\" src=\"https:\/\/heka-supplements.com\/wp-content\/uploads\/2026\/01\/B-kompleks-kapsule-scaled.webp\" alt=\"HEKA B komplex kapszula\"><\/div><div class=\"product-info\"><h3 class=\"product-title\">HEKA B komplex kapszula<\/h3><div class=\"kolicina-izdelka\">60 kapszula<\/div><div class=\"product-price\"><span class=\"wcpbc-price wcpbc-price-16749\" data-product-id=\"16749\"><span class=\"woocommerce-Price-amount amount\"><bdi>14,75\u00a0<span class=\"woocommerce-Price-currencySymbol\">&euro;<\/span><\/bdi><\/span><\/span><\/div><\/div><\/a><div class=\"product-actions\"><a href=\"https:\/\/heka-supplements.com\/hu\/term\u00e9ket\/heka-b-komplex-kapszula\/\" class=\"product-read-more\">B\u0151vebben<\/a><a href=\"https:\/\/heka-supplements.com\/hu\/add-to-cart\/\" class=\"button product_type_simple add_to_cart_button ajax_add_to_cart\" data-quantity=\"1\" data-product_id=\"16749\" data-product_sku=\"3830081250790\" aria-label=\"Kos\u00e1rba: &ldquo;HEKA B komplex kapszula&rdquo;\" rel=\"nofollow\"><img decoding=\"async\" src=\"\/wp-content\/uploads\/2025\/12\/cart.svg\" alt=\"Kos\u00e1rba teszem\" aria-hidden=\"false\"><\/a><\/div><\/div><div class=\"product-card scale\" data-popularity-weight=\"0\"><a href=\"https:\/\/heka-supplements.com\/hu\/term\u00e9ket\/heka-k2d3-spray\/\" class=\"product-link\"><div class=\"product-image\"><div class=\"tom-labels-container-prod\"><\/div><img decoding=\"async\" src=\"https:\/\/heka-supplements.com\/wp-content\/uploads\/2026\/01\/Heka-K2-D3-spray-1-scaled.webp\" alt=\"HEKA K2+D3 spray\"><\/div><div class=\"product-info\"><h3 class=\"product-title\">HEKA K2+D3 spray<\/h3><div class=\"kolicina-izdelka\">30 ml<\/div><div class=\"product-price\"><span class=\"wcpbc-price wcpbc-price-14391\" data-product-id=\"14391\"><span class=\"woocommerce-Price-amount amount\"><bdi>16,75\u00a0<span class=\"woocommerce-Price-currencySymbol\">&euro;<\/span><\/bdi><\/span><\/span><\/div><\/div><\/a><div class=\"product-actions\"><a href=\"https:\/\/heka-supplements.com\/hu\/term\u00e9ket\/heka-k2d3-spray\/\" class=\"product-read-more\">B\u0151vebben<\/a><a href=\"https:\/\/heka-supplements.com\/hu\/add-to-cart\/\" class=\"button product_type_simple add_to_cart_button ajax_add_to_cart\" data-quantity=\"1\" data-product_id=\"14391\" data-product_sku=\"3830081250738\" aria-label=\"Kos\u00e1rba: &ldquo;HEKA K2+D3 spray&rdquo;\" rel=\"nofollow\"><img decoding=\"async\" src=\"\/wp-content\/uploads\/2025\/12\/cart.svg\" alt=\"Kos\u00e1rba teszem\" aria-hidden=\"false\"><\/a><\/div><\/div><div class=\"product-card scale\" data-popularity-weight=\"0\"><a href=\"https:\/\/heka-supplements.com\/hu\/term\u00e9ket\/heka-k2-d3-cseppek\/\" class=\"product-link\"><div class=\"product-image\"><div class=\"tom-labels-container-prod\"><\/div><img decoding=\"async\" src=\"https:\/\/heka-supplements.com\/wp-content\/uploads\/2026\/01\/Heka-K2D3-drops-scaled.webp\" alt=\"HEKA K2 D3 cseppek\"><\/div><div class=\"product-info\"><h3 class=\"product-title\">HEKA K2 D3 cseppek<\/h3><div class=\"kolicina-izdelka\">10 ml<\/div><div class=\"product-price\"><span class=\"wcpbc-price wcpbc-price-15492\" data-product-id=\"15492\"><span class=\"woocommerce-Price-amount amount\"><bdi>14,75\u00a0<span class=\"woocommerce-Price-currencySymbol\">&euro;<\/span><\/bdi><\/span><\/span><\/div><\/div><\/a><div class=\"product-actions\"><a href=\"https:\/\/heka-supplements.com\/hu\/term\u00e9ket\/heka-k2-d3-cseppek\/\" class=\"product-read-more\">B\u0151vebben<\/a><a href=\"https:\/\/heka-supplements.com\/hu\/add-to-cart\/\" class=\"button product_type_simple add_to_cart_button ajax_add_to_cart\" data-quantity=\"1\" data-product_id=\"15492\" data-product_sku=\"3830081250721\" aria-label=\"Kos\u00e1rba: &ldquo;HEKA K2 D3 cseppek&rdquo;\" rel=\"nofollow\"><img decoding=\"async\" src=\"\/wp-content\/uploads\/2025\/12\/cart.svg\" alt=\"Kos\u00e1rba teszem\" aria-hidden=\"false\"><\/a><\/div><\/div><\/div><\/div><\/div>\n\n<\/div><\/div>\n\n","protected":false},"excerpt":{"rendered":"<p>Hisz\u00fcnk abban, hogy a val\u00f3di er\u0151 m\u00e1r mindannyiunkban benne rejlik. Semmit sem kell hozz\u00e1adni, csup\u00e1n fel kell \u00e9breszteni azt az energi\u00e1t, amit a test m\u00e1r hordoz, de a modern, gyors \u00e9lettemp\u00f3 \u00e9s a stressz miatt elvesz\u00edt\u00fcnk. A Heka itt van azokra a pillanatokra, amikor elfogy az er\u0151, azokra a napokra, amikor a stressz eluralkodik, \u00e9s&#8230;<\/p>\n","protected":false},"author":1,"featured_media":0,"parent":0,"menu_order":0,"comment_status":"closed","ping_status":"closed","template":"","meta":{"_acf_changed":false,"page_custom_class":"","page_custom_text":"","_kad_blocks_custom_css":"","_kad_blocks_head_custom_js":"","_kad_blocks_body_custom_js":"","_kad_blocks_footer_custom_js":"","_kad_post_transparent":"","_kad_post_title":"","_kad_post_layout":"fullwidth","_kad_post_sidebar_id":"","_kad_post_content_style":"","_kad_post_vertical_padding":"","_kad_post_feature":"","_kad_post_feature_position":"","_kad_post_header":false,"_kad_post_footer":false,"_kad_post_classname":"","page_custom_text_by_category":"","footnotes":""},"class_list":["post-11997","page","type-page","status-publish","hentry"],"acf":[],"taxonomy_info":[],"featured_image_src_large":false,"author_info":{"display_name":"wpm","author_link":"https:\/\/heka-supplements.com\/hu\/author\/wpm\/"},"comment_info":"","_links":{"self":[{"href":"https:\/\/heka-supplements.com\/hu\/wp-json\/wp\/v2\/pages\/11997","targetHints":{"allow":["GET"]}}],"collection":[{"href":"https:\/\/heka-supplements.com\/hu\/wp-json\/wp\/v2\/pages"}],"about":[{"href":"https:\/\/heka-supplements.com\/hu\/wp-json\/wp\/v2\/types\/page"}],"author":[{"embeddable":true,"href":"https:\/\/heka-supplements.com\/hu\/wp-json\/wp\/v2\/users\/1"}],"replies":[{"embeddable":true,"href":"https:\/\/heka-supplements.com\/hu\/wp-json\/wp\/v2\/comments?post=11997"}],"version-history":[{"count":0,"href":"https:\/\/heka-supplements.com\/hu\/wp-json\/wp\/v2\/pages\/11997\/revisions"}],"wp:attachment":[{"href":"https:\/\/heka-supplements.com\/hu\/wp-json\/wp\/v2\/media?parent=11997"}],"curies":[{"name":"wp","href":"https:\/\/api.w.org\/{rel}","templated":true}]}}