{"id":12610,"date":"2026-01-13T11:00:57","date_gmt":"2026-01-13T11:00:57","guid":{"rendered":"https:\/\/heka-supplements.com\/metabolizam\/"},"modified":"2026-01-27T10:26:27","modified_gmt":"2026-01-27T10:26:27","slug":"metabolizam","status":"publish","type":"page","link":"https:\/\/heka-supplements.com\/hr\/metabolizam\/","title":{"rendered":"Metabolizam"},"content":{"rendered":"<style>.kadence-column12610_e69d97-05 > .kt-inside-inner-col{min-height:400px;}.kadence-column12610_e69d97-05 > .kt-inside-inner-col,.kadence-column12610_e69d97-05 > .kt-inside-inner-col:before{border-top-left-radius:0px;border-top-right-radius:0px;border-bottom-right-radius:0px;border-bottom-left-radius:0px;}.kadence-column12610_e69d97-05 > .kt-inside-inner-col{column-gap:var(--global-kb-gap-sm, 1rem);}.kadence-column12610_e69d97-05 > .kt-inside-inner-col{flex-direction:column;}.kadence-column12610_e69d97-05 > .kt-inside-inner-col > .aligncenter{width:100%;}.kadence-column12610_e69d97-05 > .kt-inside-inner-col{background-image:url('https:\/\/heka-supplements.com\/wp-content\/uploads\/2026\/01\/Metabolism-support-scaled.webp');background-size:cover;background-position:50% 51%;background-attachment:scroll;background-repeat:no-repeat;}.kadence-column12610_e69d97-05 > .kt-inside-inner-col:before{opacity:0.3;}.kadence-column12610_e69d97-05{position:relative;}@media all and (max-width: 1024px){.kadence-column12610_e69d97-05 > .kt-inside-inner-col{flex-direction:column;justify-content:center;}}@media all and (max-width: 767px){.kadence-column12610_e69d97-05 > .kt-inside-inner-col{flex-direction:column;justify-content:center;}}<\/style>\n<div class=\"wp-block-kadence-column kadence-column12610_e69d97-05\"><div class=\"kt-inside-inner-col\"><\/div><\/div>\n\n\n\n\n\n\n\n\n\n\n<style>.kb-row-layout-id12610_5669ba-b9 > .kt-row-column-wrap{align-content:start;}:where(.kb-row-layout-id12610_5669ba-b9 > .kt-row-column-wrap) > .wp-block-kadence-column{justify-content:start;}.kb-row-layout-id12610_5669ba-b9 > .kt-row-column-wrap{column-gap:var(--global-kb-gap-md, 2rem);row-gap:var(--global-kb-gap-md, 2rem);max-width:var( --global-content-width, 1290px );padding-left:var(--global-content-edge-padding);padding-right:var(--global-content-edge-padding);padding-top:var(--global-kb-spacing-lg, 3rem);padding-bottom:var(--global-kb-spacing-lg, 3rem);grid-template-columns:minmax(0, 1fr);}.kb-row-layout-id12610_5669ba-b9 > .kt-row-layout-overlay{opacity:0.30;}@media all and (max-width: 1024px){.kb-row-layout-id12610_5669ba-b9 > .kt-row-column-wrap{grid-template-columns:minmax(0, 1fr);}}@media all and (max-width: 767px){.kb-row-layout-id12610_5669ba-b9 > .kt-row-column-wrap{grid-template-columns:minmax(0, 1fr);}}<\/style><div class=\"kb-row-layout-wrap kb-row-layout-id12610_5669ba-b9 alignnone wp-block-kadence-rowlayout\"><div class=\"kt-row-column-wrap kt-has-1-columns kt-row-layout-equal kt-tab-layout-inherit kt-mobile-layout-row kt-row-valign-top kb-theme-content-width\">\n<style>.kadence-column12610_5974a0-13 > .kt-inside-inner-col,.kadence-column12610_5974a0-13 > .kt-inside-inner-col:before{border-top-left-radius:0px;border-top-right-radius:0px;border-bottom-right-radius:0px;border-bottom-left-radius:0px;}.kadence-column12610_5974a0-13 > .kt-inside-inner-col{column-gap:var(--global-kb-gap-sm, 1rem);}.kadence-column12610_5974a0-13 > .kt-inside-inner-col{flex-direction:column;}.kadence-column12610_5974a0-13 > .kt-inside-inner-col > .aligncenter{width:100%;}.kadence-column12610_5974a0-13 > .kt-inside-inner-col:before{opacity:0.3;}.kadence-column12610_5974a0-13{position:relative;}@media all and (max-width: 1024px){.kadence-column12610_5974a0-13 > .kt-inside-inner-col{flex-direction:column;justify-content:center;}}@media all and (max-width: 767px){.kadence-column12610_5974a0-13 > .kt-inside-inner-col{flex-direction:column;justify-content:center;}}<\/style>\n<div class=\"wp-block-kadence-column kadence-column12610_5974a0-13\"><div class=\"kt-inside-inner-col\"><h2>Metabolizam<\/h2><div class=\"namen-block products-grid\"><div class=\"product-card scale\" data-popularity-weight=\"0\"><a href=\"https:\/\/heka-supplements.com\/hr\/proizvod\/heka-gumiji-za-potporu-pri-regulaciji-gubitku-tjelesne-tezine\/\" class=\"product-link\"><div class=\"product-image\"><div class=\"tom-labels-container-prod\"><\/div><img decoding=\"async\" src=\"https:\/\/heka-supplements.com\/wp-content\/uploads\/2026\/01\/HEKA-Metabolism-support-gumiji-scaled.webp\" alt=\"HEKA gumiji za potporu pri regulaciji\/gubitku tjelesne te\u017eine\"><\/div><div class=\"product-info\"><h3 class=\"product-title\">HEKA gumiji za potporu pri regulaciji\/gubitku tjelesne te\u017eine<\/h3><div class=\"kolicina-izdelka\">60 gumenih bombona<\/div><div class=\"product-price\"><span class=\"wcpbc-price wcpbc-price-16284\" data-product-id=\"16284\"><span class=\"woocommerce-Price-amount amount\"><bdi>12,75\u00a0<span class=\"woocommerce-Price-currencySymbol\">&euro;<\/span><\/bdi><\/span><\/span><\/div><\/div><\/a><div class=\"product-actions\"><a href=\"https:\/\/heka-supplements.com\/hr\/proizvod\/heka-gumiji-za-potporu-pri-regulaciji-gubitku-tjelesne-tezine\/\" class=\"product-read-more\">Pro\u010ditaj vi\u0161e<\/a><a href=\"https:\/\/heka-supplements.com\/hr\/add-to-cart\/\" class=\"button product_type_simple add_to_cart_button ajax_add_to_cart\" data-quantity=\"1\" data-product_id=\"16284\" data-product_sku=\"3830081250455\" aria-label=\"Dodaj u ko\u0161aricu: &quot;HEKA gumiji za potporu pri regulaciji\/gubitku tjelesne te\u017eine&quot;\" rel=\"nofollow\"><img decoding=\"async\" src=\"\/wp-content\/uploads\/2025\/12\/cart.svg\" alt=\"Dodaj u ko\u0161aricu\" aria-hidden=\"false\"><\/a><\/div><\/div><div class=\"product-card scale\" data-popularity-weight=\"0\"><a href=\"https:\/\/heka-supplements.com\/hr\/proizvod\/heka-kapsule-za-regulaciju-glukoze\/\" class=\"product-link\"><div class=\"product-image\"><div class=\"tom-labels-container-prod\"><\/div><img decoding=\"async\" src=\"https:\/\/heka-supplements.com\/wp-content\/uploads\/2026\/01\/HEKA-Glucose-management-kapsule-scaled.webp\" alt=\"HEKA kapsule za regulaciju glukoze\"><\/div><div class=\"product-info\"><h3 class=\"product-title\">HEKA kapsule za regulaciju glukoze<\/h3><div class=\"kolicina-izdelka\">60 kapsula<\/div><div class=\"product-price\"><span class=\"wcpbc-price wcpbc-price-16882\" data-product-id=\"16882\"><span class=\"woocommerce-Price-amount amount\"><bdi>14,75\u00a0<span class=\"woocommerce-Price-currencySymbol\">&euro;<\/span><\/bdi><\/span><\/span><\/div><\/div><\/a><div class=\"product-actions\"><a href=\"https:\/\/heka-supplements.com\/hr\/proizvod\/heka-kapsule-za-regulaciju-glukoze\/\" class=\"product-read-more\">Pro\u010ditaj vi\u0161e<\/a><a href=\"https:\/\/heka-supplements.com\/hr\/add-to-cart\/\" class=\"button product_type_simple add_to_cart_button ajax_add_to_cart\" data-quantity=\"1\" data-product_id=\"16882\" data-product_sku=\"3830081250769\" aria-label=\"Dodaj u ko\u0161aricu: &quot;HEKA kapsule za regulaciju glukoze&quot;\" rel=\"nofollow\"><img decoding=\"async\" src=\"\/wp-content\/uploads\/2025\/12\/cart.svg\" alt=\"Dodaj u ko\u0161aricu\" aria-hidden=\"false\"><\/a><\/div><\/div><div class=\"product-card scale\" data-popularity-weight=\"5\"><a href=\"https:\/\/heka-supplements.com\/hr\/proizvod\/heka-kapsule-za-potporu-pri-regulaciji-gubitku-tjelesne-tezine\/\" class=\"product-link\"><div class=\"product-image\"><div class=\"tom-labels-container-prod\"><\/div><img decoding=\"async\" src=\"https:\/\/heka-supplements.com\/wp-content\/uploads\/2026\/01\/Heka-Metabolism-support-scaled.webp\" alt=\"HEKA kapsule za potporu pri regulaciji\/gubitku tjelesne te\u017eine\"><\/div><div class=\"product-info\"><h3 class=\"product-title\">HEKA kapsule za potporu pri regulaciji\/gubitku tjelesne te\u017eine<\/h3><div class=\"kolicina-izdelka\">60 kapsula<\/div><div class=\"product-price\"><span class=\"wcpbc-price wcpbc-price-15921\" data-product-id=\"15921\"><span class=\"woocommerce-Price-amount amount\"><bdi>14,75\u00a0<span class=\"woocommerce-Price-currencySymbol\">&euro;<\/span><\/bdi><\/span><\/span><\/div><\/div><\/a><div class=\"product-actions\"><a href=\"https:\/\/heka-supplements.com\/hr\/proizvod\/heka-kapsule-za-potporu-pri-regulaciji-gubitku-tjelesne-tezine\/\" class=\"product-read-more\">Pro\u010ditaj vi\u0161e<\/a><a href=\"https:\/\/heka-supplements.com\/hr\/add-to-cart\/\" class=\"button product_type_simple add_to_cart_button ajax_add_to_cart\" data-quantity=\"1\" data-product_id=\"15921\" data-product_sku=\"3830081250752\" aria-label=\"Dodaj u ko\u0161aricu: &quot;HEKA kapsule za potporu pri regulaciji\/gubitku tjelesne te\u017eine&quot;\" rel=\"nofollow\"><img decoding=\"async\" src=\"\/wp-content\/uploads\/2025\/12\/cart.svg\" alt=\"Dodaj u ko\u0161aricu\" aria-hidden=\"false\"><\/a><\/div><\/div><\/div><\/div><\/div>\n\n<\/div><\/div>\n\n<style>.kb-row-layout-id12610_2370f2-b1 > .kt-row-column-wrap{align-content:start;}:where(.kb-row-layout-id12610_2370f2-b1 > .kt-row-column-wrap) > .wp-block-kadence-column{justify-content:start;}.kb-row-layout-id12610_2370f2-b1 > .kt-row-column-wrap{column-gap:var(--global-kb-gap-md, 2rem);row-gap:var(--global-kb-gap-md, 2rem);max-width:var( --global-content-width, 1290px );padding-left:var(--global-content-edge-padding);padding-right:var(--global-content-edge-padding);padding-top:var(--global-kb-spacing-sm, 1.5rem);padding-bottom:var(--global-kb-spacing-xxl, 5rem);grid-template-columns:minmax(0, 1fr);}.kb-row-layout-id12610_2370f2-b1 > .kt-row-layout-overlay{opacity:0.30;}@media all and (max-width: 1024px){.kb-row-layout-id12610_2370f2-b1 > .kt-row-column-wrap{grid-template-columns:minmax(0, 1fr);}}@media all and (max-width: 767px){.kb-row-layout-id12610_2370f2-b1 > .kt-row-column-wrap{padding-right:var(--global-kb-spacing-xs, 1rem);padding-left:var(--global-kb-spacing-xs, 1rem);grid-template-columns:minmax(0, 1fr);}}<\/style><div class=\"kb-row-layout-wrap kb-row-layout-id12610_2370f2-b1 alignnone wp-block-kadence-rowlayout\"><div class=\"kt-row-column-wrap kt-has-1-columns kt-row-layout-equal kt-tab-layout-inherit kt-mobile-layout-row kt-row-valign-top kb-theme-content-width\">\n<style>.kadence-column12610_ae4b8f-22 > .kt-inside-inner-col,.kadence-column12610_ae4b8f-22 > .kt-inside-inner-col:before{border-top-left-radius:0px;border-top-right-radius:0px;border-bottom-right-radius:0px;border-bottom-left-radius:0px;}.kadence-column12610_ae4b8f-22 > .kt-inside-inner-col{column-gap:var(--global-kb-gap-sm, 1rem);}.kadence-column12610_ae4b8f-22 > .kt-inside-inner-col{flex-direction:column;}.kadence-column12610_ae4b8f-22 > .kt-inside-inner-col > .aligncenter{width:100%;}.kadence-column12610_ae4b8f-22 > .kt-inside-inner-col:before{opacity:0.3;}.kadence-column12610_ae4b8f-22{position:relative;}@media all and (max-width: 1024px){.kadence-column12610_ae4b8f-22 > .kt-inside-inner-col{flex-direction:column;justify-content:center;}}@media all and (max-width: 767px){.kadence-column12610_ae4b8f-22 > .kt-inside-inner-col{flex-direction:column;justify-content:center;}}<\/style>\n<div class=\"wp-block-kadence-column kadence-column12610_ae4b8f-22\"><div class=\"kt-inside-inner-col\">\n\n<\/div><\/div>\n\n<\/div><\/div>","protected":false},"excerpt":{"rendered":"<p>Vjerujemo da je prava snaga ve\u0107 u svakome od nas. Ni\u0161ta ne treba dodati, samo treba probuditi energiju koju tijelo ve\u0107 nosi, ali ju u suvremenom brzom tempu \u017eivota i stresa gubimo. Heka je tu za trenutke kada nedostaje snage, za dane kada stres prevlada, i za ciljeve koji zahtijevaju vi\u0161e energije i usredoto\u010denosti. Nema&#8230;<\/p>\n","protected":false},"author":1,"featured_media":0,"parent":0,"menu_order":0,"comment_status":"closed","ping_status":"closed","template":"","meta":{"_acf_changed":false,"page_custom_class":"","page_custom_text":"","_kad_blocks_custom_css":"","_kad_blocks_head_custom_js":"","_kad_blocks_body_custom_js":"","_kad_blocks_footer_custom_js":"","_kad_post_transparent":"","_kad_post_title":"","_kad_post_layout":"fullwidth","_kad_post_sidebar_id":"","_kad_post_content_style":"","_kad_post_vertical_padding":"","_kad_post_feature":"","_kad_post_feature_position":"","_kad_post_header":false,"_kad_post_footer":false,"_kad_post_classname":"","page_custom_text_by_category":"","footnotes":""},"class_list":["post-12610","page","type-page","status-publish","hentry"],"acf":[],"taxonomy_info":[],"featured_image_src_large":false,"author_info":{"display_name":"wpm","author_link":"https:\/\/heka-supplements.com\/hr\/author\/wpm\/"},"comment_info":"","_links":{"self":[{"href":"https:\/\/heka-supplements.com\/hr\/wp-json\/wp\/v2\/pages\/12610","targetHints":{"allow":["GET"]}}],"collection":[{"href":"https:\/\/heka-supplements.com\/hr\/wp-json\/wp\/v2\/pages"}],"about":[{"href":"https:\/\/heka-supplements.com\/hr\/wp-json\/wp\/v2\/types\/page"}],"author":[{"embeddable":true,"href":"https:\/\/heka-supplements.com\/hr\/wp-json\/wp\/v2\/users\/1"}],"replies":[{"embeddable":true,"href":"https:\/\/heka-supplements.com\/hr\/wp-json\/wp\/v2\/comments?post=12610"}],"version-history":[{"count":0,"href":"https:\/\/heka-supplements.com\/hr\/wp-json\/wp\/v2\/pages\/12610\/revisions"}],"wp:attachment":[{"href":"https:\/\/heka-supplements.com\/hr\/wp-json\/wp\/v2\/media?parent=12610"}],"curies":[{"name":"wp","href":"https:\/\/api.w.org\/{rel}","templated":true}]}}