{"id":12499,"date":"2026-01-13T11:01:22","date_gmt":"2026-01-13T11:01:22","guid":{"rendered":"https:\/\/heka-supplements.com\/vitamini-i-minerali\/"},"modified":"2026-01-28T15:50:01","modified_gmt":"2026-01-28T15:50:01","slug":"vitamini-i-minerali","status":"publish","type":"page","link":"https:\/\/heka-supplements.com\/hr\/vitamini-i-minerali\/","title":{"rendered":"Vitamini i minerali"},"content":{"rendered":"<style>.kadence-column12499_5bf3c3-43 > .kt-inside-inner-col{min-height:400px;}.kadence-column12499_5bf3c3-43 > .kt-inside-inner-col,.kadence-column12499_5bf3c3-43 > .kt-inside-inner-col:before{border-top-left-radius:0px;border-top-right-radius:0px;border-bottom-right-radius:0px;border-bottom-left-radius:0px;}.kadence-column12499_5bf3c3-43 > .kt-inside-inner-col{column-gap:var(--global-kb-gap-sm, 1rem);}.kadence-column12499_5bf3c3-43 > .kt-inside-inner-col{flex-direction:column;}.kadence-column12499_5bf3c3-43 > .kt-inside-inner-col > .aligncenter{width:100%;}.kadence-column12499_5bf3c3-43 > .kt-inside-inner-col{background-image:url('https:\/\/heka-supplements.com\/wp-content\/uploads\/2026\/01\/Vitamini-in-minerali-2-scaled.webp');background-size:cover;background-position:50% 51%;background-attachment:scroll;background-repeat:no-repeat;}.kadence-column12499_5bf3c3-43 > .kt-inside-inner-col:before{opacity:0.3;}.kadence-column12499_5bf3c3-43{position:relative;}@media all and (max-width: 1024px){.kadence-column12499_5bf3c3-43 > .kt-inside-inner-col{flex-direction:column;justify-content:center;}}@media all and (max-width: 767px){.kadence-column12499_5bf3c3-43 > .kt-inside-inner-col{flex-direction:column;justify-content:center;}}<\/style>\n<div class=\"wp-block-kadence-column kadence-column12499_5bf3c3-43\"><div class=\"kt-inside-inner-col\"><\/div><\/div>\n\n\n\n\n\n\n\n\n\n\n<style>.kb-row-layout-id12499_b37e2f-67 > .kt-row-column-wrap{align-content:start;}:where(.kb-row-layout-id12499_b37e2f-67 > .kt-row-column-wrap) > .wp-block-kadence-column{justify-content:start;}.kb-row-layout-id12499_b37e2f-67 > .kt-row-column-wrap{column-gap:var(--global-kb-gap-md, 2rem);row-gap:var(--global-kb-gap-md, 2rem);max-width:var( --global-content-width, 1290px );padding-left:var(--global-content-edge-padding);padding-right:var(--global-content-edge-padding);padding-top:var(--global-kb-spacing-lg, 3rem);padding-bottom:var(--global-kb-spacing-lg, 3rem);grid-template-columns:minmax(0, 1fr);}.kb-row-layout-id12499_b37e2f-67 > .kt-row-layout-overlay{opacity:0.30;}@media all and (max-width: 1024px){.kb-row-layout-id12499_b37e2f-67 > .kt-row-column-wrap{grid-template-columns:minmax(0, 1fr);}}@media all and (max-width: 767px){.kb-row-layout-id12499_b37e2f-67 > .kt-row-column-wrap{grid-template-columns:minmax(0, 1fr);}}<\/style><div class=\"kb-row-layout-wrap kb-row-layout-id12499_b37e2f-67 alignnone wp-block-kadence-rowlayout\"><div class=\"kt-row-column-wrap kt-has-1-columns kt-row-layout-equal kt-tab-layout-inherit kt-mobile-layout-row kt-row-valign-top kb-theme-content-width\">\n<style>.kadence-column12499_6334dc-22 > .kt-inside-inner-col,.kadence-column12499_6334dc-22 > .kt-inside-inner-col:before{border-top-left-radius:0px;border-top-right-radius:0px;border-bottom-right-radius:0px;border-bottom-left-radius:0px;}.kadence-column12499_6334dc-22 > .kt-inside-inner-col{column-gap:var(--global-kb-gap-sm, 1rem);}.kadence-column12499_6334dc-22 > .kt-inside-inner-col{flex-direction:column;}.kadence-column12499_6334dc-22 > .kt-inside-inner-col > .aligncenter{width:100%;}.kadence-column12499_6334dc-22 > .kt-inside-inner-col:before{opacity:0.3;}.kadence-column12499_6334dc-22{position:relative;}@media all and (max-width: 1024px){.kadence-column12499_6334dc-22 > .kt-inside-inner-col{flex-direction:column;justify-content:center;}}@media all and (max-width: 767px){.kadence-column12499_6334dc-22 > .kt-inside-inner-col{flex-direction:column;justify-content:center;}}<\/style>\n<div class=\"wp-block-kadence-column kadence-column12499_6334dc-22\"><div class=\"kt-inside-inner-col\"><h2>Vitamini in minerali<\/h2><div class=\"namen-block products-grid\"><div class=\"product-card scale\" data-popularity-weight=\"0\"><a href=\"https:\/\/heka-supplements.com\/hr\/proizvod\/heka-gumeni-bomboni-za-djecu-s-multivitaminima\/\" class=\"product-link\"><div class=\"product-image\"><div class=\"tom-labels-container-prod\"><\/div><img decoding=\"async\" src=\"https:\/\/heka-supplements.com\/wp-content\/uploads\/2026\/01\/HEKA-gumiji-za-otroke-multivitamin-scaled.webp\" alt=\"HEKA gumeni bomboni za djecu s multivitaminima\"><\/div><div class=\"product-info\"><h3 class=\"product-title\">HEKA gumeni bomboni za djecu s multivitaminima<\/h3><div class=\"kolicina-izdelka\">60 gumenih bombona<\/div><div class=\"product-price\"><span class=\"wcpbc-price wcpbc-price-15978\" data-product-id=\"15978\"><span class=\"woocommerce-Price-amount amount\"><bdi>12,75\u00a0<span class=\"woocommerce-Price-currencySymbol\">&euro;<\/span><\/bdi><\/span><\/span><\/div><\/div><\/a><div class=\"product-actions\"><a href=\"https:\/\/heka-supplements.com\/hr\/proizvod\/heka-gumeni-bomboni-za-djecu-s-multivitaminima\/\" class=\"product-read-more\">Pro\u010ditaj vi\u0161e<\/a><a href=\"https:\/\/heka-supplements.com\/hr\/add-to-cart\/\" class=\"button product_type_simple add_to_cart_button ajax_add_to_cart\" data-quantity=\"1\" data-product_id=\"15978\" data-product_sku=\"3830081250483\" aria-label=\"Dodaj u ko\u0161aricu: &quot;HEKA gumeni bomboni za djecu s multivitaminima&quot;\" rel=\"nofollow\"><img decoding=\"async\" src=\"\/wp-content\/uploads\/2025\/12\/cart.svg\" alt=\"Dodaj u ko\u0161aricu\" aria-hidden=\"false\"><\/a><\/div><\/div><div class=\"product-card scale\" data-popularity-weight=\"0\"><a href=\"https:\/\/heka-supplements.com\/hr\/proizvod\/heka-multivitamin-gumeni-bomboni\/\" class=\"product-link\"><div class=\"product-image\"><div class=\"tom-labels-container-prod\"><\/div><img decoding=\"async\" src=\"https:\/\/heka-supplements.com\/wp-content\/uploads\/2026\/01\/HEKA-Multivitamin-gumiji-scaled.webp\" alt=\"HEKA multivitamin gumeni bomboni\"><\/div><div class=\"product-info\"><h3 class=\"product-title\">HEKA multivitamin gumeni bomboni<\/h3><div class=\"kolicina-izdelka\">60 gumenih bombona<\/div><div class=\"product-price\"><span class=\"wcpbc-price wcpbc-price-16195\" data-product-id=\"16195\"><span class=\"woocommerce-Price-amount amount\"><bdi>12,75\u00a0<span class=\"woocommerce-Price-currencySymbol\">&euro;<\/span><\/bdi><\/span><\/span><\/div><\/div><\/a><div class=\"product-actions\"><a href=\"https:\/\/heka-supplements.com\/hr\/proizvod\/heka-multivitamin-gumeni-bomboni\/\" class=\"product-read-more\">Pro\u010ditaj vi\u0161e<\/a><a href=\"https:\/\/heka-supplements.com\/hr\/add-to-cart\/\" class=\"button product_type_simple add_to_cart_button ajax_add_to_cart\" data-quantity=\"1\" data-product_id=\"16195\" data-product_sku=\"3830081250431\" aria-label=\"Dodaj u ko\u0161aricu: &quot;HEKA multivitamin gumeni bomboni&quot;\" rel=\"nofollow\"><img decoding=\"async\" src=\"\/wp-content\/uploads\/2025\/12\/cart.svg\" alt=\"Dodaj u ko\u0161aricu\" aria-hidden=\"false\"><\/a><\/div><\/div><div class=\"product-card scale\" data-popularity-weight=\"3\"><a href=\"https:\/\/heka-supplements.com\/hr\/proizvod\/heka-vitamin-d3-meke-kapsule\/\" class=\"product-link\"><div class=\"product-image\"><div class=\"tom-labels-container-prod\"><\/div><img decoding=\"async\" src=\"https:\/\/heka-supplements.com\/wp-content\/uploads\/2026\/01\/Vitamin-D3-HEKA-softgels-scaled.webp\" alt=\"HEKA vitamin D3 meke kapsule\"><\/div><div class=\"product-info\"><h3 class=\"product-title\">HEKA vitamin D3 meke kapsule<\/h3><div class=\"kolicina-izdelka\">180 mekih kapsula<\/div><div class=\"product-price\"><span class=\"wcpbc-price wcpbc-price-16518\" data-product-id=\"16518\"><span class=\"woocommerce-Price-amount amount\"><bdi>14,75\u00a0<span class=\"woocommerce-Price-currencySymbol\">&euro;<\/span><\/bdi><\/span><\/span><\/div><\/div><\/a><div class=\"product-actions\"><a href=\"https:\/\/heka-supplements.com\/hr\/proizvod\/heka-vitamin-d3-meke-kapsule\/\" class=\"product-read-more\">Pro\u010ditaj vi\u0161e<\/a><a href=\"https:\/\/heka-supplements.com\/hr\/add-to-cart\/\" class=\"button product_type_simple add_to_cart_button ajax_add_to_cart\" data-quantity=\"1\" data-product_id=\"16518\" data-product_sku=\"3830081250851\" aria-label=\"Dodaj u ko\u0161aricu: &quot;HEKA vitamin D3 meke kapsule&quot;\" rel=\"nofollow\"><img decoding=\"async\" src=\"\/wp-content\/uploads\/2025\/12\/cart.svg\" alt=\"Dodaj u ko\u0161aricu\" aria-hidden=\"false\"><\/a><\/div><\/div><div class=\"product-card scale\" data-popularity-weight=\"0\"><a href=\"https:\/\/heka-supplements.com\/hr\/proizvod\/heka-cink-kapsule\/\" class=\"product-link\"><div class=\"product-image\"><div class=\"tom-labels-container-prod\"><\/div><img decoding=\"async\" src=\"https:\/\/heka-supplements.com\/wp-content\/uploads\/2026\/01\/Heka-cink-scaled.webp\" alt=\"HEKA cink kapsule\"><\/div><div class=\"product-info\"><h3 class=\"product-title\">HEKA cink kapsule<\/h3><div class=\"kolicina-izdelka\">60 kapsula<\/div><div class=\"product-price\"><span class=\"wcpbc-price wcpbc-price-15669\" data-product-id=\"15669\"><span class=\"woocommerce-Price-amount amount\"><bdi>14,75\u00a0<span class=\"woocommerce-Price-currencySymbol\">&euro;<\/span><\/bdi><\/span><\/span><\/div><\/div><\/a><div class=\"product-actions\"><a href=\"https:\/\/heka-supplements.com\/hr\/proizvod\/heka-cink-kapsule\/\" class=\"product-read-more\">Pro\u010ditaj vi\u0161e<\/a><a href=\"https:\/\/heka-supplements.com\/hr\/add-to-cart\/\" class=\"button product_type_simple add_to_cart_button ajax_add_to_cart\" data-quantity=\"1\" data-product_id=\"15669\" data-product_sku=\"3830081250868\" aria-label=\"Dodaj u ko\u0161aricu: &quot;HEKA cink kapsule&quot;\" rel=\"nofollow\"><img decoding=\"async\" src=\"\/wp-content\/uploads\/2025\/12\/cart.svg\" alt=\"Dodaj u ko\u0161aricu\" aria-hidden=\"false\"><\/a><\/div><\/div><div class=\"product-card scale\" data-popularity-weight=\"0\"><a href=\"https:\/\/heka-supplements.com\/hr\/proizvod\/heka-vitamin-c\/\" class=\"product-link\"><div class=\"product-image\"><div class=\"tom-labels-container-prod\"><\/div><img decoding=\"async\" src=\"https:\/\/heka-supplements.com\/wp-content\/uploads\/2026\/01\/HEKA-Vitamin-C-scaled.webp\" alt=\"HEKA vitamin C kapsule\"><\/div><div class=\"product-info\"><h3 class=\"product-title\">HEKA vitamin C kapsule<\/h3><div class=\"kolicina-izdelka\">60 kapsula<\/div><div class=\"product-price\"><span class=\"wcpbc-price wcpbc-price-15266\" data-product-id=\"15266\"><span class=\"woocommerce-Price-amount amount\"><bdi>14,75\u00a0<span class=\"woocommerce-Price-currencySymbol\">&euro;<\/span><\/bdi><\/span><\/span><\/div><\/div><\/a><div class=\"product-actions\"><a href=\"https:\/\/heka-supplements.com\/hr\/proizvod\/heka-vitamin-c\/\" class=\"product-read-more\">Pro\u010ditaj vi\u0161e<\/a><a href=\"https:\/\/heka-supplements.com\/hr\/add-to-cart\/\" class=\"button product_type_simple add_to_cart_button ajax_add_to_cart\" data-quantity=\"1\" data-product_id=\"15266\" data-product_sku=\"3830081250813\" aria-label=\"Dodaj u ko\u0161aricu: &quot;HEKA vitamin C kapsule&quot;\" rel=\"nofollow\"><img decoding=\"async\" src=\"\/wp-content\/uploads\/2025\/12\/cart.svg\" alt=\"Dodaj u ko\u0161aricu\" aria-hidden=\"false\"><\/a><\/div><\/div><div class=\"product-card scale\" data-popularity-weight=\"0\"><a href=\"https:\/\/heka-supplements.com\/hr\/proizvod\/heka-b-complex-kapsule\/\" class=\"product-link\"><div class=\"product-image\"><div class=\"tom-labels-container-prod\"><\/div><img decoding=\"async\" src=\"https:\/\/heka-supplements.com\/wp-content\/uploads\/2026\/01\/B-kompleks-kapsule-scaled.webp\" alt=\"HEKA B complex kapsule\"><\/div><div class=\"product-info\"><h3 class=\"product-title\">HEKA B complex kapsule<\/h3><div class=\"kolicina-izdelka\">60 kapsula<\/div><div class=\"product-price\"><span class=\"wcpbc-price wcpbc-price-16773\" data-product-id=\"16773\"><span class=\"woocommerce-Price-amount amount\"><bdi>14,75\u00a0<span class=\"woocommerce-Price-currencySymbol\">&euro;<\/span><\/bdi><\/span><\/span><\/div><\/div><\/a><div class=\"product-actions\"><a href=\"https:\/\/heka-supplements.com\/hr\/proizvod\/heka-b-complex-kapsule\/\" class=\"product-read-more\">Pro\u010ditaj vi\u0161e<\/a><a href=\"https:\/\/heka-supplements.com\/hr\/add-to-cart\/\" class=\"button product_type_simple add_to_cart_button ajax_add_to_cart\" data-quantity=\"1\" data-product_id=\"16773\" data-product_sku=\"3830081250790\" aria-label=\"Dodaj u ko\u0161aricu: &quot;HEKA B complex kapsule&quot;\" rel=\"nofollow\"><img decoding=\"async\" src=\"\/wp-content\/uploads\/2025\/12\/cart.svg\" alt=\"Dodaj u ko\u0161aricu\" aria-hidden=\"false\"><\/a><\/div><\/div><div class=\"product-card scale\" data-popularity-weight=\"0\"><a href=\"https:\/\/heka-supplements.com\/hr\/proizvod\/heka-k2d3-sprej\/\" class=\"product-link\"><div class=\"product-image\"><div class=\"tom-labels-container-prod\"><\/div><img decoding=\"async\" src=\"https:\/\/heka-supplements.com\/wp-content\/uploads\/2026\/01\/Heka-K2-D3-spray-1-scaled.webp\" alt=\"HEKA K2+D3 sprej\"><\/div><div class=\"product-info\"><h3 class=\"product-title\">HEKA K2+D3 sprej<\/h3><div class=\"kolicina-izdelka\">30 ml<\/div><div class=\"product-price\"><span class=\"wcpbc-price wcpbc-price-14407\" data-product-id=\"14407\"><span class=\"woocommerce-Price-amount amount\"><bdi>16,75\u00a0<span class=\"woocommerce-Price-currencySymbol\">&euro;<\/span><\/bdi><\/span><\/span><\/div><\/div><\/a><div class=\"product-actions\"><a href=\"https:\/\/heka-supplements.com\/hr\/proizvod\/heka-k2d3-sprej\/\" class=\"product-read-more\">Pro\u010ditaj vi\u0161e<\/a><a href=\"https:\/\/heka-supplements.com\/hr\/add-to-cart\/\" class=\"button product_type_simple add_to_cart_button ajax_add_to_cart\" data-quantity=\"1\" data-product_id=\"14407\" data-product_sku=\"3830081250738\" aria-label=\"Dodaj u ko\u0161aricu: &quot;HEKA K2+D3 sprej&quot;\" rel=\"nofollow\"><img decoding=\"async\" src=\"\/wp-content\/uploads\/2025\/12\/cart.svg\" alt=\"Dodaj u ko\u0161aricu\" aria-hidden=\"false\"><\/a><\/div><\/div><div class=\"product-card scale\" data-popularity-weight=\"0\"><a href=\"https:\/\/heka-supplements.com\/hr\/proizvod\/heka-k2-d3-kapi\/\" class=\"product-link\"><div class=\"product-image\"><div class=\"tom-labels-container-prod\"><\/div><img decoding=\"async\" src=\"https:\/\/heka-supplements.com\/wp-content\/uploads\/2026\/01\/Heka-K2D3-drops-scaled.webp\" alt=\"HEKA K2 D3 kapi\"><\/div><div class=\"product-info\"><h3 class=\"product-title\">HEKA K2 D3 kapi<\/h3><div class=\"kolicina-izdelka\">10 ml<\/div><div class=\"product-price\"><span class=\"wcpbc-price wcpbc-price-14441\" data-product-id=\"14441\"><span class=\"woocommerce-Price-amount amount\"><bdi>14,75\u00a0<span class=\"woocommerce-Price-currencySymbol\">&euro;<\/span><\/bdi><\/span><\/span><\/div><\/div><\/a><div class=\"product-actions\"><a href=\"https:\/\/heka-supplements.com\/hr\/proizvod\/heka-k2-d3-kapi\/\" class=\"product-read-more\">Pro\u010ditaj vi\u0161e<\/a><a href=\"https:\/\/heka-supplements.com\/hr\/add-to-cart\/\" class=\"button product_type_simple add_to_cart_button ajax_add_to_cart\" data-quantity=\"1\" data-product_id=\"14441\" data-product_sku=\"3830081250721\" aria-label=\"Dodaj u ko\u0161aricu: &quot;HEKA K2 D3 kapi&quot;\" rel=\"nofollow\"><img decoding=\"async\" src=\"\/wp-content\/uploads\/2025\/12\/cart.svg\" alt=\"Dodaj u ko\u0161aricu\" aria-hidden=\"false\"><\/a><\/div><\/div><div class=\"product-card scale\" data-popularity-weight=\"0\"><a href=\"https:\/\/heka-supplements.com\/hr\/proizvod\/heka-d3-kapi\/\" class=\"product-link\"><div class=\"product-image\"><div class=\"tom-labels-container-prod\"><\/div><img decoding=\"async\" src=\"https:\/\/heka-supplements.com\/wp-content\/uploads\/2026\/01\/HEKA22616-scaled.webp\" alt=\"HEKA D3 kapi\"><\/div><div class=\"product-info\"><h3 class=\"product-title\">HEKA D3 kapi<\/h3><div class=\"kolicina-izdelka\">10 ml<\/div><div class=\"product-price\"><span class=\"wcpbc-price wcpbc-price-14484\" data-product-id=\"14484\"><span class=\"woocommerce-Price-amount amount\"><bdi>11,75\u00a0<span class=\"woocommerce-Price-currencySymbol\">&euro;<\/span><\/bdi><\/span><\/span><\/div><\/div><\/a><div class=\"product-actions\"><a href=\"https:\/\/heka-supplements.com\/hr\/proizvod\/heka-d3-kapi\/\" class=\"product-read-more\">Pro\u010ditaj vi\u0161e<\/a><a href=\"https:\/\/heka-supplements.com\/hr\/add-to-cart\/\" class=\"button product_type_simple add_to_cart_button ajax_add_to_cart\" data-quantity=\"1\" data-product_id=\"14484\" data-product_sku=\"3830081250714\" aria-label=\"Dodaj u ko\u0161aricu: &quot;HEKA D3 kapi&quot;\" rel=\"nofollow\"><img decoding=\"async\" src=\"\/wp-content\/uploads\/2025\/12\/cart.svg\" alt=\"Dodaj u ko\u0161aricu\" aria-hidden=\"false\"><\/a><\/div><\/div><div class=\"product-card scale\" data-popularity-weight=\"0\"><a href=\"https:\/\/heka-supplements.com\/hr\/proizvod\/heka-d3-sprej\/\" class=\"product-link\"><div class=\"product-image\"><div class=\"tom-labels-container-prod\"><\/div><img decoding=\"async\" src=\"https:\/\/heka-supplements.com\/wp-content\/uploads\/2026\/01\/Heka-D3-spray-1-scaled.webp\" alt=\"HEKA D3 sprej\"><\/div><div class=\"product-info\"><h3 class=\"product-title\">HEKA D3 sprej<\/h3><div class=\"kolicina-izdelka\">30 ml<\/div><div class=\"product-price\"><span class=\"wcpbc-price wcpbc-price-14590\" data-product-id=\"14590\"><span class=\"woocommerce-Price-amount amount\"><bdi>13,75\u00a0<span class=\"woocommerce-Price-currencySymbol\">&euro;<\/span><\/bdi><\/span><\/span><\/div><\/div><\/a><div class=\"product-actions\"><a href=\"https:\/\/heka-supplements.com\/hr\/proizvod\/heka-d3-sprej\/\" class=\"product-read-more\">Pro\u010ditaj vi\u0161e<\/a><a href=\"https:\/\/heka-supplements.com\/hr\/add-to-cart\/\" class=\"button product_type_simple add_to_cart_button ajax_add_to_cart\" data-quantity=\"1\" data-product_id=\"14590\" data-product_sku=\"3830081250661\" aria-label=\"Dodaj u ko\u0161aricu: &quot;HEKA D3 sprej&quot;\" rel=\"nofollow\"><img decoding=\"async\" src=\"\/wp-content\/uploads\/2025\/12\/cart.svg\" alt=\"Dodaj u ko\u0161aricu\" aria-hidden=\"false\"><\/a><\/div><\/div><div class=\"product-card scale\" data-popularity-weight=\"5\"><a href=\"https:\/\/heka-supplements.com\/hr\/proizvod\/heka-napitak-za-potporu-spavanju\/\" class=\"product-link\"><div class=\"product-image\"><div class=\"tom-labels-container-prod\"><\/div><img decoding=\"async\" src=\"https:\/\/heka-supplements.com\/wp-content\/uploads\/2026\/01\/Heka-Tonik-Sleep-Support-scaled.webp\" alt=\"Heka napitak za potporu spavanju\"><\/div><div class=\"product-info\"><h3 class=\"product-title\">Heka napitak za potporu spavanju<\/h3><div class=\"kolicina-izdelka\">30 vre\u0107ica x 3,5 g<\/div><div class=\"product-price\"><span class=\"wcpbc-price wcpbc-price-14629\" data-product-id=\"14629\"><span class=\"woocommerce-Price-amount amount\"><bdi>24,75\u00a0<span class=\"woocommerce-Price-currencySymbol\">&euro;<\/span><\/bdi><\/span><\/span><\/div><\/div><\/a><div class=\"product-actions\"><a href=\"https:\/\/heka-supplements.com\/hr\/proizvod\/heka-napitak-za-potporu-spavanju\/\" class=\"product-read-more\">Pro\u010ditaj vi\u0161e<\/a><a href=\"https:\/\/heka-supplements.com\/hr\/add-to-cart\/\" class=\"button product_type_simple add_to_cart_button ajax_add_to_cart\" data-quantity=\"1\" data-product_id=\"14629\" data-product_sku=\"3830081250653\" aria-label=\"Dodaj u ko\u0161aricu: &quot;Heka napitak za potporu spavanju&quot;\" rel=\"nofollow\"><img decoding=\"async\" src=\"\/wp-content\/uploads\/2025\/12\/cart.svg\" alt=\"Dodaj u ko\u0161aricu\" aria-hidden=\"false\"><\/a><\/div><\/div><div class=\"product-card scale\" data-popularity-weight=\"0\"><a href=\"https:\/\/heka-supplements.com\/hr\/proizvod\/heka-kapsule-s-magnezijem\/\" class=\"product-link\"><div class=\"product-image\"><div class=\"tom-labels-container-prod\"><\/div><img decoding=\"async\" src=\"https:\/\/heka-supplements.com\/wp-content\/uploads\/2026\/01\/Heka-Magnesium-citrate2-scaled.webp\" alt=\"HEKA kapsule s magnezijem\"><\/div><div class=\"product-info\"><h3 class=\"product-title\">HEKA kapsule s magnezijem<\/h3><div class=\"kolicina-izdelka\">60 kapsula<\/div><div class=\"product-price\"><span class=\"wcpbc-price wcpbc-price-14758\" data-product-id=\"14758\"><span class=\"woocommerce-Price-amount amount\"><bdi>14,75\u00a0<span class=\"woocommerce-Price-currencySymbol\">&euro;<\/span><\/bdi><\/span><\/span><\/div><\/div><\/a><div class=\"product-actions\"><a href=\"https:\/\/heka-supplements.com\/hr\/proizvod\/heka-kapsule-s-magnezijem\/\" class=\"product-read-more\">Pro\u010ditaj vi\u0161e<\/a><a href=\"https:\/\/heka-supplements.com\/hr\/add-to-cart\/\" class=\"button product_type_simple add_to_cart_button ajax_add_to_cart\" data-quantity=\"1\" data-product_id=\"14758\" data-product_sku=\"3830081250783\" aria-label=\"Dodaj u ko\u0161aricu: &quot;HEKA kapsule s magnezijem&quot;\" rel=\"nofollow\"><img decoding=\"async\" src=\"\/wp-content\/uploads\/2025\/12\/cart.svg\" alt=\"Dodaj u ko\u0161aricu\" aria-hidden=\"false\"><\/a><\/div><\/div><\/div><\/div><\/div>\n\n<\/div><\/div>\n\n\n\n\n<p><\/p>\n","protected":false},"excerpt":{"rendered":"<p>Vjerujemo da je prava snaga ve\u0107 u svakome od nas. Ni\u0161ta ne treba dodati, samo treba probuditi energiju koju tijelo ve\u0107 nosi, ali ju u suvremenom brzom tempu \u017eivota i stresa gubimo. Heka je tu za trenutke kada nedostaje snage, za dane kada stres prevlada, i za ciljeve koji zahtijevaju vi\u0161e energije i usredoto\u010denosti. Nema&#8230;<\/p>\n","protected":false},"author":1,"featured_media":0,"parent":0,"menu_order":0,"comment_status":"closed","ping_status":"closed","template":"","meta":{"_acf_changed":false,"page_custom_class":"","page_custom_text":"","_kad_blocks_custom_css":"","_kad_blocks_head_custom_js":"","_kad_blocks_body_custom_js":"","_kad_blocks_footer_custom_js":"","_kad_post_transparent":"","_kad_post_title":"","_kad_post_layout":"fullwidth","_kad_post_sidebar_id":"","_kad_post_content_style":"","_kad_post_vertical_padding":"","_kad_post_feature":"","_kad_post_feature_position":"","_kad_post_header":false,"_kad_post_footer":false,"_kad_post_classname":"","page_custom_text_by_category":"","footnotes":""},"class_list":["post-12499","page","type-page","status-publish","hentry"],"acf":[],"taxonomy_info":[],"featured_image_src_large":false,"author_info":{"display_name":"wpm","author_link":"https:\/\/heka-supplements.com\/hr\/author\/wpm\/"},"comment_info":"","_links":{"self":[{"href":"https:\/\/heka-supplements.com\/hr\/wp-json\/wp\/v2\/pages\/12499","targetHints":{"allow":["GET"]}}],"collection":[{"href":"https:\/\/heka-supplements.com\/hr\/wp-json\/wp\/v2\/pages"}],"about":[{"href":"https:\/\/heka-supplements.com\/hr\/wp-json\/wp\/v2\/types\/page"}],"author":[{"embeddable":true,"href":"https:\/\/heka-supplements.com\/hr\/wp-json\/wp\/v2\/users\/1"}],"replies":[{"embeddable":true,"href":"https:\/\/heka-supplements.com\/hr\/wp-json\/wp\/v2\/comments?post=12499"}],"version-history":[{"count":0,"href":"https:\/\/heka-supplements.com\/hr\/wp-json\/wp\/v2\/pages\/12499\/revisions"}],"wp:attachment":[{"href":"https:\/\/heka-supplements.com\/hr\/wp-json\/wp\/v2\/media?parent=12499"}],"curies":[{"name":"wp","href":"https:\/\/api.w.org\/{rel}","templated":true}]}}