{"id":12078,"date":"2026-01-14T11:04:52","date_gmt":"2026-01-14T11:04:52","guid":{"rendered":"https:\/\/heka-supplements.com\/politika-privatnosti-i-kolacici\/"},"modified":"2026-02-06T12:57:23","modified_gmt":"2026-02-06T12:57:23","slug":"politika-privatnosti-i-kolacici","status":"publish","type":"page","link":"https:\/\/heka-supplements.com\/hr\/politika-privatnosti-i-kolacici\/","title":{"rendered":"Politika privatnosti i kola\u010di\u0107i"},"content":{"rendered":"\n<div class=\"wp-block-group\"><div class=\"wp-block-group__inner-container is-layout-flow wp-block-group-is-layout-flow\">\n<div class=\"wp-block-columns is-layout-flex wp-container-core-columns-is-layout-9d6595d7 wp-block-columns-is-layout-flex\">\n<div class=\"wp-block-column is-layout-flow wp-block-column-is-layout-flow\" style=\"flex-basis:100%\">\n<p><\/p>\n\n\n\n<h1 class=\"wp-block-heading\">Politika privatnosti i kola\u010di\u0107i<\/h1>\n\n\n\n<h2 class=\"wp-block-heading\"><strong>Upravitelj osobnih podataka i kontaktni podaci<\/strong><\/h2>\n\n\n\n<p>Ova politika vrijedi za obradu (upotrebu) bilo kojih osobnih podataka koje provodi dru\u0161tvo GlobalPharmacia Group d.o.o. (upravitelj) ili koji se provode u ime upravitelja.<\/p>\n\n\n\n<h2 class=\"wp-block-heading\"><strong>Podaci o upravitelju:<\/strong><\/h2>\n\n\n\n<p>GlobalPharmacia Group d.o.o.<br>Poklukarjeva ulica 27, Ljubljana, 1000 Ljubljana<br>Porezni broj SI: 88507114<br>Mati\u010dni broj: 9037934000<br>Telefon: +386 6 971 9709<br>E-po\u0161ta: info@heka-supplements.com<\/p>\n\n\n\n<h2 class=\"wp-block-heading\"><strong>Koje osobne podatke obra\u0111ujemo<\/strong><\/h2>\n\n\n\n<ul class=\"wp-block-list\">\n<li>Osnovni kontaktni podaci (ime, prezime, telefonski broj, e-adresa);<\/li>\n\n\n\n<li>Podaci o upotrebi na\u0161ih web stranica (klikovi na poveznice, provedeno vrijeme) i podaci o odazivu na na\u0161e e-mail poruke (je li poruka otvorena, na koje ste poveznice kliknuli);<\/li>\n\n\n\n<li>Podaci koji su nam potrebni za ispunjenje ugovora i dostavu kupljene robe (predmet kupnje, cijena, adresa za dostavu, vrijeme dostave, na\u010din pla\u0107anja, datum pla\u0107anja, podaci o reklamacijama, podaci o izdanom ra\u010dunu itd.).<\/li>\n<\/ul>\n\n\n\n<h2 class=\"wp-block-heading\"><strong>Pravne osnove za obradu osobnih podataka<\/strong><\/h2>\n\n\n\n<p>Va\u0161e osobne podatke mo\u017eemo obra\u0111ivati na sljede\u0107im pravnim osnovama:<\/p>\n\n\n\n<ul class=\"wp-block-list\">\n<li>kada je to potrebno za ispunjenje na\u0161ih zakonskih obveza (npr. izdavanje ra\u010duna za kupljenu robu);<\/li>\n\n\n\n<li>kada je obrada va\u0161ih osobnih podataka potrebna za sklapanje i ispunjenje ugovora koji ste sklopili s nama ili jer ste od nas \u017eeljeli ponudu;<\/li>\n\n\n\n<li>kada ste za obradu svojih osobnih podataka dali privolu za obradu za pojedinu svrhu obrade, pri \u010demu uvijek imate pravo danu privolu povu\u0107i;<\/li>\n\n\n\n<li>kada imamo za obradu va\u0161ih osobnih podataka zakonit interes<\/li>\n<\/ul>\n\n\n\n<h2 class=\"wp-block-heading\"><strong>Svrhe obrade osobnih podataka<\/strong><\/h2>\n\n\n\n<p>Va\u0161e osobne podatke mo\u017eemo koristiti za jednu ili vi\u0161e navedenih svrha:<\/p>\n\n\n\n<ul class=\"wp-block-list\">\n<li>komuniciranje s vama u vezi s pru\u017eanjem na\u0161ih usluga te odgovaranje na va\u0161e upite;<\/li>\n\n\n\n<li>sklapanje ugovora i ispunjenje obveza koje proizlaze iz sklopljenog ugovora;<\/li>\n\n\n\n<li>marketin\u0161ko komuniciranje (slanje e-po\u0161te, obi\u010dne po\u0161te i SMS poruka);<\/li>\n\n\n\n<li>marketin\u0161ko komuniciranje na temelju prilago\u0111enih odn. individualiziranih ponuda i poruka; <\/li>\n\n\n\n<li>za ostvarivanje bilo kakvih pravnih zahtjeva i rje\u0161avanje sporova;<\/li>\n\n\n\n<li>za statisti\u010dke analize o prodaji na\u0161e robe i o upotrebi na\u0161ih web stranica;<\/li>\n<\/ul>\n\n\n\n<h2 class=\"wp-block-heading\"><strong>Koliko dugo \u010duvamo va\u0161e osobne podatke i \u0161to se s njima dogodi poslije<\/strong><\/h2>\n\n\n\n<p>Osnovne osobne podatke \u010duvamo sve vrijeme dok imate status na\u0161eg registriranog korisnika.<br>Osobne podatke koje obra\u0111ujemo na temelju va\u0161e privole, \u010duvamo trajno odn. do opoziva.<br>Podatke o izdanim ra\u010dunima \u010duvamo 10 godina od izdavanja.<br>Po isteku roka \u010duvanja osobne podatke bri\u0161emo ili anonimiziramo. <\/p>\n\n\n\n<h2 class=\"wp-block-heading\"><strong>Tko ima pristup do va\u0161ih osobnih podataka<\/strong><\/h2>\n\n\n\n<p>Va\u0161e osobne podatke ne proslje\u0111ujemo tre\u0107im osobama, osim ugovornim obra\u0111iva\u010dima koji su obvezani na za\u0161titu podataka.<\/p>\n\n\n\n<h2 class=\"wp-block-heading\"><strong>Glede svojih osobnih podataka imate sljede\u0107a prava:<\/strong><\/h2>\n\n\n\n<ul class=\"wp-block-list\">\n<li>pristup do osobnih podataka;<\/li>\n\n\n\n<li>ispravak neto\u010dnih podataka;<\/li>\n\n\n\n<li>brisanje osobnih podataka;<\/li>\n\n\n\n<li>ograni\u010denje obrade;<\/li>\n\n\n\n<li>prenosivost podataka;<\/li>\n\n\n\n<li>prigovor obradi.<\/li>\n<\/ul>\n\n\n\n<h2 class=\"wp-block-heading\"><strong>Postupak ostvarivanja prava<\/strong><\/h2>\n\n\n\n<ul class=\"wp-block-list\">\n<li>Zahtjeve mo\u017eete nasloviti pisanim putem na kontakt upravitelja.<\/li>\n\n\n\n<li>Odgovor primate najkasnije u roku od mjesec dana.<\/li>\n<\/ul>\n<\/div>\n<\/div>\n\n\n\n<h2 class=\"wp-block-heading\"><strong>Kola\u010di\u0107i<\/strong><\/h2>\n\n\n\n<p style=\"padding-bottom:var(--wp--preset--spacing--50)\">Na\u0161a web stranica https:\/\/heka-supplements.com\/ koristi kola\u010di\u0107e koji korisniku omogu\u0107uju prikaz i upotrebu na\u0161ih web stranica, prilago\u0111eno njegovim \u017eeljama, \u010dime se omogu\u0107uje bolje korisni\u010dko iskustvo. U nastavku vam detaljnije predstavljamo te odgovaramo na va\u0161a mogu\u0107a pitanja u vezi s kola\u010di\u0107ima. <\/p>\n\n\n\n<h2 class=\"wp-block-heading\"><strong>Google analitika<\/strong><\/h2>\n\n\n\n<p>Google Analytics je usluga koju pru\u017ea Google LLC ili Google Ireland Limited, ovisno o lokaciji s koje se pristupa na www.heka-supplements.com s \u00bbGoogle\u00ab. Google upotrebljava prikupljene podatke da prati i ispituje upotrebu heka-supplements.com, da pripremi izvje\u0161\u0107a prilikom aktivacije i dijeli ih s drugim Google uslugama. <\/p>\n\n\n\n<h2 class=\"wp-block-heading\"><strong>Google zemljovidi<\/strong><\/h2>\n\n\n\n<p>Google zemljovidi je usluga vizualizacije zemljovida koju pru\u017ea Google LLC ili Google Ireland Limited, ovisno o lokaciji s koje pristupate na www.heka-supplements.com i koja omogu\u0107uje inkorporaciju te vrste sadr\u017eaja na stranici heka-supplements.com.<\/p>\n\n\n\n<p>Na\u0161e kola\u010di\u0107e mo\u017eete kad god izbrisati ili blokirati budu\u0107e kola\u010di\u0107e. Postupak za upravljanje i brisanje kola\u010di\u0107a razlikuje se s obzirom na preglednik koji upotrebljavate. Pritom bismo upozorili da morate biti svjesni da brisanje na\u0161ih kola\u010di\u0107a ili blokada budu\u0107ih kola\u010di\u0107a zna\u010di da mo\u017eda vi\u0161e ne\u0107ete imati pristup do odre\u0111enih dijelova ili sadr\u017eaja na\u0161e web stranice. Vi\u0161e informacija o brisanju ili upravljanju s kola\u010di\u0107ima dobivate na www.aboutcookies.org.   <\/p>\n<\/div><\/div>\n\n\n","protected":false},"excerpt":{"rendered":"<p>Politika privatnosti i kola\u010di\u0107i Upravitelj osobnih podataka i kontaktni podaci Ova politika vrijedi za obradu (upotrebu) bilo kojih osobnih podataka koje provodi dru\u0161tvo GlobalPharmacia Group d.o.o. (upravitelj) ili koji se provode u ime upravitelja. Podaci o upravitelju: GlobalPharmacia Group d.o.o.Poklukarjeva ulica 27, Ljubljana, 1000 LjubljanaPorezni broj SI: 88507114Mati\u010dni broj: 9037934000Telefon: +386 6 971 9709E-po\u0161ta: info@heka-supplements.com&#8230;<\/p>\n","protected":false},"author":1,"featured_media":0,"parent":0,"menu_order":0,"comment_status":"closed","ping_status":"closed","template":"","meta":{"_acf_changed":false,"page_custom_class":"","page_custom_text":"","_kad_blocks_custom_css":"","_kad_blocks_head_custom_js":"","_kad_blocks_body_custom_js":"","_kad_blocks_footer_custom_js":"","_kad_post_transparent":"","_kad_post_title":"","_kad_post_layout":"","_kad_post_sidebar_id":"","_kad_post_content_style":"","_kad_post_vertical_padding":"","_kad_post_feature":"","_kad_post_feature_position":"","_kad_post_header":false,"_kad_post_footer":false,"_kad_post_classname":"","page_custom_text_by_category":"","footnotes":""},"class_list":["post-12078","page","type-page","status-publish","hentry"],"acf":[],"taxonomy_info":[],"featured_image_src_large":false,"author_info":{"display_name":"wpm","author_link":"https:\/\/heka-supplements.com\/hr\/author\/wpm\/"},"comment_info":"","_links":{"self":[{"href":"https:\/\/heka-supplements.com\/hr\/wp-json\/wp\/v2\/pages\/12078","targetHints":{"allow":["GET"]}}],"collection":[{"href":"https:\/\/heka-supplements.com\/hr\/wp-json\/wp\/v2\/pages"}],"about":[{"href":"https:\/\/heka-supplements.com\/hr\/wp-json\/wp\/v2\/types\/page"}],"author":[{"embeddable":true,"href":"https:\/\/heka-supplements.com\/hr\/wp-json\/wp\/v2\/users\/1"}],"replies":[{"embeddable":true,"href":"https:\/\/heka-supplements.com\/hr\/wp-json\/wp\/v2\/comments?post=12078"}],"version-history":[{"count":3,"href":"https:\/\/heka-supplements.com\/hr\/wp-json\/wp\/v2\/pages\/12078\/revisions"}],"predecessor-version":[{"id":20770,"href":"https:\/\/heka-supplements.com\/hr\/wp-json\/wp\/v2\/pages\/12078\/revisions\/20770"}],"wp:attachment":[{"href":"https:\/\/heka-supplements.com\/hr\/wp-json\/wp\/v2\/media?parent=12078"}],"curies":[{"name":"wp","href":"https:\/\/api.w.org\/{rel}","templated":true}]}}