{"id":12338,"date":"2026-01-14T11:07:57","date_gmt":"2026-01-14T11:07:57","guid":{"rendered":"https:\/\/heka-supplements.com\/allgemeine-geschaeftsbedingungen-und-nutzungsbedingungen-der-website\/"},"modified":"2026-01-20T12:17:13","modified_gmt":"2026-01-20T12:17:13","slug":"allgemeine-geschaeftsbedingungen-und-nutzungsbedingungen-der-website","status":"publish","type":"page","link":"https:\/\/heka-supplements.com\/de\/allgemeine-geschaeftsbedingungen-und-nutzungsbedingungen-der-website\/","title":{"rendered":"Allgemeine Gesch\u00e4ftsbedingungen und Nutzungsbedingungen der Website"},"content":{"rendered":"\n<div class=\"wp-block-group\"><div class=\"wp-block-group__inner-container is-layout-flow wp-block-group-is-layout-flow\">\n<div class=\"wp-block-columns is-layout-flex wp-container-core-columns-is-layout-9d6595d7 wp-block-columns-is-layout-flex\">\n<div class=\"wp-block-column is-layout-flow wp-block-column-is-layout-flow\" style=\"flex-basis:100%\">\n<p><\/p>\n\n\n\n<h1 class=\"wp-block-heading\">Allgemeine Gesch\u00e4ftsbedingungen<\/h1>\n\n\n\n<h3 class=\"wp-block-heading\">Funktionsweise des Online-Shops<\/h3>\n\n\n\n<p><a href=\"https:\/\/heka-supplements.com\/\">https:\/\/heka-supplements.com\/<\/a> ist ein Online-Shop mit umfassendem Service innerhalb des Unternehmens (Lagerung und Versand der im Online-Shop bestellten Waren):<\/p>\n\n\n\n<p>GlobalPharmacia Group d.o.o.<br\/>Poklukarjeva ulica 27, Ljubljana, 1000 Ljubljana<br\/>Steuernummer: SI88507114<br\/>Registrierungsnummer: 9037934000<br\/>E-Mail: info@heka-supplements.com<\/p>\n\n\n\n<p>Die Allgemeinen Gesch\u00e4ftsbedingungen sind in \u00dcbereinstimmung mit den Vorschriften im Bereich des Verbraucherschutzes, auf der Grundlage der Empfehlungen der slowenischen Handelskammer und der internationalen Kodizes f\u00fcr Online- und elektronische Gesch\u00e4fte erstellt.<\/p>\n\n\n\n<h3 class=\"wp-block-heading\">Vertrauen und Sicherheit<\/h3>\n\n\n\n<p>Gegenseitiges Vertrauen ist der Beginn jeder dauerhaften und hochwertigen Beziehung.<\/p>\n\n\n\n<h3 class=\"wp-block-heading\">Kontakte<\/h3>\n\n\n\n<p>Support: info@heka-supplements.com, Telefon 069 719 709.<\/p>\n\n\n\n<h3 class=\"wp-block-heading\">Registrierung<\/h3>\n\n\n\n<p>Mit der Registrierung erhalten Sie ein Benutzerkonto und das Recht zum Kauf.<\/p>\n\n\n\n<h3 class=\"wp-block-heading\">Kauf<\/h3>\n\n\n\n<p>Nach der Bestellung erhalten Sie eine Benachrichtigung \u00fcber den Eingang der Bestellung.<\/p>\n\n\n\n<h3 class=\"wp-block-heading\">Kaufvertrag<\/h3>\n\n\n\n<p>Mit der Best\u00e4tigung der Bestellung kommt ein Kaufvertrag zustande.<\/p>\n\n\n\n<h3 class=\"wp-block-heading\">Preise<\/h3>\n\n\n\n<p>Alle Preise sind in EUR angegeben und enthalten die Mehrwertsteuer.<\/p>\n\n\n\n<h2 class=\"wp-block-heading\">Zahlungsarten<\/h2>\n\n\n\n<h4 class=\"wp-block-heading\">Zahlung per Karte<\/h4>\n\n\n\n<p>Zahlung mit Kredit- oder Debitkarte am Ende des Kaufs.<\/p>\n\n\n\n<h4 class=\"wp-block-heading\">Zahlung per Vorkasse<\/h4>\n\n\n\n<p>Zahlung per Bank\u00fcberweisung nach Auftragsbest\u00e4tigung.<\/p>\n\n\n\n<h4 class=\"wp-block-heading\">Zahlung per Nachnahme<\/h4>\n\n\n\n<p>Zahlung bei Erhalt der Sendung.<\/p>\n\n\n\n<h3 class=\"wp-block-heading\">Lieferung<\/h3>\n\n\n\n<p>Lieferung per Po\u0161ta Slovenije oder GLS.<\/p>\n\n\n\n<h4 class=\"wp-block-heading\">Lieferzeit<\/h4>\n\n\n\n<p>Die Lieferung erfolgt in der Regel innerhalb von 3\u201310 Tagen.<\/p>\n\n\n\n<h3 class=\"wp-block-heading\">Sachm\u00e4ngel<\/h3>\n\n\n\n<p>Die Rechte des Verbrauchers werden durch das Verbraucherschutzgesetz geregelt.<\/p>\n\n\n\n<h3 class=\"wp-block-heading\">Widerrufsrecht <\/h3>\n\n\n\n<p>Widerruf des Vertrags innerhalb von 14 Tagen ohne Angabe von Gr\u00fcnden.<\/p>\n\n\n\n<h3 class=\"wp-block-heading\">Beschwerden und Streitigkeiten<\/h3>\n\n\n\n<p>Bitte senden Sie Beschwerden an info@heka-supplements.com.<\/p>\n\n\n\n<h3 class=\"wp-block-heading\">Erkl\u00e4rung der Website<\/h3>\n\n\n\n<p>Die Informationen dienen nur zu Informationszwecken und stellen keine medizinische Beratung dar.<\/p>\n\n\n\n<h3 class=\"wp-block-heading\">Schlussbestimmung<\/h3>\n\n\n\n<p>Mit dem Kauf best\u00e4tigen Sie die Zustimmung zu den Gesch\u00e4ftsbedingungen.<\/p>\n<\/div>\n<\/div>\n\n\n\n<h2 class=\"wp-block-heading\"><br\/>Allgemeine Nutzungsbedingungen der Website<\/h2>\n\n\n\n<h3 class=\"wp-block-heading\">1. Webseite<\/h3>\n\n\n\n<p>Eigent\u00fcmer und Administrator der Website heka-supplements.com und aller ihrer Unterseiten (\u00bbWebseite\u00ab) ist GlobalPharmacia Group d.o.o., Poklukarjeva ulica 27, 1000 Ljubljana, Registrierungsnummer. 9037934000<\/p>\n\n\n\n<p>Der Zugriff auf und die Nutzung der Website sind zul\u00e4ssig unter den Bedingungen, die durch die geltende Gesetzgebung, diese Allgemeinen Nutzungsbedingungen der Website (\u00bbAllgemeine Nutzungsbedingungen\u00ab) und andere Vorschriften, auf die sich diese Allgemeinen Nutzungsbedingungen beziehen, festgelegt sind.<\/p>\n\n\n\n<h3 class=\"wp-block-heading\">2. Inhalt der Webseite<\/h3>\n\n\n\n<p>Wir bem\u00fchen uns, dass der Inhalt der Website auf dem neuesten Stand ist und korrekte Informationen und Materialien enth\u00e4lt, \u00fcbernehmen jedoch keine Gew\u00e4hr f\u00fcr die Richtigkeit, Vollst\u00e4ndigkeit und Aktualit\u00e4t und sind dazu auch nicht verpflichtet. Wir \u00fcbernehmen keine Haftung f\u00fcr Sch\u00e4den, die durch die Nichtverf\u00fcgbarkeit, \u00c4nderung, Unvollst\u00e4ndigkeit, Fehlerhaftigkeit oder Veralterung von auf der Website ver\u00f6ffentlichten Informationen entstehen. Wir \u00fcbernehmen auch keine Garantie daf\u00fcr, dass die Website oder ein Inhalt auf ihr jederzeit verf\u00fcgbar ist bzw. dass der Zugriff ununterbrochen erfolgt. Wir k\u00f6nnen die Website oder Teile davon jederzeit ohne vorherige Ank\u00fcndigung entfernen oder \u00e4ndern.    <\/p>\n\n\n\n<p>Der auf der Website ver\u00f6ffentlichte Inhalt dient der allgemeinen Information und stellt keine Rechtsberatung oder andere rechtliche Hilfe dar, auf die Sie sich verlassen k\u00f6nnen. Wir \u00fcbernehmen keine Verantwortung f\u00fcr die Verwendung von Informationen, die auf unserer Website ver\u00f6ffentlicht werden. Wenn die Website Links zu anderen Websites und Inhalten auf diesen Websites enth\u00e4lt, dienen solche Links nur zu Informationszwecken. Wir haben keine Kontrolle oder Einfluss auf den Inhalt dieser Websites. Wenn Sie weitere Informationen \u00fcber den auf der Website ver\u00f6ffentlichten Inhalt erhalten m\u00f6chten, kontaktieren Sie uns unter info@pro-teh.si.    <\/p>\n\n\n\n<h3 class=\"wp-block-heading\">3. Rechte an geistigem Eigentum<\/h3>\n\n\n\n<p>Wir sind Inhaber aller Urheberrechte an den auf der Website ver\u00f6ffentlichten Inhalten. F\u00fcr den privaten Gebrauch d\u00fcrfen Sie Teile der Website ausdrucken, kopieren oder speichern. Es ist Ihnen nicht gestattet, das Material auf der Website ohne unsere vorherige schriftliche Zustimmung f\u00fcr kommerzielle Zwecke zu verwenden.  <\/p>\n\n\n\n<p>Sie k\u00f6nnen auf der Website, deren Eigent\u00fcmer Sie sind, Links zur Startseite der Website erstellen, die mit dem Gesetz \u00fcbereinstimmen und unserem guten Namen, Ruf oder Gesch\u00e4ft nicht schaden bzw. unseren Ruf nicht unrechtm\u00e4\u00dfig ausnutzen. Es ist verboten, Links zur Website zu ver\u00f6ffentlichen, die auf eine Verbindung, Zusammenarbeit oder Best\u00e4tigung von unserer Seite hindeuten oder hindeuten k\u00f6nnten, die jedoch nicht besteht. Wir behalten uns das Recht vor, die Erlaubnis zur Ver\u00f6ffentlichung von Links zur Website jederzeit zu widerrufen und\/oder ohne Angabe von Gr\u00fcnden zu verlangen, dass Sie jeden Link zur Website unverz\u00fcglich entfernen.   <\/p>\n\n\n\n<h3 class=\"wp-block-heading\">4. Schutz personenbezogener Daten<\/h3>\n\n\n\n<p>Die Website verwendet Cookies. Was sind Cookies? Sie k\u00f6nnen hier mehr dar\u00fcber lesen. Weitere Informationen zur Verarbeitung personenbezogener Daten finden Sie in der Datenschutzerkl\u00e4rung.  <\/p>\n\n\n\n<h3 class=\"wp-block-heading\">5. \u00c4nderungen der Allgemeinen Nutzungsbedingungen<\/h3>\n\n\n\n<p>Wir k\u00f6nnen die Allgemeinen Nutzungsbedingungen jederzeit \u00e4ndern. Wenn Sie die Website nach Inkrafttreten der \u00c4nderung der Allgemeinen Nutzungsbedingungen besuchen, sind Sie an die ge\u00e4nderten Allgemeinen Nutzungsbedingungen gebunden. Wir empfehlen Ihnen daher, deren Inhalt regelm\u00e4\u00dfig zu \u00fcberpr\u00fcfen. <\/p>\n\n\n\n<h3 class=\"wp-block-heading\">6. Recht<\/h3>\n\n\n\n<p>Die Allgemeinen Nutzungsbedingungen unterliegen dem Recht der Republik Slowenien.<\/p>\n\n\n\n<h3 class=\"wp-block-heading\">7. Kontakt<\/h3>\n\n\n\n<p>Wenn Sie Fragen zu diesen Allgemeinen Nutzungsbedingungen haben, kontaktieren Sie uns bitte unter info@heka-supplements.com<br\/>Vielen Dank f\u00fcr Ihren Besuch auf unserer Website.<\/p>\n<\/div><\/div>\n\n<p>Die Allgemeinen Gesch\u00e4ftsbedingungen und Nutzungsbedingungen der Website gelten ab dem 1. 1. 2025.<\/p>\n","protected":false},"excerpt":{"rendered":"<p>Allgemeine Gesch\u00e4ftsbedingungen Funktionsweise des Online-Shops https:\/\/heka-supplements.com\/ ist ein Online-Shop mit umfassendem Service innerhalb des Unternehmens (Lagerung und Versand der im Online-Shop bestellten Waren): GlobalPharmacia Group d.o.o.Poklukarjeva ulica 27, Ljubljana, 1000 LjubljanaSteuernummer: SI88507114Registrierungsnummer: 9037934000E-Mail: info@heka-supplements.com Die Allgemeinen Gesch\u00e4ftsbedingungen sind in \u00dcbereinstimmung mit den Vorschriften im Bereich des Verbraucherschutzes, auf der Grundlage der Empfehlungen der slowenischen Handelskammer&#8230;<\/p>\n","protected":false},"author":1,"featured_media":0,"parent":0,"menu_order":0,"comment_status":"closed","ping_status":"closed","template":"","meta":{"_acf_changed":false,"page_custom_class":"","page_custom_text":"","_kad_blocks_custom_css":"","_kad_blocks_head_custom_js":"","_kad_blocks_body_custom_js":"","_kad_blocks_footer_custom_js":"","_kad_post_transparent":"","_kad_post_title":"","_kad_post_layout":"","_kad_post_sidebar_id":"","_kad_post_content_style":"","_kad_post_vertical_padding":"","_kad_post_feature":"","_kad_post_feature_position":"","_kad_post_header":false,"_kad_post_footer":false,"_kad_post_classname":"","page_custom_text_by_category":"","footnotes":""},"class_list":["post-12338","page","type-page","status-publish","hentry"],"acf":[],"taxonomy_info":[],"featured_image_src_large":false,"author_info":{"display_name":"wpm","author_link":"https:\/\/heka-supplements.com\/de\/author\/wpm\/"},"comment_info":"","_links":{"self":[{"href":"https:\/\/heka-supplements.com\/de\/wp-json\/wp\/v2\/pages\/12338","targetHints":{"allow":["GET"]}}],"collection":[{"href":"https:\/\/heka-supplements.com\/de\/wp-json\/wp\/v2\/pages"}],"about":[{"href":"https:\/\/heka-supplements.com\/de\/wp-json\/wp\/v2\/types\/page"}],"author":[{"embeddable":true,"href":"https:\/\/heka-supplements.com\/de\/wp-json\/wp\/v2\/users\/1"}],"replies":[{"embeddable":true,"href":"https:\/\/heka-supplements.com\/de\/wp-json\/wp\/v2\/comments?post=12338"}],"version-history":[{"count":0,"href":"https:\/\/heka-supplements.com\/de\/wp-json\/wp\/v2\/pages\/12338\/revisions"}],"wp:attachment":[{"href":"https:\/\/heka-supplements.com\/de\/wp-json\/wp\/v2\/media?parent=12338"}],"curies":[{"name":"wp","href":"https:\/\/api.w.org\/{rel}","templated":true}]}}