{"id":12309,"date":"2025-12-18T11:25:36","date_gmt":"2025-12-18T11:25:36","guid":{"rendered":"https:\/\/heka-supplements.com\/immunsystem\/"},"modified":"2026-01-27T12:19:19","modified_gmt":"2026-01-27T12:19:19","slug":"immunsystem","status":"publish","type":"page","link":"https:\/\/heka-supplements.com\/de\/immunsystem\/","title":{"rendered":"Immunsystem"},"content":{"rendered":"<style>.kadence-column12309_0a0781-2d > .kt-inside-inner-col{min-height:400px;}.kadence-column12309_0a0781-2d > .kt-inside-inner-col,.kadence-column12309_0a0781-2d > .kt-inside-inner-col:before{border-top-left-radius:0px;border-top-right-radius:0px;border-bottom-right-radius:0px;border-bottom-left-radius:0px;}.kadence-column12309_0a0781-2d > .kt-inside-inner-col{column-gap:var(--global-kb-gap-sm, 1rem);}.kadence-column12309_0a0781-2d > .kt-inside-inner-col{flex-direction:column;}.kadence-column12309_0a0781-2d > .kt-inside-inner-col > .aligncenter{width:100%;}.kadence-column12309_0a0781-2d > .kt-inside-inner-col{background-image:url('https:\/\/heka-supplements.com\/wp-content\/uploads\/2026\/01\/Imunski-sistem-2-scaled.webp');background-size:cover;background-position:center center;background-attachment:scroll;background-repeat:no-repeat;}.kadence-column12309_0a0781-2d > .kt-inside-inner-col:before{opacity:0.3;}.kadence-column12309_0a0781-2d{position:relative;}@media all and (max-width: 1024px){.kadence-column12309_0a0781-2d > .kt-inside-inner-col{flex-direction:column;justify-content:center;}}@media all and (max-width: 767px){.kadence-column12309_0a0781-2d > .kt-inside-inner-col{flex-direction:column;justify-content:center;}}<\/style>\n<div class=\"wp-block-kadence-column kadence-column12309_0a0781-2d\"><div class=\"kt-inside-inner-col\"><\/div><\/div>\n\n\n\n\n\n\n\n\n\n\n<style>.kb-row-layout-id12309_48be28-db > .kt-row-column-wrap{align-content:start;}:where(.kb-row-layout-id12309_48be28-db > .kt-row-column-wrap) > .wp-block-kadence-column{justify-content:start;}.kb-row-layout-id12309_48be28-db > .kt-row-column-wrap{column-gap:var(--global-kb-gap-md, 2rem);row-gap:var(--global-kb-gap-md, 2rem);max-width:var( --global-content-width, 1290px );padding-left:var(--global-content-edge-padding);padding-right:var(--global-content-edge-padding);padding-top:var(--global-kb-spacing-lg, 3rem);padding-bottom:var(--global-kb-spacing-lg, 3rem);grid-template-columns:minmax(0, 1fr);}.kb-row-layout-id12309_48be28-db > .kt-row-layout-overlay{opacity:0.30;}@media all and (max-width: 1024px){.kb-row-layout-id12309_48be28-db > .kt-row-column-wrap{grid-template-columns:minmax(0, 1fr);}}@media all and (max-width: 767px){.kb-row-layout-id12309_48be28-db > .kt-row-column-wrap{grid-template-columns:minmax(0, 1fr);}}<\/style><div class=\"kb-row-layout-wrap kb-row-layout-id12309_48be28-db alignnone wp-block-kadence-rowlayout\"><div class=\"kt-row-column-wrap kt-has-1-columns kt-row-layout-equal kt-tab-layout-inherit kt-mobile-layout-row kt-row-valign-top kb-theme-content-width\">\n<style>.kadence-column12309_adf673-d3 > .kt-inside-inner-col,.kadence-column12309_adf673-d3 > .kt-inside-inner-col:before{border-top-left-radius:0px;border-top-right-radius:0px;border-bottom-right-radius:0px;border-bottom-left-radius:0px;}.kadence-column12309_adf673-d3 > .kt-inside-inner-col{column-gap:var(--global-kb-gap-sm, 1rem);}.kadence-column12309_adf673-d3 > .kt-inside-inner-col{flex-direction:column;}.kadence-column12309_adf673-d3 > .kt-inside-inner-col > .aligncenter{width:100%;}.kadence-column12309_adf673-d3 > .kt-inside-inner-col:before{opacity:0.3;}.kadence-column12309_adf673-d3{position:relative;}@media all and (max-width: 1024px){.kadence-column12309_adf673-d3 > .kt-inside-inner-col{flex-direction:column;justify-content:center;}}@media all and (max-width: 767px){.kadence-column12309_adf673-d3 > .kt-inside-inner-col{flex-direction:column;justify-content:center;}}<\/style>\n<div class=\"wp-block-kadence-column kadence-column12309_adf673-d3\"><div class=\"kt-inside-inner-col\"><h2>Immunsystem<\/h2><div class=\"namen-block products-grid\"><div class=\"product-card scale\" data-popularity-weight=\"3\"><a href=\"https:\/\/heka-supplements.com\/de\/product\/heka-vitamin-d3-weichkapseln\/\" class=\"product-link\"><div class=\"product-image\"><div class=\"tom-labels-container-prod\"><\/div><img decoding=\"async\" src=\"https:\/\/heka-supplements.com\/wp-content\/uploads\/2026\/01\/Vitamin-D3-HEKA-softgels-scaled.webp\" alt=\"HEKA Vitamin D3 Weichkapseln\"><\/div><div class=\"product-info\"><h3 class=\"product-title\">HEKA Vitamin D3 Weichkapseln<\/h3><div class=\"kolicina-izdelka\">180 Weichkapseln<\/div><div class=\"product-price\"><span class=\"wcpbc-price wcpbc-price-16537\" data-product-id=\"16537\"><span class=\"woocommerce-Price-amount amount\"><bdi>14,75\u00a0<span class=\"woocommerce-Price-currencySymbol\">&euro;<\/span><\/bdi><\/span><\/span><\/div><\/div><\/a><div class=\"product-actions\"><a href=\"https:\/\/heka-supplements.com\/de\/product\/heka-vitamin-d3-weichkapseln\/\" class=\"product-read-more\">Weiterlesen<\/a><a href=\"https:\/\/heka-supplements.com\/de\/add-to-cart\/\" class=\"button product_type_simple add_to_cart_button ajax_add_to_cart\" data-quantity=\"1\" data-product_id=\"16537\" data-product_sku=\"3830081250851\" aria-label=\"In den Warenkorb legen: \u201eHEKA Vitamin D3 Weichkapseln\u201c\" rel=\"nofollow\"><img decoding=\"async\" src=\"\/wp-content\/uploads\/2025\/12\/cart.svg\" alt=\"In den Warenkorb\" aria-hidden=\"false\"><\/a><\/div><\/div><div class=\"product-card scale\" data-popularity-weight=\"4\"><a href=\"https:\/\/heka-supplements.com\/de\/product\/heka-vegane-omega-3-weichkapseln\/\" class=\"product-link\"><div class=\"product-image\"><div class=\"tom-labels-container-prod\"><\/div><img decoding=\"async\" src=\"https:\/\/heka-supplements.com\/wp-content\/uploads\/2026\/01\/Omega-3-vegan-1-scaled.webp\" alt=\"HEKA Vegane Omega-3-Weichkapseln\"><\/div><div class=\"product-info\"><h3 class=\"product-title\">HEKA Vegane Omega-3-Weichkapseln<\/h3><div class=\"kolicina-izdelka\">120 Weichkapseln<\/div><div class=\"product-price\"><span class=\"wcpbc-price wcpbc-price-16611\" data-product-id=\"16611\"><span class=\"woocommerce-Price-amount amount\"><bdi>29,75\u00a0<span class=\"woocommerce-Price-currencySymbol\">&euro;<\/span><\/bdi><\/span><\/span><\/div><\/div><\/a><div class=\"product-actions\"><a href=\"https:\/\/heka-supplements.com\/de\/product\/heka-vegane-omega-3-weichkapseln\/\" class=\"product-read-more\">Weiterlesen<\/a><a href=\"https:\/\/heka-supplements.com\/de\/add-to-cart\/\" class=\"button product_type_simple add_to_cart_button ajax_add_to_cart\" data-quantity=\"1\" data-product_id=\"16611\" data-product_sku=\"3830081250844\" aria-label=\"In den Warenkorb legen: \u201eHEKA Vegane Omega-3-Weichkapseln\u201c\" rel=\"nofollow\"><img decoding=\"async\" src=\"\/wp-content\/uploads\/2025\/12\/cart.svg\" alt=\"In den Warenkorb\" aria-hidden=\"false\"><\/a><\/div><\/div><div class=\"product-card scale\" data-popularity-weight=\"0\"><a href=\"https:\/\/heka-supplements.com\/de\/product\/heka-omega-3-aus-fischoel\/\" class=\"product-link\"><div class=\"product-image\"><div class=\"tom-labels-container-prod\"><\/div><img decoding=\"async\" src=\"https:\/\/heka-supplements.com\/wp-content\/uploads\/2026\/01\/HEKA-Omega-3-softgel-scaled.webp\" alt=\"HEKA Omega-3 aus Fisch\u00f6l\"><\/div><div class=\"product-info\"><h3 class=\"product-title\">HEKA Omega-3 aus Fisch\u00f6l<\/h3><div class=\"kolicina-izdelka\">180 Weichkapseln<\/div><div class=\"product-price\"><span class=\"wcpbc-price wcpbc-price-16675\" data-product-id=\"16675\"><span class=\"woocommerce-Price-amount amount\"><bdi>16,75\u00a0<span class=\"woocommerce-Price-currencySymbol\">&euro;<\/span><\/bdi><\/span><\/span><\/div><\/div><\/a><div class=\"product-actions\"><a href=\"https:\/\/heka-supplements.com\/de\/product\/heka-omega-3-aus-fischoel\/\" class=\"product-read-more\">Weiterlesen<\/a><a href=\"https:\/\/heka-supplements.com\/de\/add-to-cart\/\" class=\"button product_type_simple add_to_cart_button ajax_add_to_cart\" data-quantity=\"1\" data-product_id=\"16675\" data-product_sku=\"3830081250837\" aria-label=\"In den Warenkorb legen: \u201eHEKA Omega-3 aus Fisch\u00f6l\u201c\" rel=\"nofollow\"><img decoding=\"async\" src=\"\/wp-content\/uploads\/2025\/12\/cart.svg\" alt=\"In den Warenkorb\" aria-hidden=\"false\"><\/a><\/div><\/div><div class=\"product-card scale\" data-popularity-weight=\"0\"><a href=\"https:\/\/heka-supplements.com\/de\/product\/heka-zink-kapseln\/\" class=\"product-link\"><div class=\"product-image\"><div class=\"tom-labels-container-prod\"><\/div><img decoding=\"async\" src=\"https:\/\/heka-supplements.com\/wp-content\/uploads\/2026\/01\/Heka-cink-scaled.webp\" alt=\"HEKA Zink Kapseln\"><\/div><div class=\"product-info\"><h3 class=\"product-title\">HEKA Zink Kapseln<\/h3><div class=\"kolicina-izdelka\">60 Kapseln<\/div><div class=\"product-price\"><span class=\"wcpbc-price wcpbc-price-15642\" data-product-id=\"15642\"><span class=\"woocommerce-Price-amount amount\"><bdi>14,75\u00a0<span class=\"woocommerce-Price-currencySymbol\">&euro;<\/span><\/bdi><\/span><\/span><\/div><\/div><\/a><div class=\"product-actions\"><a href=\"https:\/\/heka-supplements.com\/de\/product\/heka-zink-kapseln\/\" class=\"product-read-more\">Weiterlesen<\/a><a href=\"https:\/\/heka-supplements.com\/de\/add-to-cart\/\" class=\"button product_type_simple add_to_cart_button ajax_add_to_cart\" data-quantity=\"1\" data-product_id=\"15642\" data-product_sku=\"3830081250868\" aria-label=\"In den Warenkorb legen: \u201eHEKA Zink Kapseln\u201c\" rel=\"nofollow\"><img decoding=\"async\" src=\"\/wp-content\/uploads\/2025\/12\/cart.svg\" alt=\"In den Warenkorb\" aria-hidden=\"false\"><\/a><\/div><\/div><div class=\"product-card scale\" data-popularity-weight=\"0\"><a href=\"https:\/\/heka-supplements.com\/de\/product\/heka-vitamin-c-kapseln\/\" class=\"product-link\"><div class=\"product-image\"><div class=\"tom-labels-container-prod\"><\/div><img decoding=\"async\" src=\"https:\/\/heka-supplements.com\/wp-content\/uploads\/2026\/01\/HEKA-Vitamin-C-scaled.webp\" alt=\"HEKA Vitamin C Kapseln\"><\/div><div class=\"product-info\"><h3 class=\"product-title\">HEKA Vitamin C Kapseln<\/h3><div class=\"kolicina-izdelka\">60 Kapseln<\/div><div class=\"product-price\"><span class=\"wcpbc-price wcpbc-price-15210\" data-product-id=\"15210\"><span class=\"woocommerce-Price-amount amount\"><bdi>14,75\u00a0<span class=\"woocommerce-Price-currencySymbol\">&euro;<\/span><\/bdi><\/span><\/span><\/div><\/div><\/a><div class=\"product-actions\"><a href=\"https:\/\/heka-supplements.com\/de\/product\/heka-vitamin-c-kapseln\/\" class=\"product-read-more\">Weiterlesen<\/a><a href=\"https:\/\/heka-supplements.com\/de\/add-to-cart\/\" class=\"button product_type_simple add_to_cart_button ajax_add_to_cart\" data-quantity=\"1\" data-product_id=\"15210\" data-product_sku=\"3830081250813\" aria-label=\"In den Warenkorb legen: \u201eHEKA Vitamin C Kapseln\u201c\" rel=\"nofollow\"><img decoding=\"async\" src=\"\/wp-content\/uploads\/2025\/12\/cart.svg\" alt=\"In den Warenkorb\" aria-hidden=\"false\"><\/a><\/div><\/div><div class=\"product-card scale\" data-popularity-weight=\"10\"><a href=\"https:\/\/heka-supplements.com\/de\/product\/heka-eisen-vitamin-c-kapseln\/\" class=\"product-link\"><div class=\"product-image\"><div class=\"tom-labels-container-prod\"><\/div><img decoding=\"async\" src=\"https:\/\/heka-supplements.com\/wp-content\/uploads\/2026\/01\/Heka-iron-vitamin-C-1-scaled.webp\" alt=\"HEKA Eisen + Vitamin C Kapseln\"><\/div><div class=\"product-info\"><h3 class=\"product-title\">HEKA Eisen + Vitamin C Kapseln<\/h3><div class=\"kolicina-izdelka\">60 Kapseln<\/div><div class=\"product-price\"><span class=\"wcpbc-price wcpbc-price-15755\" data-product-id=\"15755\"><span class=\"woocommerce-Price-amount amount\"><bdi>14,75\u00a0<span class=\"woocommerce-Price-currencySymbol\">&euro;<\/span><\/bdi><\/span><\/span><\/div><\/div><\/a><div class=\"product-actions\"><a href=\"https:\/\/heka-supplements.com\/de\/product\/heka-eisen-vitamin-c-kapseln\/\" class=\"product-read-more\">Weiterlesen<\/a><a href=\"https:\/\/heka-supplements.com\/de\/add-to-cart\/\" class=\"button product_type_simple add_to_cart_button ajax_add_to_cart\" data-quantity=\"1\" data-product_id=\"15755\" data-product_sku=\"3830081250776\" aria-label=\"In den Warenkorb legen: \u201eHEKA Eisen + Vitamin C Kapseln\u201c\" rel=\"nofollow\"><img decoding=\"async\" src=\"\/wp-content\/uploads\/2025\/12\/cart.svg\" alt=\"In den Warenkorb\" aria-hidden=\"false\"><\/a><\/div><\/div><div class=\"product-card scale\" data-popularity-weight=\"0\"><a href=\"https:\/\/heka-supplements.com\/de\/product\/heka-k2d3-spray\/\" class=\"product-link\"><div class=\"product-image\"><div class=\"tom-labels-container-prod\"><\/div><img decoding=\"async\" src=\"https:\/\/heka-supplements.com\/wp-content\/uploads\/2026\/01\/Heka-K2-D3-spray-1-scaled.webp\" alt=\"HEKA K2+D3 Spray\"><\/div><div class=\"product-info\"><h3 class=\"product-title\">HEKA K2+D3 Spray<\/h3><div class=\"kolicina-izdelka\">30 ml<\/div><div class=\"product-price\"><span class=\"wcpbc-price wcpbc-price-15028\" data-product-id=\"15028\"><span class=\"woocommerce-Price-amount amount\"><bdi>16,75\u00a0<span class=\"woocommerce-Price-currencySymbol\">&euro;<\/span><\/bdi><\/span><\/span><\/div><\/div><\/a><div class=\"product-actions\"><a href=\"https:\/\/heka-supplements.com\/de\/product\/heka-k2d3-spray\/\" class=\"product-read-more\">Weiterlesen<\/a><a href=\"https:\/\/heka-supplements.com\/de\/add-to-cart\/\" class=\"button product_type_simple add_to_cart_button ajax_add_to_cart\" data-quantity=\"1\" data-product_id=\"15028\" data-product_sku=\"3830081250738\" aria-label=\"In den Warenkorb legen: \u201eHEKA K2+D3 Spray\u201c\" rel=\"nofollow\"><img decoding=\"async\" src=\"\/wp-content\/uploads\/2025\/12\/cart.svg\" alt=\"In den Warenkorb\" aria-hidden=\"false\"><\/a><\/div><\/div><div class=\"product-card scale\" data-popularity-weight=\"0\"><a href=\"https:\/\/heka-supplements.com\/de\/product\/heka-k2-d3-tropfen\/\" class=\"product-link\"><div class=\"product-image\"><div class=\"tom-labels-container-prod\"><\/div><img decoding=\"async\" src=\"https:\/\/heka-supplements.com\/wp-content\/uploads\/2026\/01\/Heka-K2D3-drops-scaled.webp\" alt=\"HEKA K2 D3 Tropfen\"><\/div><div class=\"product-info\"><h3 class=\"product-title\">HEKA K2 D3 Tropfen<\/h3><div class=\"kolicina-izdelka\">10 ml<\/div><div class=\"product-price\"><span class=\"wcpbc-price wcpbc-price-15030\" data-product-id=\"15030\"><span class=\"woocommerce-Price-amount amount\"><bdi>14,75\u00a0<span class=\"woocommerce-Price-currencySymbol\">&euro;<\/span><\/bdi><\/span><\/span><\/div><\/div><\/a><div class=\"product-actions\"><a href=\"https:\/\/heka-supplements.com\/de\/product\/heka-k2-d3-tropfen\/\" class=\"product-read-more\">Weiterlesen<\/a><a href=\"https:\/\/heka-supplements.com\/de\/add-to-cart\/\" class=\"button product_type_simple add_to_cart_button ajax_add_to_cart\" data-quantity=\"1\" data-product_id=\"15030\" data-product_sku=\"3830081250721\" aria-label=\"In den Warenkorb legen: \u201eHEKA K2 D3 Tropfen\u201c\" rel=\"nofollow\"><img decoding=\"async\" src=\"\/wp-content\/uploads\/2025\/12\/cart.svg\" alt=\"In den Warenkorb\" aria-hidden=\"false\"><\/a><\/div><\/div><div class=\"product-card scale\" data-popularity-weight=\"0\"><a href=\"https:\/\/heka-supplements.com\/de\/product\/heka-d3-tropfen\/\" class=\"product-link\"><div class=\"product-image\"><div class=\"tom-labels-container-prod\"><\/div><img decoding=\"async\" src=\"https:\/\/heka-supplements.com\/wp-content\/uploads\/2026\/01\/HEKA22616-scaled.webp\" alt=\"HEKA D3 Tropfen\"><\/div><div class=\"product-info\"><h3 class=\"product-title\">HEKA D3 Tropfen<\/h3><div class=\"kolicina-izdelka\">10 ml<\/div><div class=\"product-price\"><span class=\"wcpbc-price wcpbc-price-15042\" data-product-id=\"15042\"><span class=\"woocommerce-Price-amount amount\"><bdi>11,75\u00a0<span class=\"woocommerce-Price-currencySymbol\">&euro;<\/span><\/bdi><\/span><\/span><\/div><\/div><\/a><div class=\"product-actions\"><a href=\"https:\/\/heka-supplements.com\/de\/product\/heka-d3-tropfen\/\" class=\"product-read-more\">Weiterlesen<\/a><a href=\"https:\/\/heka-supplements.com\/de\/add-to-cart\/\" class=\"button product_type_simple add_to_cart_button ajax_add_to_cart\" data-quantity=\"1\" data-product_id=\"15042\" data-product_sku=\"3830081250714\" aria-label=\"In den Warenkorb legen: \u201eHEKA D3 Tropfen\u201c\" rel=\"nofollow\"><img decoding=\"async\" src=\"\/wp-content\/uploads\/2025\/12\/cart.svg\" alt=\"In den Warenkorb\" aria-hidden=\"false\"><\/a><\/div><\/div><div class=\"product-card scale\" data-popularity-weight=\"0\"><a href=\"https:\/\/heka-supplements.com\/de\/product\/heka-d3-spray\/\" class=\"product-link\"><div class=\"product-image\"><div class=\"tom-labels-container-prod\"><\/div><img decoding=\"async\" src=\"https:\/\/heka-supplements.com\/wp-content\/uploads\/2026\/01\/Heka-D3-spray-1-scaled.webp\" alt=\"HEKA D3 Spray\"><\/div><div class=\"product-info\"><h3 class=\"product-title\">HEKA D3 Spray<\/h3><div class=\"kolicina-izdelka\">30 ml<\/div><div class=\"product-price\"><span class=\"wcpbc-price wcpbc-price-14526\" data-product-id=\"14526\"><span class=\"woocommerce-Price-amount amount\"><bdi>13,75\u00a0<span class=\"woocommerce-Price-currencySymbol\">&euro;<\/span><\/bdi><\/span><\/span><\/div><\/div><\/a><div class=\"product-actions\"><a href=\"https:\/\/heka-supplements.com\/de\/product\/heka-d3-spray\/\" class=\"product-read-more\">Weiterlesen<\/a><a href=\"https:\/\/heka-supplements.com\/de\/add-to-cart\/\" class=\"button product_type_simple add_to_cart_button ajax_add_to_cart\" data-quantity=\"1\" data-product_id=\"14526\" data-product_sku=\"3830081250661\" aria-label=\"In den Warenkorb legen: \u201eHEKA D3 Spray\u201c\" rel=\"nofollow\"><img decoding=\"async\" src=\"\/wp-content\/uploads\/2025\/12\/cart.svg\" alt=\"In den Warenkorb\" aria-hidden=\"false\"><\/a><\/div><\/div><div class=\"product-card scale\" data-popularity-weight=\"1\"><a href=\"https:\/\/heka-supplements.com\/de\/product\/heka-getraenk-fuer-das-immunsystem\/\" class=\"product-link\"><div class=\"product-image\"><div class=\"tom-labels-container-prod\"><\/div><img decoding=\"async\" src=\"https:\/\/heka-supplements.com\/wp-content\/uploads\/2026\/01\/Heka-immunity-tonik-scaled.webp\" alt=\"HEKA Getr\u00e4nk f\u00fcr das Immunsystem\"><\/div><div class=\"product-info\"><h3 class=\"product-title\">HEKA Getr\u00e4nk f\u00fcr das Immunsystem<\/h3><div class=\"kolicina-izdelka\">30 Beutel x 3,5 g<\/div><div class=\"product-price\"><span class=\"wcpbc-price wcpbc-price-14339\" data-product-id=\"14339\"><span class=\"woocommerce-Price-amount amount\"><bdi>24,75\u00a0<span class=\"woocommerce-Price-currencySymbol\">&euro;<\/span><\/bdi><\/span><\/span><\/div><\/div><\/a><div class=\"product-actions\"><a href=\"https:\/\/heka-supplements.com\/de\/product\/heka-getraenk-fuer-das-immunsystem\/\" class=\"product-read-more\">Weiterlesen<\/a><a href=\"https:\/\/heka-supplements.com\/de\/add-to-cart\/\" class=\"button product_type_simple add_to_cart_button ajax_add_to_cart\" data-quantity=\"1\" data-product_id=\"14339\" data-product_sku=\"3830081250646\" aria-label=\"In den Warenkorb legen: \u201eHEKA Getr\u00e4nk f\u00fcr das Immunsystem\u201c\" rel=\"nofollow\"><img decoding=\"async\" src=\"\/wp-content\/uploads\/2025\/12\/cart.svg\" alt=\"In den Warenkorb\" aria-hidden=\"false\"><\/a><\/div><\/div><\/div><\/div><\/div>\n\n<\/div><\/div>\n\n","protected":false},"excerpt":{"rendered":"<p>Wir glauben, dass die wahre Kraft bereits in jedem von uns steckt. Es muss nichts hinzugef\u00fcgt werden, sondern nur die Energie geweckt werden, die der K\u00f6rper bereits in sich tr\u00e4gt, die wir aber im modernen, schnelllebigen Alltag und durch Stress verlieren. Heka ist f\u00fcr die Momente da, in denen die Kraft nachl\u00e4sst, f\u00fcr die Tage,&#8230;<\/p>\n","protected":false},"author":1,"featured_media":0,"parent":0,"menu_order":0,"comment_status":"closed","ping_status":"closed","template":"","meta":{"_acf_changed":false,"page_custom_class":"","page_custom_text":"","_kad_blocks_custom_css":"","_kad_blocks_head_custom_js":"","_kad_blocks_body_custom_js":"","_kad_blocks_footer_custom_js":"","_kad_post_transparent":"","_kad_post_title":"","_kad_post_layout":"fullwidth","_kad_post_sidebar_id":"","_kad_post_content_style":"","_kad_post_vertical_padding":"","_kad_post_feature":"","_kad_post_feature_position":"","_kad_post_header":false,"_kad_post_footer":false,"_kad_post_classname":"","page_custom_text_by_category":"","footnotes":""},"class_list":["post-12309","page","type-page","status-publish","hentry"],"acf":[],"taxonomy_info":[],"featured_image_src_large":false,"author_info":{"display_name":"wpm","author_link":"https:\/\/heka-supplements.com\/de\/author\/wpm\/"},"comment_info":"","_links":{"self":[{"href":"https:\/\/heka-supplements.com\/de\/wp-json\/wp\/v2\/pages\/12309","targetHints":{"allow":["GET"]}}],"collection":[{"href":"https:\/\/heka-supplements.com\/de\/wp-json\/wp\/v2\/pages"}],"about":[{"href":"https:\/\/heka-supplements.com\/de\/wp-json\/wp\/v2\/types\/page"}],"author":[{"embeddable":true,"href":"https:\/\/heka-supplements.com\/de\/wp-json\/wp\/v2\/users\/1"}],"replies":[{"embeddable":true,"href":"https:\/\/heka-supplements.com\/de\/wp-json\/wp\/v2\/comments?post=12309"}],"version-history":[{"count":0,"href":"https:\/\/heka-supplements.com\/de\/wp-json\/wp\/v2\/pages\/12309\/revisions"}],"wp:attachment":[{"href":"https:\/\/heka-supplements.com\/de\/wp-json\/wp\/v2\/media?parent=12309"}],"curies":[{"name":"wp","href":"https:\/\/api.w.org\/{rel}","templated":true}]}}