{"id":12268,"date":"2026-01-14T11:04:52","date_gmt":"2026-01-14T11:04:52","guid":{"rendered":"https:\/\/heka-supplements.com\/datenschutz-und-cookie-richtlinie\/"},"modified":"2026-02-06T12:58:35","modified_gmt":"2026-02-06T12:58:35","slug":"datenschutz-und-cookie-richtlinie","status":"publish","type":"page","link":"https:\/\/heka-supplements.com\/de\/datenschutz-und-cookie-richtlinie\/","title":{"rendered":"Datenschutz- und Cookie-Richtlinie"},"content":{"rendered":"\n<div class=\"wp-block-group\"><div class=\"wp-block-group__inner-container is-layout-flow wp-block-group-is-layout-flow\">\n<div class=\"wp-block-columns is-layout-flex wp-container-core-columns-is-layout-9d6595d7 wp-block-columns-is-layout-flex\">\n<div class=\"wp-block-column is-layout-flow wp-block-column-is-layout-flow\" style=\"flex-basis:100%\">\n<p><\/p>\n\n\n\n<h1 class=\"wp-block-heading\">Datenschutz- und Cookie-Richtlinie<\/h1>\n\n\n\n<h2 class=\"wp-block-heading\"><strong>Verantwortlicher f\u00fcr personenbezogene Daten und Kontaktdaten<\/strong><\/h2>\n\n\n\n<p>Diese Richtlinie gilt f\u00fcr die Verarbeitung (Verwendung) aller personenbezogenen Daten, die von GlobalPharmacia Group d.o.o. (Verantwortlicher) durchgef\u00fchrt wird oder im Namen des Verantwortlichen durchgef\u00fchrt wird.<\/p>\n\n\n\n<h2 class=\"wp-block-heading\"><strong>Informationen zum Verantwortlichen:<\/strong><\/h2>\n\n\n\n<p>GlobalPharmacia Group d.o.o.<br>Poklukarjeva ulica 27, Ljubljana, 1000 Ljubljana<br>Umsatzsteuer-Identifikationsnummer SI: 88507114<br>Registrierungsnummer: 9037934000<br>Telefon: +386 6 971 9709<br>E-Mail: info@heka-supplements.com<\/p>\n\n\n\n<h2 class=\"wp-block-heading\"><strong>Welche personenbezogenen Daten verarbeiten wir?<\/strong><\/h2>\n\n\n\n<ul class=\"wp-block-list\">\n<li>Grundlegende Kontaktdaten (Name, Nachname, Telefonnummer, E-Mail-Adresse);<\/li>\n\n\n\n<li>Daten \u00fcber die Nutzung unserer Websites (Klicks auf Links, verbrachte Zeit) und Daten \u00fcber die Reaktion auf unsere E-Mail-Nachrichten (ob die Nachricht ge\u00f6ffnet wurde, auf welche Links Sie geklickt haben);<\/li>\n\n\n\n<li>Daten, die wir zur Vertragserf\u00fcllung und Lieferung der gekauften Waren ben\u00f6tigen (Kaufgegenstand, Preis, Lieferadresse, Lieferzeit, Zahlungsweise, Zahlungsdatum, Informationen \u00fcber Reklamationen, Informationen \u00fcber die ausgestellte Rechnung usw.).<\/li>\n<\/ul>\n\n\n\n<h2 class=\"wp-block-heading\"><strong>Rechtsgrundlagen f\u00fcr die Verarbeitung personenbezogener Daten<\/strong><\/h2>\n\n\n\n<p>Wir k\u00f6nnen Ihre personenbezogenen Daten auf folgenden Rechtsgrundlagen verarbeiten:<\/p>\n\n\n\n<ul class=\"wp-block-list\">\n<li>wenn dies zur Erf\u00fcllung unserer gesetzlichen Verpflichtungen erforderlich ist (z. B. Ausstellung von Rechnungen f\u00fcr gekaufte Waren);<\/li>\n\n\n\n<li>wenn die Verarbeitung Ihrer personenbezogenen Daten f\u00fcr den Abschluss und die Erf\u00fcllung eines Vertrags erforderlich ist, den Sie mit uns geschlossen haben, oder weil Sie ein Angebot von uns angefordert haben;<\/li>\n\n\n\n<li>wenn Sie f\u00fcr die Verarbeitung Ihrer personenbezogenen Daten eine Einwilligung zur Verarbeitung f\u00fcr einen bestimmten Verarbeitungszweck erteilt haben, wobei Sie jederzeit das Recht haben, die erteilte Einwilligung zu widerrufen;<\/li>\n\n\n\n<li>wenn wir ein berechtigtes Interesse an der Verarbeitung Ihrer personenbezogenen Daten haben<\/li>\n<\/ul>\n\n\n\n<h2 class=\"wp-block-heading\"><strong>Zwecke der Verarbeitung personenbezogener Daten<\/strong><\/h2>\n\n\n\n<p>Wir k\u00f6nnen Ihre personenbezogenen Daten f\u00fcr einen oder mehrere der folgenden Zwecke verwenden:<\/p>\n\n\n\n<ul class=\"wp-block-list\">\n<li>Kommunikation mit Ihnen bez\u00fcglich der Bereitstellung unserer Dienstleistungen und Beantwortung Ihrer Anfragen;<\/li>\n\n\n\n<li>Abschluss eines Vertrags und Erf\u00fcllung der Verpflichtungen aus dem abgeschlossenen Vertrag;<\/li>\n\n\n\n<li>Marketingkommunikation (Versand von E-Mails, Post und SMS-Nachrichten);<\/li>\n\n\n\n<li>Marketingkommunikation auf der Grundlage von angepassten bzw. individualisierten Angeboten und Nachrichten; <\/li>\n\n\n\n<li>zur Geltendmachung jeglicher Rechtsanspr\u00fcche und zur Beilegung von Streitigkeiten;<\/li>\n\n\n\n<li>f\u00fcr statistische Analysen \u00fcber den Verkauf unserer Waren und \u00fcber die Nutzung unserer Websites;<\/li>\n<\/ul>\n\n\n\n<h2 class=\"wp-block-heading\"><strong>Wie lange speichern wir Ihre personenbezogenen Daten und was passiert dann mit ihnen?<\/strong><\/h2>\n\n\n\n<p>Wir speichern grundlegende personenbezogene Daten so lange, wie Sie den Status unseres registrierten Nutzers haben.<br>Personenbezogene Daten, die wir auf der Grundlage Ihrer Einwilligung verarbeiten, speichern wir dauerhaft bzw. bis zum Widerruf.<br>Daten \u00fcber ausgestellte Rechnungen speichern wir 10 Jahre ab Ausstellung.<br>Nach Ablauf der Aufbewahrungsfrist l\u00f6schen oder anonymisieren wir die personenbezogenen Daten. <\/p>\n\n\n\n<h2 class=\"wp-block-heading\"><strong>Wer hat Zugriff auf Ihre personenbezogenen Daten?<\/strong><\/h2>\n\n\n\n<p>Wir geben Ihre personenbezogenen Daten nicht an Dritte weiter, au\u00dfer an vertragliche Auftragsverarbeiter, die zur Datensicherheit verpflichtet sind.<\/p>\n\n\n\n<h2 class=\"wp-block-heading\"><strong>Bez\u00fcglich Ihrer personenbezogenen Daten haben Sie folgende Rechte:<\/strong><\/h2>\n\n\n\n<ul class=\"wp-block-list\">\n<li>Zugang zu personenbezogenen Daten;<\/li>\n\n\n\n<li>Berichtigung unrichtiger Daten;<\/li>\n\n\n\n<li>L\u00f6schung personenbezogener Daten;<\/li>\n\n\n\n<li>Einschr\u00e4nkung der Verarbeitung;<\/li>\n\n\n\n<li>Daten\u00fcbertragbarkeit;<\/li>\n\n\n\n<li>Widerspruch gegen die Verarbeitung.<\/li>\n<\/ul>\n\n\n\n<h2 class=\"wp-block-heading\"><strong>Verfahren zur Geltendmachung von Rechten<\/strong><\/h2>\n\n\n\n<ul class=\"wp-block-list\">\n<li>Sie k\u00f6nnen Anfragen schriftlich an den Kontakt des Verantwortlichen richten.<\/li>\n\n\n\n<li>Sie erhalten sp\u00e4testens innerhalb eines Monats eine Antwort.<\/li>\n<\/ul>\n<\/div>\n<\/div>\n\n\n\n<h2 class=\"wp-block-heading\"><strong>Cookies<\/strong><\/h2>\n\n\n\n<p style=\"padding-bottom:var(--wp--preset--spacing--50)\">Unsere Website https:\/\/heka-supplements.com\/ verwendet Cookies, die es dem Nutzer erm\u00f6glichen, unsere Websites anzuzeigen und zu nutzen, angepasst an seine W\u00fcnsche, wodurch eine bessere Benutzererfahrung erm\u00f6glicht wird. Im Folgenden stellen wir Ihnen die Cookies im Detail vor und beantworten Ihre m\u00f6glichen Fragen im Zusammenhang mit Cookies. <\/p>\n\n\n\n<h2 class=\"wp-block-heading\"><strong>Google Analytics<\/strong><\/h2>\n\n\n\n<p>Google Analytics ist ein Dienst, der von Google LLC oder Google Ireland Limited bereitgestellt wird, abh\u00e4ngig vom Standort, von dem aus auf www.heka-supplements.com mit \u201eGoogle\u201c zugegriffen wird. Google verwendet die gesammelten Daten, um die Nutzung von heka-supplements.com zu verfolgen und zu testen, um Berichte bei Aktivierung zu erstellen und diese mit anderen Google-Diensten zu teilen. <\/p>\n\n\n\n<h2 class=\"wp-block-heading\"><strong>Google Maps<\/strong><\/h2>\n\n\n\n<p>Google Maps ist ein Dienst zur Visualisierung von Karten, der von Google LLC oder Google Ireland Limited bereitgestellt wird, abh\u00e4ngig vom Standort, von dem aus Sie auf www.heka-supplements.com zugreifen, und der die Einbindung dieser Art von Inhalten auf der Seite heka-supplements.com erm\u00f6glicht.<\/p>\n\n\n\n<p>Sie k\u00f6nnen unsere Cookies jederzeit l\u00f6schen oder zuk\u00fcnftige Cookies blockieren. Das Verfahren zum Verwalten und L\u00f6schen von Cookies unterscheidet sich je nach Browser, den Sie verwenden. Dabei m\u00f6chten wir Sie darauf hinweisen, dass Sie sich bewusst sein m\u00fcssen, dass das L\u00f6schen unserer Cookies oder das Blockieren zuk\u00fcnftiger Cookies bedeutet, dass Sie m\u00f6glicherweise keinen Zugriff mehr auf bestimmte Teile oder Inhalte unserer Website haben. Weitere Informationen zum L\u00f6schen oder Verwalten von Cookies erhalten Sie unter www.aboutcookies.org.   <\/p>\n<\/div><\/div>\n\n\n","protected":false},"excerpt":{"rendered":"<p>Datenschutz- und Cookie-Richtlinie Verantwortlicher f\u00fcr personenbezogene Daten und Kontaktdaten Diese Richtlinie gilt f\u00fcr die Verarbeitung (Verwendung) aller personenbezogenen Daten, die von GlobalPharmacia Group d.o.o. (Verantwortlicher) durchgef\u00fchrt wird oder im Namen des Verantwortlichen durchgef\u00fchrt wird. Informationen zum Verantwortlichen: GlobalPharmacia Group d.o.o.Poklukarjeva ulica 27, Ljubljana, 1000 LjubljanaUmsatzsteuer-Identifikationsnummer SI: 88507114Registrierungsnummer: 9037934000Telefon: +386 6 971 9709E-Mail: info@heka-supplements.com Welche personenbezogenen&#8230;<\/p>\n","protected":false},"author":1,"featured_media":0,"parent":0,"menu_order":0,"comment_status":"closed","ping_status":"closed","template":"","meta":{"_acf_changed":false,"page_custom_class":"","page_custom_text":"","_kad_blocks_custom_css":"","_kad_blocks_head_custom_js":"","_kad_blocks_body_custom_js":"","_kad_blocks_footer_custom_js":"","_kad_post_transparent":"","_kad_post_title":"","_kad_post_layout":"","_kad_post_sidebar_id":"","_kad_post_content_style":"","_kad_post_vertical_padding":"","_kad_post_feature":"","_kad_post_feature_position":"","_kad_post_header":false,"_kad_post_footer":false,"_kad_post_classname":"","page_custom_text_by_category":"","footnotes":""},"class_list":["post-12268","page","type-page","status-publish","hentry"],"acf":[],"taxonomy_info":[],"featured_image_src_large":false,"author_info":{"display_name":"wpm","author_link":"https:\/\/heka-supplements.com\/de\/author\/wpm\/"},"comment_info":"","_links":{"self":[{"href":"https:\/\/heka-supplements.com\/de\/wp-json\/wp\/v2\/pages\/12268","targetHints":{"allow":["GET"]}}],"collection":[{"href":"https:\/\/heka-supplements.com\/de\/wp-json\/wp\/v2\/pages"}],"about":[{"href":"https:\/\/heka-supplements.com\/de\/wp-json\/wp\/v2\/types\/page"}],"author":[{"embeddable":true,"href":"https:\/\/heka-supplements.com\/de\/wp-json\/wp\/v2\/users\/1"}],"replies":[{"embeddable":true,"href":"https:\/\/heka-supplements.com\/de\/wp-json\/wp\/v2\/comments?post=12268"}],"version-history":[{"count":2,"href":"https:\/\/heka-supplements.com\/de\/wp-json\/wp\/v2\/pages\/12268\/revisions"}],"predecessor-version":[{"id":20772,"href":"https:\/\/heka-supplements.com\/de\/wp-json\/wp\/v2\/pages\/12268\/revisions\/20772"}],"wp:attachment":[{"href":"https:\/\/heka-supplements.com\/de\/wp-json\/wp\/v2\/media?parent=12268"}],"curies":[{"name":"wp","href":"https:\/\/api.w.org\/{rel}","templated":true}]}}