{"id":12057,"date":"2026-01-19T06:21:08","date_gmt":"2026-01-19T06:21:08","guid":{"rendered":"https:\/\/heka-supplements.com\/fuer-kinder\/"},"modified":"2026-01-27T12:20:15","modified_gmt":"2026-01-27T12:20:15","slug":"fuer-kinder","status":"publish","type":"page","link":"https:\/\/heka-supplements.com\/de\/fuer-kinder\/","title":{"rendered":"F\u00fcr Kinder"},"content":{"rendered":"<style>.kadence-column12057_fc6bc3-c9 > .kt-inside-inner-col{min-height:400px;}.kadence-column12057_fc6bc3-c9 > .kt-inside-inner-col,.kadence-column12057_fc6bc3-c9 > .kt-inside-inner-col:before{border-top-left-radius:0px;border-top-right-radius:0px;border-bottom-right-radius:0px;border-bottom-left-radius:0px;}.kadence-column12057_fc6bc3-c9 > .kt-inside-inner-col{column-gap:var(--global-kb-gap-sm, 1rem);}.kadence-column12057_fc6bc3-c9 > .kt-inside-inner-col{flex-direction:column;}.kadence-column12057_fc6bc3-c9 > .kt-inside-inner-col > .aligncenter{width:100%;}.kadence-column12057_fc6bc3-c9 > .kt-inside-inner-col{background-image:url('https:\/\/heka-supplements.com\/wp-content\/uploads\/2026\/01\/Za-otroke.webp');background-size:cover;background-position:center center;background-attachment:scroll;background-repeat:no-repeat;}.kadence-column12057_fc6bc3-c9 > .kt-inside-inner-col:before{opacity:0.3;}.kadence-column12057_fc6bc3-c9{position:relative;}@media all and (max-width: 1024px){.kadence-column12057_fc6bc3-c9 > .kt-inside-inner-col{flex-direction:column;justify-content:center;}}@media all and (max-width: 767px){.kadence-column12057_fc6bc3-c9 > .kt-inside-inner-col{flex-direction:column;justify-content:center;}}<\/style>\n<div class=\"wp-block-kadence-column kadence-column12057_fc6bc3-c9\"><div class=\"kt-inside-inner-col\"><\/div><\/div>\n\n\n\n\n\n\n\n\n\n\n<style>.kb-row-layout-id12057_61fa4c-b5 > .kt-row-column-wrap{align-content:start;}:where(.kb-row-layout-id12057_61fa4c-b5 > .kt-row-column-wrap) > .wp-block-kadence-column{justify-content:start;}.kb-row-layout-id12057_61fa4c-b5 > .kt-row-column-wrap{column-gap:var(--global-kb-gap-md, 2rem);row-gap:var(--global-kb-gap-md, 2rem);max-width:var( --global-content-width, 1290px );padding-left:var(--global-content-edge-padding);padding-right:var(--global-content-edge-padding);padding-top:var(--global-kb-spacing-lg, 3rem);padding-bottom:var(--global-kb-spacing-lg, 3rem);grid-template-columns:minmax(0, 1fr);}.kb-row-layout-id12057_61fa4c-b5 > .kt-row-layout-overlay{opacity:0.30;}@media all and (max-width: 1024px){.kb-row-layout-id12057_61fa4c-b5 > .kt-row-column-wrap{grid-template-columns:minmax(0, 1fr);}}@media all and (max-width: 767px){.kb-row-layout-id12057_61fa4c-b5 > .kt-row-column-wrap{grid-template-columns:minmax(0, 1fr);}}<\/style><div class=\"kb-row-layout-wrap kb-row-layout-id12057_61fa4c-b5 alignnone wp-block-kadence-rowlayout\"><div class=\"kt-row-column-wrap kt-has-1-columns kt-row-layout-equal kt-tab-layout-inherit kt-mobile-layout-row kt-row-valign-top kb-theme-content-width\">\n<style>.kadence-column12057_96cc90-a1 > .kt-inside-inner-col,.kadence-column12057_96cc90-a1 > .kt-inside-inner-col:before{border-top-left-radius:0px;border-top-right-radius:0px;border-bottom-right-radius:0px;border-bottom-left-radius:0px;}.kadence-column12057_96cc90-a1 > .kt-inside-inner-col{column-gap:var(--global-kb-gap-sm, 1rem);}.kadence-column12057_96cc90-a1 > .kt-inside-inner-col{flex-direction:column;}.kadence-column12057_96cc90-a1 > .kt-inside-inner-col > .aligncenter{width:100%;}.kadence-column12057_96cc90-a1 > .kt-inside-inner-col:before{opacity:0.3;}.kadence-column12057_96cc90-a1{position:relative;}@media all and (max-width: 1024px){.kadence-column12057_96cc90-a1 > .kt-inside-inner-col{flex-direction:column;justify-content:center;}}@media all and (max-width: 767px){.kadence-column12057_96cc90-a1 > .kt-inside-inner-col{flex-direction:column;justify-content:center;}}<\/style>\n<div class=\"wp-block-kadence-column kadence-column12057_96cc90-a1\"><div class=\"kt-inside-inner-col\"><h2>F\u00fcr Kinder<\/h2><div class=\"namen-block products-grid\"><div class=\"product-card scale\" data-popularity-weight=\"0\"><a href=\"https:\/\/heka-supplements.com\/de\/product\/heka-gummis-fuer-kinder-mit-multivitaminen\/\" class=\"product-link\"><div class=\"product-image\"><div class=\"tom-labels-container-prod\"><\/div><img decoding=\"async\" src=\"https:\/\/heka-supplements.com\/wp-content\/uploads\/2026\/01\/HEKA-gumiji-za-otroke-multivitamin-scaled.webp\" alt=\"HEKA Gummis f\u00fcr Kinder mit Multivitaminen\"><\/div><div class=\"product-info\"><h3 class=\"product-title\">HEKA Gummis f\u00fcr Kinder mit Multivitaminen<\/h3><div class=\"kolicina-izdelka\">60 Gummis<\/div><div class=\"product-price\"><span class=\"wcpbc-price wcpbc-price-16044\" data-product-id=\"16044\"><span class=\"woocommerce-Price-amount amount\"><bdi>12,75\u00a0<span class=\"woocommerce-Price-currencySymbol\">&euro;<\/span><\/bdi><\/span><\/span><\/div><\/div><\/a><div class=\"product-actions\"><a href=\"https:\/\/heka-supplements.com\/de\/product\/heka-gummis-fuer-kinder-mit-multivitaminen\/\" class=\"product-read-more\">Weiterlesen<\/a><a href=\"https:\/\/heka-supplements.com\/de\/add-to-cart\/\" class=\"button product_type_simple add_to_cart_button ajax_add_to_cart\" data-quantity=\"1\" data-product_id=\"16044\" data-product_sku=\"3830081250483\" aria-label=\"In den Warenkorb legen: \u201eHEKA Gummis f\u00fcr Kinder mit Multivitaminen\u201c\" rel=\"nofollow\"><img decoding=\"async\" src=\"\/wp-content\/uploads\/2025\/12\/cart.svg\" alt=\"In den Warenkorb\" aria-hidden=\"false\"><\/a><\/div><\/div><\/div><\/div><\/div>\n\n<\/div><\/div>\n\n","protected":false},"excerpt":{"rendered":"<p>Wir glauben, dass die wahre Kraft bereits in jedem von uns steckt. Es muss nichts hinzugef\u00fcgt werden, sondern nur die Energie geweckt werden, die der K\u00f6rper bereits in sich tr\u00e4gt, die wir aber im modernen, schnelllebigen Alltag und durch Stress verlieren. Heka ist f\u00fcr die Momente da, in denen die Kraft nachl\u00e4sst, f\u00fcr die Tage,&#8230;<\/p>\n","protected":false},"author":1,"featured_media":0,"parent":0,"menu_order":0,"comment_status":"closed","ping_status":"closed","template":"","meta":{"_acf_changed":false,"page_custom_class":"","page_custom_text":"","_kad_blocks_custom_css":"","_kad_blocks_head_custom_js":"","_kad_blocks_body_custom_js":"","_kad_blocks_footer_custom_js":"","_kad_post_transparent":"","_kad_post_title":"","_kad_post_layout":"fullwidth","_kad_post_sidebar_id":"","_kad_post_content_style":"","_kad_post_vertical_padding":"","_kad_post_feature":"","_kad_post_feature_position":"","_kad_post_header":false,"_kad_post_footer":false,"_kad_post_classname":"","page_custom_text_by_category":"","footnotes":""},"class_list":["post-12057","page","type-page","status-publish","hentry"],"acf":[],"taxonomy_info":[],"featured_image_src_large":false,"author_info":{"display_name":"wpm","author_link":"https:\/\/heka-supplements.com\/de\/author\/wpm\/"},"comment_info":"","_links":{"self":[{"href":"https:\/\/heka-supplements.com\/de\/wp-json\/wp\/v2\/pages\/12057","targetHints":{"allow":["GET"]}}],"collection":[{"href":"https:\/\/heka-supplements.com\/de\/wp-json\/wp\/v2\/pages"}],"about":[{"href":"https:\/\/heka-supplements.com\/de\/wp-json\/wp\/v2\/types\/page"}],"author":[{"embeddable":true,"href":"https:\/\/heka-supplements.com\/de\/wp-json\/wp\/v2\/users\/1"}],"replies":[{"embeddable":true,"href":"https:\/\/heka-supplements.com\/de\/wp-json\/wp\/v2\/comments?post=12057"}],"version-history":[{"count":0,"href":"https:\/\/heka-supplements.com\/de\/wp-json\/wp\/v2\/pages\/12057\/revisions"}],"wp:attachment":[{"href":"https:\/\/heka-supplements.com\/de\/wp-json\/wp\/v2\/media?parent=12057"}],"curies":[{"name":"wp","href":"https:\/\/api.w.org\/{rel}","templated":true}]}}