{"id":12821,"date":"2026-01-06T08:02:22","date_gmt":"2026-01-06T08:02:22","guid":{"rendered":"https:\/\/heka-supplements.com\/krasa\/"},"modified":"2026-01-28T12:49:18","modified_gmt":"2026-01-28T12:49:18","slug":"krasa","status":"publish","type":"page","link":"https:\/\/heka-supplements.com\/cs\/krasa\/","title":{"rendered":"Kr\u00e1sa"},"content":{"rendered":"<style>.kadence-column12821_27dce5-64 > .kt-inside-inner-col{min-height:400px;}.kadence-column12821_27dce5-64 > .kt-inside-inner-col,.kadence-column12821_27dce5-64 > .kt-inside-inner-col:before{border-top-left-radius:0px;border-top-right-radius:0px;border-bottom-right-radius:0px;border-bottom-left-radius:0px;}.kadence-column12821_27dce5-64 > .kt-inside-inner-col{column-gap:var(--global-kb-gap-sm, 1rem);}.kadence-column12821_27dce5-64 > .kt-inside-inner-col{flex-direction:column;}.kadence-column12821_27dce5-64 > .kt-inside-inner-col > .aligncenter{width:100%;}.kadence-column12821_27dce5-64 > .kt-inside-inner-col{background-image:url('https:\/\/heka-supplements.com\/wp-content\/uploads\/2026\/01\/Beauty-banner-scaled.webp');background-size:cover;background-position:50% 51%;background-attachment:scroll;background-repeat:no-repeat;}.kadence-column12821_27dce5-64 > .kt-inside-inner-col:before{opacity:0.3;}.kadence-column12821_27dce5-64{position:relative;}@media all and (max-width: 1024px){.kadence-column12821_27dce5-64 > .kt-inside-inner-col{flex-direction:column;justify-content:center;}}@media all and (max-width: 767px){.kadence-column12821_27dce5-64 > .kt-inside-inner-col{flex-direction:column;justify-content:center;}}<\/style>\n<div class=\"wp-block-kadence-column kadence-column12821_27dce5-64\"><div class=\"kt-inside-inner-col\"><\/div><\/div>\n\n\n\n<p><\/p>\n\n\n\n\n\n\n\n\n\n\n<style>.kb-row-layout-id12821_b8423b-50 > .kt-row-column-wrap{align-content:start;}:where(.kb-row-layout-id12821_b8423b-50 > .kt-row-column-wrap) > .wp-block-kadence-column{justify-content:start;}.kb-row-layout-id12821_b8423b-50 > .kt-row-column-wrap{column-gap:var(--global-kb-gap-md, 2rem);row-gap:var(--global-kb-gap-md, 2rem);max-width:var( --global-content-width, 1290px );padding-left:var(--global-content-edge-padding);padding-right:var(--global-content-edge-padding);padding-top:var(--global-kb-spacing-lg, 3rem);padding-bottom:var(--global-kb-spacing-lg, 3rem);grid-template-columns:minmax(0, 1fr);}.kb-row-layout-id12821_b8423b-50 > .kt-row-layout-overlay{opacity:0.30;}@media all and (max-width: 1024px){.kb-row-layout-id12821_b8423b-50 > .kt-row-column-wrap{grid-template-columns:minmax(0, 1fr);}}@media all and (max-width: 767px){.kb-row-layout-id12821_b8423b-50 > .kt-row-column-wrap{grid-template-columns:minmax(0, 1fr);}}<\/style><div class=\"kb-row-layout-wrap kb-row-layout-id12821_b8423b-50 alignnone wp-block-kadence-rowlayout\"><div class=\"kt-row-column-wrap kt-has-1-columns kt-row-layout-equal kt-tab-layout-inherit kt-mobile-layout-row kt-row-valign-top kb-theme-content-width\">\n<style>.kadence-column12821_936f07-85 > .kt-inside-inner-col,.kadence-column12821_936f07-85 > .kt-inside-inner-col:before{border-top-left-radius:0px;border-top-right-radius:0px;border-bottom-right-radius:0px;border-bottom-left-radius:0px;}.kadence-column12821_936f07-85 > .kt-inside-inner-col{column-gap:var(--global-kb-gap-sm, 1rem);}.kadence-column12821_936f07-85 > .kt-inside-inner-col{flex-direction:column;}.kadence-column12821_936f07-85 > .kt-inside-inner-col > .aligncenter{width:100%;}.kadence-column12821_936f07-85 > .kt-inside-inner-col:before{opacity:0.3;}.kadence-column12821_936f07-85{position:relative;}@media all and (max-width: 1024px){.kadence-column12821_936f07-85 > .kt-inside-inner-col{flex-direction:column;justify-content:center;}}@media all and (max-width: 767px){.kadence-column12821_936f07-85 > .kt-inside-inner-col{flex-direction:column;justify-content:center;}}<\/style>\n<div class=\"wp-block-kadence-column kadence-column12821_936f07-85\"><div class=\"kt-inside-inner-col\"><h2>Kr\u00e1sa<\/h2><div class=\"namen-block products-grid\"><div class=\"product-card scale\" data-popularity-weight=\"8\"><a href=\"https:\/\/heka-supplements.com\/cs\/produkt\/heka-gumidci-pro-vlasy-kuzi-a-nehty\/\" class=\"product-link\"><div class=\"product-image\"><div class=\"tom-labels-container-prod\"><\/div><img decoding=\"async\" src=\"https:\/\/heka-supplements.com\/wp-content\/uploads\/2026\/01\/Heka-Beauty-gumiji-scaled.webp\" alt=\"HEKA gum\u00eddci pro vlasy, k\u016f\u017ei a nehty\"><\/div><div class=\"product-info\"><h3 class=\"product-title\">HEKA gum\u00eddci pro vlasy, k\u016f\u017ei a nehty<\/h3><div class=\"kolicina-izdelka\">60 gum\u00eddk\u016f<\/div><div class=\"product-price\"><span class=\"wcpbc-price wcpbc-price-16435\" data-product-id=\"16435\"><span class=\"woocommerce-Price-amount amount\"><bdi>12,75\u00a0<span class=\"woocommerce-Price-currencySymbol\">&euro;<\/span><\/bdi><\/span><\/span><\/div><\/div><\/a><div class=\"product-actions\"><a href=\"https:\/\/heka-supplements.com\/cs\/produkt\/heka-gumidci-pro-vlasy-kuzi-a-nehty\/\" class=\"product-read-more\">P\u0159e\u010d\u00edst v\u00edce<\/a><a href=\"https:\/\/heka-supplements.com\/cs\/add-to-cart\/\" class=\"button product_type_simple add_to_cart_button ajax_add_to_cart\" data-quantity=\"1\" data-product_id=\"16435\" data-product_sku=\"3830081250479\" aria-label=\"P\u0159idat do ko\u0161\u00edku: &ldquo;HEKA gum\u00eddci pro vlasy, k\u016f\u017ei a nehty&rdquo;\" rel=\"nofollow\"><img decoding=\"async\" src=\"\/wp-content\/uploads\/2025\/12\/cart.svg\" alt=\"P\u0159idat do ko\u0161\u00edku\" aria-hidden=\"false\"><\/a><\/div><\/div><div class=\"product-card scale\" data-popularity-weight=\"4\"><a href=\"https:\/\/heka-supplements.com\/cs\/produkt\/heka-veganske-omega-3-mekke-kapsle\/\" class=\"product-link\"><div class=\"product-image\"><div class=\"tom-labels-container-prod\"><\/div><img decoding=\"async\" src=\"https:\/\/heka-supplements.com\/wp-content\/uploads\/2026\/01\/Omega-3-vegan-1-scaled.webp\" alt=\"HEKA vegansk\u00e9 Omega 3 m\u011bkk\u00e9 kapsle\"><\/div><div class=\"product-info\"><h3 class=\"product-title\">HEKA vegansk\u00e9 Omega 3 m\u011bkk\u00e9 kapsle<\/h3><div class=\"kolicina-izdelka\">120 m\u011bkk\u00fdch kapsl\u00ed<\/div><div class=\"product-price\"><span class=\"wcpbc-price wcpbc-price-16627\" data-product-id=\"16627\"><span class=\"woocommerce-Price-amount amount\"><bdi>29,75\u00a0<span class=\"woocommerce-Price-currencySymbol\">&euro;<\/span><\/bdi><\/span><\/span><\/div><\/div><\/a><div class=\"product-actions\"><a href=\"https:\/\/heka-supplements.com\/cs\/produkt\/heka-veganske-omega-3-mekke-kapsle\/\" class=\"product-read-more\">P\u0159e\u010d\u00edst v\u00edce<\/a><a href=\"https:\/\/heka-supplements.com\/cs\/add-to-cart\/\" class=\"button product_type_simple add_to_cart_button ajax_add_to_cart\" data-quantity=\"1\" data-product_id=\"16627\" data-product_sku=\"3830081250844\" aria-label=\"P\u0159idat do ko\u0161\u00edku: &ldquo;HEKA vegansk\u00e9 Omega 3 m\u011bkk\u00e9 kapsle&rdquo;\" rel=\"nofollow\"><img decoding=\"async\" src=\"\/wp-content\/uploads\/2025\/12\/cart.svg\" alt=\"P\u0159idat do ko\u0161\u00edku\" aria-hidden=\"false\"><\/a><\/div><\/div><div class=\"product-card scale\" data-popularity-weight=\"0\"><a href=\"https:\/\/heka-supplements.com\/cs\/produkt\/heka-omega-3-z-rybiho-oleje\/\" class=\"product-link\"><div class=\"product-image\"><div class=\"tom-labels-container-prod\"><\/div><img decoding=\"async\" src=\"https:\/\/heka-supplements.com\/wp-content\/uploads\/2026\/01\/HEKA-Omega-3-softgel-scaled.webp\" alt=\"HEKA omega-3 z ryb\u00edho oleje\"><\/div><div class=\"product-info\"><h3 class=\"product-title\">HEKA omega-3 z ryb\u00edho oleje<\/h3><div class=\"kolicina-izdelka\">180 m\u011bkk\u00fdch kapsl\u00ed<\/div><div class=\"product-price\"><span class=\"wcpbc-price wcpbc-price-16689\" data-product-id=\"16689\"><span class=\"woocommerce-Price-amount amount\"><bdi>16,75\u00a0<span class=\"woocommerce-Price-currencySymbol\">&euro;<\/span><\/bdi><\/span><\/span><\/div><\/div><\/a><div class=\"product-actions\"><a href=\"https:\/\/heka-supplements.com\/cs\/produkt\/heka-omega-3-z-rybiho-oleje\/\" class=\"product-read-more\">P\u0159e\u010d\u00edst v\u00edce<\/a><a href=\"https:\/\/heka-supplements.com\/cs\/add-to-cart\/\" class=\"button product_type_simple add_to_cart_button ajax_add_to_cart\" data-quantity=\"1\" data-product_id=\"16689\" data-product_sku=\"3830081250837\" aria-label=\"P\u0159idat do ko\u0161\u00edku: &ldquo;HEKA omega-3 z ryb\u00edho oleje&rdquo;\" rel=\"nofollow\"><img decoding=\"async\" src=\"\/wp-content\/uploads\/2025\/12\/cart.svg\" alt=\"P\u0159idat do ko\u0161\u00edku\" aria-hidden=\"false\"><\/a><\/div><\/div><div class=\"product-card scale\" data-popularity-weight=\"0\"><a href=\"https:\/\/heka-supplements.com\/cs\/produkt\/heka-zinkove-kapsle\/\" class=\"product-link\"><div class=\"product-image\"><div class=\"tom-labels-container-prod\"><\/div><img decoding=\"async\" src=\"https:\/\/heka-supplements.com\/wp-content\/uploads\/2026\/01\/Heka-cink-scaled.webp\" alt=\"HEKA zinkov\u00e9 kapsle\"><\/div><div class=\"product-info\"><h3 class=\"product-title\">HEKA zinkov\u00e9 kapsle<\/h3><div class=\"kolicina-izdelka\">60 kapsl\u00ed<\/div><div class=\"product-price\"><span class=\"wcpbc-price wcpbc-price-15670\" data-product-id=\"15670\"><span class=\"woocommerce-Price-amount amount\"><bdi>14,75\u00a0<span class=\"woocommerce-Price-currencySymbol\">&euro;<\/span><\/bdi><\/span><\/span><\/div><\/div><\/a><div class=\"product-actions\"><a href=\"https:\/\/heka-supplements.com\/cs\/produkt\/heka-zinkove-kapsle\/\" class=\"product-read-more\">P\u0159e\u010d\u00edst v\u00edce<\/a><a href=\"https:\/\/heka-supplements.com\/cs\/add-to-cart\/\" class=\"button product_type_simple add_to_cart_button ajax_add_to_cart\" data-quantity=\"1\" data-product_id=\"15670\" data-product_sku=\"3830081250868\" aria-label=\"P\u0159idat do ko\u0161\u00edku: &ldquo;HEKA zinkov\u00e9 kapsle&rdquo;\" rel=\"nofollow\"><img decoding=\"async\" src=\"\/wp-content\/uploads\/2025\/12\/cart.svg\" alt=\"P\u0159idat do ko\u0161\u00edku\" aria-hidden=\"false\"><\/a><\/div><\/div><div class=\"product-card scale\" data-popularity-weight=\"0\"><a href=\"https:\/\/heka-supplements.com\/cs\/produkt\/heka-vitamin-c-kapsle\/\" class=\"product-link\"><div class=\"product-image\"><div class=\"tom-labels-container-prod\"><\/div><img decoding=\"async\" src=\"https:\/\/heka-supplements.com\/wp-content\/uploads\/2026\/01\/HEKA-Vitamin-C-scaled.webp\" alt=\"HEKA vitamin C kapsle\"><\/div><div class=\"product-info\"><h3 class=\"product-title\">HEKA vitamin C kapsle<\/h3><div class=\"kolicina-izdelka\">60 kapsl\u00ed<\/div><div class=\"product-price\"><span class=\"wcpbc-price wcpbc-price-15224\" data-product-id=\"15224\"><span class=\"woocommerce-Price-amount amount\"><bdi>14,75\u00a0<span class=\"woocommerce-Price-currencySymbol\">&euro;<\/span><\/bdi><\/span><\/span><\/div><\/div><\/a><div class=\"product-actions\"><a href=\"https:\/\/heka-supplements.com\/cs\/produkt\/heka-vitamin-c-kapsle\/\" class=\"product-read-more\">P\u0159e\u010d\u00edst v\u00edce<\/a><a href=\"https:\/\/heka-supplements.com\/cs\/add-to-cart\/\" class=\"button product_type_simple add_to_cart_button ajax_add_to_cart\" data-quantity=\"1\" data-product_id=\"15224\" data-product_sku=\"3830081250813\" aria-label=\"P\u0159idat do ko\u0161\u00edku: &ldquo;HEKA vitamin C kapsle&rdquo;\" rel=\"nofollow\"><img decoding=\"async\" src=\"\/wp-content\/uploads\/2025\/12\/cart.svg\" alt=\"P\u0159idat do ko\u0161\u00edku\" aria-hidden=\"false\"><\/a><\/div><\/div><div class=\"product-card scale\" data-popularity-weight=\"7\"><a href=\"https:\/\/heka-supplements.com\/cs\/produkt\/heka-kapsle-pro-vlasy-kuzi-a-nehty\/\" class=\"product-link\"><div class=\"product-image\"><div class=\"tom-labels-container-prod\"><\/div><img decoding=\"async\" src=\"https:\/\/heka-supplements.com\/wp-content\/uploads\/2026\/01\/HEKA-Hair-and-Beauty-capsule-scaled.webp\" alt=\"HEKA kapsle pro vlasy, k\u016f\u017ei a nehty\"><\/div><div class=\"product-info\"><h3 class=\"product-title\">HEKA kapsle pro vlasy, k\u016f\u017ei a nehty<\/h3><div class=\"kolicina-izdelka\">60 kapsl\u00ed<\/div><div class=\"product-price\"><span class=\"wcpbc-price wcpbc-price-15373\" data-product-id=\"15373\"><span class=\"woocommerce-Price-amount amount\"><bdi>14,75\u00a0<span class=\"woocommerce-Price-currencySymbol\">&euro;<\/span><\/bdi><\/span><\/span><\/div><\/div><\/a><div class=\"product-actions\"><a href=\"https:\/\/heka-supplements.com\/cs\/produkt\/heka-kapsle-pro-vlasy-kuzi-a-nehty\/\" class=\"product-read-more\">P\u0159e\u010d\u00edst v\u00edce<\/a><a href=\"https:\/\/heka-supplements.com\/cs\/add-to-cart\/\" class=\"button product_type_simple add_to_cart_button ajax_add_to_cart\" data-quantity=\"1\" data-product_id=\"15373\" data-product_sku=\"3830081250820\" aria-label=\"P\u0159idat do ko\u0161\u00edku: &ldquo;HEKA kapsle pro vlasy, k\u016f\u017ei a nehty&rdquo;\" rel=\"nofollow\"><img decoding=\"async\" src=\"\/wp-content\/uploads\/2025\/12\/cart.svg\" alt=\"P\u0159idat do ko\u0161\u00edku\" aria-hidden=\"false\"><\/a><\/div><\/div><\/div><\/div><\/div>\n\n<\/div><\/div>\n\n","protected":false},"excerpt":{"rendered":"<p>V\u011b\u0159\u00edme, \u017ee skute\u010dn\u00e1 s\u00edla je ji\u017e v ka\u017ed\u00e9m z n\u00e1s. Nen\u00ed t\u0159eba nic p\u0159id\u00e1vat, pouze probudit energii, kterou t\u011blo ji\u017e nese, ale kterou v modern\u00edm rychl\u00e9m tempu \u017eivota a stresu ztr\u00e1c\u00edme. Heka je tu pro chv\u00edle, kdy dojdou s\u00edly, pro dny, kdy stres p\u0159evl\u00e1dne, a pro c\u00edle, kter\u00e9 vy\u017eaduj\u00ed v\u00edce energie a soust\u0159ed\u011bn\u00ed. Neexistuj\u00ed \u017e\u00e1dn\u00e9&#8230;<\/p>\n","protected":false},"author":1,"featured_media":0,"parent":0,"menu_order":4,"comment_status":"closed","ping_status":"closed","template":"","meta":{"_acf_changed":false,"page_custom_class":"","page_custom_text":"","_kad_blocks_custom_css":"","_kad_blocks_head_custom_js":"","_kad_blocks_body_custom_js":"","_kad_blocks_footer_custom_js":"","_kad_post_transparent":"","_kad_post_title":"","_kad_post_layout":"fullwidth","_kad_post_sidebar_id":"","_kad_post_content_style":"","_kad_post_vertical_padding":"","_kad_post_feature":"","_kad_post_feature_position":"","_kad_post_header":false,"_kad_post_footer":false,"_kad_post_classname":"","page_custom_text_by_category":"","footnotes":""},"class_list":["post-12821","page","type-page","status-publish","hentry"],"acf":[],"taxonomy_info":[],"featured_image_src_large":false,"author_info":{"display_name":"wpm","author_link":"https:\/\/heka-supplements.com\/cs\/author\/wpm\/"},"comment_info":"","_links":{"self":[{"href":"https:\/\/heka-supplements.com\/cs\/wp-json\/wp\/v2\/pages\/12821","targetHints":{"allow":["GET"]}}],"collection":[{"href":"https:\/\/heka-supplements.com\/cs\/wp-json\/wp\/v2\/pages"}],"about":[{"href":"https:\/\/heka-supplements.com\/cs\/wp-json\/wp\/v2\/types\/page"}],"author":[{"embeddable":true,"href":"https:\/\/heka-supplements.com\/cs\/wp-json\/wp\/v2\/users\/1"}],"replies":[{"embeddable":true,"href":"https:\/\/heka-supplements.com\/cs\/wp-json\/wp\/v2\/comments?post=12821"}],"version-history":[{"count":0,"href":"https:\/\/heka-supplements.com\/cs\/wp-json\/wp\/v2\/pages\/12821\/revisions"}],"wp:attachment":[{"href":"https:\/\/heka-supplements.com\/cs\/wp-json\/wp\/v2\/media?parent=12821"}],"curies":[{"name":"wp","href":"https:\/\/api.w.org\/{rel}","templated":true}]}}