{"id":12270,"date":"2026-01-14T11:04:52","date_gmt":"2026-01-14T11:04:52","guid":{"rendered":"https:\/\/heka-supplements.com\/zasady-ochrany-osobnich-udaju-a-soubory-cookie\/"},"modified":"2026-02-06T12:59:08","modified_gmt":"2026-02-06T12:59:08","slug":"zasady-ochrany-osobnich-udaju-a-soubory-cookie","status":"publish","type":"page","link":"https:\/\/heka-supplements.com\/cs\/zasady-ochrany-osobnich-udaju-a-soubory-cookie\/","title":{"rendered":"Z\u00e1sady ochrany osobn\u00edch \u00fadaj\u016f a soubory cookie"},"content":{"rendered":"\n<div class=\"wp-block-group\"><div class=\"wp-block-group__inner-container is-layout-flow wp-block-group-is-layout-flow\">\n<div class=\"wp-block-columns is-layout-flex wp-container-core-columns-is-layout-9d6595d7 wp-block-columns-is-layout-flex\">\n<div class=\"wp-block-column is-layout-flow wp-block-column-is-layout-flow\" style=\"flex-basis:100%\">\n<p><\/p>\n\n\n\n<h1 class=\"wp-block-heading\">Z\u00e1sady ochrany osobn\u00edch \u00fadaj\u016f a soubory cookie<\/h1>\n\n\n\n<h2 class=\"wp-block-heading\"><strong>Spr\u00e1vce osobn\u00edch \u00fadaj\u016f a kontaktn\u00ed \u00fadaje<\/strong><\/h2>\n\n\n\n<p>Tyto z\u00e1sady se vztahuj\u00ed na zpracov\u00e1n\u00ed (pou\u017eit\u00ed) jak\u00fdchkoli osobn\u00edch \u00fadaj\u016f, kter\u00e9 prov\u00e1d\u00ed spole\u010dnost GlobalPharmacia Group d.o.o. (spr\u00e1vce) nebo kter\u00e9 se prov\u00e1d\u00ed jm\u00e9nem spr\u00e1vce.<\/p>\n\n\n\n<h2 class=\"wp-block-heading\"><strong>\u00dadaje o spr\u00e1vci:<\/strong><\/h2>\n\n\n\n<p>GlobalPharmacia Group d.o.o.<br>Poklukarjeva ulica 27, Lubla\u0148, 1000 Lubla\u0148<br>Da\u0148ov\u00e9 identifika\u010dn\u00ed \u010d\u00edslo SI: 88507114<br>Mati\u010dn\u00ed \u010d\u00edslo: 9037934000<br>Telefon: +386 6 971 9709<br>E-mail: info@heka-supplements.com<\/p>\n\n\n\n<h2 class=\"wp-block-heading\"><strong>Jak\u00e9 osobn\u00ed \u00fadaje zpracov\u00e1v\u00e1me<\/strong><\/h2>\n\n\n\n<ul class=\"wp-block-list\">\n<li>Z\u00e1kladn\u00ed kontaktn\u00ed \u00fadaje (jm\u00e9no, p\u0159\u00edjmen\u00ed, telefonn\u00ed \u010d\u00edslo, e-mailov\u00e1 adresa);<\/li>\n\n\n\n<li>\u00dadaje o pou\u017e\u00edv\u00e1n\u00ed na\u0161ich webov\u00fdch str\u00e1nek (kliknut\u00ed na odkazy, str\u00e1ven\u00fd \u010das) a \u00fadaje o odezv\u011b na na\u0161e e-mailov\u00e9 zpr\u00e1vy (zda byla zpr\u00e1va otev\u0159ena, na kter\u00e9 odkazy jste klikli);<\/li>\n\n\n\n<li>\u00dadaje, kter\u00e9 pot\u0159ebujeme k pln\u011bn\u00ed smlouvy a dod\u00e1n\u00ed zakoupen\u00e9ho zbo\u017e\u00ed (p\u0159edm\u011bt n\u00e1kupu, cena, dodac\u00ed adresa, doba dod\u00e1n\u00ed, zp\u016fsob platby, datum platby, \u00fadaje o reklamac\u00edch, \u00fadaje o vystaven\u00e9 faktu\u0159e atd.).<\/li>\n<\/ul>\n\n\n\n<h2 class=\"wp-block-heading\"><strong>Pr\u00e1vn\u00ed z\u00e1klady pro zpracov\u00e1n\u00ed osobn\u00edch \u00fadaj\u016f<\/strong><\/h2>\n\n\n\n<p>Va\u0161e osobn\u00ed \u00fadaje m\u016f\u017eeme zpracov\u00e1vat na n\u00e1sleduj\u00edc\u00edch pr\u00e1vn\u00edch z\u00e1kladech:<\/p>\n\n\n\n<ul class=\"wp-block-list\">\n<li>kdy\u017e je to nezbytn\u00e9 pro spln\u011bn\u00ed na\u0161ich z\u00e1konn\u00fdch povinnost\u00ed (nap\u0159. vystaven\u00ed faktur za zakoupen\u00e9 zbo\u017e\u00ed);<\/li>\n\n\n\n<li>kdy\u017e je zpracov\u00e1n\u00ed va\u0161ich osobn\u00edch \u00fadaj\u016f nezbytn\u00e9 pro uzav\u0159en\u00ed a pln\u011bn\u00ed smlouvy, kterou jste s n\u00e1mi uzav\u0159eli, nebo proto, \u017ee jste od n\u00e1s cht\u011bli nab\u00eddku;<\/li>\n\n\n\n<li>kdy\u017e jste ke zpracov\u00e1n\u00ed sv\u00fdch osobn\u00edch \u00fadaj\u016f ud\u011blili souhlas se zpracov\u00e1n\u00edm pro konkr\u00e9tn\u00ed \u00fa\u010del zpracov\u00e1n\u00ed, p\u0159i\u010dem\u017e m\u00e1te v\u017edy pr\u00e1vo dan\u00fd souhlas odvolat;<\/li>\n\n\n\n<li>kdy\u017e m\u00e1me pro zpracov\u00e1n\u00ed va\u0161ich osobn\u00edch \u00fadaj\u016f opr\u00e1vn\u011bn\u00fd z\u00e1jem<\/li>\n<\/ul>\n\n\n\n<h2 class=\"wp-block-heading\"><strong>\u00da\u010dely zpracov\u00e1n\u00ed osobn\u00edch \u00fadaj\u016f<\/strong><\/h2>\n\n\n\n<p>Va\u0161e osobn\u00ed \u00fadaje m\u016f\u017eeme pou\u017e\u00edvat pro jeden nebo v\u00edce uveden\u00fdch \u00fa\u010del\u016f:<\/p>\n\n\n\n<ul class=\"wp-block-list\">\n<li>komunikace s v\u00e1mi ohledn\u011b poskytov\u00e1n\u00ed na\u0161ich slu\u017eeb a odpov\u00edd\u00e1n\u00ed na va\u0161e dotazy;<\/li>\n\n\n\n<li>uzav\u0159en\u00ed smlouvy a pln\u011bn\u00ed povinnost\u00ed vypl\u00fdvaj\u00edc\u00edch z uzav\u0159en\u00e9 smlouvy;<\/li>\n\n\n\n<li>marketingov\u00e1 komunikace (zas\u00edl\u00e1n\u00ed e-mail\u016f, b\u011b\u017en\u00e9 po\u0161ty a SMS zpr\u00e1v);<\/li>\n\n\n\n<li>marketingov\u00e1 komunikace na z\u00e1klad\u011b p\u0159izp\u016fsoben\u00fdch, resp. individualizovan\u00fdch nab\u00eddek a zpr\u00e1v; <\/li>\n\n\n\n<li>pro uplat\u0148ov\u00e1n\u00ed jak\u00fdchkoli pr\u00e1vn\u00edch n\u00e1rok\u016f a \u0159e\u0161en\u00ed spor\u016f;<\/li>\n\n\n\n<li>pro statistick\u00e9 anal\u00fdzy o prodeji na\u0161eho zbo\u017e\u00ed a o pou\u017e\u00edv\u00e1n\u00ed na\u0161ich webov\u00fdch str\u00e1nek;<\/li>\n<\/ul>\n\n\n\n<h2 class=\"wp-block-heading\"><strong>Jak dlouho uchov\u00e1v\u00e1me va\u0161e osobn\u00ed \u00fadaje a co se s nimi stane potom<\/strong><\/h2>\n\n\n\n<p>Z\u00e1kladn\u00ed osobn\u00ed \u00fadaje uchov\u00e1v\u00e1me po dobu, dokud m\u00e1te status na\u0161eho registrovan\u00e9ho u\u017eivatele.<br>Osobn\u00ed \u00fadaje, kter\u00e9 zpracov\u00e1v\u00e1me na z\u00e1klad\u011b va\u0161eho souhlasu, uchov\u00e1v\u00e1me trvale, resp. do odvol\u00e1n\u00ed.<br>\u00dadaje o vystaven\u00fdch faktur\u00e1ch uchov\u00e1v\u00e1me 10 let od vystaven\u00ed.<br>Po uplynut\u00ed doby uchov\u00e1n\u00ed osobn\u00ed \u00fadaje vyma\u017eeme nebo anonymizujeme. <\/p>\n\n\n\n<h2 class=\"wp-block-heading\"><strong>Kdo m\u00e1 p\u0159\u00edstup k va\u0161im osobn\u00edm \u00fadaj\u016fm<\/strong><\/h2>\n\n\n\n<p>Va\u0161e osobn\u00ed \u00fadaje nep\u0159ed\u00e1v\u00e1me t\u0159et\u00edm osob\u00e1m, s v\u00fdjimkou smluvn\u00edch zpracovatel\u016f, kte\u0159\u00ed jsou povinni chr\u00e1nit \u00fadaje.<\/p>\n\n\n\n<h2 class=\"wp-block-heading\"><strong>Ohledn\u011b sv\u00fdch osobn\u00edch \u00fadaj\u016f m\u00e1te n\u00e1sleduj\u00edc\u00ed pr\u00e1va:<\/strong><\/h2>\n\n\n\n<ul class=\"wp-block-list\">\n<li>p\u0159\u00edstup k osobn\u00edm \u00fadaj\u016fm;<\/li>\n\n\n\n<li>oprava nep\u0159esn\u00fdch \u00fadaj\u016f;<\/li>\n\n\n\n<li>v\u00fdmaz osobn\u00edch \u00fadaj\u016f;<\/li>\n\n\n\n<li>omezen\u00ed zpracov\u00e1n\u00ed;<\/li>\n\n\n\n<li>p\u0159enositelnost \u00fadaj\u016f;<\/li>\n\n\n\n<li>n\u00e1mitka proti zpracov\u00e1n\u00ed.<\/li>\n<\/ul>\n\n\n\n<h2 class=\"wp-block-heading\"><strong>Postup uplat\u0148ov\u00e1n\u00ed pr\u00e1v<\/strong><\/h2>\n\n\n\n<ul class=\"wp-block-list\">\n<li>\u017d\u00e1dosti m\u016f\u017eete zas\u00edlat p\u00edsemn\u011b na kontakt spr\u00e1vce.<\/li>\n\n\n\n<li>Odpov\u011b\u010f obdr\u017e\u00edte nejpozd\u011bji do jednoho m\u011bs\u00edce.<\/li>\n<\/ul>\n<\/div>\n<\/div>\n\n\n\n<h2 class=\"wp-block-heading\"><strong>Soubory cookie<\/strong><\/h2>\n\n\n\n<p style=\"padding-bottom:var(--wp--preset--spacing--50)\">Na\u0161e webov\u00e1 str\u00e1nka https:\/\/heka-supplements.com\/ pou\u017e\u00edv\u00e1 soubory cookie, kter\u00e9 u\u017eivateli umo\u017e\u0148uj\u00ed zobrazit a pou\u017e\u00edvat na\u0161e webov\u00e9 str\u00e1nky, p\u0159izp\u016fsoben\u00e9 jeho p\u0159\u00e1n\u00edm, \u010d\u00edm\u017e se umo\u017en\u00ed lep\u0161\u00ed u\u017eivatelsk\u00e1 zku\u0161enost. V pokra\u010dov\u00e1n\u00ed v\u00e1m podrobn\u011bji p\u0159edstavujeme a odpov\u00edd\u00e1me na va\u0161e p\u0159\u00edpadn\u00e9 ot\u00e1zky v souvislosti se soubory cookie. <\/p>\n\n\n\n<h2 class=\"wp-block-heading\"><strong>Google analitika<\/strong><\/h2>\n\n\n\n<p>Google Analytics je slu\u017eba, kterou poskytuje Google LLC nebo Google Ireland Limited, v z\u00e1vislosti na um\u00edst\u011bn\u00ed, ze kter\u00e9ho se p\u0159istupuje na www.heka-supplements.com s \u00bbGoogle\u00ab. Google pou\u017e\u00edv\u00e1 shrom\u00e1\u017ed\u011bn\u00e9 \u00fadaje, aby sledoval a p\u0159ezkoum\u00e1val pou\u017eit\u00ed heka-supplements.com, aby p\u0159ipravil zpr\u00e1vy p\u0159i aktivaci a sd\u00edlel je s jin\u00fdmi Google slu\u017ebami. <\/p>\n\n\n\n<h2 class=\"wp-block-heading\"><strong>Google mapy<\/strong><\/h2>\n\n\n\n<p>Google mapy je slu\u017eba vizualizace map, kterou poskytuje Google LLC nebo Google Ireland Limited, v z\u00e1vislosti na um\u00edst\u011bn\u00ed, ze kter\u00e9ho p\u0159istupujete na www.heka-supplements.com a kter\u00e1 umo\u017e\u0148uje inkorporaci tohoto druhu obsahu na str\u00e1nce heka-supplements.com.<\/p>\n\n\n\n<p>Na\u0161e soubory cookie m\u016f\u017eete kdykoli vymazat nebo zablokovat budouc\u00ed soubory cookie. Postup pro spr\u00e1vu a maz\u00e1n\u00ed soubor\u016f cookie se li\u0161\u00ed v z\u00e1vislosti na prohl\u00ed\u017ee\u010di, kter\u00fd pou\u017e\u00edv\u00e1te. P\u0159i tom bychom upozornili, \u017ee si mus\u00edte uv\u011bdomit, \u017ee v\u00fdmaz na\u0161ich soubor\u016f cookie nebo blok\u00e1da budouc\u00edch soubor\u016f cookie znamen\u00e1, \u017ee mo\u017en\u00e1 ji\u017e nebudete m\u00edt p\u0159\u00edstup k ur\u010dit\u00fdm \u010d\u00e1stem nebo obsahu na\u0161\u00ed webov\u00e9 str\u00e1nky. V\u00edce informac\u00ed o maz\u00e1n\u00ed nebo spr\u00e1v\u011b soubor\u016f cookie z\u00edsk\u00e1te na www.aboutcookies.org.   <\/p>\n<\/div><\/div>\n\n\n","protected":false},"excerpt":{"rendered":"<p>Z\u00e1sady ochrany osobn\u00edch \u00fadaj\u016f a soubory cookie Spr\u00e1vce osobn\u00edch \u00fadaj\u016f a kontaktn\u00ed \u00fadaje Tyto z\u00e1sady se vztahuj\u00ed na zpracov\u00e1n\u00ed (pou\u017eit\u00ed) jak\u00fdchkoli osobn\u00edch \u00fadaj\u016f, kter\u00e9 prov\u00e1d\u00ed spole\u010dnost GlobalPharmacia Group d.o.o. (spr\u00e1vce) nebo kter\u00e9 se prov\u00e1d\u00ed jm\u00e9nem spr\u00e1vce. \u00dadaje o spr\u00e1vci: GlobalPharmacia Group d.o.o.Poklukarjeva ulica 27, Lubla\u0148, 1000 Lubla\u0148Da\u0148ov\u00e9 identifika\u010dn\u00ed \u010d\u00edslo SI: 88507114Mati\u010dn\u00ed \u010d\u00edslo: 9037934000Telefon: +386 6&#8230;<\/p>\n","protected":false},"author":1,"featured_media":0,"parent":0,"menu_order":0,"comment_status":"closed","ping_status":"closed","template":"","meta":{"_acf_changed":false,"page_custom_class":"","page_custom_text":"","_kad_blocks_custom_css":"","_kad_blocks_head_custom_js":"","_kad_blocks_body_custom_js":"","_kad_blocks_footer_custom_js":"","_kad_post_transparent":"","_kad_post_title":"","_kad_post_layout":"","_kad_post_sidebar_id":"","_kad_post_content_style":"","_kad_post_vertical_padding":"","_kad_post_feature":"","_kad_post_feature_position":"","_kad_post_header":false,"_kad_post_footer":false,"_kad_post_classname":"","page_custom_text_by_category":"","footnotes":""},"class_list":["post-12270","page","type-page","status-publish","hentry"],"acf":[],"taxonomy_info":[],"featured_image_src_large":false,"author_info":{"display_name":"wpm","author_link":"https:\/\/heka-supplements.com\/cs\/author\/wpm\/"},"comment_info":"","_links":{"self":[{"href":"https:\/\/heka-supplements.com\/cs\/wp-json\/wp\/v2\/pages\/12270","targetHints":{"allow":["GET"]}}],"collection":[{"href":"https:\/\/heka-supplements.com\/cs\/wp-json\/wp\/v2\/pages"}],"about":[{"href":"https:\/\/heka-supplements.com\/cs\/wp-json\/wp\/v2\/types\/page"}],"author":[{"embeddable":true,"href":"https:\/\/heka-supplements.com\/cs\/wp-json\/wp\/v2\/users\/1"}],"replies":[{"embeddable":true,"href":"https:\/\/heka-supplements.com\/cs\/wp-json\/wp\/v2\/comments?post=12270"}],"version-history":[{"count":2,"href":"https:\/\/heka-supplements.com\/cs\/wp-json\/wp\/v2\/pages\/12270\/revisions"}],"predecessor-version":[{"id":20773,"href":"https:\/\/heka-supplements.com\/cs\/wp-json\/wp\/v2\/pages\/12270\/revisions\/20773"}],"wp:attachment":[{"href":"https:\/\/heka-supplements.com\/cs\/wp-json\/wp\/v2\/media?parent=12270"}],"curies":[{"name":"wp","href":"https:\/\/api.w.org\/{rel}","templated":true}]}}