{"id":12216,"date":"2026-01-14T11:07:57","date_gmt":"2026-01-14T11:07:57","guid":{"rendered":"https:\/\/heka-supplements.com\/vseobecne-obchodni-podminky-a-podminky-pouzivani-webove-stranky\/"},"modified":"2026-01-20T12:14:01","modified_gmt":"2026-01-20T12:14:01","slug":"vseobecne-obchodni-podminky-a-podminky-pouzivani-webove-stranky","status":"publish","type":"page","link":"https:\/\/heka-supplements.com\/cs\/vseobecne-obchodni-podminky-a-podminky-pouzivani-webove-stranky\/","title":{"rendered":"V\u0161eobecn\u00e9 obchodn\u00ed podm\u00ednky a podm\u00ednky pou\u017e\u00edv\u00e1n\u00ed webov\u00e9 str\u00e1nky"},"content":{"rendered":"\n<div class=\"wp-block-group\"><div class=\"wp-block-group__inner-container is-layout-flow wp-block-group-is-layout-flow\">\n<div class=\"wp-block-columns is-layout-flex wp-container-core-columns-is-layout-9d6595d7 wp-block-columns-is-layout-flex\">\n<div class=\"wp-block-column is-layout-flow wp-block-column-is-layout-flow\" style=\"flex-basis:100%\">\n<p><\/p>\n\n\n\n<h1 class=\"wp-block-heading\">V\u0161eobecn\u00e9 obchodn\u00ed podm\u00ednky<\/h1>\n\n\n\n<h3 class=\"wp-block-heading\">Fungov\u00e1n\u00ed internetov\u00e9ho obchodu<\/h3>\n\n\n\n<p><a href=\"https:\/\/heka-supplements.com\/\">https:\/\/heka-supplements.com\/<\/a> je internetov\u00fd obchod s kompletn\u00ed slu\u017ebou v r\u00e1mci spole\u010dnosti (skladov\u00e1n\u00ed a odes\u00edl\u00e1n\u00ed zbo\u017e\u00ed objednan\u00e9ho v internetov\u00e9m obchod\u011b):<\/p>\n\n\n\n<p>GlobalPharmacia Group d.o.o.<br\/>Poklukarjeva ulica 27, Ljubljana, 1000 Ljubljana<br\/>Da\u0148ov\u00e9 identifika\u010dn\u00ed \u010d\u00edslo: SI88507114<br\/>Registra\u010dn\u00ed \u010d\u00edslo: 9037934000<br\/>E-mail: info@heka-supplements.com<\/p>\n\n\n\n<p>V\u0161eobecn\u00e9 obchodn\u00ed podm\u00ednky jsou sestaveny v souladu s p\u0159edpisy z oblasti ochrany spot\u0159ebitel\u016f, na z\u00e1klad\u011b doporu\u010den\u00ed Hospod\u00e1\u0159sk\u00e9 komory Slovinska a mezin\u00e1rodn\u00edch kodex\u016f pro online a elektronick\u00e9 obchodov\u00e1n\u00ed.<\/p>\n\n\n\n<h3 class=\"wp-block-heading\">D\u016fv\u011bra a bezpe\u010dnost<\/h3>\n\n\n\n<p>Vz\u00e1jemn\u00e1 d\u016fv\u011bra je za\u010d\u00e1tek ka\u017ed\u00e9ho trval\u00e9ho a kvalitn\u00edho vztahu.<\/p>\n\n\n\n<h3 class=\"wp-block-heading\">Kontakty<\/h3>\n\n\n\n<p>Podpora: info@heka-supplements.com, telefon 069 719 709.<\/p>\n\n\n\n<h3 class=\"wp-block-heading\">Registrace<\/h3>\n\n\n\n<p>Registrac\u00ed z\u00edsk\u00e1te u\u017eivatelsk\u00fd \u00fa\u010det a pr\u00e1vo k n\u00e1kupu.<\/p>\n\n\n\n<h3 class=\"wp-block-heading\">N\u00e1kup<\/h3>\n\n\n\n<p>Po odesl\u00e1n\u00ed objedn\u00e1vky obdr\u017e\u00edte ozn\u00e1men\u00ed o p\u0159ijet\u00ed objedn\u00e1vky.<\/p>\n\n\n\n<h3 class=\"wp-block-heading\">Kupn\u00ed smlouva<\/h3>\n\n\n\n<p>Potvrzen\u00edm objedn\u00e1vky je uzav\u0159ena kupn\u00ed smlouva.<\/p>\n\n\n\n<h3 class=\"wp-block-heading\">Ceny<\/h3>\n\n\n\n<p>V\u0161echny ceny jsou uvedeny v EUR a zahrnuj\u00ed DPH.<\/p>\n\n\n\n<h2 class=\"wp-block-heading\">Zp\u016fsoby platby<\/h2>\n\n\n\n<h4 class=\"wp-block-heading\">Platba kartou<\/h4>\n\n\n\n<p>Platba kreditn\u00ed nebo platebn\u00ed kartou p\u0159i dokon\u010den\u00ed n\u00e1kupu.<\/p>\n\n\n\n<h4 class=\"wp-block-heading\">Platba proforma fakturou<\/h4>\n\n\n\n<p>Platba bankovn\u00edm p\u0159evodem po potvrzen\u00ed objedn\u00e1vky.<\/p>\n\n\n\n<h4 class=\"wp-block-heading\">Platba na dob\u00edrku<\/h4>\n\n\n\n<p>Platba p\u0159i p\u0159evzet\u00ed z\u00e1silky.<\/p>\n\n\n\n<h3 class=\"wp-block-heading\">Doru\u010den\u00ed<\/h3>\n\n\n\n<p>Doru\u010den\u00ed prost\u0159ednictv\u00edm Po\u0161ty Slovenije nebo GLS.<\/p>\n\n\n\n<h4 class=\"wp-block-heading\">Doba doru\u010den\u00ed<\/h4>\n\n\n\n<p>Dod\u00e1n\u00ed obvykle do 3\u201310 dn\u016f.<\/p>\n\n\n\n<h3 class=\"wp-block-heading\">V\u011bcn\u00e9 vady<\/h3>\n\n\n\n<p>Pr\u00e1va spot\u0159ebitele upravuje z\u00e1kon o ochran\u011b spot\u0159ebitel\u016f.<\/p>\n\n\n\n<h3 class=\"wp-block-heading\">Pr\u00e1vo na odstoupen\u00ed <\/h3>\n\n\n\n<p>Odstoupen\u00ed od smlouvy do 14 dn\u016f bez ud\u00e1n\u00ed d\u016fvodu.<\/p>\n\n\n\n<h3 class=\"wp-block-heading\">St\u00ed\u017enosti a spory<\/h3>\n\n\n\n<p>St\u00ed\u017enosti zas\u00edlejte na info@heka-supplements.com.<\/p>\n\n\n\n<h3 class=\"wp-block-heading\">Prohl\u00e1\u0161en\u00ed webov\u00e9 str\u00e1nky<\/h3>\n\n\n\n<p>Informace jsou informativn\u00ed povahy a nejsou zdravotn\u00ed radou.<\/p>\n\n\n\n<h3 class=\"wp-block-heading\">Z\u00e1v\u011bre\u010dn\u00e9 ustanoven\u00ed<\/h3>\n\n\n\n<p>N\u00e1kupem potvrzujete souhlas s obchodn\u00edmi podm\u00ednkami.<\/p>\n<\/div>\n<\/div>\n\n\n\n<h2 class=\"wp-block-heading\"><br\/>V\u0161eobecn\u00e9 podm\u00ednky pou\u017e\u00edv\u00e1n\u00ed webov\u00e9 str\u00e1nky<\/h2>\n\n\n\n<h3 class=\"wp-block-heading\">1. Webov\u00e1 str\u00e1nka<\/h3>\n\n\n\n<p>Vlastn\u00edkem a spr\u00e1vcem webov\u00e9 str\u00e1nky heka-supplements.com a v\u0161ech jej\u00edch podstr\u00e1nek (\u00bbWebov\u00e1 str\u00e1nka\u00ab) je GlobalPharmacia Group d.o.o., Poklukarjeva ulica 27, 1000 Ljubljana, registra\u010dn\u00ed \u010d. 9037934000<\/p>\n\n\n\n<p>P\u0159\u00edstup a pou\u017e\u00edv\u00e1n\u00ed Webov\u00e9 str\u00e1nky jsou povoleny za podm\u00ednek stanoven\u00fdch platnou legislativou, t\u011bmito V\u0161eobecn\u00fdmi podm\u00ednkami pou\u017e\u00edv\u00e1n\u00ed webov\u00e9 str\u00e1nky (\u00bbV\u0161eobecn\u00e9 podm\u00ednky pou\u017e\u00edv\u00e1n\u00ed\u00ab) a dal\u0161\u00edmi p\u0159edpisy, na kter\u00e9 se tyto V\u0161eobecn\u00e9 podm\u00ednky pou\u017e\u00edv\u00e1n\u00ed odkazuj\u00ed.<\/p>\n\n\n\n<h3 class=\"wp-block-heading\">2. Obsah Webov\u00e9 str\u00e1nky<\/h3>\n\n\n\n<p>Sna\u017e\u00edme se, aby byl obsah Webov\u00e9 str\u00e1nky aktualizov\u00e1n a obsahoval spr\u00e1vn\u00e9 informace a materi\u00e1ly, ale nezaru\u010dujeme a nejsme povinni zaru\u010dovat p\u0159esnost, \u00faplnost a aktu\u00e1lnost. Nep\u0159eb\u00edr\u00e1me \u017e\u00e1dnou odpov\u011bdnost za \u0161kodu zp\u016fsobenou nedostupnost\u00ed, zm\u011bnou, nedostatky, chybou nebo zastaralost\u00ed informac\u00ed zve\u0159ejn\u011bn\u00fdch na Webov\u00e9 str\u00e1nce. Rovn\u011b\u017e nezaru\u010dujeme, \u017ee Webov\u00e1 str\u00e1nka nebo jak\u00fdkoli obsah na n\u00ed bude v\u017edy dostupn\u00fd, resp. \u017ee bude p\u0159\u00edstup bezprobl\u00e9mov\u00fd. Webovou str\u00e1nku nebo jej\u00ed \u010d\u00e1sti m\u016f\u017eeme kdykoli odstranit nebo zm\u011bnit bez p\u0159edchoz\u00edho upozorn\u011bn\u00ed.    <\/p>\n\n\n\n<p>Obsah zve\u0159ejn\u011bn\u00fd na Webov\u00e9 str\u00e1nce m\u00e1 obecn\u00fd informativn\u00ed charakter a nep\u0159edstavuje pr\u00e1vn\u00ed radu nebo jinou pr\u00e1vn\u00ed pomoc, na kterou se m\u016f\u017eete spolehnout. Za pou\u017eit\u00ed informac\u00ed, kter\u00e9 jsou zve\u0159ejn\u011bny na na\u0161\u00ed webov\u00e9 str\u00e1nce, neodpov\u00edd\u00e1me. Pokud Webov\u00e1 str\u00e1nka obsahuje odkazy na jin\u00e9 webov\u00e9 str\u00e1nky a obsah na t\u011bchto webov\u00fdch str\u00e1nk\u00e1ch, jsou takov\u00e9 odkazy pouze informativn\u00ed povahy. Nad obsahem na t\u011bchto webov\u00fdch str\u00e1nk\u00e1ch nem\u00e1me kontrolu nebo vliv. Pokud chcete obdr\u017eet v\u00edce informac\u00ed o obsahu, kter\u00fd je zve\u0159ejn\u011bn na webov\u00e9 str\u00e1nce, kontaktujte n\u00e1s na info@pro-teh.si.    <\/p>\n\n\n\n<h3 class=\"wp-block-heading\">3. Pr\u00e1va du\u0161evn\u00edho vlastnictv\u00ed<\/h3>\n\n\n\n<p>Jsme dr\u017eiteli v\u0161ech autorsk\u00fdch pr\u00e1v na obsah zve\u0159ejn\u011bn\u00fd na Webov\u00e9 str\u00e1nce. Pro soukrom\u00e9 pou\u017eit\u00ed m\u016f\u017eete tisknout, kop\u00edrovat nebo ukl\u00e1dat \u010d\u00e1sti Webov\u00e9 str\u00e1nky. Materi\u00e1ly na Webov\u00e9 str\u00e1nce nesm\u00edte bez na\u0161eho p\u0159edchoz\u00edho p\u00edsemn\u00e9ho souhlasu pou\u017e\u00edvat pro obchodn\u00ed \u00fa\u010dely.  <\/p>\n\n\n\n<p>Na webov\u00e9 str\u00e1nce, jej\u00edm\u017e jste vlastn\u00edkem, m\u016f\u017eete vytv\u00e1\u0159et odkazy na domovskou Webovou str\u00e1nku zp\u016fsobem, kter\u00fd je v souladu s pr\u00e1vem a nepo\u0161kozuje na\u0161e dobr\u00e9 jm\u00e9no, pov\u011bst nebo podnik\u00e1n\u00ed, resp. zp\u016fsobem, \u017ee se neobohat\u00edte na\u0161\u00ed pov\u011bst\u00ed neopr\u00e1vn\u011bn\u011b. Je zak\u00e1z\u00e1no zve\u0159ej\u0148ovat odkazy na Webovou str\u00e1nku, kter\u00e9 nazna\u010duj\u00ed nebo by mohly nazna\u010dovat jak\u00e9koli propojov\u00e1n\u00ed, spolupr\u00e1ci nebo potvrzen\u00ed z na\u0161\u00ed strany, kter\u00e9 v\u0161ak neexistuje. Vyhrazujeme si pr\u00e1vo, \u017ee kdykoli m\u016f\u017eeme odejmout povolen\u00ed pro zve\u0159ej\u0148ov\u00e1n\u00ed odkaz\u016f na Webovou str\u00e1nku a\/nebo bez uveden\u00ed d\u016fvodu po\u017eadovat, abyste okam\u017eit\u011b odstranili jak\u00fdkoli odkaz na Webovou str\u00e1nku.   <\/p>\n\n\n\n<h3 class=\"wp-block-heading\">4. Ochrana osobn\u00edch \u00fadaj\u016f<\/h3>\n\n\n\n<p>Webov\u00e1 str\u00e1nka pou\u017e\u00edv\u00e1 soubory cookie. Co jsou soubory cookie? M\u016f\u017eete si p\u0159e\u010d\u00edst zde V\u00edce o zpracov\u00e1n\u00ed osobn\u00edch \u00fadaj\u016f je uvedeno v Z\u00e1sad\u00e1ch ochrany osobn\u00edch \u00fadaj\u016f.  <\/p>\n\n\n\n<h3 class=\"wp-block-heading\">5. Zm\u011bny V\u0161eobecn\u00fdch podm\u00ednek pou\u017e\u00edv\u00e1n\u00ed<\/h3>\n\n\n\n<p>V\u0161eobecn\u00e9 podm\u00ednky pou\u017e\u00edv\u00e1n\u00ed m\u016f\u017eeme kdykoli zm\u011bnit. P\u0159i n\u00e1v\u0161t\u011bv\u011b Webov\u00e9 str\u00e1nky po nabyt\u00ed \u00fa\u010dinnosti zm\u011bny V\u0161eobecn\u00fdch podm\u00ednek pou\u017e\u00edv\u00e1n\u00ed v\u00e1s budou zavazovat zm\u011bn\u011bn\u00e9 V\u0161eobecn\u00e9 podm\u00ednky pou\u017e\u00edv\u00e1n\u00ed, proto doporu\u010dujeme, abyste ob\u010das zkontrolovali jejich obsah. <\/p>\n\n\n\n<h3 class=\"wp-block-heading\">6. Pr\u00e1vo<\/h3>\n\n\n\n<p>V\u0161eobecn\u00e9 podm\u00ednky pou\u017e\u00edv\u00e1n\u00ed se posuzuj\u00ed podle pr\u00e1va Republiky Slovinsko.<\/p>\n\n\n\n<h3 class=\"wp-block-heading\">7. Kontakt<\/h3>\n\n\n\n<p>Pro jak\u00e9koli dotazy v souvislosti s t\u011bmito V\u0161eobecn\u00fdmi podm\u00ednkami pou\u017e\u00edv\u00e1n\u00ed n\u00e1s, pros\u00edm, kontaktujte na info@heka-supplements.com<br\/>D\u011bkujeme v\u00e1m za n\u00e1v\u0161t\u011bvu na\u0161\u00ed Webov\u00e9 str\u00e1nky.<\/p>\n<\/div><\/div>\n\n<p>V\u0161eobecn\u00e9 obchodn\u00ed podm\u00ednky a podm\u00ednky pou\u017e\u00edv\u00e1n\u00ed webov\u00e9 str\u00e1nky plat\u00ed od 1. 1. 2025.<\/p>\n","protected":false},"excerpt":{"rendered":"<p>V\u0161eobecn\u00e9 obchodn\u00ed podm\u00ednky Fungov\u00e1n\u00ed internetov\u00e9ho obchodu https:\/\/heka-supplements.com\/ je internetov\u00fd obchod s kompletn\u00ed slu\u017ebou v r\u00e1mci spole\u010dnosti (skladov\u00e1n\u00ed a odes\u00edl\u00e1n\u00ed zbo\u017e\u00ed objednan\u00e9ho v internetov\u00e9m obchod\u011b): GlobalPharmacia Group d.o.o.Poklukarjeva ulica 27, Ljubljana, 1000 LjubljanaDa\u0148ov\u00e9 identifika\u010dn\u00ed \u010d\u00edslo: SI88507114Registra\u010dn\u00ed \u010d\u00edslo: 9037934000E-mail: info@heka-supplements.com V\u0161eobecn\u00e9 obchodn\u00ed podm\u00ednky jsou sestaveny v souladu s p\u0159edpisy z oblasti ochrany spot\u0159ebitel\u016f, na z\u00e1klad\u011b doporu\u010den\u00ed Hospod\u00e1\u0159sk\u00e9&#8230;<\/p>\n","protected":false},"author":1,"featured_media":0,"parent":0,"menu_order":0,"comment_status":"closed","ping_status":"closed","template":"","meta":{"_acf_changed":false,"page_custom_class":"","page_custom_text":"","_kad_blocks_custom_css":"","_kad_blocks_head_custom_js":"","_kad_blocks_body_custom_js":"","_kad_blocks_footer_custom_js":"","_kad_post_transparent":"","_kad_post_title":"","_kad_post_layout":"","_kad_post_sidebar_id":"","_kad_post_content_style":"","_kad_post_vertical_padding":"","_kad_post_feature":"","_kad_post_feature_position":"","_kad_post_header":false,"_kad_post_footer":false,"_kad_post_classname":"","page_custom_text_by_category":"","footnotes":""},"class_list":["post-12216","page","type-page","status-publish","hentry"],"acf":[],"taxonomy_info":[],"featured_image_src_large":false,"author_info":{"display_name":"wpm","author_link":"https:\/\/heka-supplements.com\/cs\/author\/wpm\/"},"comment_info":"","_links":{"self":[{"href":"https:\/\/heka-supplements.com\/cs\/wp-json\/wp\/v2\/pages\/12216","targetHints":{"allow":["GET"]}}],"collection":[{"href":"https:\/\/heka-supplements.com\/cs\/wp-json\/wp\/v2\/pages"}],"about":[{"href":"https:\/\/heka-supplements.com\/cs\/wp-json\/wp\/v2\/types\/page"}],"author":[{"embeddable":true,"href":"https:\/\/heka-supplements.com\/cs\/wp-json\/wp\/v2\/users\/1"}],"replies":[{"embeddable":true,"href":"https:\/\/heka-supplements.com\/cs\/wp-json\/wp\/v2\/comments?post=12216"}],"version-history":[{"count":0,"href":"https:\/\/heka-supplements.com\/cs\/wp-json\/wp\/v2\/pages\/12216\/revisions"}],"wp:attachment":[{"href":"https:\/\/heka-supplements.com\/cs\/wp-json\/wp\/v2\/media?parent=12216"}],"curies":[{"name":"wp","href":"https:\/\/api.w.org\/{rel}","templated":true}]}}