{"id":12065,"date":"2026-01-16T07:54:48","date_gmt":"2026-01-16T07:54:48","guid":{"rendered":"https:\/\/heka-supplements.com\/sledovani-objednavek\/"},"modified":"2026-01-16T07:54:48","modified_gmt":"2026-01-16T07:54:48","slug":"sledovani-objednavek","status":"publish","type":"page","link":"https:\/\/heka-supplements.com\/cs\/sledovani-objednavek\/","title":{"rendered":"Sledov\u00e1n\u00ed objedn\u00e1vek"},"content":{"rendered":"","protected":false},"excerpt":{"rendered":"","protected":false},"author":1,"featured_media":0,"parent":0,"menu_order":0,"comment_status":"closed","ping_status":"closed","template":"","meta":{"_acf_changed":false,"page_custom_class":"","page_custom_text":"","_kad_blocks_custom_css":"","_kad_blocks_head_custom_js":"","_kad_blocks_body_custom_js":"","_kad_blocks_footer_custom_js":"","_kad_post_transparent":"","_kad_post_title":"","_kad_post_layout":"","_kad_post_sidebar_id":"","_kad_post_content_style":"","_kad_post_vertical_padding":"","_kad_post_feature":"","_kad_post_feature_position":"","_kad_post_header":false,"_kad_post_footer":false,"_kad_post_classname":"","page_custom_text_by_category":"","footnotes":""},"class_list":["post-12065","page","type-page","status-publish","hentry"],"acf":[],"taxonomy_info":[],"featured_image_src_large":false,"author_info":{"display_name":"wpm","author_link":"https:\/\/heka-supplements.com\/cs\/author\/wpm\/"},"comment_info":"","_links":{"self":[{"href":"https:\/\/heka-supplements.com\/cs\/wp-json\/wp\/v2\/pages\/12065","targetHints":{"allow":["GET"]}}],"collection":[{"href":"https:\/\/heka-supplements.com\/cs\/wp-json\/wp\/v2\/pages"}],"about":[{"href":"https:\/\/heka-supplements.com\/cs\/wp-json\/wp\/v2\/types\/page"}],"author":[{"embeddable":true,"href":"https:\/\/heka-supplements.com\/cs\/wp-json\/wp\/v2\/users\/1"}],"replies":[{"embeddable":true,"href":"https:\/\/heka-supplements.com\/cs\/wp-json\/wp\/v2\/comments?post=12065"}],"version-history":[{"count":0,"href":"https:\/\/heka-supplements.com\/cs\/wp-json\/wp\/v2\/pages\/12065\/revisions"}],"wp:attachment":[{"href":"https:\/\/heka-supplements.com\/cs\/wp-json\/wp\/v2\/media?parent=12065"}],"curies":[{"name":"wp","href":"https:\/\/api.w.org\/{rel}","templated":true}]}}